{"id":5816,"date":"2022-06-06T12:44:58","date_gmt":"2022-06-06T12:44:58","guid":{"rendered":"https:\/\/www.djurskyddet.se\/dalarna\/?page_id=5816"},"modified":"2025-12-27T11:16:06","modified_gmt":"2025-12-27T11:16:06","slug":"fallor-och-chiplasare","status":"publish","type":"page","link":"https:\/\/www.djurskyddet.se\/dalarna\/fallor-och-chiplasare\/","title":{"rendered":"F\u00e4llor och chipl\u00e4sare"},"content":{"rendered":"\n<p>Tre Lotin kattf\u00e4llor och chipl\u00e4sare finns f\u00f6r utl\u00e5ning. Vi har normalstora f\u00e4llor (f\u00f6r vuxen katt) och chipl\u00e4sare i Borl\u00e4nge, Leksand och R\u00e4ttvik. Kontakta oss via <a href=\"dalarna@djurskyddet.se\" data-type=\"link\" data-id=\"dalarna@djurskyddet.se\">dalarna@djurskyddet.se<\/a> eller skicka ett meddelande via v\u00e5r <a href=\"https:\/\/www.facebook.com\/DjurskyddetDalarna\">Facebooksida<\/a> (messenger).<\/p>\n\n\n\n<p>H\u00e4r kan ni se en <a href=\"https:\/\/www.youtube.com\/watch?v=_VK4V5R0tPs\" data-type=\"link\" data-id=\"https:\/\/www.youtube.com\/watch?v=_VK4V5R0tPs\">kort film<\/a> hur f\u00e4llan ser ut och laddas f\u00f6r f\u00e5ngst. H\u00e4r nedan kan du se och ladda ner riktlinjer och avtal f\u00f6r l\u00e5n av f\u00e4lla. <\/p>\n\n\n\n<div class=\"wp-block-file\"><a id=\"wp-block-file--media-1ef9c872-638b-4fad-970f-cec8cf8ce713\" href=\"https:\/\/www.djurskyddet.se\/dalarna\/wp-content\/uploads\/sites\/44\/2025\/12\/Riktlinjer-och-instruktioner-Lotin-kattfalla.pdf\">Riktlinjer och instruktioner Lotin kattf\u00e4lla<\/a><a href=\"https:\/\/www.djurskyddet.se\/dalarna\/wp-content\/uploads\/sites\/44\/2025\/12\/Riktlinjer-och-instruktioner-Lotin-kattfalla.pdf\" class=\"wp-block-file__button wp-element-button\" download aria-describedby=\"wp-block-file--media-1ef9c872-638b-4fad-970f-cec8cf8ce713\">Ladda ner<\/a><\/div>\n","protected":false},"excerpt":{"rendered":"<p>Tre Lotin kattf\u00e4llor och chipl\u00e4sare finns f\u00f6r utl\u00e5ning. Vi har normalstora f\u00e4llor (f\u00f6r vuxen katt) och chipl\u00e4sare i Borl\u00e4nge, Leksand och R\u00e4ttvik. Kontakta oss via dalarna@djurskyddet.se eller skicka ett meddelande via v\u00e5r Facebooksida (messenger). H\u00e4r kan ni se en kort film hur f\u00e4llan ser ut och laddas f\u00f6r f\u00e5ngst. H\u00e4r nedan kan du se och ladda ner riktlinjer och avtal f\u00f6r l\u00e5n av f\u00e4lla.<\/p>\n","protected":false},"author":46,"featured_media":0,"parent":0,"menu_order":0,"comment_status":"closed","ping_status":"closed","template":"left-sidebar.php","meta":{"_acf_changed":false,"footnotes":""},"class_list":["post-5816","page","type-page","status-publish","hentry"],"acf":[],"_links":{"self":[{"href":"https:\/\/www.djurskyddet.se\/dalarna\/wp-json\/wp\/v2\/pages\/5816","targetHints":{"allow":["GET"]}}],"collection":[{"href":"https:\/\/www.djurskyddet.se\/dalarna\/wp-json\/wp\/v2\/pages"}],"about":[{"href":"https:\/\/www.djurskyddet.se\/dalarna\/wp-json\/wp\/v2\/types\/page"}],"author":[{"embeddable":true,"href":"https:\/\/www.djurskyddet.se\/dalarna\/wp-json\/wp\/v2\/users\/46"}],"replies":[{"embeddable":true,"href":"https:\/\/www.djurskyddet.se\/dalarna\/wp-json\/wp\/v2\/comments?post=5816"}],"version-history":[{"count":7,"href":"https:\/\/www.djurskyddet.se\/dalarna\/wp-json\/wp\/v2\/pages\/5816\/revisions"}],"predecessor-version":[{"id":6266,"href":"https:\/\/www.djurskyddet.se\/dalarna\/wp-json\/wp\/v2\/pages\/5816\/revisions\/6266"}],"wp:attachment":[{"href":"https:\/\/www.djurskyddet.se\/dalarna\/wp-json\/wp\/v2\/media?parent=5816"}],"curies":[{"name":"wp","href":"https:\/\/api.w.org\/{rel}","templated":true}]}}