{"id":6021,"date":"2022-06-30T06:01:01","date_gmt":"2022-06-30T06:01:01","guid":{"rendered":"https:\/\/www.djurskyddet.se\/dalarna\/?page_id=6021"},"modified":"2025-06-26T09:34:28","modified_gmt":"2025-06-26T09:34:28","slug":"styrelsen","status":"publish","type":"page","link":"https:\/\/www.djurskyddet.se\/dalarna\/styrelsen\/","title":{"rendered":"Styrelsen"},"content":{"rendered":"\n<p>F\u00f6r n\u00e4rvarande \u00e4r vi fem f\u00f6rtroendevalda i styrelsen, med olika roller och ansvarsomr\u00e5den. Kontakta oss via v\u00e5r e-post <a href=\"mailto:dalarna@djurskyddet.se\">dalarna@djurskyddet.se<\/a> eller<a href=\"https:\/\/www.facebook.com\/DjurskyddetDalarna\"> facebook\/messenger.<\/a><\/p>\n\n\n\n<p><\/p>\n\n\n\n<p><strong>Josefin Lundgren <\/strong>(R\u00e4ttvik)<br>Sekreterare<\/p>\n\n\n\n<p><strong>Nanette Nyg\u00e5rds <\/strong>(Borl\u00e4nge\/Stockholm)<br>Ordf\u00f6rande och tillf\u00e4lligt f\u00f6rordnad kass\u00f6r<\/p>\n\n\n\n<p><strong>Kazuko Ono<\/strong> (Leksand)<br>Ordinarie ledamot<\/p>\n\n\n\n<p><strong>Linda Sundqvist<\/strong> (Borl\u00e4nge)<br>Ordinarie ledamot<\/p>\n\n\n\n<p><strong>Catrin Wallinder <\/strong>(Borl\u00e4nge)<br>Ordinarie ledamot<\/p>\n\n\n\n<p><\/p>\n\n\n\n<p><\/p>\n","protected":false},"excerpt":{"rendered":"<p>F\u00f6r n\u00e4rvarande \u00e4r vi fem f\u00f6rtroendevalda i styrelsen, med olika roller och ansvarsomr\u00e5den. Kontakta oss via v\u00e5r e-post dalarna@djurskyddet.se eller facebook\/messenger. Josefin Lundgren (R\u00e4ttvik)Sekreterare Nanette Nyg\u00e5rds (Borl\u00e4nge\/Stockholm)Ordf\u00f6rande och tillf\u00e4lligt f\u00f6rordnad kass\u00f6r Kazuko Ono (Leksand)Ordinarie ledamot Linda Sundqvist (Borl\u00e4nge)Ordinarie ledamot Catrin Wallinder (Borl\u00e4nge)Ordinarie ledamot<\/p>\n","protected":false},"author":46,"featured_media":0,"parent":0,"menu_order":0,"comment_status":"closed","ping_status":"closed","template":"left-sidebar.php","meta":{"_acf_changed":false,"footnotes":""},"class_list":["post-6021","page","type-page","status-publish","hentry"],"acf":[],"_links":{"self":[{"href":"https:\/\/www.djurskyddet.se\/dalarna\/wp-json\/wp\/v2\/pages\/6021","targetHints":{"allow":["GET"]}}],"collection":[{"href":"https:\/\/www.djurskyddet.se\/dalarna\/wp-json\/wp\/v2\/pages"}],"about":[{"href":"https:\/\/www.djurskyddet.se\/dalarna\/wp-json\/wp\/v2\/types\/page"}],"author":[{"embeddable":true,"href":"https:\/\/www.djurskyddet.se\/dalarna\/wp-json\/wp\/v2\/users\/46"}],"replies":[{"embeddable":true,"href":"https:\/\/www.djurskyddet.se\/dalarna\/wp-json\/wp\/v2\/comments?post=6021"}],"version-history":[{"count":9,"href":"https:\/\/www.djurskyddet.se\/dalarna\/wp-json\/wp\/v2\/pages\/6021\/revisions"}],"predecessor-version":[{"id":6219,"href":"https:\/\/www.djurskyddet.se\/dalarna\/wp-json\/wp\/v2\/pages\/6021\/revisions\/6219"}],"wp:attachment":[{"href":"https:\/\/www.djurskyddet.se\/dalarna\/wp-json\/wp\/v2\/media?parent=6021"}],"curies":[{"name":"wp","href":"https:\/\/api.w.org\/{rel}","templated":true}]}}