{"id":6096,"date":"2024-03-12T05:57:01","date_gmt":"2024-03-12T05:57:01","guid":{"rendered":"https:\/\/www.djurskyddet.se\/dalarna\/?page_id=6096"},"modified":"2026-02-25T12:42:19","modified_gmt":"2026-02-25T12:42:19","slug":"arsmoteshandlingar-2024","status":"publish","type":"page","link":"https:\/\/www.djurskyddet.se\/dalarna\/arsmoteshandlingar-2024\/","title":{"rendered":"\u00c5rsm\u00f6teshandlingar 2022\/2023 (\u00e5rsm\u00f6te 2024)"},"content":{"rendered":"\n<div class=\"wp-block-file\"><a id=\"wp-block-file--media-6bf15109-4826-4316-97ec-e4722e6561cc\" href=\"https:\/\/www.djurskyddet.se\/dalarna\/wp-content\/uploads\/sites\/44\/2024\/03\/Verksamhetsberattelse-2022-2023-arsmote.pdf\">Verksamhetsber\u00e4ttelse 2022 (2023 \u00e5rsm\u00f6te)<\/a><a href=\"https:\/\/www.djurskyddet.se\/dalarna\/wp-content\/uploads\/sites\/44\/2024\/03\/Verksamhetsberattelse-2022-2023-arsmote.pdf\" class=\"wp-block-file__button wp-element-button\" download aria-describedby=\"wp-block-file--media-6bf15109-4826-4316-97ec-e4722e6561cc\">Ladda ner<\/a><\/div>\n\n\n\n<div class=\"wp-block-file\"><a id=\"wp-block-file--media-1f44b807-e7d7-4759-b107-3e7695fd3f64\" href=\"https:\/\/www.djurskyddet.se\/dalarna\/wp-content\/uploads\/sites\/44\/2024\/03\/Verksamhetsberattelse-2023.pdf\">Verksamhetsber\u00e4ttelse 2023<\/a><a href=\"https:\/\/www.djurskyddet.se\/dalarna\/wp-content\/uploads\/sites\/44\/2024\/03\/Verksamhetsberattelse-2023.pdf\" class=\"wp-block-file__button wp-element-button\" download aria-describedby=\"wp-block-file--media-1f44b807-e7d7-4759-b107-3e7695fd3f64\">Ladda ner<\/a><\/div>\n\n\n\n<div class=\"wp-block-file\"><a id=\"wp-block-file--media-cdbd8f68-2f83-4d34-9bc9-3249e9886f96\" href=\"https:\/\/www.djurskyddet.se\/dalarna\/wp-content\/uploads\/sites\/44\/2024\/03\/Revision-2023.pdf\">Revision 2023<\/a><a href=\"https:\/\/www.djurskyddet.se\/dalarna\/wp-content\/uploads\/sites\/44\/2024\/03\/Revision-2023.pdf\" class=\"wp-block-file__button wp-element-button\" download aria-describedby=\"wp-block-file--media-cdbd8f68-2f83-4d34-9bc9-3249e9886f96\">Ladda ner<\/a><\/div>\n\n\n\n<div class=\"wp-block-file\"><a id=\"wp-block-file--media-632fbae9-9941-420b-8ece-4b1ffa8307e9\" href=\"https:\/\/www.djurskyddet.se\/dalarna\/wp-content\/uploads\/sites\/44\/2024\/03\/Revision-2022.pdf\">Revision 2022<\/a><a href=\"https:\/\/www.djurskyddet.se\/dalarna\/wp-content\/uploads\/sites\/44\/2024\/03\/Revision-2022.pdf\" class=\"wp-block-file__button wp-element-button\" download aria-describedby=\"wp-block-file--media-632fbae9-9941-420b-8ece-4b1ffa8307e9\">Ladda ner<\/a><\/div>\n\n\n\n<div class=\"wp-block-file\"><a id=\"wp-block-file--media-9476eba7-6300-4214-837f-0b8895325db5\" href=\"https:\/\/www.djurskyddet.se\/dalarna\/wp-content\/uploads\/sites\/44\/2024\/03\/DD-Resultatrakning-2023.pdf\">DD Resultatr\u00e4kning 2023<\/a><a href=\"https:\/\/www.djurskyddet.se\/dalarna\/wp-content\/uploads\/sites\/44\/2024\/03\/DD-Resultatrakning-2023.pdf\" class=\"wp-block-file__button wp-element-button\" download aria-describedby=\"wp-block-file--media-9476eba7-6300-4214-837f-0b8895325db5\">Ladda ner<\/a><\/div>\n\n\n\n<div class=\"wp-block-file\"><a id=\"wp-block-file--media-5ba5e293-95a2-47c1-bd2b-187fa4c6eb4e\" href=\"https:\/\/www.djurskyddet.se\/dalarna\/wp-content\/uploads\/sites\/44\/2024\/03\/DD-Resultatrakning-2022.pdf\">DD Resultatr\u00e4kning 2022<\/a><a href=\"https:\/\/www.djurskyddet.se\/dalarna\/wp-content\/uploads\/sites\/44\/2024\/03\/DD-Resultatrakning-2022.pdf\" class=\"wp-block-file__button wp-element-button\" download aria-describedby=\"wp-block-file--media-5ba5e293-95a2-47c1-bd2b-187fa4c6eb4e\">Ladda ner<\/a><\/div>\n\n\n\n<div class=\"wp-block-file\"><a id=\"wp-block-file--media-1ac4f0f9-fca2-4061-83b3-0f17b0fd058d\" href=\"https:\/\/www.djurskyddet.se\/dalarna\/wp-content\/uploads\/sites\/44\/2024\/03\/DD-Balansrakning-2023.pdf\">DD Balansr\u00e4kning 2023<\/a><a href=\"https:\/\/www.djurskyddet.se\/dalarna\/wp-content\/uploads\/sites\/44\/2024\/03\/DD-Balansrakning-2023.pdf\" class=\"wp-block-file__button wp-element-button\" download aria-describedby=\"wp-block-file--media-1ac4f0f9-fca2-4061-83b3-0f17b0fd058d\">Ladda ner<\/a><\/div>\n\n\n\n<div class=\"wp-block-file\"><a id=\"wp-block-file--media-48211d52-c900-48ea-bcf6-ff729ea3633c\" href=\"https:\/\/www.djurskyddet.se\/dalarna\/wp-content\/uploads\/sites\/44\/2024\/03\/DD-Balansrakning-2022-1.pdf\">DD Balansr\u00e4kning 2022<\/a><a href=\"https:\/\/www.djurskyddet.se\/dalarna\/wp-content\/uploads\/sites\/44\/2024\/03\/DD-Balansrakning-2022-1.pdf\" class=\"wp-block-file__button wp-element-button\" download aria-describedby=\"wp-block-file--media-48211d52-c900-48ea-bcf6-ff729ea3633c\">Ladda ner<\/a><\/div>\n\n\n\n<div class=\"wp-block-file\"><a id=\"wp-block-file--media-30e18688-eac3-4558-ac40-9fd2501a109e\" href=\"https:\/\/www.djurskyddet.se\/dalarna\/wp-content\/uploads\/sites\/44\/2024\/03\/Dagordning-arsmote2024.pdf\">Dagordning-arsmote2024<\/a><a href=\"https:\/\/www.djurskyddet.se\/dalarna\/wp-content\/uploads\/sites\/44\/2024\/03\/Dagordning-arsmote2024.pdf\" class=\"wp-block-file__button wp-element-button\" download aria-describedby=\"wp-block-file--media-30e18688-eac3-4558-ac40-9fd2501a109e\">Ladda ner<\/a><\/div>\n\n\n\n<div class=\"wp-block-file\"><a id=\"wp-block-file--media-0d588790-f9ea-4c82-8784-dfb3bf22469d\" href=\"https:\/\/www.djurskyddet.se\/dalarna\/wp-content\/uploads\/sites\/44\/2024\/03\/Verksamhetsplan-2024-2-1.pdf\">Verksamhetsplan-2024-2-1<\/a><a href=\"https:\/\/www.djurskyddet.se\/dalarna\/wp-content\/uploads\/sites\/44\/2024\/03\/Verksamhetsplan-2024-2-1.pdf\" class=\"wp-block-file__button wp-element-button\" download aria-describedby=\"wp-block-file--media-0d588790-f9ea-4c82-8784-dfb3bf22469d\">Ladda ner<\/a><\/div>\n\n\n\n<div class=\"wp-block-file\"><a id=\"wp-block-file--media-72626548-e50a-4475-9436-c6dbc2b9468f\" href=\"https:\/\/www.djurskyddet.se\/dalarna\/wp-content\/uploads\/sites\/44\/2025\/03\/Arsmotesprotokoll_2024_Djurskyddet_Dalarna.pdf\">\u00c5rsm\u00f6tesprotokoll_2024_Djurskyddet_Dalarna<\/a><a href=\"https:\/\/www.djurskyddet.se\/dalarna\/wp-content\/uploads\/sites\/44\/2025\/03\/Arsmotesprotokoll_2024_Djurskyddet_Dalarna.pdf\" class=\"wp-block-file__button wp-element-button\" download aria-describedby=\"wp-block-file--media-72626548-e50a-4475-9436-c6dbc2b9468f\">Ladda ner<\/a><\/div>\n\n\n\n<p><\/p>\n","protected":false},"excerpt":{"rendered":"","protected":false},"author":46,"featured_media":0,"parent":0,"menu_order":0,"comment_status":"closed","ping_status":"closed","template":"","meta":{"_acf_changed":false,"footnotes":""},"class_list":["post-6096","page","type-page","status-publish","hentry"],"acf":[],"_links":{"self":[{"href":"https:\/\/www.djurskyddet.se\/dalarna\/wp-json\/wp\/v2\/pages\/6096","targetHints":{"allow":["GET"]}}],"collection":[{"href":"https:\/\/www.djurskyddet.se\/dalarna\/wp-json\/wp\/v2\/pages"}],"about":[{"href":"https:\/\/www.djurskyddet.se\/dalarna\/wp-json\/wp\/v2\/types\/page"}],"author":[{"embeddable":true,"href":"https:\/\/www.djurskyddet.se\/dalarna\/wp-json\/wp\/v2\/users\/46"}],"replies":[{"embeddable":true,"href":"https:\/\/www.djurskyddet.se\/dalarna\/wp-json\/wp\/v2\/comments?post=6096"}],"version-history":[{"count":10,"href":"https:\/\/www.djurskyddet.se\/dalarna\/wp-json\/wp\/v2\/pages\/6096\/revisions"}],"predecessor-version":[{"id":6299,"href":"https:\/\/www.djurskyddet.se\/dalarna\/wp-json\/wp\/v2\/pages\/6096\/revisions\/6299"}],"wp:attachment":[{"href":"https:\/\/www.djurskyddet.se\/dalarna\/wp-json\/wp\/v2\/media?parent=6096"}],"curies":[{"name":"wp","href":"https:\/\/api.w.org\/{rel}","templated":true}]}}