{"id":6180,"date":"2025-03-03T15:29:58","date_gmt":"2025-03-03T15:29:58","guid":{"rendered":"https:\/\/www.djurskyddet.se\/dalarna\/?page_id=6180"},"modified":"2026-02-25T12:40:54","modified_gmt":"2026-02-25T12:40:54","slug":"arsmoteshandlingar-2025","status":"publish","type":"page","link":"https:\/\/www.djurskyddet.se\/dalarna\/arsmoteshandlingar-2025\/","title":{"rendered":"\u00c5rsm\u00f6teshandlingar 2024 (\u00e5rsm\u00f6te 2025)"},"content":{"rendered":"\n<div class=\"wp-block-file\"><a id=\"wp-block-file--media-590a5be4-4259-441e-b985-3b21b32debec\" href=\"https:\/\/www.djurskyddet.se\/dalarna\/wp-content\/uploads\/sites\/44\/2025\/04\/Verksamhetsberattelse-2024-.docx-1.pdf\">Verksamhetsber\u00e4ttelse 2024 .docx (1)<\/a><a href=\"https:\/\/www.djurskyddet.se\/dalarna\/wp-content\/uploads\/sites\/44\/2025\/04\/Verksamhetsberattelse-2024-.docx-1.pdf\" class=\"wp-block-file__button wp-element-button\" download aria-describedby=\"wp-block-file--media-590a5be4-4259-441e-b985-3b21b32debec\">Ladda ner<\/a><\/div>\n\n\n\n<div class=\"wp-block-file\"><a id=\"wp-block-file--media-17324f12-5ade-49e8-9b55-151830c37cc6\" href=\"https:\/\/www.djurskyddet.se\/dalarna\/wp-content\/uploads\/sites\/44\/2025\/03\/Verksamhetsplan-2025_.pdf\">Verksamhetsplan 2025_<\/a><a href=\"https:\/\/www.djurskyddet.se\/dalarna\/wp-content\/uploads\/sites\/44\/2025\/03\/Verksamhetsplan-2025_.pdf\" class=\"wp-block-file__button wp-element-button\" download aria-describedby=\"wp-block-file--media-17324f12-5ade-49e8-9b55-151830c37cc6\">Ladda ner<\/a><\/div>\n\n\n\n<div class=\"wp-block-file\"><a id=\"wp-block-file--media-c5e17b66-bb4c-46b7-b705-41bc9d5e25d4\" href=\"https:\/\/www.djurskyddet.se\/dalarna\/wp-content\/uploads\/sites\/44\/2025\/03\/Dagordning-arsmote-Djurskyddet-Dalarna-29-mars-2025.pdf\">Dagordning &#8211; \u00e5rsm\u00f6te Djurskyddet Dalarna 29 mars 2025<\/a><a href=\"https:\/\/www.djurskyddet.se\/dalarna\/wp-content\/uploads\/sites\/44\/2025\/03\/Dagordning-arsmote-Djurskyddet-Dalarna-29-mars-2025.pdf\" class=\"wp-block-file__button wp-element-button\" download aria-describedby=\"wp-block-file--media-c5e17b66-bb4c-46b7-b705-41bc9d5e25d4\">Ladda ner<\/a><\/div>\n\n\n\n<div class=\"wp-block-file\"><a id=\"wp-block-file--media-8c46f852-9362-4e2f-8fed-62c0adb83449\" href=\"https:\/\/www.djurskyddet.se\/dalarna\/wp-content\/uploads\/sites\/44\/2025\/03\/Balansrakning-24.pdf\">Balansra\u0308kning 24<\/a><a href=\"https:\/\/www.djurskyddet.se\/dalarna\/wp-content\/uploads\/sites\/44\/2025\/03\/Balansrakning-24.pdf\" class=\"wp-block-file__button wp-element-button\" download aria-describedby=\"wp-block-file--media-8c46f852-9362-4e2f-8fed-62c0adb83449\">Ladda ner<\/a><\/div>\n\n\n\n<div class=\"wp-block-file\"><a id=\"wp-block-file--media-7e5f817f-bd71-4a03-b370-99d439f94317\" href=\"https:\/\/www.djurskyddet.se\/dalarna\/wp-content\/uploads\/sites\/44\/2025\/03\/Resultatrakning-24.pdf\">Resultatra\u0308kning 24<\/a><a href=\"https:\/\/www.djurskyddet.se\/dalarna\/wp-content\/uploads\/sites\/44\/2025\/03\/Resultatrakning-24.pdf\" class=\"wp-block-file__button wp-element-button\" download aria-describedby=\"wp-block-file--media-7e5f817f-bd71-4a03-b370-99d439f94317\">Ladda ner<\/a><\/div>\n\n\n\n<div class=\"wp-block-file\"><a id=\"wp-block-file--media-472e502a-f680-4710-84b2-0d46616896ea\" href=\"https:\/\/www.djurskyddet.se\/dalarna\/wp-content\/uploads\/sites\/44\/2025\/03\/Revisionsberattelse_2024_signerad.pdf\">Revisionsber\u00e4ttelse_2024_signerad<\/a><a href=\"https:\/\/www.djurskyddet.se\/dalarna\/wp-content\/uploads\/sites\/44\/2025\/03\/Revisionsberattelse_2024_signerad.pdf\" class=\"wp-block-file__button wp-element-button\" download aria-describedby=\"wp-block-file--media-472e502a-f680-4710-84b2-0d46616896ea\">Ladda ner<\/a><\/div>\n\n\n\n<div class=\"wp-block-file\"><a id=\"wp-block-file--media-2b13904f-abfb-47a3-91dc-8eba0c03d02f\" href=\"https:\/\/www.djurskyddet.se\/dalarna\/wp-content\/uploads\/sites\/44\/2025\/04\/Signerat-Protokoll-arsmote-Djurskyddet-Dalarna-2025-2025-03-29-16_10.pdf\">Signerat Protokoll &#8211; \u00e5rsm\u00f6te Djurskyddet Dalarna 2025 &#8211; 2025-03-29 16_10<\/a><a href=\"https:\/\/www.djurskyddet.se\/dalarna\/wp-content\/uploads\/sites\/44\/2025\/04\/Signerat-Protokoll-arsmote-Djurskyddet-Dalarna-2025-2025-03-29-16_10.pdf\" class=\"wp-block-file__button wp-element-button\" download aria-describedby=\"wp-block-file--media-2b13904f-abfb-47a3-91dc-8eba0c03d02f\">Ladda ner<\/a><\/div>\n","protected":false},"excerpt":{"rendered":"","protected":false},"author":46,"featured_media":0,"parent":0,"menu_order":0,"comment_status":"closed","ping_status":"closed","template":"","meta":{"_acf_changed":false,"footnotes":""},"class_list":["post-6180","page","type-page","status-publish","hentry"],"acf":[],"_links":{"self":[{"href":"https:\/\/www.djurskyddet.se\/dalarna\/wp-json\/wp\/v2\/pages\/6180","targetHints":{"allow":["GET"]}}],"collection":[{"href":"https:\/\/www.djurskyddet.se\/dalarna\/wp-json\/wp\/v2\/pages"}],"about":[{"href":"https:\/\/www.djurskyddet.se\/dalarna\/wp-json\/wp\/v2\/types\/page"}],"author":[{"embeddable":true,"href":"https:\/\/www.djurskyddet.se\/dalarna\/wp-json\/wp\/v2\/users\/46"}],"replies":[{"embeddable":true,"href":"https:\/\/www.djurskyddet.se\/dalarna\/wp-json\/wp\/v2\/comments?post=6180"}],"version-history":[{"count":6,"href":"https:\/\/www.djurskyddet.se\/dalarna\/wp-json\/wp\/v2\/pages\/6180\/revisions"}],"predecessor-version":[{"id":6298,"href":"https:\/\/www.djurskyddet.se\/dalarna\/wp-json\/wp\/v2\/pages\/6180\/revisions\/6298"}],"wp:attachment":[{"href":"https:\/\/www.djurskyddet.se\/dalarna\/wp-json\/wp\/v2\/media?parent=6180"}],"curies":[{"name":"wp","href":"https:\/\/api.w.org\/{rel}","templated":true}]}}