{"id":6291,"date":"2026-02-25T12:32:32","date_gmt":"2026-02-25T12:32:32","guid":{"rendered":"https:\/\/www.djurskyddet.se\/dalarna\/?page_id=6291"},"modified":"2026-02-28T08:26:57","modified_gmt":"2026-02-28T08:26:57","slug":"arsmoteshandlingar-2025-2","status":"publish","type":"page","link":"https:\/\/www.djurskyddet.se\/dalarna\/arsmoteshandlingar-2025-2\/","title":{"rendered":"\u00c5rsm\u00f6teshandlingar 2025 (\u00e5rsm\u00f6te 2026)"},"content":{"rendered":"\n<div class=\"wp-block-file\"><a id=\"wp-block-file--media-3e50a564-878b-48ca-9cc0-b4c16ad5812c\" href=\"https:\/\/www.djurskyddet.se\/dalarna\/wp-content\/uploads\/sites\/44\/2026\/02\/Verksamhetsberattelse-2025.pdf\" target=\"_blank\" rel=\"noreferrer noopener\">Verksamhetsber\u00e4ttelse 2025<\/a><a href=\"https:\/\/www.djurskyddet.se\/dalarna\/wp-content\/uploads\/sites\/44\/2026\/02\/Verksamhetsberattelse-2025.pdf\" class=\"wp-block-file__button wp-element-button\" download aria-describedby=\"wp-block-file--media-3e50a564-878b-48ca-9cc0-b4c16ad5812c\">Ladda ner<\/a><\/div>\n\n\n\n<div class=\"wp-block-file\"><a id=\"wp-block-file--media-6e6b88ad-2c55-46bd-8294-38e44c34b60c\" href=\"https:\/\/www.djurskyddet.se\/dalarna\/wp-content\/uploads\/sites\/44\/2026\/02\/Dagordning-arsmote-Djurskyddet-Dalarna-3-mars-2026.pdf\" target=\"_blank\" rel=\"noreferrer noopener\">Dagordning &#8211; \u00e5rsm\u00f6te Djurskyddet Dalarna 3 mars 2026<\/a><a href=\"https:\/\/www.djurskyddet.se\/dalarna\/wp-content\/uploads\/sites\/44\/2026\/02\/Dagordning-arsmote-Djurskyddet-Dalarna-3-mars-2026.pdf\" class=\"wp-block-file__button wp-element-button\" download aria-describedby=\"wp-block-file--media-6e6b88ad-2c55-46bd-8294-38e44c34b60c\">Ladda ner<\/a><\/div>\n\n\n\n<div class=\"wp-block-file\"><a id=\"wp-block-file--media-8ea4c696-2db3-4972-abea-5f502ef4f158\" href=\"https:\/\/www.djurskyddet.se\/dalarna\/wp-content\/uploads\/sites\/44\/2026\/02\/Verksamhetsplan-DD-2026_1.docx.pdf\">Verksamhetsplan DD 2026_1.docx<\/a><a href=\"https:\/\/www.djurskyddet.se\/dalarna\/wp-content\/uploads\/sites\/44\/2026\/02\/Verksamhetsplan-DD-2026_1.docx.pdf\" class=\"wp-block-file__button wp-element-button\" download aria-describedby=\"wp-block-file--media-8ea4c696-2db3-4972-abea-5f502ef4f158\">Ladda ner<\/a><\/div>\n\n\n\n<div class=\"wp-block-file\"><a id=\"wp-block-file--media-da829e2b-0fbd-4825-bec1-22ee9fa9d387\" href=\"https:\/\/www.djurskyddet.se\/dalarna\/wp-content\/uploads\/sites\/44\/2026\/02\/Resultatrapport-rev-DD.pdf\">Resultatrapport 2025<\/a><a href=\"https:\/\/www.djurskyddet.se\/dalarna\/wp-content\/uploads\/sites\/44\/2026\/02\/Resultatrapport-rev-DD.pdf\" class=\"wp-block-file__button wp-element-button\" download aria-describedby=\"wp-block-file--media-da829e2b-0fbd-4825-bec1-22ee9fa9d387\">Ladda ner<\/a><\/div>\n\n\n\n<div class=\"wp-block-file\"><a id=\"wp-block-file--media-26e14337-3a49-40f1-b2ae-45ce3972e65e\" href=\"https:\/\/www.djurskyddet.se\/dalarna\/wp-content\/uploads\/sites\/44\/2026\/02\/Balansrapport-rev-DD.pdf\">Balansrapport 2025<\/a><a href=\"https:\/\/www.djurskyddet.se\/dalarna\/wp-content\/uploads\/sites\/44\/2026\/02\/Balansrapport-rev-DD.pdf\" class=\"wp-block-file__button wp-element-button\" download aria-describedby=\"wp-block-file--media-26e14337-3a49-40f1-b2ae-45ce3972e65e\">Ladda ner<\/a><\/div>\n\n\n\n<div class=\"wp-block-file\"><a id=\"wp-block-file--media-8391a0fe-ea46-418e-b08b-d6ad96bf6733\" href=\"https:\/\/www.djurskyddet.se\/dalarna\/wp-content\/uploads\/sites\/44\/2026\/02\/Revisionsberattelse-2025.pdf\">Revisionsber\u00e4ttelse 2025<\/a><a href=\"https:\/\/www.djurskyddet.se\/dalarna\/wp-content\/uploads\/sites\/44\/2026\/02\/Revisionsberattelse-2025.pdf\" class=\"wp-block-file__button wp-element-button\" download aria-describedby=\"wp-block-file--media-8391a0fe-ea46-418e-b08b-d6ad96bf6733\">Ladda ner<\/a><\/div>\n\n\n\n<div class=\"wp-block-file\"><a id=\"wp-block-file--media-086ec9c4-3126-4385-a4e9-4e4b61587b98\" href=\"https:\/\/www.djurskyddet.se\/dalarna\/wp-content\/uploads\/sites\/44\/2026\/02\/Styrelsens-forslag-till-ledamoter-och-revisor-arsmote-2026.docx-1.pdf\">Styrelsens f\u00f6rslag till ledam\u00f6ter och revisor &#8211; \u00e5rsm\u00f6te 2026.docx (1)<\/a><a href=\"https:\/\/www.djurskyddet.se\/dalarna\/wp-content\/uploads\/sites\/44\/2026\/02\/Styrelsens-forslag-till-ledamoter-och-revisor-arsmote-2026.docx-1.pdf\" class=\"wp-block-file__button wp-element-button\" download aria-describedby=\"wp-block-file--media-086ec9c4-3126-4385-a4e9-4e4b61587b98\">Ladda ner<\/a><\/div>\n","protected":false},"excerpt":{"rendered":"","protected":false},"author":46,"featured_media":0,"parent":0,"menu_order":0,"comment_status":"closed","ping_status":"closed","template":"","meta":{"_acf_changed":false,"footnotes":""},"class_list":["post-6291","page","type-page","status-publish","hentry"],"acf":[],"_links":{"self":[{"href":"https:\/\/www.djurskyddet.se\/dalarna\/wp-json\/wp\/v2\/pages\/6291","targetHints":{"allow":["GET"]}}],"collection":[{"href":"https:\/\/www.djurskyddet.se\/dalarna\/wp-json\/wp\/v2\/pages"}],"about":[{"href":"https:\/\/www.djurskyddet.se\/dalarna\/wp-json\/wp\/v2\/types\/page"}],"author":[{"embeddable":true,"href":"https:\/\/www.djurskyddet.se\/dalarna\/wp-json\/wp\/v2\/users\/46"}],"replies":[{"embeddable":true,"href":"https:\/\/www.djurskyddet.se\/dalarna\/wp-json\/wp\/v2\/comments?post=6291"}],"version-history":[{"count":7,"href":"https:\/\/www.djurskyddet.se\/dalarna\/wp-json\/wp\/v2\/pages\/6291\/revisions"}],"predecessor-version":[{"id":6312,"href":"https:\/\/www.djurskyddet.se\/dalarna\/wp-json\/wp\/v2\/pages\/6291\/revisions\/6312"}],"wp:attachment":[{"href":"https:\/\/www.djurskyddet.se\/dalarna\/wp-json\/wp\/v2\/media?parent=6291"}],"curies":[{"name":"wp","href":"https:\/\/api.w.org\/{rel}","templated":true}]}}