{"id":5583,"date":"2021-01-08T11:46:11","date_gmt":"2021-01-08T11:46:11","guid":{"rendered":"https:\/\/www.djurskyddet.se\/djurvannernastockholm\/?page_id=5583"},"modified":"2025-06-05T12:43:37","modified_gmt":"2025-06-05T12:43:37","slug":"styrelse","status":"publish","type":"page","link":"https:\/\/www.djurskyddet.se\/djurvannernastockholm\/styrelse\/","title":{"rendered":"Styrelse"},"content":{"rendered":"\n<p><strong>Styrelsens ledam\u00f6ter efter \u00e5rsm\u00f6tet den 10 maj 2025:<\/strong><\/p>\n\n\n\n<p>Lars Holmberg, ordf\u00f6rande<br>Helle Elleh\u00f6j, vice ordf\u00f6rande<br>Mare Vaske, sekreterare<br>Annika Edstr\u00f6m, kass\u00f6r<br>Sara Carlsson, stipendieansvarig<br>Katarina Popovic, medlemsregisteransvarig<\/p>\n","protected":false},"excerpt":{"rendered":"<p>Styrelsens ledam\u00f6ter efter \u00e5rsm\u00f6tet den 10 maj 2025: Lars Holmberg, ordf\u00f6randeHelle Elleh\u00f6j, vice ordf\u00f6randeMare Vaske, sekreterareAnnika Edstr\u00f6m, kass\u00f6rSara Carlsson, stipendieansvarigKatarina Popovic, medlemsregisteransvarig<\/p>\n","protected":false},"author":3,"featured_media":0,"parent":0,"menu_order":0,"comment_status":"closed","ping_status":"closed","template":"left-sidebar.php","meta":{"_acf_changed":false,"footnotes":""},"class_list":["post-5583","page","type-page","status-publish","hentry"],"acf":[],"_links":{"self":[{"href":"https:\/\/www.djurskyddet.se\/djurvannernastockholm\/wp-json\/wp\/v2\/pages\/5583","targetHints":{"allow":["GET"]}}],"collection":[{"href":"https:\/\/www.djurskyddet.se\/djurvannernastockholm\/wp-json\/wp\/v2\/pages"}],"about":[{"href":"https:\/\/www.djurskyddet.se\/djurvannernastockholm\/wp-json\/wp\/v2\/types\/page"}],"author":[{"embeddable":true,"href":"https:\/\/www.djurskyddet.se\/djurvannernastockholm\/wp-json\/wp\/v2\/users\/3"}],"replies":[{"embeddable":true,"href":"https:\/\/www.djurskyddet.se\/djurvannernastockholm\/wp-json\/wp\/v2\/comments?post=5583"}],"version-history":[{"count":8,"href":"https:\/\/www.djurskyddet.se\/djurvannernastockholm\/wp-json\/wp\/v2\/pages\/5583\/revisions"}],"predecessor-version":[{"id":5801,"href":"https:\/\/www.djurskyddet.se\/djurvannernastockholm\/wp-json\/wp\/v2\/pages\/5583\/revisions\/5801"}],"wp:attachment":[{"href":"https:\/\/www.djurskyddet.se\/djurvannernastockholm\/wp-json\/wp\/v2\/media?parent=5583"}],"curies":[{"name":"wp","href":"https:\/\/api.w.org\/{rel}","templated":true}]}}