{"id":5585,"date":"2021-01-08T11:47:03","date_gmt":"2021-01-08T11:47:03","guid":{"rendered":"https:\/\/www.djurskyddet.se\/djurvannernastockholm\/?page_id=5585"},"modified":"2021-04-21T13:26:07","modified_gmt":"2021-04-21T13:26:07","slug":"stadgar","status":"publish","type":"page","link":"https:\/\/www.djurskyddet.se\/djurvannernastockholm\/stadgar\/","title":{"rendered":"Stadgar"},"content":{"rendered":"\n<h2 class=\"wp-block-heading\">V\u00e5ra stadgar har reviderats och beslutades av \u00e5rsm\u00f6tet den 4 oktober&nbsp;2020.<\/h2>\n\n\n\n<p><br><strong>\u00a7 1 F\u00f6reningens namn, s\u00e4tesort och beskrivning<\/strong><\/p>\n\n\n\n<p>F\u00f6reningens namn \u00e4r Djurskyddet Djurv\u00e4nnerna Stockholm med s\u00e4tesort Stockholm.<br>Organisationsnummer \u00e4r 802000-6857.<br>F\u00f6reningen \u00e4r en lokalf\u00f6rening i riksf\u00f6rbundet Djurskyddet Sverige.<br>F\u00f6reningen \u00e4r en ideell f\u00f6rening som \u00e4r partipolitiskt och religi\u00f6st obunden.<\/p>\n\n\n\n<p><strong>\u00a7 2 \u00c4ndam\u00e5l<\/strong><\/p>\n\n\n\n<p>F\u00f6reningens \u00e4ndam\u00e5l \u00e4r att genom opinionsbildning och praktiskt arbete verka f\u00f6r ett samh\u00e4lle d\u00e4r m\u00e4nniskor visar respekt och medk\u00e4nsla f\u00f6r alla djur. Vi arbetar f\u00f6r att alla djur ska behandlas v\u00e4l, oavsett om de lever vilt, h\u00e5lls f\u00f6r m\u00e4nniskans s\u00e4llskap eller f\u00f6ds upp f\u00f6r att bli mat. Alla djur ska ha r\u00e4tt till sina naturliga beteenden och skyddas fr\u00e5n lidande.<\/p>\n\n\n\n<p><strong>\u00a7 3<\/strong> <strong>Medlemskap<\/strong><\/p>\n\n\n\n<p>Var och en som vill arbeta f\u00f6r f\u00f6reningens \u00e4ndam\u00e5l \u00e4r v\u00e4lkommen som medlem i f\u00f6reningen.<\/p>\n\n\n\n<p>Medlemsavgiften beslutas av f\u00f6reningens \u00e5rsm\u00f6te efter f\u00f6rslag fr\u00e5n styrelsen. <\/p>\n\n\n\n<p>Till hedersmedlem kan f\u00f6reningen eller dess styrelse utse person, som p\u00e5 ett synnerligen f\u00f6rtj\u00e4nstfullt s\u00e4tt fr\u00e4mjat f\u00f6reningens syften. Hedersmedlem betalar inte medlemsavgift.<\/p>\n\n\n\n<p>Medlem som uppenbart skadar eller motverkar f\u00f6reningens verksamhet, bryter mot dessa stadgar eller av \u00e5rsm\u00f6tet fattade beslut kan av styrelsen uteslutas ur f\u00f6reningen. Uteslutningen g\u00e4ller omedelbart efter styrelsens beslut.<\/p>\n\n\n\n<p>Medlem som \u00f6nskar l\u00e4mna f\u00f6reningen anm\u00e4ler detta till f\u00f6reningen eller till Djurskyddet Sverige.<\/p>\n\n\n\n<p>Medlem som inte betalat medlemsavgift till f\u00f6reningen trots uts\u00e4nd p\u00e5minnelse anses ha l\u00e4mnat f\u00f6reningen och Djurskyddet Sverige.<\/p>\n\n\n\n<p><strong>\u00a7 4 \u00c5rsm\u00f6te<\/strong><\/p>\n\n\n\n<p>\u00c5rsm\u00f6tet \u00e4r f\u00f6reningens h\u00f6gsta beslutande organ.<\/p>\n\n\n\n<p>F\u00f6reningen h\u00e5ller \u00e5rsm\u00f6te under maj m\u00e5nad. Om \u00e5rsm\u00f6tet inte h\u00e5llits i tid kan f\u00f6reningens revisor kalla till \u00e5rsm\u00f6te i f\u00f6reningen.<\/p>\n\n\n\n<p>Styrelsen kallar till \u00e5rsm\u00f6te senast tre veckor f\u00f6re \u00e5rsm\u00f6tet. Kallelse skickas till f\u00f6reningens medlemmar.<\/p>\n\n\n\n<p>\u00c5rsm\u00f6teshandlingar och revisionsber\u00e4ttelse ska finnas tillg\u00e4ngliga senast en vecka f\u00f6re \u00e5rsm\u00f6tet f\u00f6r f\u00f6reningens medlemmar.<\/p>\n\n\n\n<p>Varje medlem i f\u00f6reningen kan skicka motioner till \u00e5rsm\u00f6tet. Styrelsen ska ha f\u00e5tt motionerna senast f\u00f6re mars m\u00e5nads utg\u00e5ng. Styrelsen ska yttra sig \u00f6ver varje motion.<\/p>\n\n\n\n<p>\u00c5rsm\u00f6tet \u00e4r beslutsm\u00e4ssigt n\u00e4r kallelse gjorts enligt stadgarna och det i varje fr\u00e5ga p\u00e5 f\u00f6redragningslistan finns minst en r\u00f6stber\u00e4ttigad medlem n\u00e4rvarande.<\/p>\n\n\n\n<p>P\u00e5 \u00e5rsm\u00f6tet ska f\u00f6ljande behandlas:<\/p>\n\n\n\n<ol class=\"wp-block-list\" type=\"1\"><li>\u00c5rsm\u00f6tets \u00f6ppnande<\/li><li>Fastst\u00e4llande av f\u00f6redragningslista<\/li><li>Fastst\u00e4llande av r\u00f6stl\u00e4ngd<\/li><li>Fr\u00e5ga om \u00e5rsm\u00f6tets stadgeenliga utlysande<\/li><li>Fr\u00e5ga om \u00e5rsm\u00f6tets beslutsm\u00e4ssighet<\/li><li>Val av ordf\u00f6rande och sekreterare f\u00f6r m\u00f6tet<\/li><li>Val av tv\u00e5 personer, tillika r\u00f6str\u00e4knare, att j\u00e4mte m\u00f6tesordf\u00f6randen justera \u00e5rsm\u00f6tets protokoll<\/li><li>F\u00f6redragning av styrelsens verksamhetsber\u00e4ttelse<\/li><li>F\u00f6redragning av styrelsens ekonomiska ber\u00e4ttelse<\/li><li>F\u00f6redragning av revisionsber\u00e4ttelsen<\/li><li>Fastst\u00e4llande av resultatr\u00e4kning och balansr\u00e4kning samt resultatdisposition<\/li><li>Beslut om ansvarsfrihet f\u00f6r styrelsen<\/li><li>Beslut om motioner och f\u00f6rslag fr\u00e5n styrelsen<\/li><li>Beslut om medlemsavgift f\u00f6r det kommande kalender\u00e5ret<\/li><li>Beslut om antal ledam\u00f6ter och suppleanter<\/li><li>Val av ordf\u00f6rande i styrelsen<\/li><li>Val av ledam\u00f6ter och suppleanter i styrelsen<\/li><li>Val av revisor och revisorssuppleant<\/li><li>Val av valberedning<\/li><li>\u00d6vriga fr\u00e5gor<\/li><li>M\u00f6tets avslutande<\/li><\/ol>\n\n\n\n<p><strong>Beslutsfattande vid \u00e5rsm\u00f6te<\/strong><\/p>\n\n\n\n<p>Varje n\u00e4rvarande medlem i f\u00f6reningen har yttrande-, f\u00f6rslags- och r\u00f6str\u00e4tt. Varje medlem har en r\u00f6st. R\u00f6stning med fullmakt \u00e4r inte till\u00e5ten<\/p>\n\n\n\n<p>Styrelseledam\u00f6ter har inte r\u00f6str\u00e4tt i fr\u00e5gor om f\u00f6rslag fr\u00e5n styrelsen, inte heller vid val av revisor och revisorssuppleant.<\/p>\n\n\n\n<p>Ingen har r\u00f6str\u00e4tt i fr\u00e5gor om egen f\u00f6rvaltning.<\/p>\n\n\n\n<p>Alla fr\u00e5gor avg\u00f6rs genom beslut med enkel majoritet utom i fr\u00e5gor om stadge\u00e4ndring (\u00a79) och f\u00f6reningens uppl\u00f6sning (\u00a710).<\/p>\n\n\n\n<p>Omr\u00f6stning sker \u00f6ppet om inte sluten omr\u00f6stning s\u00e4rskilt beg\u00e4rs. Vid lika r\u00f6stetal har \u00e5rsm\u00f6tets ordf\u00f6rande utslagsr\u00f6st om han eller hon \u00e4r r\u00f6stber\u00e4ttigad, annars avg\u00f6r lotten.<\/p>\n\n\n\n<p><strong>\u00a7 5. Extra \u00e5rsm\u00f6te<\/strong><\/p>\n\n\n\n<p>Extra \u00e5rsm\u00f6te ska inkallas d\u00e5 minst en tredjedel av f\u00f6reningens medlemmar eller n\u00e5gon av f\u00f6reningens revisorer beg\u00e4r det. Skriftlig beg\u00e4ran med angivande av \u00e4rende ska skickas till styrelsen. Styrelsen har ocks\u00e5 r\u00e4tt att besluta om extra \u00e5rsm\u00f6te. Extra \u00e5rsm\u00f6te ska ocks\u00e5 h\u00e5llas om styrelsen p\u00e5 grund av avg\u00e5ngna ledam\u00f6ter inte l\u00e4ngre \u00e4r beslutsm\u00e4ssig.<\/p>\n\n\n\n<p>Styrelsen ska kalla till extra \u00e5rsm\u00f6te senast tv\u00e5 veckor efter att beg\u00e4ran inkommit. Kallelse ska skickas till alla f\u00f6reningsmedlemmar. Extra \u00e5rsm\u00f6te ska h\u00e5llas tidigast tv\u00e5 veckor och senast en m\u00e5nad efter kallelse. M\u00f6teshandlingar ska finnas tillg\u00e4ngliga f\u00f6r medlemmarna senast en vecka f\u00f6re det extra \u00e5rsm\u00f6tet.<\/p>\n\n\n\n<p>Vid extra \u00e5rsm\u00f6te behandlas enbart de fr\u00e5gor som f\u00f6ranlett m\u00f6tet.<\/p>\n\n\n\n<p><strong>\u00a7 6. Styrelsen<\/strong><\/p>\n\n\n\n<p>Styrelsen \u00e4r f\u00f6reningens verkst\u00e4llande organ. Styrelsen leder f\u00f6reningens arbete efter f\u00f6reningens stadgar och \u00e5rsm\u00f6tets beslut.<\/p>\n\n\n\n<p>Endast betalande medlemmar och hedersmedlemmar kan v\u00e4ljas till f\u00f6rtroendeuppdrag i f\u00f6reningen. Medlem som \u00e4r anst\u00e4lld av f\u00f6reningen kan inte samtidigt vara f\u00f6rtroendevald i f\u00f6reningen.<\/p>\n\n\n\n<p>Styrelsen ska best\u00e5 av minst tre ledam\u00f6ter, ordf\u00f6randen inr\u00e4knad, och minst en suppleant. Om styrelsen, p\u00e5 grund av avg\u00e5ngna ledam\u00f6ter, best\u00e5r av f\u00e4rre \u00e4n tre ledam\u00f6ter ska extra \u00e5rsm\u00f6te med fyllnadsval h\u00e5llas.<\/p>\n\n\n\n<p>Styrelsens ordf\u00f6rande v\u00e4ljs av \u00e5rsm\u00f6tet f\u00f6r ett \u00e5r.<\/p>\n\n\n\n<p>Styrelsens \u00f6vriga ledam\u00f6ter och suppleanter v\u00e4ljs av \u00e5rsm\u00f6tet f\u00f6r tv\u00e5 \u00e5r. Mandatperioderna b\u00f6r l\u00f6pa omlott. Avg\u00e5r ledamot under mandattiden intr\u00e4der suppleant som ordinarie ledamot.<\/p>\n\n\n\n<p>Styrelsen ska inom tv\u00e5 veckor efter \u00e5rsm\u00f6tet konstituera sig och utse firmatecknare. Styrelsen utser inom sig \u00f6vriga poster, s\u00e5som vice ordf\u00f6rande, sekreterare och kass\u00f6r. Styrelsen kan inom sig utse ett arbetsutskott. Styrelsen kan adjungera utomst\u00e5ende person, \u00e4ven icke medlem, till styrelsen.<\/p>\n\n\n\n<p>Styrelsen sammantr\u00e4der efter kallelse av ordf\u00f6randen s\u00e5 ofta omst\u00e4ndigheterna kr\u00e4ver. Kallelse sker minst en vecka f\u00f6re m\u00f6tet.<\/p>\n\n\n\n<p>Styrelsens beslut fattas med enkel majoritet. Vid lika r\u00f6stetal har ordf\u00f6randen utslagsr\u00f6st.<\/p>\n\n\n\n<p>Styrelsen \u00e4r beslutsm\u00e4ssig n\u00e4r alla ledam\u00f6ter i styrelsen kallats och h\u00e4lften, men minst tre ledam\u00f6ter deltar p\u00e5 m\u00f6tet.<\/p>\n\n\n\n<p>Br\u00e5dskande \u00e4renden kan avg\u00f6ras per capsulam, varvid ordf\u00f6randen samt minst tv\u00e5 ledam\u00f6ter ska vara eniga. Beslutet ska protokollf\u00f6ras vid n\u00e4sta styrelsem\u00f6te.<\/p>\n\n\n\n<p>Till \u00e5rsm\u00f6tet ska styrelsen l\u00e4gga fram verksamhetsber\u00e4ttelse och ekonomisk ber\u00e4ttelse.<\/p>\n\n\n\n<p>Styrelsen kan anst\u00e4lla personal och beslutar d\u00e5 om arbetsordning och anst\u00e4llningsvillkor samt agerar arbetsledare.<\/p>\n\n\n\n<p><strong>\u00a7 7 Valberedning<\/strong><\/p>\n\n\n\n<p>Valberedningen v\u00e4ljs av \u00e5rsm\u00f6tet och best\u00e5r av minst tv\u00e5 personer. Valbar till valberedningen \u00e4r medlem i f\u00f6reningen som inte innehar f\u00f6rtroendeuppdrag i styrelsen eller \u00e4r anst\u00e4lld av f\u00f6reningen.<\/p>\n\n\n\n<p>Om ingen medlem vill \u00e5ta sig att vara ledamot i valberedningen kan \u00e5rsm\u00f6tet ge styrelsen i uppdrag att vara valberedning. Styrelsen b\u00f6r d\u00e5 f\u00f6rs\u00f6ka inbjuda en eller tv\u00e5 medlemmar att samarbeta med styrelsen i denna fr\u00e5ga.<\/p>\n\n\n\n<p>Valberedningen ska inf\u00f6r \u00e5rsm\u00f6tet l\u00e4gga fram f\u00f6rslag till ledam\u00f6ter och suppleanter i styrelsen samt till revisor och revisorssuppleant.<\/p>\n\n\n\n<p><strong>\u00a7 8. R\u00e4kenskaper och revision<\/strong><\/p>\n\n\n\n<p>Styrelsens ledam\u00f6ter \u00e4r gemensamt ansvariga f\u00f6r medel som st\u00e5r under styrelsens f\u00f6rvaltning och f\u00f6r de beslut om medlens anv\u00e4ndning i vilka de deltagit utan att reservera sig.<\/p>\n\n\n\n<p>F\u00f6reningens firma tecknas av ordf\u00f6randen i f\u00f6rening med annan styrelseledamot eller p\u00e5 annat s\u00e4tt som styrelsen beslutar.<\/p>\n\n\n\n<p>F\u00f6reningens revisor v\u00e4ljs av \u00e5rsm\u00f6tet. \u00c5rsm\u00f6tet v\u00e4ljer en ordinarie revisor och en revisorssuppleant. Valbar som revisor \u00e4r person som inte innehar f\u00f6rtroendeuppdrag i f\u00f6reningens styrelse eller valberedning och inte \u00e4r anst\u00e4lld av f\u00f6reningen. Revisor eller revisorssuppleant beh\u00f6ver inte vara medlem i f\u00f6reningen.<\/p>\n\n\n\n<p>F\u00f6reningens r\u00e4kenskaper och styrelseprotokoll samt andra handlingar som \u00e4r n\u00f6dv\u00e4ndiga f\u00f6r revisionen ska f\u00f6r granskning \u00f6verl\u00e4mnas till revisor senast fem veckor f\u00f6re \u00e5rsm\u00f6tet. Senast en vecka f\u00f6re \u00e5rsm\u00f6tet ska revisor \u00e5terl\u00e4mna originalhandlingarna samt l\u00e4mna revisionsber\u00e4ttelse.<\/p>\n\n\n\n<p><strong>\u00a7 9 Stadge\u00e4ndring<\/strong><\/p>\n\n\n\n<p>F\u00f6reningens stadgar och \u00e4ndringar av dessa m\u00e5ste godk\u00e4nnas av Djurskyddet Sveriges f\u00f6rbundsstyrelse f\u00f6r att vara giltiga.<\/p>\n\n\n\n<p>F\u00f6rslag till \u00e4ndring av f\u00f6reningens stadgar kan v\u00e4ckas av styrelsen eller av enskild f\u00f6reningsmedlem. I det senare fallet ska f\u00f6rslag inl\u00e4mnas skriftligen f\u00f6re mars m\u00e5nads utg\u00e5ng till f\u00f6reningens styrelse, som j\u00e4mte eget utl\u00e5tande framl\u00e4gger detsamma vid n\u00e4stkommande \u00e5rsm\u00f6te.<\/p>\n\n\n\n<p>F\u00f6r \u00e4ndring av f\u00f6reningens stadgar kr\u00e4vs att minst tv\u00e5 tredjedelar av de r\u00f6stande, vid tv\u00e5 p\u00e5 varandra f\u00f6ljande \u00e5rsm\u00f6ten, ska r\u00f6sta f\u00f6r f\u00f6rslaget Det ska vara minst en m\u00e5nad mellan de b\u00e5da m\u00f6tena och minst ett av dem ska vara ordinarie \u00e5rsm\u00f6te.<\/p>\n\n\n\n<p><strong>\u00a7 10 F\u00f6reningens uppl\u00f6sning.<\/strong><\/p>\n\n\n\n<p>F\u00f6r uppl\u00f6sning av f\u00f6reningen kr\u00e4vs att minst tre fj\u00e4rdedelar av de r\u00f6stande, vid tv\u00e5 p\u00e5 varandra f\u00f6ljande \u00e5rsm\u00f6ten, ska r\u00f6sta f\u00f6r f\u00f6rslaget Det ska vara minst en m\u00e5nad mellan de b\u00e5da m\u00f6tena och minst ett av dem ska vara ordinarie \u00e5rsm\u00f6te.<\/p>\n\n\n\n<p>Vid beslut om uppl\u00f6sning av f\u00f6reningen ska \u00e5rsm\u00f6tet ocks\u00e5 besluta om hur f\u00f6reningens tillg\u00e5ngar ska anv\u00e4ndas. Tillg\u00e5ngarna ska tillfalla djurskyddsorganisation, helst rikst\u00e4ckande, med \u00e4ndam\u00e5l och verksamhet som \u00f6verensst\u00e4mmer med f\u00f6reningens. Om ett s\u00e5dant beslut inte fattas och f\u00f6reningen vid sin uppl\u00f6sning \u00e4ger tillg\u00e5ngar ska dessa tillfalla Djurskyddet Sverige.<\/p>\n\n\n\n<p>Efter beslut om uppl\u00f6sning av f\u00f6reningen ska den senast valda styrelsen kvarst\u00e5 tills f\u00f6reningens tillg\u00e5ngar avvecklats och f\u00f6reningen \u00e4r uppl\u00f6st.<\/p>\n\n\n\n<p>I det fall f\u00f6reningen inte l\u00e4ngre har medlemmar som kan fatta beslut om f\u00f6reningens uppl\u00f6sning kan Djurskyddet Sveriges styrelse fatta beslut om uppl\u00f6sning.<\/p>\n\n\n\n<p><em>Dessa stadgar antogs av \u00e5rsm\u00f6tet den 4 oktober 2020<\/em><\/p>\n","protected":false},"excerpt":{"rendered":"<p>V\u00e5ra stadgar har reviderats och beslutades av \u00e5rsm\u00f6tet den 4 oktober&nbsp;2020. \u00a7 1 F\u00f6reningens namn, s\u00e4tesort och beskrivning F\u00f6reningens namn \u00e4r Djurskyddet Djurv\u00e4nnerna Stockholm med s\u00e4tesort Stockholm.Organisationsnummer \u00e4r 802000-6857.F\u00f6reningen \u00e4r en lokalf\u00f6rening i riksf\u00f6rbundet Djurskyddet Sverige.F\u00f6reningen \u00e4r en ideell f\u00f6rening som \u00e4r partipolitiskt och religi\u00f6st obunden. \u00a7 2 \u00c4ndam\u00e5l F\u00f6reningens \u00e4ndam\u00e5l \u00e4r att genom opinionsbildning och praktiskt arbete verka f\u00f6r ett samh\u00e4lle d\u00e4r m\u00e4nniskor visar respekt och medk\u00e4nsla f\u00f6r alla&hellip;<\/p>\n<p><a class=\"more-link\" href=\"https:\/\/www.djurskyddet.se\/djurvannernastockholm\/stadgar\/\" title=\"Continue reading &lsquo;Stadgar&rsquo;\">L&auml;s mer<span class=\"meta-nav\">&raquo;<\/span><\/a><\/p>\n","protected":false},"author":3,"featured_media":0,"parent":0,"menu_order":0,"comment_status":"closed","ping_status":"closed","template":"left-sidebar.php","meta":{"_acf_changed":false,"footnotes":""},"class_list":["post-5585","page","type-page","status-publish","hentry"],"acf":[],"_links":{"self":[{"href":"https:\/\/www.djurskyddet.se\/djurvannernastockholm\/wp-json\/wp\/v2\/pages\/5585","targetHints":{"allow":["GET"]}}],"collection":[{"href":"https:\/\/www.djurskyddet.se\/djurvannernastockholm\/wp-json\/wp\/v2\/pages"}],"about":[{"href":"https:\/\/www.djurskyddet.se\/djurvannernastockholm\/wp-json\/wp\/v2\/types\/page"}],"author":[{"embeddable":true,"href":"https:\/\/www.djurskyddet.se\/djurvannernastockholm\/wp-json\/wp\/v2\/users\/3"}],"replies":[{"embeddable":true,"href":"https:\/\/www.djurskyddet.se\/djurvannernastockholm\/wp-json\/wp\/v2\/comments?post=5585"}],"version-history":[{"count":4,"href":"https:\/\/www.djurskyddet.se\/djurvannernastockholm\/wp-json\/wp\/v2\/pages\/5585\/revisions"}],"predecessor-version":[{"id":5690,"href":"https:\/\/www.djurskyddet.se\/djurvannernastockholm\/wp-json\/wp\/v2\/pages\/5585\/revisions\/5690"}],"wp:attachment":[{"href":"https:\/\/www.djurskyddet.se\/djurvannernastockholm\/wp-json\/wp\/v2\/media?parent=5585"}],"curies":[{"name":"wp","href":"https:\/\/api.w.org\/{rel}","templated":true}]}}