{"id":5589,"date":"2021-01-08T11:48:45","date_gmt":"2021-01-08T11:48:45","guid":{"rendered":"https:\/\/www.djurskyddet.se\/djurvannernastockholm\/?page_id=5589"},"modified":"2021-01-08T11:48:46","modified_gmt":"2021-01-08T11:48:46","slug":"tips-och-rad","status":"publish","type":"page","link":"https:\/\/www.djurskyddet.se\/djurvannernastockholm\/tips-och-rad\/","title":{"rendered":"Tips och r\u00e5d"},"content":{"rendered":"\n<p>Vi f\u00e5r m\u00e5nga telefonsamtal och mail om olika djurfr\u00e5gor. Vi har samlat de vanligaste h\u00e4r med v\u00e5ra kommentarer. Mycket av informationen kommer fr\u00e5n andra webbsidor.<\/p>\n\n\n\n<h2 class=\"wp-block-heading\">Om du misst\u00e4nker att ett husdjur far illa eller vanv\u00e5rdas<\/h2>\n\n\n\n<p>L\u00e4nsstyrelsen ansvarar f\u00f6r djurskyddskontrollen i l\u00e4net. Om du vill g\u00f6ra en anm\u00e4lan, ring 010-223 11 20 eller 010-223 10 00. Du har r\u00e4tt att g\u00f6ra anm\u00e4lan anonymt.&nbsp;Vid akuta situationer ring polisen 114 14.&nbsp;V\u00e5r f\u00f6rening har sm\u00e5 m\u00f6jligheter att agera i k\u00e4nsliga situationer och vi har ingen befogenhet att ingripa. Men kontakta oss g\u00e4rna f\u00f6r att f\u00e5 r\u00e5d.&nbsp;&nbsp;<\/p>\n\n\n\n<h2 class=\"wp-block-heading\">Om din katt har f\u00f6rsvunnit<\/h2>\n\n\n\n<p>H\u00f6r f\u00f6rst med dina grannar s\u00e5 att inte katten av misstag blivit inl\u00e5st i en k\u00e4llare eller f\u00f6rr\u00e5d. Det har h\u00e4nt m\u00e5nga g\u00e5nger.&nbsp;Anm\u00e4l till polisen 114 14.S\u00e4tt upp lappar i n\u00e4romr\u00e5det med en beskrivning, helst med fotografi, av katten och ditt telefon-nummer.&nbsp;Kontakta katthem och djursjukhus. M\u00e5nga katthem har p\u00e5 sin hemsida en sida f\u00f6r bortsprungna och upphittade katter. De flesta katthem i Stockholmsomr\u00e5det hittar du under fliken \u201dL\u00e4nkar\u201d p\u00e5 denna hemsida.&nbsp;&nbsp;<a href=\"https:\/\/www.google.se\/search?q=vilse.nu&amp;oq=vilse&amp;aqs=chrome.3.69i60j69i59j0l4.5499j0j7&amp;sourceid=chrome&amp;ie=UTF-8\">Vilse.nu<\/a>&nbsp;\u00e4r en webbsida d\u00e4r man kan efterlysa en bortsprungen katt..&nbsp;N\u00e4r din katt \u00e4r \u00e5terfunnen gl\u00f6m inte att meddela polisen m.fl. och ta bort lappar som du har satt upp.&nbsp;&nbsp;<\/p>\n\n\n\n<h2 class=\"wp-block-heading\">Om du tror att en katt \u00e4r heml\u00f6s eller \u00f6vergiven<\/h2>\n\n\n\n<p>Det kan vara en katt som du sett str\u00f6va omkring i ditt omr\u00e5de, kanske t.o.m. vill komma in i din bostad. Oftast \u00e4r det nog en katt som \u00e4r ute p\u00e5 \u00e4ventyr, kanske p\u00e5 spaning efter ett bra matst\u00e4lle. Verkar katten pigg och v\u00e4lv\u00e5rdad, l\u00e5t den inte komma in och mata den inte. Katten vet s\u00e4kert var den bor.&nbsp;Men, om katten \u00e4r mager och inte ser v\u00e4lv\u00e5rdad ut, f\u00f6rs\u00f6k f\u00e5nga in den. Katten kanske har ett halsband med tel.nr. Kolla om katten \u00e4r ID-m\u00e4rkt i ett \u00f6ra med en tatuering, som d\u00e5 ska finnas som en bokstavs- och sifferkombination i ena \u00f6rats insida. Om ingen \u00f6ronm\u00e4rkning syns kan katten \u00e4nd\u00e5 vara ID-m\u00e4rkt med ett mikrochip som sitter under huden mellan skulderbladen. Chipet kan avl\u00e4sas p\u00e5 veterin\u00e4rklinik eller katthem eller av polisen.&nbsp;&nbsp;Om du hittar en ID-m\u00e4rkning kan du s\u00f6ka efter \u00e4garen p\u00e5&nbsp;<a href=\"https:\/\/www.skk.se\/om-skk\/djuridse-skks-agarregister\/\">DjurID<\/a>. Det kan dock h\u00e4nda att \u00e4garen inte godk\u00e4nt att adressuppgifter visas p\u00e5 internet. Kontakta i s\u00e5 fall Svenska Kennelklubben som f\u00f6r registret,08-795 30 50.&nbsp;Du kan ocks\u00e5 s\u00f6ka p\u00e5&nbsp;<a href=\"https:\/\/www.google.se\/search?q=vilse.nu&amp;oq=vilse&amp;aqs=chrome.3.69i60j69i59j0l4.5499j0j7&amp;sourceid=chrome&amp;ie=UTF-8\">Vilse,nu<\/a>, en webbsida f\u00f6r efterlysningar av katter i hela landet.&nbsp;Om du inte kan hitta \u00e4garen \u00e4r v\u00e5rt r\u00e5d att kontakta polisen, 114 14, eller katthem. M\u00e5nga katthem har p\u00e5 sin hemsida en sida f\u00f6r bortsprungna och upphittade katter. De flesta katthem i Stockholmsomr\u00e5det hittar du under fliken \u201dL\u00e4nkar\u201d p\u00e5 denna hemsida.&nbsp;&nbsp;Om katten verkar sjuk eller skadad b\u00f6r du ringa l\u00e4nsstyrelsens djurskyddshandl\u00e4ggare, tel. 010-223 11 20 eller 010-223 10 00.&nbsp;<a href=\"http:\/\/www.akutgruppen.com\/\">Akutgruppen<\/a>&nbsp;\u00e4r en ideell f\u00f6rening i Stockholm som har information om heml\u00f6sa och \u00f6vergivna katter p\u00e5 sin hemsida.&nbsp;&nbsp;<\/p>\n\n\n\n<h2 class=\"wp-block-heading\">Lagstiftning om v\u00e5rd och omh\u00e4ndertagande av vilda djur<\/h2>\n\n\n\n<p>Med vilt avses i jaktlagen (SFS 1987:259) vilda d\u00e4ggdjur och f\u00e5glar. Enligt b\u00e5de jaktlagen och artskyddsf\u00f6rordningen (SFS 2007:845) \u00e4r vilt fredat utom under tid n\u00e4r jakt \u00e4r till\u00e5ten. Att omh\u00e4nderta ett skadat vilt djur eller \u00f6vergiven djurunge r\u00e4knas som jakt.&nbsp;&nbsp; &nbsp;Vilt f\u00e5r endast h\u00e5llas i f\u00e5ngenskap med tillst\u00e5nd fr\u00e5n Naturv\u00e5rdsverket och l\u00e4nsstyrelsen. Naturv\u00e5rdsverket till\u00e5ter dock att vilt h\u00e5lls i f\u00e5ngenskap under max. 48 timmar (NFS 2002:20). Motivet \u00e4r att man under denna tid ska hinna kontakta viltrehabiliterare. D\u00e4refter ska djuret frisl\u00e4ppas eller tas om hand av en viltrehabiliterare som har tillst\u00e5nd f\u00f6r den aktuella djurarten. &nbsp; &nbsp;&nbsp;Vilda djur som omh\u00e4ndertas f\u00f6r rehabilitering omfattas av djurskyddslagen (SFS 1988:534).&nbsp;&nbsp;Tillst\u00e5nd f\u00f6r viltrehabilitering ges av Naturv\u00e5rdsverket och l\u00e4nsstyrelsen. Det \u00e4r l\u00e4nsstyrelsen som godk\u00e4nner anl\u00e4ggningen. Tillst\u00e5nd f\u00f6r rehabilitering kan ges f\u00f6r samtliga f\u00e5gelarter men bara f\u00f6r ett f\u00e5tal d\u00e4ggdjur: ekorre, hare, igelkott och fladdermus.&nbsp;<\/p>\n\n\n\n<h2 class=\"wp-block-heading\">\u00d6vergivna djurungar<\/h2>\n\n\n\n<p>P\u00e5 v\u00e5ren vimlar det av djurungar i naturen. L\u00e4mna dem i fred, de \u00e4r n\u00e4stan aldrig \u00f6vergivna.&nbsp;M\u00e5nga ungar har mamman hos sig bara n\u00e5gra korta stunder per dygn. S\u00e5 \u00e4r det med hjortar, r\u00e5djur och harar. Ungarna ligger oftast v\u00e4l g\u00f6mda.&nbsp;&nbsp;&nbsp;Kr\u00e5kungar och trastungar l\u00e4mnar boet flera dagar innan de \u00e4r flygf\u00e4rdiga och hoppar runt p\u00e5 marken. De \u00e4r inte \u00f6vergivna och de matas av f\u00f6r\u00e4ldrarna. De blir ett l\u00e4tt byte f\u00f6r katter s\u00e5 h\u00e5ll katten inomhus om du har en s\u00e5dan unge i n\u00e4romr\u00e5det. Tyv\u00e4rr \u00e4r skator elaka mot f\u00e5gelungar p\u00e5 marken och hackar ofta ihj\u00e4l dem. Kanske kan du skr\u00e4mma iv\u00e4g skatorna.&nbsp;Om du s\u00e4kert vet att ungens f\u00f6r\u00e4ldrar \u00e4r d\u00f6da s\u00e5 kontakta snarast n\u00e5gon av viltrehabiliterarna. Du ska inte sj\u00e4lv f\u00f6rs\u00f6ka mata en unge, risken \u00e4r stor att du g\u00f6r mer skada \u00e4n nytta.&nbsp;&nbsp;Kontaktuppgifter till viltrehabiliterare, se Skadade vilda djur.&nbsp;&nbsp;&nbsp;<\/p>\n\n\n\n<h2 class=\"wp-block-heading\">Skadade vilda djur<\/h2>\n\n\n\n<p>Kontakta viltrehabiliterare innan du r\u00f6r djuret. Om du p\u00e5tr\u00e4ffar skadat st\u00f6rre vilt och rovdjur ska du ringa polisen, 114 14.&nbsp;I Stockholms l\u00e4n finns tre viltrehabiliterare med tillst\u00e5nd av Naturv\u00e5rdsverket och l\u00e4nsstyrelsen. De har hj\u00e4lp av veterin\u00e4r f\u00f6r bed\u00f6mning och behandling av djuren. De har ett stort kontaktn\u00e4t och kan l\u00e4mna r\u00e5d p\u00e5 telefon.&nbsp;&nbsp;<a href=\"http:\/\/www.lillavilthuset.se\/\">Lilla Vilthuset<\/a>, Norrt\u00e4lje, Suzzie Engstr\u00f6m, tel. 076-200 43 63.Tillst\u00e5nd f\u00f6r hare, igelkott, ekorre, akutv\u00e5rd av fladderm\u00f6ss och ett flertal f\u00e5gelarter.&nbsp;<a href=\"http:\/\/www.svr.nu\/\">Stockholm Vildf\u00e5gel Rehab<\/a>, \u00c5kersberga, Victor Persson,tel. 072 569 5112.Tillst\u00e5nd f\u00f6r samtliga f\u00e5gelarter. Anl\u00e4ggningen har stora volj\u00e4rer f\u00f6r flygtr\u00e4ning.&nbsp;<a href=\"http:\/\/www.viltrehab.se\/\">Catarina Kr\u00e5ng<\/a>, Ingar\u00f6, tel. 073 642 8712.&nbsp;Tillst\u00e5nd f\u00f6r fladderm\u00f6ss, ekorre, igelkott och tornseglare.&nbsp;<a href=\"http:\/\/www.kfv-riks.se\/\">Katastrofhj\u00e4lp f\u00e5glar och vilt<\/a>&nbsp;har en rikst\u00e4ckande lista \u00f6ver rehabiliterare och kontaktpersoner som kan ge r\u00e5d p\u00e5 sin webbsida. &nbsp;&nbsp;Det finns ocks\u00e5 ett ideellt n\u00e4tverk,&nbsp;<a href=\"http:\/\/www.viltakuten.se\/\">Viltakuten Stockholm<\/a>, som man kan kontakta.&nbsp;Naturv\u00e5rdsverket har mycket bra information om skadade vilda djur och om \u201d\u00f6vergivna\u201d djurungar och f\u00e5gelungar, l\u00e4s&nbsp;<a href=\"http:\/\/www.naturvardsverket.se\/Var-natur\/Djur-och-vaxter\/\">h\u00e4r<\/a>.&nbsp;&nbsp;Sk\u00e5nes Ornitologiska F\u00f6rening har fin information om skadade f\u00e5glar p\u00e5 sin&nbsp;<a href=\"http:\/\/www.fagelskyddspillepeng.se\/\">hemsida<\/a>.&nbsp;<\/p>\n\n\n\n<h2 class=\"wp-block-heading\">M\u00e5sungar i sta\u2019n<\/h2>\n\n\n\n<p>M\u00e5sar bygger ofta bon p\u00e5 hustak i st\u00e4der. Ungarna hoppar ner eller ramlar ner innan de \u00e4r flygf\u00e4rdiga, ofta utan att skadas. F\u00f6r\u00e4ldrarna vakar \u00f6ver dem och matar dem. L\u00e5t dem vara. Om de \u00e4r p\u00e5 ett ol\u00e4mpligt st\u00e4lle och riskerar att komma ut i trafiken s\u00e5 kan man flytta dem en kort bit till en s\u00e4krare plats, men se d\u00e5 till att f\u00f6r\u00e4ldrarna ser f\u00f6rflyttningen. Om du placerar ungen l\u00e5ngt bort kan det h\u00e4nda att f\u00f6r\u00e4ldrarna \u00f6verger den. Var ocks\u00e5 beredd p\u00e5 att f\u00f6r\u00e4ldrarna st\u00f6rtdyker mot dig n\u00e4r du n\u00e4rmar dig ungen!&nbsp;<\/p>\n\n\n\n<h2 class=\"wp-block-heading\">Fastfrusna svanar<\/h2>\n\n\n\n<p>Det \u00e4r ovanligt att svanar fryser fast p\u00e5 isen s\u00e5 att de inte sj\u00e4lva kan ta sig loss. De kan ligga och vila p\u00e5 samma st\u00e4lle under flera dagar utan att frysa riktigt fast. Oftast \u00e4r det ungsvanar som fryser fast med br\u00f6stfj\u00e4drarna, men de kommer i regel \u00e4nd\u00e5 loss, med f\u00f6rlust av n\u00e5gra fj\u00e4drar.&nbsp;\n\n<\/p>\n","protected":false},"excerpt":{"rendered":"<p>Vi f\u00e5r m\u00e5nga telefonsamtal och mail om olika djurfr\u00e5gor. Vi har samlat de vanligaste h\u00e4r med v\u00e5ra kommentarer. Mycket av informationen kommer fr\u00e5n andra webbsidor. Om du misst\u00e4nker att ett husdjur far illa eller vanv\u00e5rdas L\u00e4nsstyrelsen ansvarar f\u00f6r djurskyddskontrollen i l\u00e4net. Om du vill g\u00f6ra en anm\u00e4lan, ring 010-223 11 20 eller 010-223 10 00. Du har r\u00e4tt att g\u00f6ra anm\u00e4lan anonymt.&nbsp;Vid akuta situationer ring polisen 114 14.&nbsp;V\u00e5r f\u00f6rening har&hellip;<\/p>\n<p><a class=\"more-link\" href=\"https:\/\/www.djurskyddet.se\/djurvannernastockholm\/tips-och-rad\/\" title=\"Continue reading &lsquo;Tips och r\u00e5d&rsquo;\">L&auml;s mer<span class=\"meta-nav\">&raquo;<\/span><\/a><\/p>\n","protected":false},"author":3,"featured_media":0,"parent":0,"menu_order":0,"comment_status":"closed","ping_status":"closed","template":"left-sidebar.php","meta":{"_acf_changed":false,"footnotes":""},"class_list":["post-5589","page","type-page","status-publish","hentry"],"acf":[],"_links":{"self":[{"href":"https:\/\/www.djurskyddet.se\/djurvannernastockholm\/wp-json\/wp\/v2\/pages\/5589","targetHints":{"allow":["GET"]}}],"collection":[{"href":"https:\/\/www.djurskyddet.se\/djurvannernastockholm\/wp-json\/wp\/v2\/pages"}],"about":[{"href":"https:\/\/www.djurskyddet.se\/djurvannernastockholm\/wp-json\/wp\/v2\/types\/page"}],"author":[{"embeddable":true,"href":"https:\/\/www.djurskyddet.se\/djurvannernastockholm\/wp-json\/wp\/v2\/users\/3"}],"replies":[{"embeddable":true,"href":"https:\/\/www.djurskyddet.se\/djurvannernastockholm\/wp-json\/wp\/v2\/comments?post=5589"}],"version-history":[{"count":1,"href":"https:\/\/www.djurskyddet.se\/djurvannernastockholm\/wp-json\/wp\/v2\/pages\/5589\/revisions"}],"predecessor-version":[{"id":5590,"href":"https:\/\/www.djurskyddet.se\/djurvannernastockholm\/wp-json\/wp\/v2\/pages\/5589\/revisions\/5590"}],"wp:attachment":[{"href":"https:\/\/www.djurskyddet.se\/djurvannernastockholm\/wp-json\/wp\/v2\/media?parent=5589"}],"curies":[{"name":"wp","href":"https:\/\/api.w.org\/{rel}","templated":true}]}}