{"id":5591,"date":"2021-01-08T11:49:36","date_gmt":"2021-01-08T11:49:36","guid":{"rendered":"https:\/\/www.djurskyddet.se\/djurvannernastockholm\/?page_id=5591"},"modified":"2025-06-05T12:58:09","modified_gmt":"2025-06-05T12:58:09","slug":"arsmoten","status":"publish","type":"page","link":"https:\/\/www.djurskyddet.se\/djurvannernastockholm\/arsmoten\/","title":{"rendered":"\u00c5rsm\u00f6ten"},"content":{"rendered":"\n<p>Under denna rubrik kommer hittar du korta referat fr\u00e5n f\u00f6reningens \u00e5rsm\u00f6ten.<\/p>\n\n\n\n<p>V\u00e5ra medlemmar som l\u00e4mnat e-postadress f\u00e5r \u00e5rsm\u00f6tesprotokollen&nbsp;med mejl.<\/p>\n\n\n\n<p><strong>\u00c5rsm\u00f6tet 10 maj 2025<\/strong><\/p>\n\n\n\n<p>F\u00f6reningens 143 \u00e5rsm\u00f6te h\u00f6lls p\u00e5 Kattstallet Troxhammar p\u00e5 F\u00e4rings\u00f6. Inf\u00f6r \u00e5rsm\u00f6tet hade f\u00f6reningen bjudit in till en guidad visning av Kattstallet. N\u00e4rvarande medlemmar fick en utt\u00f6mmande historieber\u00e4ttelse om hur och n\u00e4r Kattstallet bildades av dess ordf\u00f6rande Lotta Hell. Vi blev visade f\u00f6reningens superfina lokaler (som n\u00e4rvarande medlemmar uttryckte det) och de knappt 100 katter som f\u00f6rn\u00e4rvarande vistas p\u00e5 katthemmet. Lotta ber\u00e4ttade att Kattstallet nyligen fick hj\u00e4lpa till och ta emot ca 50 katter fr\u00e5n ett kattsamlande i G\u00e4vle. F\u00f6reningens totala kapacitet \u00e4r ca 110 platser + ett antal jourhemsplatser. \u00d6ver tid har Kattstallet omplacerat ca 6&nbsp;000 katter.<\/p>\n\n\n\n<p>Till v\u00e5rt \u00e5rsm\u00f6te registrerades 10 medlemmar i r\u00f6stl\u00e4ngden. F\u00f6reningens ordf\u00f6rande, Lars Holmberg gick igenom verksamheten samt r\u00e4kenskaperna f\u00f6r det g\u00e5ngna verksamhets\u00e5ret. Under 2024 har v\u00e5r f\u00f6rening bland annat st\u00f6ttat djurskyddande verksamheter i andra organisationer med 845&nbsp;000 kronor samt utdelat f\u00f6reningens stipendium om 50&nbsp;000 kronor till Elin Karlsson. Stipendiet g\u00e5r vill forskning om grisens individuella aktivitetsm\u00f6nster och tillv\u00e4xt i s.k. \u201dv\u00e5gstall\u201d.<\/p>\n\n\n\n<p>Vid \u00e5rsm\u00f6tet omvaldes Lars Holmberg (ordf\u00f6rande) f\u00f6r ett \u00e5r medan ledam\u00f6terna Sara Carlsson, Helle Elleh\u00f6j samt Katarina Popovic omvaldes f\u00f6r en period om tv\u00e5 \u00e5r. \u00d6vriga ledam\u00f6terna, Annika Edstr\u00f6m och Mare Vaske valdes f\u00f6r en tid om tv\u00e5 \u00e5r vid \u00e5rsm\u00f6tet 2024.<\/p>\n\n\n\n<p>Styrelsens sammans\u00e4ttning efter \u00e5rsm\u00f6tet hittar du\u00a0<a href=\"https:\/\/www.djurskyddet.se\/djurvannernastockholm\/styrelse\/\">h\u00e4r<\/a>.\u00a0\u00a0<\/p>\n\n\n\n<p><strong>\u00c5rsm\u00f6tet 12 maj 2024<\/strong><\/p>\n\n\n\n<p>F\u00f6reningens 142 \u00e5rsm\u00f6te h\u00f6lls p\u00e5 Stora Skuggans 4H-g\u00e5rd. F\u00f6re \u00e5rsm\u00f6tet hade f\u00f6reningen bjudit in till en guidad visning av 4H-g\u00e5rden. Visningen gjordes med stort engagemang av f\u00f6rest\u00e5ndaren Annika. De n\u00e4rvarande medlemmarna fick f\u00f6rutom en historielektion om Stora Skuggans 4H-g\u00e5rd \u00e4ven stifta bekantskap med diverse djur p\u00e5 g\u00e5rden.<\/p>\n\n\n\n<p>Till \u00e5rsm\u00f6tet registrerades 10 medlemmar i r\u00f6stl\u00e4ngden. F\u00f6reningens ordf\u00f6rande, Lars Holmberg gick igenom verksamheten samt r\u00e4kenskaperna f\u00f6r det g\u00e5ngna verksamhets\u00e5ret. Under 2023 har v\u00e5r f\u00f6rening bland annat st\u00f6ttat djurskyddande verksamheter i andra organisationer med 910&nbsp;000 kronor samt utdelat f\u00f6reningens stipendium om 50&nbsp;000 kronor till Cecilia Ley i hennes projekt avseende Mikropisk v\u00e4vnadsunders\u00f6kning vid hj\u00e4rnhinneinflammation hos hund.<\/p>\n\n\n\n<p>Vid \u00e5rsm\u00f6tet omvaldes Lars Holmberg (ordf\u00f6rande) f\u00f6r ett \u00e5r medan ledam\u00f6terna Annika Edstr\u00f6m och Mare Vaske omvaldes f\u00f6r en period om tv\u00e5 \u00e5r. \u00d6vriga ledam\u00f6terna, Sara Carlsson, Helle Elleh\u00f6j samt Katarina Popovic valdes f\u00f6r en tid om tv\u00e5 \u00e5r vid \u00e5rsm\u00f6tet 2023. Ledamoten Barbro Bergsten hade avb\u00f6jt nominering f\u00f6r omval.<\/p>\n\n\n\n<p>Styrelsens sammans\u00e4ttning efter \u00e5rsm\u00f6tet hittar du&nbsp;<a href=\"https:\/\/www.djurskyddet.se\/djurvannernastockholm\/styrelse\/\">h\u00e4r<\/a>.&nbsp;&nbsp;<\/p>\n\n\n\n<figure class=\"wp-block-image size-full\"><img loading=\"lazy\" decoding=\"async\" width=\"768\" height=\"1024\" src=\"https:\/\/www.djurskyddet.se\/djurvannernastockholm\/wp-content\/uploads\/sites\/47\/2024\/05\/Arsmote.jpg\" alt=\"Djurskyddet Djurv\u00e4nnerna Stockholms \u00e5rsm\u00f6te h\u00f6lls p\u00e5 Stora Skuggans 4H-g\u00e5rd. P\u00e5 bild syns f\u00f6reningens medlemmar Annika, Lennart och Ebbe som h\u00e4lsar p\u00e5 en av 4H-g\u00e5rdens killingar.\" class=\"wp-image-5775\" srcset=\"https:\/\/www.djurskyddet.se\/djurvannernastockholm\/wp-content\/uploads\/sites\/47\/2024\/05\/Arsmote.jpg 768w, https:\/\/www.djurskyddet.se\/djurvannernastockholm\/wp-content\/uploads\/sites\/47\/2024\/05\/Arsmote-225x300.jpg 225w, https:\/\/www.djurskyddet.se\/djurvannernastockholm\/wp-content\/uploads\/sites\/47\/2024\/05\/Arsmote-400x533.jpg 400w\" sizes=\"auto, (max-width: 768px) 100vw, 768px\" \/><figcaption class=\"wp-element-caption\"><em>Djurskyddet Djurv\u00e4nnerna Stockholms \u00e5rsm\u00f6te 2024 h\u00f6lls p\u00e5 Stora Skuggans 4H-g\u00e5rd. P\u00e5 bild syns f\u00f6reningens medlemmar Annika, Lennart och Ebbe som h\u00e4lsar p\u00e5 en av 4H-g\u00e5rdens killingar.<\/em><\/figcaption><\/figure>\n\n\n\n<p><strong>\u00c5rsm\u00f6tet 7 maj 2023<\/strong><\/p>\n\n\n\n<p>F\u00f6reningens 141 \u00e5rsm\u00f6te h\u00f6lls p\u00e5 Lilla Hasselbacken, Djurg\u00e5rden. F\u00f6re \u00e5rsm\u00f6tet hade f\u00f6reningen bjudit in till en guidad visning av Skansen-Akvariet. Under visningen s\u00e5 informerades om Akvariets arbete med djuren samt hur Akvariet st\u00f6djer bevarandeverksamhet i de l\u00e4nder varifr\u00e5n Akvariets djur och reptiler kommer ifr\u00e5n.<\/p>\n\n\n\n<p>Till \u00e5rsm\u00f6tet registrerades 12 medlemmar i r\u00f6stl\u00e4ngden. F\u00f6reningens ordf\u00f6rande, Lars Holmberg gick igenom verksamheten samt r\u00e4kenskaperna f\u00f6r det g\u00e5ngna verksamhets\u00e5ret. Bland annat informerades om att f\u00f6reningen under 2022 st\u00f6tt djurskyddande verksamheter i andra organisationer med 900&nbsp;000 kronor samt utdelat f\u00f6reningens stipendium om 50&nbsp;000 kronor till Louise Hedlund f\u00f6r hennes arbete med att ta fram l\u00e4romedel f\u00f6r Naturbruksutbildning.<\/p>\n\n\n\n<p>Vid \u00e5rsm\u00f6tet omvaldes Lars Holmberg (ordf\u00f6rande) f\u00f6r ett \u00e5r medan ledam\u00f6terna Sara Carlsson och Katarina Popovic samt nyval av Helle Elleh\u00f6j gjordes f\u00f6r en period om tv\u00e5 \u00e5r. \u00d6vriga ledam\u00f6terna, Mare Vaske, Annnika Edstr\u00f6m och Barbro Bergsten valdes f\u00f6r en tid om tv\u00e5 \u00e5r vid \u00e5rsm\u00f6tet 2022. &nbsp;<\/p>\n\n\n\n<p>Styrelsens sammans\u00e4ttning efter \u00e5rsm\u00f6tet hittar du <a href=\"https:\/\/www.djurskyddet.se\/djurvannernastockholm\/styrelse\/\">h\u00e4r<\/a>.&nbsp;&nbsp;<\/p>\n\n\n\n<p><strong>\u00c5rsm\u00f6tet 22 maj 2022<\/strong><\/p>\n\n\n\n<p>F\u00f6reningens 140 \u00e5rsm\u00f6te h\u00f6lls p\u00e5 Fj\u00e4rilshuset i Hagaparken. F\u00f6re \u00e5rsm\u00f6tet fick vi en grundlig genomg\u00e5ng av Fj\u00e4rilshusets verksamhet och en visning av dess verksamhet. Guiden, Owe Sandstr\u00f6m, ber\u00e4ttade med djup inlevelse och med sina breda zoologiska kunskaper om de djur och marina varelser som finns p\u00e5 anl\u00e4ggningen.<\/p>\n\n\n\n<p>Styrelsens sammans\u00e4ttning efter \u00e5rsm\u00f6tet hittar du <a href=\"https:\/\/www.djurskyddet.se\/djurvannernastockholm\/styrelse\/\">h\u00e4r<\/a>.<\/p>\n\n\n\n<p><strong>\u00c5rsm\u00f6tet&nbsp;<\/strong><strong>30 maj<\/strong><strong>&nbsp;202<\/strong><strong>1<\/strong><\/p>\n\n\n\n<p>F\u00f6reningens 139&nbsp;\u00e5rsm\u00f6te h\u00f6lls&nbsp;\u00e4ven detta \u00e5r&nbsp;i en f\u00f6retagslokal i Solna Business Park. Covid-19&nbsp;var&nbsp;fortsatt en begr\u00e4nsning&nbsp;varf\u00f6rf\u00f6reningen inte arrangerade&nbsp;n\u00e5got evenemang i samband med \u00e5rsm\u00f6tet.<\/p>\n\n\n\n<p>Till \u00e5rsm\u00f6tet hade endast&nbsp;7&nbsp;medlemmar anm\u00e4lt sig, samtliga&nbsp;r\u00e4knades in i r\u00f6stl\u00e4ngden. \u00c5rsm\u00f6tet genomf\u00f6rdes dels med medlemmar fysiskt p\u00e5 plats samt medlemmar som deltog via&nbsp;Teams.<\/p>\n\n\n\n<p>Vid \u00e5rsm\u00f6tet omvaldes Lars Holmberg (ordf\u00f6rande)&nbsp;och Lennart Garmer f\u00f6r ett \u00e5r. Sara Carlsson och Katarina Popovic omvaldes f\u00f6r en period av tv\u00e5 \u00e5r.&nbsp;\u00d6vriga ledam\u00f6ter valdes f\u00f6r en tid av tv\u00e5 \u00e5r vid \u00e5rsm\u00f6tet 2020. &nbsp; &nbsp; &nbsp;<\/p>\n\n\n\n<p><strong>\u00c5rsm\u00f6tet 4 oktober 2020<\/strong><\/p>\n\n\n\n<p>F\u00f6reningens 138 \u00e5rsm\u00f6te h\u00f6lls i en f\u00f6retagslokal i Solna Business Park. D\u00e5 r\u00e5dande situation med Covid-19 fortsatt \u00e4r en begr\u00e4nsning s\u00e5 valde f\u00f6reningen att inte arrangera n\u00e5got evenemang i samband med \u00e5rsm\u00f6tet.<\/p>\n\n\n\n<p>Till \u00e5rsm\u00f6tet hade endast 8 medlemmar anm\u00e4lt sig varav 6 r\u00e4knades in i r\u00f6stl\u00e4ngden. \u00c5rsm\u00f6tet genomf\u00f6rdes dels med medlemmar fysiskt p\u00e5 plats samt medlemmar som deltog via Skype.<\/p>\n\n\n\n<p>Vid \u00e5rsm\u00f6tet 2019 beslutades bl.a att f\u00f6reningen fortsatt kommer att vara ansluten till Djurskyddet Sverige och d\u00e4rmed \u00e4ndra namn till Djurskyddet Djurv\u00e4nnerna Stockholm. Denna stadge\u00e4ndring tr\u00e4dde i kraft vid \u00e5rsm\u00f6tet 2020 d\u00e5 \u00e5rsm\u00f6tet beslutade detta f\u00f6r andra g\u00e5ngen.<\/p>\n\n\n\n<p>Vid \u00e5rsm\u00f6tet omvaldes Lars Holmberg (ordf\u00f6rande) och Mare Vaske, Annika Edstr\u00f6m samt Barbro Bergsten. \u00d6vriga ledam\u00f6ter valdes f\u00f6r en tid av tv\u00e5 \u00e5r vid \u00e5rsm\u00f6tet 2019.&nbsp; &nbsp; &nbsp;&nbsp;<\/p>\n\n\n\n<p><strong>\u00c5rsm\u00f6tet 19 maj 2019<\/strong><\/p>\n\n\n\n<p>F\u00f6reningens 137 \u00e5rsm\u00f6te h\u00f6lls p\u00e5 Solliden, Djurg\u00e5rden. F\u00f6re \u00e5rsm\u00f6tet visades vi runt p\u00e5 ny\u00f6ppnade Baltic Sea Science Center p\u00e5 Skansen av den mycket kunniga guiden Anna Bj\u00f6rn. En mycket imponerande anl\u00e4ggning som visar \u00d6stersj\u00f6n fr\u00e5n olika perspektiv, kan verkligen rekommenderas f\u00f6r de medlemmar som inte hade m\u00f6jlighet att komma till \u00e5rsm\u00f6tet.<\/p>\n\n\n\n<p>Till \u00e5rsm\u00f6tet hade 17 medlemmar anm\u00e4lt sig varav 13 r\u00e4knades in i r\u00f6stl\u00e4ngden. Vid \u00e5rsm\u00f6tet beslutades bland annat att f\u00f6reningen fortsatt kommer att vara ansluten till Djurskyddet Sverige och d\u00e4rmed \u00e4ndra namn till Djurskyddet Djurv\u00e4nnerna Stockholm. Denna stadge\u00e4ndring kan komma att tr\u00e4da ikraft f\u00f6rst efter \u00e5rsm\u00f6tet 2020.&nbsp;<\/p>\n\n\n\n<p>Vid \u00e5rsm\u00f6tet omvaldes Lars Holmberg (ordf\u00f6rande) och Lennart Garmer, nyval av Sara Carlsson och Katarina Popovic. Avg\u00e5ende ledamot Git Str\u00f6m och suppleant Maria Skog avtackades f\u00f6r sina insatser f\u00f6r f\u00f6reningen.<\/p>\n\n\n\n<p><strong>\u00c5rsm\u00f6tet 6 maj 2018<\/strong><\/p>\n\n\n\n<p>Vi samlades f\u00f6re \u00e5rsm\u00f6tet vid Aquaria vattenmuseum p\u00e5 Djurg\u00e5rden. En av deras guider visade oss runt och ber\u00e4ttade om de fiskar, reptiler och andra vattenlevande djur som finns d\u00e4r. En fascinerande rundvandring tyckte alla. Ledsamt var att h\u00f6ra att Aquaria l\u00e4ggs ner i september.<\/p>\n\n\n\n<p>\u00c5rsm\u00f6tet hade vi sedan i en lokal p\u00e5 Hasselbacken. 20 medlemmar hade kommit, och det var trevligt att tr\u00e4ffa n\u00e5gra nya medlemmar. En av de stora fr\u00e5gorna som diskuterades var eventuellt byte av f\u00f6reningens namn. Ett namnbyte blir n\u00f6dv\u00e4ndigt om vi ska forts\u00e4tta vara en lokalf\u00f6rening i Djurskyddet Sverige. Styrelsen kommer att unders\u00f6ka olika alternativ och informera alla medlemmar i god tid f\u00f6re \u00e5rsm\u00f6tet 2019.<\/p>\n\n\n\n<p>Lars Holmberg valdes till ny ordf\u00f6rande efter Lennart Garmer som avb\u00f6jt omval. Lennart forts\u00e4tter dock i styrelsen, nu som vice ordf\u00f6rande. I \u00f6vrigt \u00e4r styrelsen of\u00f6r\u00e4ndrad.<\/p>\n\n\n\n<figure class=\"wp-block-image\"><img loading=\"lazy\" decoding=\"async\" width=\"700\" height=\"525\" src=\"https:\/\/www.djurskyddet.se\/djurvannernastockholm\/wp-content\/uploads\/sites\/47\/2021\/02\/1.jpg\" alt=\"\" class=\"wp-image-5637\" srcset=\"https:\/\/www.djurskyddet.se\/djurvannernastockholm\/wp-content\/uploads\/sites\/47\/2021\/02\/1.jpg 700w, https:\/\/www.djurskyddet.se\/djurvannernastockholm\/wp-content\/uploads\/sites\/47\/2021\/02\/1-300x225.jpg 300w, https:\/\/www.djurskyddet.se\/djurvannernastockholm\/wp-content\/uploads\/sites\/47\/2021\/02\/1-400x300.jpg 400w\" sizes=\"auto, (max-width: 700px) 100vw, 700px\" \/><figcaption class=\"wp-element-caption\">\u00c5rsm\u00f6tet 6 maj 2018. Samling vid Aquaria vattenmuseum<\/figcaption><\/figure>\n\n\n\n<p><strong>\u00c5rsm\u00f6tet 14 maj 2017<\/strong><\/p>\n\n\n\n<p>Vi hade \u00e5rsm\u00f6tet p\u00e5 Hundstallet i \u00c5keshov, 17 medlemmar deltog. \u00c5rsm\u00f6tet valde samma personer som tidigare till styrelsen, med en&nbsp;f\u00f6r\u00e4ndring: Barbro Bergsten valdes till ledamot och Maria Skog till suppleant. Bytet beror p\u00e5 att Maria har flyttat fr\u00e5n Stockholm och har sv\u00e5rt att vara med p\u00e5 alla styrelsem\u00f6ten.<\/p>\n\n\n\n<p>Efter \u00e5rsm\u00f6tet ber\u00e4ttade en av peronalen om Hundstallets verksamhet och visade oss runt i delar av lokalerna och rastg\u00e5rdarna. M\u00e5nga av hundarna har haft det sv\u00e5rt och det \u00e4r fint att Hundstallet finns och kan ge hundarna nya och trygga hem.<\/p>\n\n\n\n<p><strong>\u00c5rsm\u00f6tet 29 maj 2016<\/strong><\/p>\n\n\n\n<p>\u00c5rsm\u00f6tet avh\u00f6lls p\u00e5 Hovstallet i Stockholm.&nbsp;Tv\u00e5 nya ledam\u00f6ter valdes till styrelsen: Barbro Bergsten och Annika Edstr\u00f6m. V\u00e5r kass\u00f6r Gunilla Dahlberg Petri hade avb\u00f6jt omval. \u00c5rsm\u00f6tet beslutade&nbsp;utse Anita Nilsson till hedersmedlem i f\u00f6reningen.<\/p>\n\n\n\n<p>Efter m\u00f6tet fick vi en&nbsp;intressant visning av Hovstallet av en&nbsp;guide som hade mycket att ber\u00e4tta. Vi fick se Hovets \u00e4ldsta bilar, vagnar, och det allra b\u00e4sta: h\u00e4starna.<\/p>\n\n\n\n<p>Styrelsens ledam\u00f6ter finns under fliken &#8221;Styrelsen&#8221;.<\/p>\n\n\n\n<figure class=\"wp-block-image\"><img loading=\"lazy\" decoding=\"async\" width=\"692\" height=\"525\" src=\"https:\/\/www.djurskyddet.se\/djurvannernastockholm\/wp-content\/uploads\/sites\/47\/2021\/02\/3.jpg\" alt=\"\" class=\"wp-image-5639\" srcset=\"https:\/\/www.djurskyddet.se\/djurvannernastockholm\/wp-content\/uploads\/sites\/47\/2021\/02\/3.jpg 692w, https:\/\/www.djurskyddet.se\/djurvannernastockholm\/wp-content\/uploads\/sites\/47\/2021\/02\/3-300x228.jpg 300w, https:\/\/www.djurskyddet.se\/djurvannernastockholm\/wp-content\/uploads\/sites\/47\/2021\/02\/3-400x303.jpg 400w\" sizes=\"auto, (max-width: 692px) 100vw, 692px\" \/><figcaption class=\"wp-element-caption\"> \u00c5rsm\u00f6tet 29 maj 2016 p\u00e5 Hovstallet, Stockholm. Uppst\u00e4llning p\u00e5 g\u00e5rden. <\/figcaption><\/figure>\n\n\n\n<p><strong>\u00c5rsm\u00f6tet 24 maj 2015<\/strong><\/p>\n\n\n\n<p>I \u00e5r hade vi \u00e5rsm\u00f6tet p\u00e5 Djursjukhuset Albano i Danderyd. F\u00f6re m\u00f6tet blev vi visade runt p\u00e5 djursjukhuset och fick se och h\u00f6ra om den fina utrustning som finns d\u00e4r, bl.a. magnetkamera.<\/p>\n\n\n\n<p>Anita Nilsson och Barbro Thorsell-Bernstein&nbsp;hade b\u00e5da avb\u00f6jt omval till styrelsen och avtackades f\u00f6r sina m\u00e5nga&nbsp;\u00e5r i styrelsen. Anita hade varit&nbsp;medlem i styrelsen n\u00e4stan 50 \u00e5r och Barbro under 15 \u00e5r.<\/p>\n\n\n\n<p>Styrelsens sammans\u00e4ttning finns under fliken &#8221;Styrelsen&#8221;..<\/p>\n\n\n\n<p>Ett foto finns under fliken &#8221;Bildarkiv&#8221;.&nbsp;<\/p>\n\n\n\n<p><strong>\u00c5rsm\u00f6tet 24 maj 2014<\/strong><\/p>\n\n\n\n<p>M\u00f6tet avh\u00f6lls p\u00e5 Fj\u00e4rilshuset i Hagaparken. En ny suppleant invaldes. Styrelsens sammans\u00e4ttning finns under fliken &#8221;Styrelsen&#8221;.<\/p>\n\n\n\n<p>F\u00f6re \u00e5rsm\u00f6tet fick vi en&nbsp;of\u00f6rgl\u00f6mlig visning av Fj\u00e4rilshuset&nbsp;och det nybyggda akvariet med hajar. V\u00e5r guide var Owe Sandstr\u00f6m, som ber\u00e4ttade med stort engagemang och stor kunskap om de&nbsp;djur&nbsp;vi m\u00f6tte.<\/p>\n\n\n\n<figure class=\"wp-block-gallery has-nested-images columns-default is-cropped wp-block-gallery-1 is-layout-flex wp-block-gallery-is-layout-flex\">\n<figure class=\"wp-block-image size-large\"><a href=\"https:\/\/www.djurskyddet.se\/djurvannernastockholm\/wp-content\/uploads\/sites\/47\/2021\/02\/5.jpg\"><img loading=\"lazy\" decoding=\"async\" width=\"525\" height=\"700\" data-id=\"5633\" src=\"https:\/\/www.djurskyddet.se\/djurvannernastockholm\/wp-content\/uploads\/sites\/47\/2021\/02\/5.jpg\" alt=\"\" class=\"wp-image-5633\" srcset=\"https:\/\/www.djurskyddet.se\/djurvannernastockholm\/wp-content\/uploads\/sites\/47\/2021\/02\/5.jpg 525w, https:\/\/www.djurskyddet.se\/djurvannernastockholm\/wp-content\/uploads\/sites\/47\/2021\/02\/5-225x300.jpg 225w, https:\/\/www.djurskyddet.se\/djurvannernastockholm\/wp-content\/uploads\/sites\/47\/2021\/02\/5-400x533.jpg 400w\" sizes=\"auto, (max-width: 525px) 100vw, 525px\" \/><\/a><figcaption class=\"wp-element-caption\">Owe Sandstr\u00f6m visar en leopardsk\u00e4ldpadda fr\u00e5n Centralafrika.<\/figcaption><\/figure>\n\n\n\n<figure class=\"wp-block-image size-large\"><a href=\"https:\/\/www.djurskyddet.se\/djurvannernastockholm\/wp-content\/uploads\/sites\/47\/2021\/02\/6.jpg\"><img loading=\"lazy\" decoding=\"async\" width=\"700\" height=\"525\" data-id=\"5634\" src=\"https:\/\/www.djurskyddet.se\/djurvannernastockholm\/wp-content\/uploads\/sites\/47\/2021\/02\/6.jpg\" alt=\"\" class=\"wp-image-5634\" srcset=\"https:\/\/www.djurskyddet.se\/djurvannernastockholm\/wp-content\/uploads\/sites\/47\/2021\/02\/6.jpg 700w, https:\/\/www.djurskyddet.se\/djurvannernastockholm\/wp-content\/uploads\/sites\/47\/2021\/02\/6-300x225.jpg 300w, https:\/\/www.djurskyddet.se\/djurvannernastockholm\/wp-content\/uploads\/sites\/47\/2021\/02\/6-400x300.jpg 400w\" sizes=\"auto, (max-width: 700px) 100vw, 700px\" \/><\/a><figcaption class=\"wp-element-caption\">Deltagarna p\u00e5 \u00e5rsm\u00f6tet 25 maj 2013 p\u00e5 Naturhistoriska Riksmuseet.<\/figcaption><\/figure>\n<\/figure>\n\n\n\n<p><strong>\u00c5rsm\u00f6tet 25 maj 2013<\/strong><\/p>\n\n\n\n<p>M\u00f6tet avh\u00f6lls p\u00e5 Naturhistoriska Riksmuseet.Tv\u00e5 av styrelsens medlemmar avgick och en ny medlem invaldes. Styrelsens nuvarande sammans\u00e4ttning finns under fliken &#8221;Styrelsen&#8221;.<\/p>\n\n\n\n<p>Efter \u00e5rsm\u00f6tet kunde medlemmarna vandra runt p\u00e5 museets fina utst\u00e4llningar.<\/p>\n\n\n\n<figure class=\"wp-block-image\"><img loading=\"lazy\" decoding=\"async\" width=\"700\" height=\"525\" src=\"https:\/\/www.djurskyddet.se\/djurvannernastockholm\/wp-content\/uploads\/sites\/47\/2021\/02\/7.jpg\" alt=\"\" class=\"wp-image-5635\" srcset=\"https:\/\/www.djurskyddet.se\/djurvannernastockholm\/wp-content\/uploads\/sites\/47\/2021\/02\/7.jpg 700w, https:\/\/www.djurskyddet.se\/djurvannernastockholm\/wp-content\/uploads\/sites\/47\/2021\/02\/7-300x225.jpg 300w, https:\/\/www.djurskyddet.se\/djurvannernastockholm\/wp-content\/uploads\/sites\/47\/2021\/02\/7-400x300.jpg 400w\" sizes=\"auto, (max-width: 700px) 100vw, 700px\" \/><figcaption class=\"wp-element-caption\"> Deltagarna p\u00e5 \u00e5rsm\u00f6tet 25 maj 2013 p\u00e5 Naturhistoriska Riksmuseet. <\/figcaption><\/figure>\n\n\n\n<p><strong>\u00c5rsm\u00f6tet 2 juni 2012<\/strong><\/p>\n\n\n\n<p>M\u00f6tet avh\u00f6lls p\u00e5 Skansen p\u00e5 \u00e5rets sannolikt regnigaste dag, regnet \u00f6ste ner.&nbsp;Vi hade planerat en rundvandring&nbsp;f\u00f6re m\u00f6tet med Lars-Erik Larsson, zoolog p\u00e5 Skansen. Nu b\u00f6rjade vi inomhus med&nbsp;ett f\u00f6redrag av Lars-Erik&nbsp;om Skansens och djurparkernas historia, mycket intressant. Sedan gjorde vi \u00e4nd\u00e5 en kort vandring till en del av djuren. S\u00e4rskilt fascinerade blev vi av lappugglornas h\u00e4gn. En av ugglorna kollade in oss p\u00e5 bara 1 meters avst\u00e5nd.<\/p>\n\n\n\n<p>\u00c5rsm\u00f6tesf\u00f6rhandlingarna avh\u00f6lls i Skogens Hus. Tre av styrelsens m\u00e5ng\u00e5riga medlemmar avgick och tv\u00e5 nya invaldes. Styrelsens nuvarande sammans\u00e4ttning finns under &#8221;Styrelsen&#8221;.<\/p>\n\n\n\n<p>Det finns 3 bilder fr\u00e5n denna dag p\u00e5 Skansen under &#8221;Bildarkiv&#8221;.<\/p>\n","protected":false},"excerpt":{"rendered":"<p>Under denna rubrik kommer hittar du korta referat fr\u00e5n f\u00f6reningens \u00e5rsm\u00f6ten. V\u00e5ra medlemmar som l\u00e4mnat e-postadress f\u00e5r \u00e5rsm\u00f6tesprotokollen&nbsp;med mejl. \u00c5rsm\u00f6tet 10 maj 2025 F\u00f6reningens 143 \u00e5rsm\u00f6te h\u00f6lls p\u00e5 Kattstallet Troxhammar p\u00e5 F\u00e4rings\u00f6. Inf\u00f6r \u00e5rsm\u00f6tet hade f\u00f6reningen bjudit in till en guidad visning av Kattstallet. N\u00e4rvarande medlemmar fick en utt\u00f6mmande historieber\u00e4ttelse om hur och n\u00e4r Kattstallet bildades av dess ordf\u00f6rande Lotta Hell. Vi blev visade f\u00f6reningens superfina lokaler (som n\u00e4rvarande medlemmar&hellip;<\/p>\n<p><a class=\"more-link\" href=\"https:\/\/www.djurskyddet.se\/djurvannernastockholm\/arsmoten\/\" title=\"Continue reading &lsquo;\u00c5rsm\u00f6ten&rsquo;\">L&auml;s mer<span class=\"meta-nav\">&raquo;<\/span><\/a><\/p>\n","protected":false},"author":3,"featured_media":0,"parent":0,"menu_order":0,"comment_status":"closed","ping_status":"closed","template":"left-sidebar.php","meta":{"_acf_changed":false,"footnotes":""},"class_list":["post-5591","page","type-page","status-publish","hentry"],"acf":[],"_links":{"self":[{"href":"https:\/\/www.djurskyddet.se\/djurvannernastockholm\/wp-json\/wp\/v2\/pages\/5591","targetHints":{"allow":["GET"]}}],"collection":[{"href":"https:\/\/www.djurskyddet.se\/djurvannernastockholm\/wp-json\/wp\/v2\/pages"}],"about":[{"href":"https:\/\/www.djurskyddet.se\/djurvannernastockholm\/wp-json\/wp\/v2\/types\/page"}],"author":[{"embeddable":true,"href":"https:\/\/www.djurskyddet.se\/djurvannernastockholm\/wp-json\/wp\/v2\/users\/3"}],"replies":[{"embeddable":true,"href":"https:\/\/www.djurskyddet.se\/djurvannernastockholm\/wp-json\/wp\/v2\/comments?post=5591"}],"version-history":[{"count":15,"href":"https:\/\/www.djurskyddet.se\/djurvannernastockholm\/wp-json\/wp\/v2\/pages\/5591\/revisions"}],"predecessor-version":[{"id":5810,"href":"https:\/\/www.djurskyddet.se\/djurvannernastockholm\/wp-json\/wp\/v2\/pages\/5591\/revisions\/5810"}],"wp:attachment":[{"href":"https:\/\/www.djurskyddet.se\/djurvannernastockholm\/wp-json\/wp\/v2\/media?parent=5591"}],"curies":[{"name":"wp","href":"https:\/\/api.w.org\/{rel}","templated":true}]}}