{"id":5597,"date":"2021-01-08T11:51:46","date_gmt":"2021-01-08T11:51:46","guid":{"rendered":"https:\/\/www.djurskyddet.se\/djurvannernastockholm\/?page_id=5597"},"modified":"2026-04-29T14:28:48","modified_gmt":"2026-04-29T14:28:48","slug":"stipendium","status":"publish","type":"page","link":"https:\/\/www.djurskyddet.se\/djurvannernastockholm\/stipendium\/","title":{"rendered":"Stipendium"},"content":{"rendered":"\n<p> Vid f\u00f6reningens 100-\u00e5rsjubileum 1982 instiftades ett stipendium att utdelas till \u201dperson eller personer som genom forskning eller annan insats fr\u00e4mjar djurs v\u00e4lf\u00e4rd\u201d. I statuterna st\u00e5r ocks\u00e5 att s\u00f6kande, vars arbete fr\u00e4mjar djurs v\u00e4lf\u00e4rd i Stor-Stockholmsomr\u00e5det, ska ha f\u00f6retr\u00e4de framf\u00f6r annan s\u00f6kande. &nbsp;&nbsp;F\u00f6reningens styrelse utser stipendiat.&nbsp;Stipendiet, eller stipendierna om flera personer utses, ska utg\u00e5 med det belopp som styrelsen beslutar med h\u00e4nsyn till f\u00f6reningens ekonomiska st\u00e4llning. De senaste \u00e5ren har stipendiets storlek varit&nbsp;25 000 \u2013 35 000&nbsp;kr. Fr\u00e5n och med 2022 har det fattats beslut om att h\u00f6ja stipendiet till 50 000kr f\u00f6r att ytterligare bidra till djurs v\u00e4lf\u00e4rd.&nbsp;Stipendiet annonseras varje \u00e5r, vanligen i december, i tidningen Djurskyddet, Svensk Veterin\u00e4rtidning samt p\u00e5 Sveriges Lantbruksuniversitet (SLU) i Uppsala och Skara.&nbsp;Under de senaste \u00e5ren har f\u00f6ljande ans\u00f6kningar bel\u00f6nats:<\/p>\n\n\n\n<ul class=\"wp-block-list\">\n<li>Forskning om kronisk sm\u00e4rta hos h\u00e4st<\/li>\n\n\n\n<li>Projekt med halmh\u00e4ckar till grisar f\u00f6r att \u00f6ka deras syssels\u00e4ttning och minska risken f\u00f6r svansbitning<\/li>\n\n\n\n<li>Sm\u00e4rtlindring efter kejsarsnitt av tik<\/li>\n\n\n\n<li>Projekt f\u00f6r att f\u00f6rb\u00e4ttra den ekologiska grish\u00e5llningen<\/li>\n\n\n\n<li>F\u00f6rfattande av broschyr om grupph\u00e5llning av katter, baserat p\u00e5 egen forskning&nbsp;<\/li>\n\n\n\n<li>Upplysningsverksamhet om djurskydd i TV och tidningar<\/li>\n\n\n\n<li>Bed\u00f6vning vid kastration av sm\u00e5grisar<\/li>\n\n\n\n<li>Alternativ till antibiotika f\u00f6r behandling av kl\u00e5da och hudproblem hos hundar<\/li>\n\n\n\n<li>Orsaker till kronisk \u00f6goninflammation hos katter<\/li>\n\n\n\n<li>Milj\u00f6 i slakteristallar<\/li>\n\n\n\n<li>Unders\u00f6kning av vaccinassocierade tum\u00f6rer hos katter<\/li>\n\n\n\n<li>\u00c5tg\u00e4rder f\u00f6r att minska sl\u00e5tterd\u00f6d av r\u00e5djurskid<\/li>\n<\/ul>\n\n\n\n<p>&nbsp;Styrelsen kan med stor gl\u00e4dje konstatera att m\u00e5nga stipendie-ans\u00f6kningar genom \u00e5ren haft en h\u00f6g kvalitet i s\u00e5v\u00e4l inneh\u00e5ll som m\u00e5l och d\u00e4rmed v\u00e4l uppfyllt stipendiets syfte att fr\u00e4mja djurs v\u00e4lf\u00e4rd. <\/p>\n\n\n\n<p><strong>Ans\u00f6k innan 31 januari 2027!<\/strong><\/p>\n\n\n\n<figure class=\"wp-block-image size-full\"><a href=\"https:\/\/www.djurskyddet.se\/djurvannernastockholm\/wp-content\/uploads\/sites\/47\/2026\/04\/djurvannerna-stipendium-2026.pdf\"><img loading=\"lazy\" decoding=\"async\" width=\"724\" height=\"1024\" src=\"https:\/\/www.djurskyddet.se\/djurvannernastockholm\/wp-content\/uploads\/sites\/47\/2026\/04\/djurvannerna-stipendium-2026-1.jpg\" alt=\"S\u00f6k stipendium. Klicka p\u00e5 bilden f\u00f6r att l\u00e4sa som PDF. \" class=\"wp-image-5819\" srcset=\"https:\/\/www.djurskyddet.se\/djurvannernastockholm\/wp-content\/uploads\/sites\/47\/2026\/04\/djurvannerna-stipendium-2026-1.jpg 724w, https:\/\/www.djurskyddet.se\/djurvannernastockholm\/wp-content\/uploads\/sites\/47\/2026\/04\/djurvannerna-stipendium-2026-1-212x300.jpg 212w, https:\/\/www.djurskyddet.se\/djurvannernastockholm\/wp-content\/uploads\/sites\/47\/2026\/04\/djurvannerna-stipendium-2026-1-400x566.jpg 400w\" sizes=\"auto, (max-width: 724px) 100vw, 724px\" \/><\/a><\/figure>\n","protected":false},"excerpt":{"rendered":"<p>Vid f\u00f6reningens 100-\u00e5rsjubileum 1982 instiftades ett stipendium att utdelas till \u201dperson eller personer som genom forskning eller annan insats fr\u00e4mjar djurs v\u00e4lf\u00e4rd\u201d. I statuterna st\u00e5r ocks\u00e5 att s\u00f6kande, vars arbete fr\u00e4mjar djurs v\u00e4lf\u00e4rd i Stor-Stockholmsomr\u00e5det, ska ha f\u00f6retr\u00e4de framf\u00f6r annan s\u00f6kande. &nbsp;&nbsp;F\u00f6reningens styrelse utser stipendiat.&nbsp;Stipendiet, eller stipendierna om flera personer utses, ska utg\u00e5 med det belopp som styrelsen beslutar med h\u00e4nsyn till f\u00f6reningens ekonomiska st\u00e4llning. De senaste \u00e5ren har stipendiets&hellip;<\/p>\n<p><a class=\"more-link\" href=\"https:\/\/www.djurskyddet.se\/djurvannernastockholm\/stipendium\/\" title=\"Continue reading &lsquo;Stipendium&rsquo;\">L&auml;s mer<span class=\"meta-nav\">&raquo;<\/span><\/a><\/p>\n","protected":false},"author":3,"featured_media":0,"parent":0,"menu_order":0,"comment_status":"closed","ping_status":"closed","template":"left-sidebar.php","meta":{"_acf_changed":false,"footnotes":""},"class_list":["post-5597","page","type-page","status-publish","hentry"],"acf":[],"_links":{"self":[{"href":"https:\/\/www.djurskyddet.se\/djurvannernastockholm\/wp-json\/wp\/v2\/pages\/5597","targetHints":{"allow":["GET"]}}],"collection":[{"href":"https:\/\/www.djurskyddet.se\/djurvannernastockholm\/wp-json\/wp\/v2\/pages"}],"about":[{"href":"https:\/\/www.djurskyddet.se\/djurvannernastockholm\/wp-json\/wp\/v2\/types\/page"}],"author":[{"embeddable":true,"href":"https:\/\/www.djurskyddet.se\/djurvannernastockholm\/wp-json\/wp\/v2\/users\/3"}],"replies":[{"embeddable":true,"href":"https:\/\/www.djurskyddet.se\/djurvannernastockholm\/wp-json\/wp\/v2\/comments?post=5597"}],"version-history":[{"count":20,"href":"https:\/\/www.djurskyddet.se\/djurvannernastockholm\/wp-json\/wp\/v2\/pages\/5597\/revisions"}],"predecessor-version":[{"id":5825,"href":"https:\/\/www.djurskyddet.se\/djurvannernastockholm\/wp-json\/wp\/v2\/pages\/5597\/revisions\/5825"}],"wp:attachment":[{"href":"https:\/\/www.djurskyddet.se\/djurvannernastockholm\/wp-json\/wp\/v2\/media?parent=5597"}],"curies":[{"name":"wp","href":"https:\/\/api.w.org\/{rel}","templated":true}]}}