{"id":5629,"date":"2021-02-09T15:03:37","date_gmt":"2021-02-09T15:03:37","guid":{"rendered":"https:\/\/www.djurskyddet.se\/djurvannernastockholm\/?page_id=5629"},"modified":"2025-03-25T12:27:18","modified_gmt":"2025-03-25T12:27:18","slug":"lankar","status":"publish","type":"page","link":"https:\/\/www.djurskyddet.se\/djurvannernastockholm\/lankar\/","title":{"rendered":"L\u00e4nkar"},"content":{"rendered":"\n<p><a href=\"http:\/\/www.djurskyddet.se\/\" target=\"_blank\" rel=\"noreferrer noopener\">01. Djurskyddet Sverige<\/a><br>Riksf\u00f6rbundet Djurskyddet Sverige<\/p>\n\n\n\n<p><a href=\"http:\/\/www.rede.se\/\" target=\"_blank\" rel=\"noreferrer noopener\">02. REDE<\/a><br>Respekt-Empati-Djur-Etik. Ett v\u00e4rdegrundsmaterial f\u00f6r de yngre barnen.<\/p>\n\n\n\n<p><a href=\"http:\/\/www.sjv.se\/\" target=\"_blank\" rel=\"noreferrer noopener\">03. Jordbruksverket<\/a><br>Jordbruksverket \u00e4r Sveriges h\u00f6gsta myndighet f\u00f6r djurskydd. H\u00e4r hittar du alla lagar och f\u00f6rordningar om djurskydd<\/p>\n\n\n\n<p><a href=\"http:\/\/www.lansstyrelsen.se\/stockholm\/Sv\/djur-och-natur\/djurskydd\/Pages\/default.aspx\" target=\"_blank\" rel=\"noreferrer noopener\">04. L\u00e4nsstyrelsen Stockholms l\u00e4n<\/a><br>L\u00e4nsstyrelserna har sedan 2011 ansvaret f\u00f6r djurskydd. Om du misst\u00e4nker vanv\u00e5rd av djur ska du v\u00e4nda dig hit<\/p>\n\n\n\n<p><a href=\"http:\/\/www.hundstallet.se\/\" target=\"_blank\" rel=\"noreferrer noopener\">05. Hundstallet, \u00c5keshov<\/a><br>Omh\u00e4ndertar och omplacerar hundar<\/p>\n\n\n\n<p><a href=\"http:\/\/www.katthemmet.nu\/\" target=\"_blank\" rel=\"noreferrer noopener\">06. Stockholms katthem, Nacka<\/a><br>Omh\u00e4ndertar och omplacerar katter<\/p>\n\n\n\n<p><a href=\"http:\/\/www.kattstallet.se\/\" target=\"_blank\" rel=\"noreferrer noopener\">07. Kattstallet, Troxhammar<\/a><br>Omh\u00e4ndertar och omplacerar katter<\/p>\n\n\n\n<p><a href=\"http:\/\/www.kattvarnet.nu\/\" target=\"_blank\" rel=\"noreferrer noopener\">08. Kattv\u00e4rnet, Haninge<\/a><br>Omh\u00e4ndertar och omplacerar katter. Ansluten till Djurskyddet Sverige<\/p>\n\n\n\n<p><a href=\"http:\/\/www.katthem.nu\/\" target=\"_blank\" rel=\"noreferrer noopener\">09. Katthemmet Vaxholm<\/a><br>Omh\u00e4ndertar och omplacerar katter<\/p>\n\n\n\n<p><a href=\"http:\/\/www.vallentunakattcenter.se\/\" target=\"_blank\" rel=\"noreferrer noopener\">10. Vallentuna kattcenter (Solgl\u00e4ntan)<\/a><br>Omh\u00e4ndertar och omplacerar katter<\/p>\n\n\n\n<p><a href=\"http:\/\/www.djurid.se\/\" target=\"_blank\" rel=\"noreferrer noopener\">11. DjurID<\/a><br>SKKs register \u00f6ver ID-m\u00e4rkta hundar och katter<\/p>\n\n\n\n<p><a href=\"http:\/\/www.vilse.nu\/\" target=\"_blank\" rel=\"noreferrer noopener\">12. Vilse<\/a><br>Webbsida om saknade och upphittade katter<\/p>\n\n\n\n<p><a href=\"http:\/\/www.lillavilthuset.se\/\" target=\"_blank\" rel=\"noreferrer noopener\">13. Lilla Vilthuset<\/a><br>Viltrehabilitering, Norrt\u00e4lje<\/p>\n\n\n\n<p><a href=\"http:\/\/www.svr.nu\/\" target=\"_blank\" rel=\"noreferrer noopener\">14. Stockholm Vildf\u00e5gel Rehab<\/a><br>F\u00e5gelrehabilitering, \u00c5kersberga<\/p>\n\n\n\n<p><a href=\"http:\/\/www.viltrehab.se\/\" target=\"_blank\" rel=\"noreferrer noopener\">15. Catarina Kr\u00e5ng<\/a><br>Viltrehabilitering, bl.a. fladderm\u00f6ss, Ingar\u00f6<\/p>\n\n\n\n<p><a href=\"http:\/\/www.kfv-riks.se\/\" target=\"_blank\" rel=\"noreferrer noopener\">16. KFV (Katastrofhj\u00e4lp f\u00f6r f\u00e5glar och vilt)<\/a><br>H\u00e4r finns en lista \u00f6ver viltrehabiliterare i hela landet\n\n<\/p>\n\n\n\n<p><a href=\"https:\/\/svenskablastjarnan.se\/\">17. Svenska Bl\u00e5 Stj\u00e4rnan<\/a><br>H\u00e4r finns checklistor f\u00f6r olika djurslag vid kris eller annan ov\u00e4ntad h\u00e4ndelse<\/p>\n","protected":false},"excerpt":{"rendered":"<p>01. Djurskyddet SverigeRiksf\u00f6rbundet Djurskyddet Sverige 02. REDERespekt-Empati-Djur-Etik. Ett v\u00e4rdegrundsmaterial f\u00f6r de yngre barnen. 03. JordbruksverketJordbruksverket \u00e4r Sveriges h\u00f6gsta myndighet f\u00f6r djurskydd. H\u00e4r hittar du alla lagar och f\u00f6rordningar om djurskydd 04. L\u00e4nsstyrelsen Stockholms l\u00e4nL\u00e4nsstyrelserna har sedan 2011 ansvaret f\u00f6r djurskydd. Om du misst\u00e4nker vanv\u00e5rd av djur ska du v\u00e4nda dig hit 05. Hundstallet, \u00c5keshovOmh\u00e4ndertar och omplacerar hundar 06. Stockholms katthem, NackaOmh\u00e4ndertar och omplacerar katter 07. Kattstallet, TroxhammarOmh\u00e4ndertar och omplacerar katter&hellip;<\/p>\n<p><a class=\"more-link\" href=\"https:\/\/www.djurskyddet.se\/djurvannernastockholm\/lankar\/\" title=\"Continue reading &lsquo;L\u00e4nkar&rsquo;\">L&auml;s mer<span class=\"meta-nav\">&raquo;<\/span><\/a><\/p>\n","protected":false},"author":37,"featured_media":0,"parent":0,"menu_order":0,"comment_status":"closed","ping_status":"closed","template":"left-sidebar.php","meta":{"_acf_changed":false,"footnotes":""},"class_list":["post-5629","page","type-page","status-publish","hentry"],"acf":[],"_links":{"self":[{"href":"https:\/\/www.djurskyddet.se\/djurvannernastockholm\/wp-json\/wp\/v2\/pages\/5629","targetHints":{"allow":["GET"]}}],"collection":[{"href":"https:\/\/www.djurskyddet.se\/djurvannernastockholm\/wp-json\/wp\/v2\/pages"}],"about":[{"href":"https:\/\/www.djurskyddet.se\/djurvannernastockholm\/wp-json\/wp\/v2\/types\/page"}],"author":[{"embeddable":true,"href":"https:\/\/www.djurskyddet.se\/djurvannernastockholm\/wp-json\/wp\/v2\/users\/37"}],"replies":[{"embeddable":true,"href":"https:\/\/www.djurskyddet.se\/djurvannernastockholm\/wp-json\/wp\/v2\/comments?post=5629"}],"version-history":[{"count":2,"href":"https:\/\/www.djurskyddet.se\/djurvannernastockholm\/wp-json\/wp\/v2\/pages\/5629\/revisions"}],"predecessor-version":[{"id":5799,"href":"https:\/\/www.djurskyddet.se\/djurvannernastockholm\/wp-json\/wp\/v2\/pages\/5629\/revisions\/5799"}],"wp:attachment":[{"href":"https:\/\/www.djurskyddet.se\/djurvannernastockholm\/wp-json\/wp\/v2\/media?parent=5629"}],"curies":[{"name":"wp","href":"https:\/\/api.w.org\/{rel}","templated":true}]}}