{"id":5648,"date":"2021-02-09T15:12:12","date_gmt":"2021-02-09T15:12:12","guid":{"rendered":"https:\/\/www.djurskyddet.se\/djurvannernastockholm\/?page_id=5648"},"modified":"2021-10-12T07:10:52","modified_gmt":"2021-10-12T07:10:52","slug":"bildarkiv","status":"publish","type":"page","link":"https:\/\/www.djurskyddet.se\/djurvannernastockholm\/bildarkiv\/","title":{"rendered":"Bildarkiv"},"content":{"rendered":"\n<figure class=\"wp-block-gallery columns-3 is-cropped wp-block-gallery-1 is-layout-flex wp-block-gallery-is-layout-flex\"><ul class=\"blocks-gallery-grid\"><li class=\"blocks-gallery-item\"><figure><img loading=\"lazy\" decoding=\"async\" width=\"692\" height=\"525\" src=\"https:\/\/www.djurskyddet.se\/djurvannernastockholm\/wp-content\/uploads\/sites\/47\/2021\/02\/3.jpg\" alt=\"\" data-id=\"5639\" data-full-url=\"https:\/\/www.djurskyddet.se\/djurvannernastockholm\/wp-content\/uploads\/sites\/47\/2021\/02\/3.jpg\" data-link=\"https:\/\/www.djurskyddet.se\/djurvannernastockholm\/3\/\" class=\"wp-image-5639\" srcset=\"https:\/\/www.djurskyddet.se\/djurvannernastockholm\/wp-content\/uploads\/sites\/47\/2021\/02\/3.jpg 692w, https:\/\/www.djurskyddet.se\/djurvannernastockholm\/wp-content\/uploads\/sites\/47\/2021\/02\/3-300x228.jpg 300w, https:\/\/www.djurskyddet.se\/djurvannernastockholm\/wp-content\/uploads\/sites\/47\/2021\/02\/3-400x303.jpg 400w\" sizes=\"auto, (max-width: 692px) 100vw, 692px\" \/><figcaption class=\"blocks-gallery-item__caption\">\u00c5rsm\u00f6te 29 maj 2016. Hovstallet i Stockholm.<\/figcaption><\/figure><\/li><li class=\"blocks-gallery-item\"><figure><img loading=\"lazy\" decoding=\"async\" width=\"482\" height=\"700\" src=\"https:\/\/www.djurskyddet.se\/djurvannernastockholm\/wp-content\/uploads\/sites\/47\/2021\/02\/2.jpg\" alt=\"\" data-id=\"5638\" data-full-url=\"https:\/\/www.djurskyddet.se\/djurvannernastockholm\/wp-content\/uploads\/sites\/47\/2021\/02\/2.jpg\" data-link=\"https:\/\/www.djurskyddet.se\/djurvannernastockholm\/2\/\" class=\"wp-image-5638\" srcset=\"https:\/\/www.djurskyddet.se\/djurvannernastockholm\/wp-content\/uploads\/sites\/47\/2021\/02\/2.jpg 482w, https:\/\/www.djurskyddet.se\/djurvannernastockholm\/wp-content\/uploads\/sites\/47\/2021\/02\/2-207x300.jpg 207w, https:\/\/www.djurskyddet.se\/djurvannernastockholm\/wp-content\/uploads\/sites\/47\/2021\/02\/2-400x581.jpg 400w\" sizes=\"auto, (max-width: 482px) 100vw, 482px\" \/><figcaption class=\"blocks-gallery-item__caption\">Tv\u00e5 av Hovstallets inv\u00e5nare. \u00c5rsm\u00f6tet 2016.<\/figcaption><\/figure><\/li><li class=\"blocks-gallery-item\"><figure><img loading=\"lazy\" decoding=\"async\" width=\"700\" height=\"525\" src=\"https:\/\/www.djurskyddet.se\/djurvannernastockholm\/wp-content\/uploads\/sites\/47\/2021\/02\/1.jpg\" alt=\"\" data-id=\"5637\" data-full-url=\"https:\/\/www.djurskyddet.se\/djurvannernastockholm\/wp-content\/uploads\/sites\/47\/2021\/02\/1.jpg\" data-link=\"https:\/\/www.djurskyddet.se\/djurvannernastockholm\/arsmoten\/attachment\/1\/\" class=\"wp-image-5637\" srcset=\"https:\/\/www.djurskyddet.se\/djurvannernastockholm\/wp-content\/uploads\/sites\/47\/2021\/02\/1.jpg 700w, https:\/\/www.djurskyddet.se\/djurvannernastockholm\/wp-content\/uploads\/sites\/47\/2021\/02\/1-300x225.jpg 300w, https:\/\/www.djurskyddet.se\/djurvannernastockholm\/wp-content\/uploads\/sites\/47\/2021\/02\/1-400x300.jpg 400w\" sizes=\"auto, (max-width: 700px) 100vw, 700px\" \/><figcaption class=\"blocks-gallery-item__caption\">\u00c5rsm\u00f6tet 6 maj 2018. Samling vid Aquaria vattenmuseum<\/figcaption><\/figure><\/li><li class=\"blocks-gallery-item\"><figure><img loading=\"lazy\" decoding=\"async\" width=\"700\" height=\"525\" src=\"https:\/\/www.djurskyddet.se\/djurvannernastockholm\/wp-content\/uploads\/sites\/47\/2021\/02\/10.jpg\" alt=\"\" data-id=\"5644\" data-full-url=\"https:\/\/www.djurskyddet.se\/djurvannernastockholm\/wp-content\/uploads\/sites\/47\/2021\/02\/10.jpg\" data-link=\"https:\/\/www.djurskyddet.se\/djurvannernastockholm\/10\/\" class=\"wp-image-5644\" srcset=\"https:\/\/www.djurskyddet.se\/djurvannernastockholm\/wp-content\/uploads\/sites\/47\/2021\/02\/10.jpg 700w, https:\/\/www.djurskyddet.se\/djurvannernastockholm\/wp-content\/uploads\/sites\/47\/2021\/02\/10-300x225.jpg 300w, https:\/\/www.djurskyddet.se\/djurvannernastockholm\/wp-content\/uploads\/sites\/47\/2021\/02\/10-400x300.jpg 400w\" sizes=\"auto, (max-width: 700px) 100vw, 700px\" \/><figcaption class=\"blocks-gallery-item__caption\"> \u00c5rsm\u00f6tet 2 juni 2012 i Skogens Hus p\u00e5 Skansen. <\/figcaption><\/figure><\/li><li class=\"blocks-gallery-item\"><figure><img loading=\"lazy\" decoding=\"async\" width=\"700\" height=\"525\" src=\"https:\/\/www.djurskyddet.se\/djurvannernastockholm\/wp-content\/uploads\/sites\/47\/2021\/02\/6.jpg\" alt=\"\" data-id=\"5634\" data-full-url=\"https:\/\/www.djurskyddet.se\/djurvannernastockholm\/wp-content\/uploads\/sites\/47\/2021\/02\/6.jpg\" data-link=\"https:\/\/www.djurskyddet.se\/djurvannernastockholm\/6\/\" class=\"wp-image-5634\" srcset=\"https:\/\/www.djurskyddet.se\/djurvannernastockholm\/wp-content\/uploads\/sites\/47\/2021\/02\/6.jpg 700w, https:\/\/www.djurskyddet.se\/djurvannernastockholm\/wp-content\/uploads\/sites\/47\/2021\/02\/6-300x225.jpg 300w, https:\/\/www.djurskyddet.se\/djurvannernastockholm\/wp-content\/uploads\/sites\/47\/2021\/02\/6-400x300.jpg 400w\" sizes=\"auto, (max-width: 700px) 100vw, 700px\" \/><figcaption class=\"blocks-gallery-item__caption\"> \u00c5rsm\u00f6tet 24 maj 2014 p\u00e5 Fj\u00e4rilshuset, Haga. Owe Sandstr\u00f6m h\u00e4lsar oss v\u00e4lkomna. <\/figcaption><\/figure><\/li><li class=\"blocks-gallery-item\"><figure><img loading=\"lazy\" decoding=\"async\" width=\"525\" height=\"700\" src=\"https:\/\/www.djurskyddet.se\/djurvannernastockholm\/wp-content\/uploads\/sites\/47\/2021\/02\/5.jpg\" alt=\"\" data-id=\"5633\" data-full-url=\"https:\/\/www.djurskyddet.se\/djurvannernastockholm\/wp-content\/uploads\/sites\/47\/2021\/02\/5.jpg\" data-link=\"https:\/\/www.djurskyddet.se\/djurvannernastockholm\/5\/\" class=\"wp-image-5633\" srcset=\"https:\/\/www.djurskyddet.se\/djurvannernastockholm\/wp-content\/uploads\/sites\/47\/2021\/02\/5.jpg 525w, https:\/\/www.djurskyddet.se\/djurvannernastockholm\/wp-content\/uploads\/sites\/47\/2021\/02\/5-225x300.jpg 225w, https:\/\/www.djurskyddet.se\/djurvannernastockholm\/wp-content\/uploads\/sites\/47\/2021\/02\/5-400x533.jpg 400w\" sizes=\"auto, (max-width: 525px) 100vw, 525px\" \/><figcaption class=\"blocks-gallery-item__caption\">Owe Sandstr\u00f6m visar en leopardsk\u00f6ldpadda fr\u00e5n Centralafrika p\u00e5 Fj\u00e4rilshuset.<\/figcaption><\/figure><\/li><li class=\"blocks-gallery-item\"><figure><img loading=\"lazy\" decoding=\"async\" width=\"700\" height=\"525\" src=\"https:\/\/www.djurskyddet.se\/djurvannernastockholm\/wp-content\/uploads\/sites\/47\/2021\/02\/7.jpg\" alt=\"\" data-id=\"5635\" data-full-url=\"https:\/\/www.djurskyddet.se\/djurvannernastockholm\/wp-content\/uploads\/sites\/47\/2021\/02\/7.jpg\" data-link=\"https:\/\/www.djurskyddet.se\/djurvannernastockholm\/7\/\" class=\"wp-image-5635\" srcset=\"https:\/\/www.djurskyddet.se\/djurvannernastockholm\/wp-content\/uploads\/sites\/47\/2021\/02\/7.jpg 700w, https:\/\/www.djurskyddet.se\/djurvannernastockholm\/wp-content\/uploads\/sites\/47\/2021\/02\/7-300x225.jpg 300w, https:\/\/www.djurskyddet.se\/djurvannernastockholm\/wp-content\/uploads\/sites\/47\/2021\/02\/7-400x300.jpg 400w\" sizes=\"auto, (max-width: 700px) 100vw, 700px\" \/><figcaption class=\"blocks-gallery-item__caption\"> Deltagarna p\u00e5 \u00e5rsm\u00f6tet 25 maj 2013 p\u00e5 Naturhistoriska Riksmuseet. <\/figcaption><\/figure><\/li><li class=\"blocks-gallery-item\"><figure><img loading=\"lazy\" decoding=\"async\" width=\"700\" height=\"525\" src=\"https:\/\/www.djurskyddet.se\/djurvannernastockholm\/wp-content\/uploads\/sites\/47\/2021\/02\/8.jpg\" alt=\"\" data-id=\"5636\" data-full-url=\"https:\/\/www.djurskyddet.se\/djurvannernastockholm\/wp-content\/uploads\/sites\/47\/2021\/02\/8.jpg\" data-link=\"https:\/\/www.djurskyddet.se\/djurvannernastockholm\/8\/\" class=\"wp-image-5636\" srcset=\"https:\/\/www.djurskyddet.se\/djurvannernastockholm\/wp-content\/uploads\/sites\/47\/2021\/02\/8.jpg 700w, https:\/\/www.djurskyddet.se\/djurvannernastockholm\/wp-content\/uploads\/sites\/47\/2021\/02\/8-300x225.jpg 300w, https:\/\/www.djurskyddet.se\/djurvannernastockholm\/wp-content\/uploads\/sites\/47\/2021\/02\/8-400x300.jpg 400w\" sizes=\"auto, (max-width: 700px) 100vw, 700px\" \/><figcaption class=\"blocks-gallery-item__caption\"> \u00c5rsm\u00f6tet 2012 p\u00e5 Skansen. \u00c5rets regnigaste dag. <\/figcaption><\/figure><\/li><li class=\"blocks-gallery-item\"><figure><img loading=\"lazy\" decoding=\"async\" width=\"515\" height=\"440\" src=\"https:\/\/www.djurskyddet.se\/djurvannernastockholm\/wp-content\/uploads\/sites\/47\/2021\/02\/4.jpg\" alt=\"\" data-id=\"5640\" data-full-url=\"https:\/\/www.djurskyddet.se\/djurvannernastockholm\/wp-content\/uploads\/sites\/47\/2021\/02\/4.jpg\" data-link=\"https:\/\/www.djurskyddet.se\/djurvannernastockholm\/4\/\" class=\"wp-image-5640\" srcset=\"https:\/\/www.djurskyddet.se\/djurvannernastockholm\/wp-content\/uploads\/sites\/47\/2021\/02\/4.jpg 515w, https:\/\/www.djurskyddet.se\/djurvannernastockholm\/wp-content\/uploads\/sites\/47\/2021\/02\/4-300x256.jpg 300w, https:\/\/www.djurskyddet.se\/djurvannernastockholm\/wp-content\/uploads\/sites\/47\/2021\/02\/4-400x342.jpg 400w\" sizes=\"auto, (max-width: 515px) 100vw, 515px\" \/><figcaption class=\"blocks-gallery-item__caption\">N\u00e5gra av deltagarna p\u00e5 \u00e5rsm\u00f6tet den 24 maj 2015 p\u00e5 Djursjukhuset Albano, Danderyd.<\/figcaption><\/figure><\/li><li class=\"blocks-gallery-item\"><figure><img loading=\"lazy\" decoding=\"async\" width=\"700\" height=\"525\" src=\"https:\/\/www.djurskyddet.se\/djurvannernastockholm\/wp-content\/uploads\/sites\/47\/2021\/02\/14.jpg\" alt=\"\" data-id=\"5642\" data-full-url=\"https:\/\/www.djurskyddet.se\/djurvannernastockholm\/wp-content\/uploads\/sites\/47\/2021\/02\/14.jpg\" data-link=\"https:\/\/www.djurskyddet.se\/djurvannernastockholm\/14\/\" class=\"wp-image-5642\" srcset=\"https:\/\/www.djurskyddet.se\/djurvannernastockholm\/wp-content\/uploads\/sites\/47\/2021\/02\/14.jpg 700w, https:\/\/www.djurskyddet.se\/djurvannernastockholm\/wp-content\/uploads\/sites\/47\/2021\/02\/14-300x225.jpg 300w, https:\/\/www.djurskyddet.se\/djurvannernastockholm\/wp-content\/uploads\/sites\/47\/2021\/02\/14-400x300.jpg 400w\" sizes=\"auto, (max-width: 700px) 100vw, 700px\" \/><figcaption class=\"blocks-gallery-item__caption\">F\u00f6reningens kompletta protokoll sedan 1882. F\u00f6rvaras p\u00e5 Stadsarkivet, Stockholm, d\u00e4r den som \u00e4r intresserad kan l\u00e4sa dem.<\/figcaption><\/figure><\/li><li class=\"blocks-gallery-item\"><figure><img loading=\"lazy\" decoding=\"async\" width=\"378\" height=\"700\" src=\"https:\/\/www.djurskyddet.se\/djurvannernastockholm\/wp-content\/uploads\/sites\/47\/2021\/02\/13.jpg\" alt=\"\" data-id=\"5641\" data-full-url=\"https:\/\/www.djurskyddet.se\/djurvannernastockholm\/wp-content\/uploads\/sites\/47\/2021\/02\/13.jpg\" data-link=\"https:\/\/www.djurskyddet.se\/djurvannernastockholm\/13\/\" class=\"wp-image-5641\" srcset=\"https:\/\/www.djurskyddet.se\/djurvannernastockholm\/wp-content\/uploads\/sites\/47\/2021\/02\/13.jpg 378w, https:\/\/www.djurskyddet.se\/djurvannernastockholm\/wp-content\/uploads\/sites\/47\/2021\/02\/13-162x300.jpg 162w\" sizes=\"auto, (max-width: 378px) 100vw, 378px\" \/><figcaption class=\"blocks-gallery-item__caption\"> F\u00f6rsta sidan i protokollet fr\u00e5n f\u00f6reningens bildande den 3 juni 1882. Protokollen t.o.m. 1956 har folioformat. De tidiga protokollen \u00e4r f\u00f6rst\u00e5s prydligt handskrivna. <\/figcaption><\/figure><\/li><li class=\"blocks-gallery-item\"><figure><img loading=\"lazy\" decoding=\"async\" width=\"390\" height=\"700\" src=\"https:\/\/www.djurskyddet.se\/djurvannernastockholm\/wp-content\/uploads\/sites\/47\/2021\/02\/12.jpg\" alt=\"\" data-id=\"5646\" data-full-url=\"https:\/\/www.djurskyddet.se\/djurvannernastockholm\/wp-content\/uploads\/sites\/47\/2021\/02\/12.jpg\" data-link=\"https:\/\/www.djurskyddet.se\/djurvannernastockholm\/12\/\" class=\"wp-image-5646\" srcset=\"https:\/\/www.djurskyddet.se\/djurvannernastockholm\/wp-content\/uploads\/sites\/47\/2021\/02\/12.jpg 390w, https:\/\/www.djurskyddet.se\/djurvannernastockholm\/wp-content\/uploads\/sites\/47\/2021\/02\/12-167x300.jpg 167w\" sizes=\"auto, (max-width: 390px) 100vw, 390px\" \/><figcaption class=\"blocks-gallery-item__caption\"> Sid. 2 i samma protokoll. <\/figcaption><\/figure><\/li><\/ul><\/figure>\n","protected":false},"excerpt":{"rendered":"","protected":false},"author":3,"featured_media":0,"parent":0,"menu_order":0,"comment_status":"closed","ping_status":"closed","template":"left-sidebar.php","meta":{"_acf_changed":false,"footnotes":""},"class_list":["post-5648","page","type-page","status-publish","hentry"],"acf":[],"_links":{"self":[{"href":"https:\/\/www.djurskyddet.se\/djurvannernastockholm\/wp-json\/wp\/v2\/pages\/5648","targetHints":{"allow":["GET"]}}],"collection":[{"href":"https:\/\/www.djurskyddet.se\/djurvannernastockholm\/wp-json\/wp\/v2\/pages"}],"about":[{"href":"https:\/\/www.djurskyddet.se\/djurvannernastockholm\/wp-json\/wp\/v2\/types\/page"}],"author":[{"embeddable":true,"href":"https:\/\/www.djurskyddet.se\/djurvannernastockholm\/wp-json\/wp\/v2\/users\/3"}],"replies":[{"embeddable":true,"href":"https:\/\/www.djurskyddet.se\/djurvannernastockholm\/wp-json\/wp\/v2\/comments?post=5648"}],"version-history":[{"count":13,"href":"https:\/\/www.djurskyddet.se\/djurvannernastockholm\/wp-json\/wp\/v2\/pages\/5648\/revisions"}],"predecessor-version":[{"id":5708,"href":"https:\/\/www.djurskyddet.se\/djurvannernastockholm\/wp-json\/wp\/v2\/pages\/5648\/revisions\/5708"}],"wp:attachment":[{"href":"https:\/\/www.djurskyddet.se\/djurvannernastockholm\/wp-json\/wp\/v2\/media?parent=5648"}],"curies":[{"name":"wp","href":"https:\/\/api.w.org\/{rel}","templated":true}]}}