{"id":5604,"date":"2022-12-01T12:38:17","date_gmt":"2022-12-01T12:38:17","guid":{"rendered":"https:\/\/www.djurskyddet.se\/doso\/?page_id=5604"},"modified":"2024-04-17T09:26:59","modified_gmt":"2024-04-17T09:26:59","slug":"styrelsen","status":"publish","type":"page","link":"https:\/\/www.djurskyddet.se\/doso\/styrelsen\/","title":{"rendered":"Styrelsen"},"content":{"rendered":"\n<p>Styrelsen<\/p>\n\n\n\n<p>Ordf\u00f6rande: Jane Andersen<\/p>\n\n\n\n<p>Sekreterare: Alice Tolvers<\/p>\n\n\n\n<p>Kass\u00f6r: Anneli Ahr\u00e9n<\/p>\n\n\n\n<p>Ledamot: Christina Segergren<\/p>\n\n\n\n<p>Ledamot: Astrid Lindqvist Mullo<\/p>\n\n\n\n<p>Ledamot: Harald Egmark<\/p>\n","protected":false},"excerpt":{"rendered":"<p>Styrelsen Ordf\u00f6rande: Jane Andersen Sekreterare: Alice Tolvers Kass\u00f6r: Anneli Ahr\u00e9n Ledamot: Christina Segergren Ledamot: Astrid Lindqvist Mullo Ledamot: Harald Egmark<\/p>\n","protected":false},"author":3,"featured_media":0,"parent":0,"menu_order":0,"comment_status":"closed","ping_status":"closed","template":"page-templates\/left-sidebar20200507.php","meta":{"_acf_changed":false,"footnotes":""},"class_list":["post-5604","page","type-page","status-publish","hentry"],"acf":[],"_links":{"self":[{"href":"https:\/\/www.djurskyddet.se\/doso\/wp-json\/wp\/v2\/pages\/5604","targetHints":{"allow":["GET"]}}],"collection":[{"href":"https:\/\/www.djurskyddet.se\/doso\/wp-json\/wp\/v2\/pages"}],"about":[{"href":"https:\/\/www.djurskyddet.se\/doso\/wp-json\/wp\/v2\/types\/page"}],"author":[{"embeddable":true,"href":"https:\/\/www.djurskyddet.se\/doso\/wp-json\/wp\/v2\/users\/3"}],"replies":[{"embeddable":true,"href":"https:\/\/www.djurskyddet.se\/doso\/wp-json\/wp\/v2\/comments?post=5604"}],"version-history":[{"count":4,"href":"https:\/\/www.djurskyddet.se\/doso\/wp-json\/wp\/v2\/pages\/5604\/revisions"}],"predecessor-version":[{"id":5667,"href":"https:\/\/www.djurskyddet.se\/doso\/wp-json\/wp\/v2\/pages\/5604\/revisions\/5667"}],"wp:attachment":[{"href":"https:\/\/www.djurskyddet.se\/doso\/wp-json\/wp\/v2\/media?parent=5604"}],"curies":[{"name":"wp","href":"https:\/\/api.w.org\/{rel}","templated":true}]}}