{"id":5608,"date":"2022-12-01T12:46:17","date_gmt":"2022-12-01T12:46:17","guid":{"rendered":"https:\/\/www.djurskyddet.se\/doso\/?page_id=5608"},"modified":"2024-04-17T09:19:34","modified_gmt":"2024-04-17T09:19:34","slug":"kontakta-oss","status":"publish","type":"page","link":"https:\/\/www.djurskyddet.se\/doso\/kontakta-oss\/","title":{"rendered":"Kontakta oss"},"content":{"rendered":"\n<p>Om ni vill komma i kontakt med oss p\u00e5 Djurskyddet DOSO skickar ni ett mail till adressen nedan<\/p>\n\n\n\n<p><strong>E-post:<\/strong> doso@djurskyddet.se<\/p>\n\n\n\n<p><\/p>\n\n\n\n<p><em>N\u00e4r bidrag betalas ut s\u00e5 \u00f6nskar vi att f\u00f6reningen omn\u00e4mns med ett tack och h\u00e4nvisning till DOSO\u00b4s hemsida i sociala medier.<\/em><\/p>\n","protected":false},"excerpt":{"rendered":"<p>Om ni vill komma i kontakt med oss p\u00e5 Djurskyddet DOSO skickar ni ett mail till adressen nedan E-post: doso@djurskyddet.se N\u00e4r bidrag betalas ut s\u00e5 \u00f6nskar vi att f\u00f6reningen omn\u00e4mns med ett tack och h\u00e4nvisning till DOSO\u00b4s hemsida i sociala medier.<\/p>\n","protected":false},"author":3,"featured_media":0,"parent":0,"menu_order":0,"comment_status":"closed","ping_status":"closed","template":"page-templates\/left-sidebar20200507.php","meta":{"_acf_changed":false,"footnotes":""},"class_list":["post-5608","page","type-page","status-publish","hentry"],"acf":[],"_links":{"self":[{"href":"https:\/\/www.djurskyddet.se\/doso\/wp-json\/wp\/v2\/pages\/5608","targetHints":{"allow":["GET"]}}],"collection":[{"href":"https:\/\/www.djurskyddet.se\/doso\/wp-json\/wp\/v2\/pages"}],"about":[{"href":"https:\/\/www.djurskyddet.se\/doso\/wp-json\/wp\/v2\/types\/page"}],"author":[{"embeddable":true,"href":"https:\/\/www.djurskyddet.se\/doso\/wp-json\/wp\/v2\/users\/3"}],"replies":[{"embeddable":true,"href":"https:\/\/www.djurskyddet.se\/doso\/wp-json\/wp\/v2\/comments?post=5608"}],"version-history":[{"count":4,"href":"https:\/\/www.djurskyddet.se\/doso\/wp-json\/wp\/v2\/pages\/5608\/revisions"}],"predecessor-version":[{"id":5666,"href":"https:\/\/www.djurskyddet.se\/doso\/wp-json\/wp\/v2\/pages\/5608\/revisions\/5666"}],"wp:attachment":[{"href":"https:\/\/www.djurskyddet.se\/doso\/wp-json\/wp\/v2\/media?parent=5608"}],"curies":[{"name":"wp","href":"https:\/\/api.w.org\/{rel}","templated":true}]}}