{"id":5610,"date":"2022-12-01T13:00:17","date_gmt":"2022-12-01T13:00:17","guid":{"rendered":"https:\/\/www.djurskyddet.se\/doso\/?page_id=5610"},"modified":"2025-10-01T11:12:11","modified_gmt":"2025-10-01T11:12:11","slug":"bli-medlem","status":"publish","type":"page","link":"https:\/\/www.djurskyddet.se\/doso\/bli-medlem\/","title":{"rendered":"Bli medlem"},"content":{"rendered":"\n<p>Medlemskap i Djurskyddet DOSO kostar <strong>200 kr per \u00e5r<\/strong>. Medlemskapet \u00e4r inte baserat p\u00e5 kalender\u00e5r, utan om du blir medlem i dag f\u00e5r du en f\u00f6rfr\u00e5gan om att f\u00f6rl\u00e4nga ditt medlemskap om 12 m\u00e5nader.<\/p>\n\n\n\n<p>Som medlem i Djurskyddet DOSO \u00e4r du ocks\u00e5 medlem i riksf\u00f6rbundet Djurskyddet Sverige och f\u00e5r Tidningen Djurskyddet fyra g\u00e5nger per \u00e5r, b\u00e5de i brevl\u00e5dan och i appen TD. Ladda ner den d\u00e4r appar finns! Dessutom kan du l\u00e4sa intressanta djurskyddsnyheter p\u00e5 <a href=\"https:\/\/tidningen.djurskyddet.se\/\"><strong>webbtidningen<\/strong> <\/a>och kan ta del av ett antal\u202ffina <strong><a href=\"https:\/\/www.djurskyddet.se\/stod-oss\/bli-medlem\/medlemsformaner\/\">medlemsf\u00f6rm\u00e5ner<\/a><\/strong>, s\u00e5som rabatt hos olika n\u00e4tbutiker.\u00a0<\/p>\n\n\n\n<p>Registrera dig som medlem p\u00e5\u202fDjurskyddet Sveriges hemsida. <strong>Se till att v\u00e4lja Djurskyddet DOSO <\/strong>som din lokalf\u00f6rening.\u00a0<\/p>\n\n\n\n<div class=\"wp-block-buttons is-layout-flex wp-block-buttons-is-layout-flex\">\n<div class=\"wp-block-button has-custom-font-size has-small-font-size\"><a class=\"wp-block-button__link has-white-color has-text-color has-background has-link-color wp-element-button\" href=\"https:\/\/donation.djurskyddet.se\/s\/medlem\" style=\"background-color:#00a64a\"><strong>Bli medlem h\u00e4r<\/strong><\/a><\/div>\n<\/div>\n\n\n\n<p><\/p>\n\n\n\n<p><strong>Tack f\u00f6r att du st\u00f6djer v\u00e5rt arbete f\u00f6r djuren!<\/strong><\/p>\n","protected":false},"excerpt":{"rendered":"<p>Medlemskap i Djurskyddet DOSO kostar 200 kr per \u00e5r. Medlemskapet \u00e4r inte baserat p\u00e5 kalender\u00e5r, utan om du blir medlem i dag f\u00e5r du en f\u00f6rfr\u00e5gan om att f\u00f6rl\u00e4nga ditt medlemskap om 12 m\u00e5nader. Som medlem i Djurskyddet DOSO \u00e4r du ocks\u00e5 medlem i riksf\u00f6rbundet Djurskyddet Sverige och f\u00e5r Tidningen Djurskyddet fyra g\u00e5nger per \u00e5r, b\u00e5de i brevl\u00e5dan och i appen TD. Ladda ner den d\u00e4r appar finns! Dessutom kan&hellip;<\/p>\n<p><a class=\"more-link\" href=\"https:\/\/www.djurskyddet.se\/doso\/bli-medlem\/\" title=\"Continue reading &lsquo;Bli medlem&rsquo;\">L&auml;s mer<span class=\"meta-nav\">&raquo;<\/span><\/a><\/p>\n","protected":false},"author":3,"featured_media":0,"parent":0,"menu_order":0,"comment_status":"closed","ping_status":"closed","template":"page-templates\/left-sidebar20200507.php","meta":{"_acf_changed":false,"footnotes":""},"class_list":["post-5610","page","type-page","status-publish","hentry"],"acf":[],"_links":{"self":[{"href":"https:\/\/www.djurskyddet.se\/doso\/wp-json\/wp\/v2\/pages\/5610","targetHints":{"allow":["GET"]}}],"collection":[{"href":"https:\/\/www.djurskyddet.se\/doso\/wp-json\/wp\/v2\/pages"}],"about":[{"href":"https:\/\/www.djurskyddet.se\/doso\/wp-json\/wp\/v2\/types\/page"}],"author":[{"embeddable":true,"href":"https:\/\/www.djurskyddet.se\/doso\/wp-json\/wp\/v2\/users\/3"}],"replies":[{"embeddable":true,"href":"https:\/\/www.djurskyddet.se\/doso\/wp-json\/wp\/v2\/comments?post=5610"}],"version-history":[{"count":10,"href":"https:\/\/www.djurskyddet.se\/doso\/wp-json\/wp\/v2\/pages\/5610\/revisions"}],"predecessor-version":[{"id":5683,"href":"https:\/\/www.djurskyddet.se\/doso\/wp-json\/wp\/v2\/pages\/5610\/revisions\/5683"}],"wp:attachment":[{"href":"https:\/\/www.djurskyddet.se\/doso\/wp-json\/wp\/v2\/media?parent=5610"}],"curies":[{"name":"wp","href":"https:\/\/api.w.org\/{rel}","templated":true}]}}