{"id":10940,"date":"2023-12-23T10:51:11","date_gmt":"2023-12-23T10:51:11","guid":{"rendered":"https:\/\/www.djurskyddet.se\/flyingebygden\/?page_id=10940"},"modified":"2026-01-12T10:22:22","modified_gmt":"2026-01-12T10:22:22","slug":"arskalender-2026","status":"publish","type":"page","link":"https:\/\/www.djurskyddet.se\/flyingebygden\/arskalender-2026\/","title":{"rendered":"\u00c5rskalender 2026"},"content":{"rendered":"<div class=\"wp-block-image\">\n<figure class=\"alignright size-full is-resized\"><img loading=\"lazy\" decoding=\"async\" width=\"1024\" height=\"658\" src=\"https:\/\/www.djurskyddet.se\/flyingebygden\/wp-content\/uploads\/sites\/53\/2025\/11\/1000057065-1.jpg\" alt=\"\" class=\"wp-image-12380\" style=\"width:377px;height:auto\" srcset=\"https:\/\/www.djurskyddet.se\/flyingebygden\/wp-content\/uploads\/sites\/53\/2025\/11\/1000057065-1.jpg 1024w, https:\/\/www.djurskyddet.se\/flyingebygden\/wp-content\/uploads\/sites\/53\/2025\/11\/1000057065-1-300x193.jpg 300w, https:\/\/www.djurskyddet.se\/flyingebygden\/wp-content\/uploads\/sites\/53\/2025\/11\/1000057065-1-768x494.jpg 768w, https:\/\/www.djurskyddet.se\/flyingebygden\/wp-content\/uploads\/sites\/53\/2025\/11\/1000057065-1-400x257.jpg 400w\" sizes=\"auto, (max-width: 1024px) 100vw, 1024px\" \/><\/figure><\/div>\n\n\n<p><strong>\ud83d\udc3e V\u00e5r nya kalender \u00e4r h\u00e4r! \ud83d\udc3e<\/strong><\/p>\n\n\n\n<p>Vi har precis f\u00e5tt hem \u00e5rets kalender \u2013 f\u00e4rsk fr\u00e5n tryckeriet!<br>I \u00e5r har vi valt en ny storlek och layout, och vi hoppas verkligen att ni kommer tycka lika mycket om den som vi g\u00f6r.<\/p>\n\n\n\n<p>Som alltid \u00e4r det v\u00e5ra egna r\u00e4ddade katter som st\u00e5r i centrum. Kalendern inneh\u00e5ller 12 underbara katter som under det g\u00e5ngna \u00e5ret f\u00e5tt en andra chans och hittat nya, k\u00e4rleksfulla hem. Varje m\u00e5nad b\u00e4r p\u00e5 sin egen lilla solskenshistoria.<\/p>\n\n\n\n<p>Kalendern kostar, precis som f\u00f6rra \u00e5ret, <strong>145 kr<\/strong>.<br>Den g\u00e5r att <strong>best\u00e4lla hem f\u00f6r 61 kr i frakt<\/strong> (p\u00e5 grund av vikten \u00f6ver 100 gram).<br>Skicka ett mejl till oss med:<\/p>\n\n\n\n<ul class=\"wp-block-list\">\n<li>ditt <strong>namn och adressuppgifter<\/strong><\/li>\n\n\n\n<li>ditt <strong>telefonnummer<\/strong><\/li>\n\n\n\n<li>samt en <strong>sk\u00e4rmdump p\u00e5 din Swish-betalning<\/strong><\/li>\n<\/ul>\n\n\n\n<p>F\u00f6r dig som hellre k\u00f6per kalendern p\u00e5 plats finns den nu att k\u00f6pa p\u00e5 f\u00f6ljande st\u00e4llen:<br>\ud83d\udccd <strong><a href=\"https:\/\/www.facebook.com\/p\/AutoMat-Flyinge-100065628936643\/\" target=\"_blank\" rel=\"noreferrer noopener\">Automat Flyinge<\/a><\/strong>, Flyinge<br>\ud83d\udccd <strong><a href=\"https:\/\/www.facebook.com\/p\/Rakans-AutoMat-Revingeby-100063861710247\/\" target=\"_blank\" rel=\"noreferrer noopener\">Automat Revinge<\/a><\/strong>, S\u00f6dra Sandby<br>\ud83d\udccd <strong><a href=\"https:\/\/www.ica.se\/butiker\/nara\/eslov\/ica-nara-harlosa-1004000\/\" target=\"_blank\" rel=\"noreferrer noopener\">ICA N\u00e4ra H\u00e4rl\u00f6sa<\/a><\/strong>, H\u00e4rl\u00f6sa<br>\ud83d\udccd <strong><a href=\"https:\/\/distriktsveterinarerna.se\/hitta-veterinar\/skane-lan\/flyinge\" target=\"_blank\" rel=\"noreferrer noopener\">Distriktsveterin\u00e4rerna Flyinge<\/a><\/strong>, Flyinge<br>\ud83d\udccd <strong><a href=\"https:\/\/hundomera.com\/\" target=\"_blank\" rel=\"noreferrer noopener\">HundOmera<\/a><\/strong>, S\u00f6dra Sandby<br>\ud83d\udccd <strong><a href=\"https:\/\/dalbyveterinaren.se\/\" target=\"_blank\" rel=\"noreferrer noopener\">Dalbyveterin\u00e4ren<\/a><\/strong>, Dalby<br>\ud83d\udccd <a href=\"https:\/\/comdjurklinik.se\/\" target=\"_blank\" rel=\"noreferrer noopener\"><strong>CoM Djurklinik<\/strong><\/a>, Lomma<br>\ud83d\udccd <a href=\"https:\/\/sjobodjurklinik.se\/\" target=\"_blank\" rel=\"noreferrer noopener\"><strong>Sj\u00f6bo Djurklinik<\/strong><\/a>, Sj\u00f6bo<br>\ud83d\udccd <a href=\"https:\/\/ryttare.com\/?gad_source=1&amp;gad_campaignid=21206379008&amp;gbraid=0AAAAAC8bcsR2xt2SEKFj9HAxyRBRmtxnd&amp;gclid=Cj0KCQiApL7KBhC7ARIsAD2Xq3Cvea2GdK1QcKr-aK0UZRMm_nQuIZ-JxbcCll6qW-C_K2TLyEE4F18aAgNfEALw_wcB\" target=\"_blank\" rel=\"noreferrer noopener\"><strong>Ryttare &amp; H\u00e4st<\/strong><\/a>, Flyinge<\/p>\n\n\n\n<p>Ett stort tack till v\u00e5ra 12 fantastiska sponsorer som gjort kalendern m\u00f6jlig \u2013 var och en med sin egen m\u00e5nad och katt:<br><strong><a href=\"https:\/\/www.hillspet.se\/?_gl=1*11pcnb6*_up*MQ..*_gs*MQ..&amp;gclid=Cj0KCQiArOvIBhDLARIsAPwJXObjmFPiNql7YAsLnbgmILH0L3KBkM93Yg18hrQ4ki6UiyX_0ScSAM4aAhRREALw_wcB&amp;gclsrc=aw.ds&amp;gbraid=0AAAAACn2_onvoXPHTuIEeHtoX4wgwFAb3\" target=\"_blank\" rel=\"noreferrer noopener\">Hill\u2019s Pet Nutrition<\/a>, <a href=\"https:\/\/bestfriend.com\/sv\" target=\"_blank\" rel=\"noreferrer noopener\">Best Friend<\/a>, <a href=\"https:\/\/sveland.se\/?gad_source=1&amp;gad_campaignid=11116197725&amp;gbraid=0AAAAADrmeXsRW-lX62dxra6mLhNUtYNUd&amp;gclid=Cj0KCQiArOvIBhDLARIsAPwJXOYb18_05QcuzKGram53dQWETxBHGYpbbONL302lP83snRqtfia5SN0aAg_UEALw_wcB\" target=\"_blank\" rel=\"noreferrer noopener\">Sveland<\/a>, <a href=\"https:\/\/bolist.se\/butiker\/jensensbyggland\/?srsltid=AfmBOopjTkCIg1gA0fGapuwOExWj8--ycWSv2P4XY-IRa5G5rXF6HKiZ\" target=\"_blank\" rel=\"noreferrer noopener\">Jensens Byggland<\/a>, <a href=\"https:\/\/www.paxbrygghus.se\/\" target=\"_blank\" rel=\"noreferrer noopener\">Pax Brygghus<\/a>, <a href=\"https:\/\/vildengen.se\/\" target=\"_blank\" rel=\"noreferrer noopener\">Vild\u00e4ngen<\/a>, Akzon Kroppsv\u00e5rd, <a href=\"https:\/\/itacih.se\/\" target=\"_blank\" rel=\"noreferrer noopener\">ItACiH<\/a>, <a href=\"https:\/\/www.ica.se\/butiker\/nara\/eslov\/ica-nara-harlosa-1004000\/\" target=\"_blank\" rel=\"noreferrer noopener\">ICA N\u00e4ra H\u00e4rl\u00f6sa<\/a>, <a href=\"https:\/\/www.flyingeplantshop.se\/\" target=\"_blank\" rel=\"noreferrer noopener\">Flyinge Plantshop<\/a>, <a href=\"https:\/\/flyingebygden.se\/flyingebygden-tillsammans\/\" target=\"_blank\" rel=\"noreferrer noopener\">Flyingebygden Tillsammans<\/a> &amp; <a href=\"https:\/\/svehast.se\/idkontrollanter\/anna-riis-hindhede-vet\/\" target=\"_blank\" rel=\"noreferrer noopener\">Skarhults veterin\u00e4rklinik<\/a><\/strong>.<\/p>\n\n\n\n<p>Utan ert st\u00f6d hade projektet inte g\u00e5tt att genomf\u00f6ra. \ud83d\udc31\ud83d\udc9a<\/p>\n\n\n\n<p>Genom att k\u00f6pa v\u00e5r kalender hj\u00e4lper du oss att hj\u00e4lpa fler katter \u2013 varje s\u00e5ld kalender inneb\u00e4r att fler katter kan f\u00e5 den hj\u00e4lp och omsorg de f\u00f6rtj\u00e4nar.<\/p>\n\n\n\n<p>Tack f\u00f6r att du st\u00f6ttar v\u00e5rt arbete!<\/p>\n\n\n\n<figure class=\"wp-block-image size-full\"><img loading=\"lazy\" decoding=\"async\" width=\"1024\" height=\"670\" src=\"https:\/\/www.djurskyddet.se\/flyingebygden\/wp-content\/uploads\/sites\/53\/2025\/11\/1000057064-1.jpg\" alt=\"\" class=\"wp-image-12390\" srcset=\"https:\/\/www.djurskyddet.se\/flyingebygden\/wp-content\/uploads\/sites\/53\/2025\/11\/1000057064-1.jpg 1024w, https:\/\/www.djurskyddet.se\/flyingebygden\/wp-content\/uploads\/sites\/53\/2025\/11\/1000057064-1-300x196.jpg 300w, https:\/\/www.djurskyddet.se\/flyingebygden\/wp-content\/uploads\/sites\/53\/2025\/11\/1000057064-1-768x503.jpg 768w, https:\/\/www.djurskyddet.se\/flyingebygden\/wp-content\/uploads\/sites\/53\/2025\/11\/1000057064-1-400x262.jpg 400w\" sizes=\"auto, (max-width: 1024px) 100vw, 1024px\" \/><\/figure>\n","protected":false},"excerpt":{"rendered":"<p>\ud83d\udc3e V\u00e5r nya kalender \u00e4r h\u00e4r! \ud83d\udc3e Vi har precis f\u00e5tt hem \u00e5rets kalender \u2013 f\u00e4rsk fr\u00e5n tryckeriet!I \u00e5r har vi valt en ny storlek och layout, och vi hoppas verkligen att ni kommer tycka lika mycket om den som vi g\u00f6r. Som alltid \u00e4r det v\u00e5ra egna r\u00e4ddade katter som st\u00e5r i centrum. Kalendern inneh\u00e5ller 12 underbara katter som under det g\u00e5ngna \u00e5ret f\u00e5tt en andra chans och hittat&hellip;<\/p>\n<p><a class=\"more-link\" href=\"https:\/\/www.djurskyddet.se\/flyingebygden\/arskalender-2026\/\" title=\"Continue reading &lsquo;\u00c5rskalender 2026&rsquo;\">L&auml;s mer<span class=\"meta-nav\">&raquo;<\/span><\/a><\/p>\n","protected":false},"author":66,"featured_media":0,"parent":0,"menu_order":0,"comment_status":"closed","ping_status":"closed","template":"page-templates\/full-width.php","meta":{"_acf_changed":false,"footnotes":""},"class_list":["post-10940","page","type-page","status-publish","hentry"],"acf":[],"_links":{"self":[{"href":"https:\/\/www.djurskyddet.se\/flyingebygden\/wp-json\/wp\/v2\/pages\/10940","targetHints":{"allow":["GET"]}}],"collection":[{"href":"https:\/\/www.djurskyddet.se\/flyingebygden\/wp-json\/wp\/v2\/pages"}],"about":[{"href":"https:\/\/www.djurskyddet.se\/flyingebygden\/wp-json\/wp\/v2\/types\/page"}],"author":[{"embeddable":true,"href":"https:\/\/www.djurskyddet.se\/flyingebygden\/wp-json\/wp\/v2\/users\/66"}],"replies":[{"embeddable":true,"href":"https:\/\/www.djurskyddet.se\/flyingebygden\/wp-json\/wp\/v2\/comments?post=10940"}],"version-history":[{"count":33,"href":"https:\/\/www.djurskyddet.se\/flyingebygden\/wp-json\/wp\/v2\/pages\/10940\/revisions"}],"predecessor-version":[{"id":12608,"href":"https:\/\/www.djurskyddet.se\/flyingebygden\/wp-json\/wp\/v2\/pages\/10940\/revisions\/12608"}],"wp:attachment":[{"href":"https:\/\/www.djurskyddet.se\/flyingebygden\/wp-json\/wp\/v2\/media?parent=10940"}],"curies":[{"name":"wp","href":"https:\/\/api.w.org\/{rel}","templated":true}]}}