{"id":11823,"date":"2025-06-03T09:18:19","date_gmt":"2025-06-03T09:18:19","guid":{"rendered":"https:\/\/www.djurskyddet.se\/flyingebygden\/?page_id=11823"},"modified":"2025-06-06T09:53:33","modified_gmt":"2025-06-06T09:53:33","slug":"bli-volontar","status":"publish","type":"page","link":"https:\/\/www.djurskyddet.se\/flyingebygden\/bli-volontar\/","title":{"rendered":"Bli volont\u00e4r"},"content":{"rendered":"\n<p>Vill du vara med och hj\u00e4lpa heml\u00f6sa katter? Som volont\u00e4r hos Djurskyddet Flyingebygden har du m\u00f6jlighet att g\u00f6ra en verklig skillnad. Genom att bidra med din tid st\u00f6ttar du v\u00e5rt arbete \u2013 p\u00e5 det s\u00e4tt och i den omfattning som passar dig b\u00e4st. Ditt engagemang, oavsett hur stort eller litet, \u00e4r alltid v\u00e4rdefullt.<\/p>\n\n\n\n<figure class=\"wp-block-image size-full\"><img loading=\"lazy\" decoding=\"async\" width=\"1024\" height=\"683\" src=\"https:\/\/www.djurskyddet.se\/flyingebygden\/wp-content\/uploads\/sites\/53\/2023\/08\/Bull4.jpeg\" alt=\"\" class=\"wp-image-10267\" srcset=\"https:\/\/www.djurskyddet.se\/flyingebygden\/wp-content\/uploads\/sites\/53\/2023\/08\/Bull4.jpeg 1024w, https:\/\/www.djurskyddet.se\/flyingebygden\/wp-content\/uploads\/sites\/53\/2023\/08\/Bull4-300x200.jpeg 300w, https:\/\/www.djurskyddet.se\/flyingebygden\/wp-content\/uploads\/sites\/53\/2023\/08\/Bull4-768x512.jpeg 768w, https:\/\/www.djurskyddet.se\/flyingebygden\/wp-content\/uploads\/sites\/53\/2023\/08\/Bull4-400x267.jpeg 400w\" sizes=\"auto, (max-width: 1024px) 100vw, 1024px\" \/><\/figure>\n\n\n\n<p class=\"has-medium-font-size\" style=\"font-style:normal;font-weight:700\">Exempel p\u00e5 vad du kan g\u00f6ra som volont\u00e4r:<\/p>\n\n\n\n<ul class=\"wp-block-list\">\n<li>\ud83d\ude97 <strong>Bli kattens privatchauff\u00f6r<\/strong> -&gt; Hj\u00e4lp till med transporter \u2013 kanske till veterin\u00e4ren, eller f\u00f6r att h\u00e4mta upp en liten vilse misse hos en upphittare. En viktig l\u00e4nk i kedjan!<\/li>\n\n\n\n<li>\ud83d\udcde <strong>Jourhemmens b\u00e4sta v\u00e4n<\/strong> -&gt; Var kontaktperson f\u00f6r katter i jourhem \u2013 du h\u00e5ller koll, st\u00f6ttar och ser till att b\u00e5de katt och jourhem m\u00e5r bra.<\/li>\n\n\n\n<li>\ud83d\udc3e <strong>Kattmat p\u00e5 rullande band<\/strong> -&gt; K\u00f6r v\u00e5r foderrunda! Du levererar mat och sand till v\u00e5ra fyrbenta v\u00e4nner som bor i jourhem.<\/li>\n\n\n\n<li>\ud83d\udcac <strong>G\u00f6r v\u00e5r r\u00f6st h\u00f6rd<\/strong> -&gt; Sprid information om oss \u2013 dela v\u00e5ra inl\u00e4gg p\u00e5 sociala medier, s\u00e4tt upp affischer eller prata med folk om hur de kan hj\u00e4lpa.<\/li>\n\n\n\n<li>\ud83c\udf89 <strong>Hitta p\u00e5 kattkul<\/strong> -&gt; Hj\u00e4lp till att planera och fixa event \u2013 loppisar, insamlingar eller marknader d\u00e4r vi kan synas och samla in pengar.<\/li>\n\n\n\n<li>\ud83d\udcbc <strong>F\u00e5 f\u00f6retag att spinnvilligt sponsra oss<\/strong> -&gt; S\u00f6k sponsorer som vill hj\u00e4lpa till \u2013 det kan vara foder, prylar eller pengar. Du kontaktar, vi jamar av tacksamhet!<\/li>\n\n\n\n<li>\ud83c\udfa8 <strong>Skapa med hj\u00e4rtat \u2013 f\u00f6r katterna<\/strong> -&gt; Sl\u00e4pp loss din kreativa sida och skapa saker vi kan s\u00e4lja \u2013 som egengjorda kattleksaker, kort, smycken eller annat fint!<\/li>\n<\/ul>\n\n\n\n<p>Har du egna id\u00e9er eller n\u00e5gon speciell kunskap? Tveka inte att h\u00f6ra av dig \u2013 vi \u00e4r \u00f6ppna f\u00f6r allt som kan bidra till att g\u00f6ra v\u00e5r verksamhet \u00e4nnu b\u00e4ttre. Ju fler som engagerar sig, desto fler katter kan vi hj\u00e4lpa!<\/p>\n\n\n\n<p class=\"has-medium-font-size\" style=\"font-style:normal;font-weight:700\">Vill du vara volont\u00e4r? Fyll i intresseanm\u00e4lan nedan!<\/p>\n\n\n\n<p class=\"has-vivid-red-color has-text-color has-link-color wp-elements-a3deb2fda0dce4f02ce38268d3386f99\" style=\"font-style:italic;font-weight:400\">Observera att du inom ett par minuter ska f\u00e5 ett bekr\u00e4ftelse-epostmeddelande fr\u00e5n oss, om detta skulle utebli v\u00e4nligen kolla d\u00e5 om meddelandet hamnat i din mapp f\u00f6r skr\u00e4ppost, s\u00e5 att du inte riskerar att missa svar fr\u00e5n oss! Ett personligt svar skickar vi i regel inom ett par dagar.<\/p>\n\n\n\n<div class=\"wp-block-contact-form-7-contact-form-selector\">\n<div class=\"wpcf7 no-js\" id=\"wpcf7-f11827-o1\" lang=\"sv-SE\" dir=\"ltr\" data-wpcf7-id=\"11827\">\n<div class=\"screen-reader-response\"><p role=\"status\" aria-live=\"polite\" aria-atomic=\"true\"><\/p> <ul><\/ul><\/div>\n<form action=\"\/flyingebygden\/wp-json\/wp\/v2\/pages\/11823#wpcf7-f11827-o1\" method=\"post\" class=\"wpcf7-form init\" aria-label=\"Kontaktformul\u00e4r\" novalidate=\"novalidate\" data-status=\"init\">\n<fieldset class=\"hidden-fields-container\"><input type=\"hidden\" name=\"_wpcf7\" value=\"11827\" \/><input type=\"hidden\" name=\"_wpcf7_version\" value=\"6.1\" \/><input type=\"hidden\" name=\"_wpcf7_locale\" value=\"sv_SE\" \/><input type=\"hidden\" name=\"_wpcf7_unit_tag\" value=\"wpcf7-f11827-o1\" \/><input type=\"hidden\" name=\"_wpcf7_container_post\" value=\"0\" \/><input type=\"hidden\" name=\"_wpcf7_posted_data_hash\" value=\"\" \/><input type=\"hidden\" name=\"_wpcf7_recaptcha_response\" value=\"\" \/>\n<\/fieldset>\n<div class=\"uacf7-form-wrapper-container uacf7-form-11827  \"><label> Ditt namn\n    <span class=\"wpcf7-form-control-wrap\" data-name=\"namn\"><input size=\"40\" maxlength=\"400\" class=\"wpcf7-form-control wpcf7-text wpcf7-validates-as-required\" aria-required=\"true\" aria-invalid=\"false\" value=\"\" type=\"text\" name=\"namn\" \/><\/span> <\/label>\n\n<label>Epostadress\n    <span class=\"wpcf7-form-control-wrap\" data-name=\"epostadress\"><input size=\"40\" maxlength=\"400\" class=\"wpcf7-form-control wpcf7-email wpcf7-validates-as-required wpcf7-text wpcf7-validates-as-email\" aria-required=\"true\" aria-invalid=\"false\" value=\"\" type=\"email\" name=\"epostadress\" \/><\/span> <\/label>\n\n<label> Telefonnummer\n    <span class=\"wpcf7-form-control-wrap\" data-name=\"telefonnummer\"><input class=\"wpcf7-form-control wpcf7-number wpcf7-validates-as-number\" aria-invalid=\"false\" value=\"\" type=\"number\" name=\"telefonnummer\" \/><\/span> <\/label>\n\n<label> Adress\n    <span class=\"wpcf7-form-control-wrap\" data-name=\"Adress\"><input size=\"40\" maxlength=\"400\" class=\"wpcf7-form-control wpcf7-text wpcf7-validates-as-required\" aria-required=\"true\" aria-invalid=\"false\" value=\"\" type=\"text\" name=\"Adress\" \/><\/span> <\/label>\n\n<label>Vad \u00e4r du intresserad av att hj\u00e4lpa till med?\n    <span class=\"wpcf7-form-control-wrap\" data-name=\"intresserad\"><input size=\"40\" maxlength=\"400\" class=\"wpcf7-form-control wpcf7-text wpcf7-validates-as-required\" aria-required=\"true\" aria-invalid=\"false\" value=\"\" type=\"text\" name=\"intresserad\" \/><\/span> <\/label>\n\n\n<input class=\"wpcf7-form-control wpcf7-submit has-spinner\" type=\"submit\" value=\"Skicka\" \/><\/div><div class=\"wpcf7-response-output\" aria-hidden=\"true\"><\/div>\n<\/form>\n<\/div>\n<\/div>\n","protected":false},"excerpt":{"rendered":"<p>Vill du vara med och hj\u00e4lpa heml\u00f6sa katter? Som volont\u00e4r hos Djurskyddet Flyingebygden har du m\u00f6jlighet att g\u00f6ra en verklig skillnad. Genom att bidra med din tid st\u00f6ttar du v\u00e5rt arbete \u2013 p\u00e5 det s\u00e4tt och i den omfattning som passar dig b\u00e4st. Ditt engagemang, oavsett hur stort eller litet, \u00e4r alltid v\u00e4rdefullt. Exempel p\u00e5 vad du kan g\u00f6ra som volont\u00e4r: Har du egna id\u00e9er eller n\u00e5gon speciell kunskap? Tveka&hellip;<\/p>\n<p><a class=\"more-link\" href=\"https:\/\/www.djurskyddet.se\/flyingebygden\/bli-volontar\/\" title=\"Continue reading &lsquo;Bli volont\u00e4r&rsquo;\">L&auml;s mer<span class=\"meta-nav\">&raquo;<\/span><\/a><\/p>\n","protected":false},"author":66,"featured_media":0,"parent":0,"menu_order":0,"comment_status":"closed","ping_status":"closed","template":"","meta":{"_acf_changed":false,"footnotes":""},"class_list":["post-11823","page","type-page","status-publish","hentry"],"acf":[],"_links":{"self":[{"href":"https:\/\/www.djurskyddet.se\/flyingebygden\/wp-json\/wp\/v2\/pages\/11823","targetHints":{"allow":["GET"]}}],"collection":[{"href":"https:\/\/www.djurskyddet.se\/flyingebygden\/wp-json\/wp\/v2\/pages"}],"about":[{"href":"https:\/\/www.djurskyddet.se\/flyingebygden\/wp-json\/wp\/v2\/types\/page"}],"author":[{"embeddable":true,"href":"https:\/\/www.djurskyddet.se\/flyingebygden\/wp-json\/wp\/v2\/users\/66"}],"replies":[{"embeddable":true,"href":"https:\/\/www.djurskyddet.se\/flyingebygden\/wp-json\/wp\/v2\/comments?post=11823"}],"version-history":[{"count":5,"href":"https:\/\/www.djurskyddet.se\/flyingebygden\/wp-json\/wp\/v2\/pages\/11823\/revisions"}],"predecessor-version":[{"id":11839,"href":"https:\/\/www.djurskyddet.se\/flyingebygden\/wp-json\/wp\/v2\/pages\/11823\/revisions\/11839"}],"wp:attachment":[{"href":"https:\/\/www.djurskyddet.se\/flyingebygden\/wp-json\/wp\/v2\/media?parent=11823"}],"curies":[{"name":"wp","href":"https:\/\/api.w.org\/{rel}","templated":true}]}}