{"id":11856,"date":"2025-06-06T10:49:54","date_gmt":"2025-06-06T10:49:54","guid":{"rendered":"https:\/\/www.djurskyddet.se\/flyingebygden\/?page_id=11856"},"modified":"2025-06-06T10:49:55","modified_gmt":"2025-06-06T10:49:55","slug":"folkspel-djurskyddet-flyingebygden","status":"publish","type":"page","link":"https:\/\/www.djurskyddet.se\/flyingebygden\/folkspel-djurskyddet-flyingebygden\/","title":{"rendered":"Folkspel &amp; Djurskyddet Flyingebygden"},"content":{"rendered":"<div class=\"wp-block-image\">\n<figure class=\"aligncenter size-full\"><img loading=\"lazy\" decoding=\"async\" width=\"690\" height=\"525\" src=\"https:\/\/www.djurskyddet.se\/flyingebygden\/wp-content\/uploads\/sites\/53\/2025\/06\/folkspel-1.jpg\" alt=\"\" class=\"wp-image-11844\" srcset=\"https:\/\/www.djurskyddet.se\/flyingebygden\/wp-content\/uploads\/sites\/53\/2025\/06\/folkspel-1.jpg 690w, https:\/\/www.djurskyddet.se\/flyingebygden\/wp-content\/uploads\/sites\/53\/2025\/06\/folkspel-1-300x228.jpg 300w, https:\/\/www.djurskyddet.se\/flyingebygden\/wp-content\/uploads\/sites\/53\/2025\/06\/folkspel-1-400x304.jpg 400w\" sizes=\"auto, (max-width: 690px) 100vw, 690px\" \/><\/figure><\/div>\n\n\n<p class=\"has-text-align-center has-medium-font-size\" style=\"font-style:normal;font-weight:700\">Vill du hj\u00e4lpa heml\u00f6sa katter samtidigt som du sj\u00e4lv kan vinna pengar? Genom v\u00e5r butik kan du k\u00f6pa digitala Bingolotter eller prenumerera till Joyna!<\/p>\n\n\n\n<p class=\"has-text-align-center\"><img loading=\"lazy\" decoding=\"async\" height=\"16\" width=\"16\" src=\"https:\/\/static.xx.fbcdn.net\/images\/emoji.php\/v9\/t94\/1\/16\/1f49a.png\" alt=\"\ud83d\udc9a\"> <em><mark class=\"has-inline-color has-black-color\">Passa<\/mark><\/em><mark class=\"has-inline-color has-black-color\"><em> p\u00e5 nu, f\u00f6r i juni \u00e4r det halva priset p\u00e5 Joyna<\/em> <\/mark><img loading=\"lazy\" decoding=\"async\" height=\"16\" width=\"16\" src=\"https:\/\/static.xx.fbcdn.net\/images\/emoji.php\/v9\/t94\/1\/16\/1f49a.png\" alt=\"\ud83d\udc9a\"><\/p>\n\n\n<div class=\"wp-block-image\">\n<figure class=\"aligncenter size-full\"><img loading=\"lazy\" decoding=\"async\" width=\"697\" height=\"290\" src=\"https:\/\/www.djurskyddet.se\/flyingebygden\/wp-content\/uploads\/sites\/53\/2025\/06\/Joyna-1.jpg\" alt=\"\" class=\"wp-image-11847\" srcset=\"https:\/\/www.djurskyddet.se\/flyingebygden\/wp-content\/uploads\/sites\/53\/2025\/06\/Joyna-1.jpg 697w, https:\/\/www.djurskyddet.se\/flyingebygden\/wp-content\/uploads\/sites\/53\/2025\/06\/Joyna-1-300x125.jpg 300w, https:\/\/www.djurskyddet.se\/flyingebygden\/wp-content\/uploads\/sites\/53\/2025\/06\/Joyna-1-400x166.jpg 400w\" sizes=\"auto, (max-width: 697px) 100vw, 697px\" \/><\/figure><\/div>\n\n\n<p class=\"has-text-align-center\"><br>Joyna \u00e4r ett lotteri fr\u00e5n Folkspel d\u00e4r du f\u00e5r en ny lott varje vecka. Det inneb\u00e4r allts\u00e5 att varje fredag kommer en liten \u00f6verraskning d\u00e4r du har chans att <strong>vinna upp till 10.000.000 kr<\/strong>! <br>F\u00f6r varje m\u00e5nad du anv\u00e4nder Joyna g\u00e5r <strong>50 kr<\/strong> till att hj\u00e4lpa Heml\u00f6sa Katter &#8211; \u00e4ven i juni n\u00e4r det \u00e4r halva priset i 3 m\u00e5nader! <br>Du kan avsluta prenumerationen n\u00e4r du vill, s\u00e5 det g\u00e5r j\u00e4ttebra om man bara vill testa en m\u00e5nad.<br><br><strong>Fira Midsommar med Bingolotto \u2013 och hj\u00e4lp heml\u00f6sa katter!<\/strong> \ud83d\udc31\ud83c\udf3c<br>Nu kan du k\u00f6pa Bingolotter till Midsommarbingo:<br>\ud83c\udfab Lottpris: <strong>100 kr<\/strong> \u2013 vi f\u00e5r <strong>36 kr<\/strong><br>\ud83c\udfab Lottpris: <strong>200 kr<\/strong> \u2013 vi f\u00e5r <strong>72 kr<\/strong><br>Din insats g\u00f6r skillnad \u2013 pengarna som kommer till oss g\u00e5r <strong>oavkortat till att hj\u00e4lpa fler heml\u00f6sa katter<\/strong> med mat, v\u00e5rd och trygghet.<\/p>\n\n\n\n<p class=\"has-text-align-center\">Tack f\u00f6r att du spelar med hj\u00e4rtat! \ud83d\udc95<br><br>Vill du prova p\u00e5 Joyna eller Bingolotter? Skaffa det via v\u00e5r f\u00f6reningsl\u00e4nk:<\/p>\n\n\n\n<div class=\"wp-block-buttons is-content-justification-center is-layout-flex wp-container-core-buttons-is-layout-1 wp-block-buttons-is-layout-flex\">\n<div class=\"wp-block-button has-custom-font-size is-style-outline has-small-font-size is-style-outline--1\"><a class=\"wp-block-button__link wp-element-button\" href=\"https:\/\/www.folkspel.se\/foreningsbutik\/?s=eb99b76d-8a3f-f011-9150-00505680443e&amp;fbclid=IwY2xjawKvnfNleHRuA2FlbQIxMABicmlkETBtWUhKd2IwdTU1TVJsQVJPAR6O3ZD5RtE3V4HTcqYTI3myyWnBI8TR7oamBdCAXzKbVzy7wfPn4D4NGCgfUQ_aem_Q4oTSk54y5UcvHa3dF7-AQ\" style=\"border-radius:100px\" target=\"_blank\" rel=\"noreferrer noopener\">Folkspel DS Flyingebygden<\/a><\/div>\n<\/div>\n\n\n\n<p><\/p>\n\n\n\n<p class=\"has-text-align-center\"><em><strong>\u00c5ldersgr\u00e4nsen \u00e4r 18 \u00e5r. Kontakta <a href=\"https:\/\/stodlinjen.se\/?fbclid=IwY2xjawKvnpdleHRuA2FlbQIxMABicmlkETBtWUhKd2IwdTU1TVJsQVJPAR4ZRKCNKNSEF1JRgRJRdMm8JpwAMbMMnDEstkFGtXxGuNiG9B8X6ZKzF5xlVw_aem_oAogTCR9wQYt9IoKmTXTog\" data-type=\"link\" data-id=\"https:\/\/stodlinjen.se\/?fbclid=IwY2xjawKvnpdleHRuA2FlbQIxMABicmlkETBtWUhKd2IwdTU1TVJsQVJPAR4ZRKCNKNSEF1JRgRJRdMm8JpwAMbMMnDEstkFGtXxGuNiG9B8X6ZKzF5xlVw_aem_oAogTCR9wQYt9IoKmTXTog\">st\u00f6dlinjen<\/a> om du eller n\u00e5gon anh\u00f6rig spelar f\u00f6r mycket.<\/strong><\/em><\/p>\n\n\n<div class=\"wp-block-image\">\n<figure class=\"aligncenter size-full\"><img loading=\"lazy\" decoding=\"async\" width=\"819\" height=\"1024\" src=\"https:\/\/www.djurskyddet.se\/flyingebygden\/wp-content\/uploads\/sites\/53\/2025\/06\/Bingolotter.jpg\" alt=\"\" class=\"wp-image-11846\" srcset=\"https:\/\/www.djurskyddet.se\/flyingebygden\/wp-content\/uploads\/sites\/53\/2025\/06\/Bingolotter.jpg 819w, https:\/\/www.djurskyddet.se\/flyingebygden\/wp-content\/uploads\/sites\/53\/2025\/06\/Bingolotter-240x300.jpg 240w, https:\/\/www.djurskyddet.se\/flyingebygden\/wp-content\/uploads\/sites\/53\/2025\/06\/Bingolotter-768x960.jpg 768w, https:\/\/www.djurskyddet.se\/flyingebygden\/wp-content\/uploads\/sites\/53\/2025\/06\/Bingolotter-400x500.jpg 400w\" sizes=\"auto, (max-width: 819px) 100vw, 819px\" \/><\/figure><\/div>","protected":false},"excerpt":{"rendered":"<p>Vill du hj\u00e4lpa heml\u00f6sa katter samtidigt som du sj\u00e4lv kan vinna pengar? Genom v\u00e5r butik kan du k\u00f6pa digitala Bingolotter eller prenumerera till Joyna! Passa p\u00e5 nu, f\u00f6r i juni \u00e4r det halva priset p\u00e5 Joyna Joyna \u00e4r ett lotteri fr\u00e5n Folkspel d\u00e4r du f\u00e5r en ny lott varje vecka. Det inneb\u00e4r allts\u00e5 att varje fredag kommer en liten \u00f6verraskning d\u00e4r du har chans att vinna upp till 10.000.000 kr!&hellip;<\/p>\n<p><a class=\"more-link\" href=\"https:\/\/www.djurskyddet.se\/flyingebygden\/folkspel-djurskyddet-flyingebygden\/\" title=\"Continue reading &lsquo;Folkspel &amp; Djurskyddet Flyingebygden&rsquo;\">L&auml;s mer<span class=\"meta-nav\">&raquo;<\/span><\/a><\/p>\n","protected":false},"author":66,"featured_media":0,"parent":0,"menu_order":0,"comment_status":"closed","ping_status":"closed","template":"","meta":{"_acf_changed":false,"footnotes":""},"class_list":["post-11856","page","type-page","status-publish","hentry"],"acf":[],"_links":{"self":[{"href":"https:\/\/www.djurskyddet.se\/flyingebygden\/wp-json\/wp\/v2\/pages\/11856","targetHints":{"allow":["GET"]}}],"collection":[{"href":"https:\/\/www.djurskyddet.se\/flyingebygden\/wp-json\/wp\/v2\/pages"}],"about":[{"href":"https:\/\/www.djurskyddet.se\/flyingebygden\/wp-json\/wp\/v2\/types\/page"}],"author":[{"embeddable":true,"href":"https:\/\/www.djurskyddet.se\/flyingebygden\/wp-json\/wp\/v2\/users\/66"}],"replies":[{"embeddable":true,"href":"https:\/\/www.djurskyddet.se\/flyingebygden\/wp-json\/wp\/v2\/comments?post=11856"}],"version-history":[{"count":1,"href":"https:\/\/www.djurskyddet.se\/flyingebygden\/wp-json\/wp\/v2\/pages\/11856\/revisions"}],"predecessor-version":[{"id":11857,"href":"https:\/\/www.djurskyddet.se\/flyingebygden\/wp-json\/wp\/v2\/pages\/11856\/revisions\/11857"}],"wp:attachment":[{"href":"https:\/\/www.djurskyddet.se\/flyingebygden\/wp-json\/wp\/v2\/media?parent=11856"}],"curies":[{"name":"wp","href":"https:\/\/api.w.org\/{rel}","templated":true}]}}