{"id":5506,"date":"2018-09-24T11:11:04","date_gmt":"2018-09-24T11:11:04","guid":{"rendered":"http:\/\/www.djurskyddet.se\/landskrona\/?page_id=5506"},"modified":"2026-01-26T10:27:10","modified_gmt":"2026-01-26T10:27:10","slug":"stod-oss","status":"publish","type":"page","link":"https:\/\/www.djurskyddet.se\/flyingebygden\/stod-oss\/","title":{"rendered":"St\u00f6d oss"},"content":{"rendered":"\n<p class=\"has-text-align-center has-medium-font-size\"><strong>V\u00e5r verksamhet \u00e4r helt beroende av st\u00f6d och hj\u00e4lp fr\u00e5n allm\u00e4nheten. Ingen kan g\u00f6ra allt, men alla kan g\u00f6ra n\u00e5got!  Vad kan DU hj\u00e4lpa oss med?<\/strong><br><\/p>\n\n\n\n<div class=\"wp-block-columns is-layout-flex wp-container-core-columns-is-layout-1 wp-block-columns-is-layout-flex\">\n<div class=\"wp-block-column is-layout-flow wp-block-column-is-layout-flow\"><div class=\"wp-block-image\">\n<figure class=\"aligncenter size-full is-resized\"><img loading=\"lazy\" decoding=\"async\" width=\"300\" height=\"218\" src=\"https:\/\/www.djurskyddet.se\/flyingebygden\/wp-content\/uploads\/sites\/53\/2023\/08\/Bona_vinga-e1697562604498.jpeg\" alt=\"\" class=\"wp-image-10381\" style=\"width:253px;height:auto\" \/><\/figure><\/div>\n\n\n<h3 class=\"wp-block-heading has-text-align-center\" style=\"font-size:26px;font-style:normal;font-weight:700\">Bli jourhem<\/h3>\n\n\n\n<p class=\"has-text-align-center\">Utan jourhem kan vi inte hj\u00e4lpa! Vi letar efter dig som vill hj\u00e4lpa till och som vill vara med p\u00e5 ett djurs resa fr\u00e5n otrygg och heml\u00f6s till \u00e4lskad och skyddad.<\/p>\n\n\n\n<div class=\"wp-block-buttons is-content-justification-center is-layout-flex wp-container-core-buttons-is-layout-1 wp-block-buttons-is-layout-flex\">\n<div class=\"wp-block-button has-custom-font-size is-style-outline has-small-font-size is-style-outline--1\"><a class=\"wp-block-button__link wp-element-button\" href=\"https:\/\/www.djurskyddet.se\/flyingebygden\/bli-jourhem\/\" style=\"border-radius:100px\">L\u00c4S MER<\/a><\/div>\n<\/div>\n<\/div>\n\n\n\n<div class=\"wp-block-column is-layout-flow wp-block-column-is-layout-flow\">\n<figure class=\"wp-block-image size-full\"><img loading=\"lazy\" decoding=\"async\" width=\"1024\" height=\"690\" src=\"https:\/\/www.djurskyddet.se\/flyingebygden\/wp-content\/uploads\/sites\/53\/2025\/02\/IMG_20240928_215231790-e1749497635415.jpg\" alt=\"\" class=\"wp-image-11659\" srcset=\"https:\/\/www.djurskyddet.se\/flyingebygden\/wp-content\/uploads\/sites\/53\/2025\/02\/IMG_20240928_215231790-e1749497635415.jpg 1024w, https:\/\/www.djurskyddet.se\/flyingebygden\/wp-content\/uploads\/sites\/53\/2025\/02\/IMG_20240928_215231790-e1749497635415-300x202.jpg 300w, https:\/\/www.djurskyddet.se\/flyingebygden\/wp-content\/uploads\/sites\/53\/2025\/02\/IMG_20240928_215231790-e1749497635415-768x518.jpg 768w, https:\/\/www.djurskyddet.se\/flyingebygden\/wp-content\/uploads\/sites\/53\/2025\/02\/IMG_20240928_215231790-e1749497635415-400x270.jpg 400w\" sizes=\"auto, (max-width: 1024px) 100vw, 1024px\" \/><\/figure>\n\n\n\n<h3 class=\"wp-block-heading has-text-align-center\" style=\"font-size:26px;font-style:normal;font-weight:700\">Bli medlem<\/h3>\n\n\n\n<p class=\"has-text-align-center\">Alla int\u00e4kter bidrar till att hj\u00e4lpa oss att hj\u00e4lpa! Som medlem f\u00e5r du tidningen Djurskyddet och sedan ing\u00e5r det massa andra f\u00f6rm\u00e5ner.<\/p>\n\n\n\n<div class=\"wp-block-buttons is-content-justification-center is-layout-flex wp-container-core-buttons-is-layout-2 wp-block-buttons-is-layout-flex\">\n<div class=\"wp-block-button has-custom-font-size is-style-outline has-small-font-size is-style-outline--2\"><a class=\"wp-block-button__link wp-element-button\" href=\"#medlem\" style=\"border-radius:100px\">L\u00c4S MER<\/a><\/div>\n<\/div>\n<\/div>\n\n\n\n<div class=\"wp-block-column is-layout-flow wp-block-column-is-layout-flow\">\n<figure class=\"wp-block-image size-full\"><img loading=\"lazy\" decoding=\"async\" width=\"1024\" height=\"683\" src=\"https:\/\/www.djurskyddet.se\/flyingebygden\/wp-content\/uploads\/sites\/53\/2023\/08\/Bull4.jpeg\" alt=\"\" class=\"wp-image-10267\" srcset=\"https:\/\/www.djurskyddet.se\/flyingebygden\/wp-content\/uploads\/sites\/53\/2023\/08\/Bull4.jpeg 1024w, https:\/\/www.djurskyddet.se\/flyingebygden\/wp-content\/uploads\/sites\/53\/2023\/08\/Bull4-300x200.jpeg 300w, https:\/\/www.djurskyddet.se\/flyingebygden\/wp-content\/uploads\/sites\/53\/2023\/08\/Bull4-768x512.jpeg 768w, https:\/\/www.djurskyddet.se\/flyingebygden\/wp-content\/uploads\/sites\/53\/2023\/08\/Bull4-400x267.jpeg 400w\" sizes=\"auto, (max-width: 1024px) 100vw, 1024px\" \/><\/figure>\n\n\n\n<h3 class=\"wp-block-heading has-text-align-center\" style=\"font-size:26px;font-style:normal;font-weight:700\">Bli volont\u00e4r<\/h3>\n\n\n\n<p class=\"has-text-align-center\">Vi \u00e4r i st\u00e4ndigt behov av volont\u00e4rer som vill hj\u00e4lpa till vid v\u00e5ra olika arrangemang. Vi \u00e4r tacksamma f\u00f6r all hj\u00e4lp vi kan f\u00e5. H\u00f6ra av dig till oss s\u00e5 ber\u00e4ttar vi mer!<\/p>\n\n\n\n<div class=\"wp-block-buttons is-content-justification-center is-layout-flex wp-container-core-buttons-is-layout-3 wp-block-buttons-is-layout-flex\">\n<div class=\"wp-block-button has-custom-font-size is-style-outline has-small-font-size is-style-outline--3\"><a class=\"wp-block-button__link wp-element-button\" href=\"https:\/\/www.djurskyddet.se\/flyingebygden\/bli-volontar\/?fbclid=IwY2xjawKrnUlleHRuA2FlbQIxMABicmlkETBtWUhKd2IwdTU1TVJsQVJPAR7zjW9gz8huIYOg2ov0s9PyVcG_c8AYBw6IhikARd9ZZMsQsWiY6SXItJltgQ_aem_iitqh1tXYS2dZYDewoaiAw\" style=\"border-radius:100px\">L\u00c4S MER<\/a><\/div>\n<\/div>\n<\/div>\n<\/div>\n\n\n\n<div class=\"wp-block-columns is-layout-flex wp-container-core-columns-is-layout-2 wp-block-columns-is-layout-flex\">\n<div class=\"wp-block-column is-layout-flow wp-block-column-is-layout-flow\"><div class=\"wp-block-image\">\n<figure class=\"aligncenter size-full is-resized\"><img loading=\"lazy\" decoding=\"async\" width=\"580\" height=\"517\" src=\"https:\/\/www.djurskyddet.se\/flyingebygden\/wp-content\/uploads\/sites\/53\/2026\/01\/Skarmbild-2026-01-14-191330.jpg\" alt=\"\" class=\"wp-image-12611\" style=\"width:192px;height:auto\" srcset=\"https:\/\/www.djurskyddet.se\/flyingebygden\/wp-content\/uploads\/sites\/53\/2026\/01\/Skarmbild-2026-01-14-191330.jpg 580w, https:\/\/www.djurskyddet.se\/flyingebygden\/wp-content\/uploads\/sites\/53\/2026\/01\/Skarmbild-2026-01-14-191330-300x267.jpg 300w, https:\/\/www.djurskyddet.se\/flyingebygden\/wp-content\/uploads\/sites\/53\/2026\/01\/Skarmbild-2026-01-14-191330-400x357.jpg 400w\" sizes=\"auto, (max-width: 580px) 100vw, 580px\" \/><\/figure><\/div>\n\n\n<h3 class=\"wp-block-heading has-text-align-center\" style=\"font-size:26px;font-style:normal;font-weight:700\">Ge ett bidrag<\/h3>\n\n\n\n<p class=\"has-text-align-center\">Alla int\u00e4kter bidrar till att hj\u00e4lpa oss att hj\u00e4lpa!<br><br>Swisha valfritt belopp redan idag p\u00e5&nbsp;1230512681 eller scanna&nbsp;QR-koden ovan.<\/p>\n<\/div>\n\n\n\n<div class=\"wp-block-column is-layout-flow wp-block-column-is-layout-flow\"><div class=\"wp-block-image\">\n<figure class=\"aligncenter size-full is-resized\"><img loading=\"lazy\" decoding=\"async\" width=\"300\" height=\"200\" src=\"https:\/\/www.djurskyddet.se\/flyingebygden\/wp-content\/uploads\/sites\/53\/2022\/12\/katt_pengar-300x200-1.jpeg\" alt=\"\" class=\"wp-image-8802\" style=\"width:260px;height:auto\" \/><\/figure><\/div>\n\n\n<h3 class=\"wp-block-heading has-text-align-center\" style=\"font-size:26px;font-style:normal;font-weight:700\">Bli m\u00e5nadsgivare<\/h3>\n\n\n\n<p class=\"has-text-align-center\">Vill du ge ett bidrag varje m\u00e5nad \u00e4r det enkelt att fr\u00e5n ditt konto st\u00e4lla in en st\u00e5ende \u00f6verf\u00f6ring till v\u00e5rt konto.<\/p>\n\n\n\n<p class=\"has-text-align-center\">Alla bidrag \u00e4r sj\u00e4lvklart v\u00e4rdefulla, men en st\u00e5ende \u00f6verf\u00f6ring g\u00f6r att vi kan planera verksamheten \u00e4nnu b\u00e4ttre.<\/p>\n\n\n\n<p class=\"has-text-align-center\"><strong>Bankkonton: 12350493016<\/strong><\/p>\n<\/div>\n\n\n\n<div class=\"wp-block-column is-layout-flow wp-block-column-is-layout-flow\"><div class=\"wp-block-image\">\n<figure class=\"aligncenter size-full is-resized\"><img loading=\"lazy\" decoding=\"async\" width=\"271\" height=\"200\" src=\"https:\/\/www.djurskyddet.se\/flyingebygden\/wp-content\/uploads\/sites\/53\/2022\/12\/Hund_katt_vit-300x221-1-e1674152293352.jpeg\" alt=\"\" class=\"wp-image-8804\" style=\"width:250px;height:174px\" \/><\/figure><\/div>\n\n\n<h3 class=\"wp-block-heading has-text-align-center\" style=\"font-size:26px;font-style:normal;font-weight:700\">Testamentera<\/h3>\n\n\n\n<p class=\"has-text-align-center\">Testamentera till f\u00f6rm\u00e5n f\u00f6r djuren. Fyll i nedan Blankett och l\u00e4gg som bilaga till ditt testamente.<\/p>\n\n\n\n<p class=\"has-text-align-center\">F\u00f6r att testamentera direkt till oss ska du uppge&nbsp;<strong>Djurskyddet Flyingebygden<\/strong>&nbsp;samt v\u00e5rt org.nr.&nbsp;<strong>802539-0355<\/strong> p\u00e5 blanketten eller&nbsp;i ditt testamente.<\/p>\n\n\n\n<div class=\"wp-block-buttons is-content-justification-center is-layout-flex wp-container-core-buttons-is-layout-4 wp-block-buttons-is-layout-flex\">\n<div class=\"wp-block-button has-custom-font-size is-style-outline has-small-font-size is-style-outline--4\"><a class=\"wp-block-button__link wp-element-button\" href=\"https:\/\/www.djurskyddet.se\/flyingebygden\/wp-content\/uploads\/sites\/53\/2022\/12\/testamente.pdf\" style=\"border-radius:100px\" target=\"_blank\" rel=\"noreferrer noopener\">\u00d6PPNA BLANKETT<\/a><\/div>\n<\/div>\n<\/div>\n<\/div>\n\n\n\n<div class=\"wp-block-columns is-layout-flex wp-container-core-columns-is-layout-3 wp-block-columns-is-layout-flex\">\n<div class=\"wp-block-column is-layout-flow wp-block-column-is-layout-flow\"><div class=\"wp-block-image\">\n<figure class=\"aligncenter size-full is-resized\"><img loading=\"lazy\" decoding=\"async\" width=\"690\" height=\"525\" src=\"https:\/\/www.djurskyddet.se\/flyingebygden\/wp-content\/uploads\/sites\/53\/2025\/06\/folkspel.jpg\" alt=\"\" class=\"wp-image-11836\" style=\"width:247px;height:auto\" srcset=\"https:\/\/www.djurskyddet.se\/flyingebygden\/wp-content\/uploads\/sites\/53\/2025\/06\/folkspel.jpg 690w, https:\/\/www.djurskyddet.se\/flyingebygden\/wp-content\/uploads\/sites\/53\/2025\/06\/folkspel-300x228.jpg 300w, https:\/\/www.djurskyddet.se\/flyingebygden\/wp-content\/uploads\/sites\/53\/2025\/06\/folkspel-400x304.jpg 400w\" sizes=\"auto, (max-width: 690px) 100vw, 690px\" \/><\/figure><\/div>\n\n\n<h3 class=\"wp-block-heading has-text-align-center\" style=\"font-size:26px;font-style:normal;font-weight:700\">St\u00f6tt oss &amp; vinn sj\u00e4lv<\/h3>\n\n\n\n<p class=\"has-text-align-center\">Nu kan du k\u00f6pa &amp; spela hos Folkspel samtidigt som du hj\u00e4lper heml\u00f6sa katter till trygghet! Genom l\u00e4nken kan man k\u00f6pa Bingolotter och \u00e4ven signa upp sig p\u00e5 Joyna som har halva priset p\u00e5 prenumerationer nu under juni.<\/p>\n\n\n\n<div class=\"wp-block-buttons is-content-justification-center is-layout-flex wp-container-core-buttons-is-layout-5 wp-block-buttons-is-layout-flex\">\n<div class=\"wp-block-button has-custom-font-size is-style-outline has-small-font-size is-style-outline--5\"><a class=\"wp-block-button__link wp-element-button\" href=\"https:\/\/www.djurskyddet.se\/flyingebygden\/folkspel-djurskyddet-flyingebygden\/\" style=\"border-radius:100px\">L\u00c4S MER<\/a><\/div>\n<\/div>\n<\/div>\n\n\n\n<div class=\"wp-block-column is-layout-flow wp-block-column-is-layout-flow\">\n<figure class=\"wp-block-image size-full\"><img loading=\"lazy\" decoding=\"async\" width=\"300\" height=\"103\" src=\"https:\/\/www.djurskyddet.se\/flyingebygden\/wp-content\/uploads\/sites\/53\/2022\/12\/sponsorhuset-300x103-1.jpeg\" alt=\"\" class=\"wp-image-8799\" \/><\/figure>\n\n\n\n<p><br><\/p>\n\n\n\n<h3 class=\"wp-block-heading has-text-align-center\" style=\"font-size:26px;font-style:normal;font-weight:700;text-transform:none\">Handla\/boka via Sponsorhuset<\/h3>\n\n\n\n<p class=\"has-text-align-center\">N\u00e4thandla eller boka ditt hotell via Sponsorhuset \u2013 \u00f6ver 600 st butiker anslutna, s\u00e5 f\u00e5r b\u00e5de du sj\u00e4lv och Djurskyddet Flyingebygden pengar tillbaka (g\u00e4ller \u00e4ven f\u00f6retag). Inget blir dyrare f\u00f6r dig som handlar.<br>Kom ig\u00e5ng h\u00e4r och tipsa g\u00e4rna era v\u00e4nner!<\/p>\n\n\n\n<div class=\"wp-block-buttons is-content-justification-center is-layout-flex wp-container-core-buttons-is-layout-6 wp-block-buttons-is-layout-flex\">\n<div class=\"wp-block-button has-custom-font-size is-style-outline has-small-font-size is-style-outline--6\"><a class=\"wp-block-button__link wp-element-button\" href=\"https:\/\/www.sponsorhuset.se\/djurskyddetflyingebygden\/intro\" style=\"border-radius:100px\" target=\"_blank\" rel=\"noreferrer noopener\">L\u00c4S MER<\/a><\/div>\n<\/div>\n<\/div>\n\n\n\n<div class=\"wp-block-column is-layout-flow wp-block-column-is-layout-flow\">\n<figure class=\"wp-block-image size-full is-resized\"><img loading=\"lazy\" decoding=\"async\" width=\"839\" height=\"580\" src=\"https:\/\/www.djurskyddet.se\/flyingebygden\/wp-content\/uploads\/sites\/53\/2023\/06\/Omslag-e1699439302977.png\" alt=\"\" class=\"wp-image-10147\" style=\"aspect-ratio:1.446551724137931;width:274px;height:auto\" srcset=\"https:\/\/www.djurskyddet.se\/flyingebygden\/wp-content\/uploads\/sites\/53\/2023\/06\/Omslag-e1699439302977.png 839w, https:\/\/www.djurskyddet.se\/flyingebygden\/wp-content\/uploads\/sites\/53\/2023\/06\/Omslag-e1699439302977-300x207.png 300w, https:\/\/www.djurskyddet.se\/flyingebygden\/wp-content\/uploads\/sites\/53\/2023\/06\/Omslag-e1699439302977-768x531.png 768w, https:\/\/www.djurskyddet.se\/flyingebygden\/wp-content\/uploads\/sites\/53\/2023\/06\/Omslag-e1699439302977-400x277.png 400w\" sizes=\"auto, (max-width: 839px) 100vw, 839px\" \/><\/figure>\n\n\n\n<h3 class=\"wp-block-heading has-text-align-center\" style=\"font-size:26px;font-style:normal;font-weight:700\">Ge bort ett g\u00e5vobrev<\/h3>\n\n\n\n<p class=\"has-text-align-center\">Ge bort en g\u00e5va som visar omtanke f\u00f6r heml\u00f6sa katter i Flyingebygden med omnejd. V\u00e4l sj\u00e4lv om du vill skicka med en personlig h\u00e4lsning eller varf\u00f6r inte en fin dikt.&nbsp;<\/p>\n\n\n\n<div class=\"wp-block-buttons is-content-justification-center is-layout-flex wp-container-core-buttons-is-layout-7 wp-block-buttons-is-layout-flex\">\n<div class=\"wp-block-button has-custom-font-size is-style-outline has-small-font-size is-style-outline--7\"><a class=\"wp-block-button__link wp-element-button\" href=\"https:\/\/www.djurskyddet.se\/flyingebygden\/gavobrev\/\" style=\"border-radius:100px\">L\u00c4S MER<\/a><\/div>\n<\/div>\n<\/div>\n<\/div>\n\n\n\n<div class=\"wp-block-columns is-layout-flex wp-container-core-columns-is-layout-4 wp-block-columns-is-layout-flex\">\n<div class=\"wp-block-column is-vertically-aligned-center is-layout-flow wp-block-column-is-layout-flow\"><div class=\"wp-block-image\">\n<figure class=\"aligncenter size-full is-resized\"><img loading=\"lazy\" decoding=\"async\" width=\"1024\" height=\"764\" src=\"https:\/\/www.djurskyddet.se\/flyingebygden\/wp-content\/uploads\/sites\/53\/2023\/11\/armband.jpeg\" alt=\"\" class=\"wp-image-10727\" style=\"width:224px;height:auto\" srcset=\"https:\/\/www.djurskyddet.se\/flyingebygden\/wp-content\/uploads\/sites\/53\/2023\/11\/armband.jpeg 1024w, https:\/\/www.djurskyddet.se\/flyingebygden\/wp-content\/uploads\/sites\/53\/2023\/11\/armband-300x224.jpeg 300w, https:\/\/www.djurskyddet.se\/flyingebygden\/wp-content\/uploads\/sites\/53\/2023\/11\/armband-768x573.jpeg 768w, https:\/\/www.djurskyddet.se\/flyingebygden\/wp-content\/uploads\/sites\/53\/2023\/11\/armband-400x298.jpeg 400w\" sizes=\"auto, (max-width: 1024px) 100vw, 1024px\" \/><\/figure><\/div>\n\n\n<h3 class=\"wp-block-heading has-text-align-center\" style=\"font-size:26px;font-style:normal;font-weight:700\">K\u00f6p v\u00e5ra armband &amp; nyckelring<\/h3>\n\n\n\n<p class=\"has-text-align-center\">Vi s\u00e4ljer v\u00e5ra armband och nyckelringar i Automaterna i Flyinge och Revinge, samt hos Distriktsveterin\u00e4rerna Flyinge. De har blivit en tillf\u00f6rlitlig inkomst f\u00f6r oss. De kostar 30 &#8211; 50 kr styck och pengarna g\u00e5r oavkortat till veterin\u00e4rv\u00e5rden av katter som vi tar emot.<\/p>\n<\/div>\n\n\n\n<div class=\"wp-block-column is-vertically-aligned-center is-layout-flow wp-block-column-is-layout-flow\"><div class=\"wp-block-image\">\n<figure class=\"aligncenter size-full is-resized\"><img loading=\"lazy\" decoding=\"async\" width=\"1024\" height=\"656\" src=\"https:\/\/www.djurskyddet.se\/flyingebygden\/wp-content\/uploads\/sites\/53\/2024\/11\/c0142d64-9fba-4757-b7b7-b7d1b1f21dc6.jpg\" alt=\"\" class=\"wp-image-11582\" style=\"width:250px;height:auto\" srcset=\"https:\/\/www.djurskyddet.se\/flyingebygden\/wp-content\/uploads\/sites\/53\/2024\/11\/c0142d64-9fba-4757-b7b7-b7d1b1f21dc6.jpg 1024w, https:\/\/www.djurskyddet.se\/flyingebygden\/wp-content\/uploads\/sites\/53\/2024\/11\/c0142d64-9fba-4757-b7b7-b7d1b1f21dc6-300x192.jpg 300w, https:\/\/www.djurskyddet.se\/flyingebygden\/wp-content\/uploads\/sites\/53\/2024\/11\/c0142d64-9fba-4757-b7b7-b7d1b1f21dc6-768x492.jpg 768w, https:\/\/www.djurskyddet.se\/flyingebygden\/wp-content\/uploads\/sites\/53\/2024\/11\/c0142d64-9fba-4757-b7b7-b7d1b1f21dc6-400x256.jpg 400w\" sizes=\"auto, (max-width: 1024px) 100vw, 1024px\" \/><\/figure><\/div>\n\n\n<h3 class=\"wp-block-heading has-text-align-center\" style=\"font-size:26px;font-style:normal;font-weight:700;text-transform:none\">Kalender 2026<\/h3>\n\n\n\n<p class=\"has-text-align-center\">V\u00e5r kalender finns just nu att k\u00f6pa i Automaterna i Revinge och Flyinge, Ica Harl\u00f6sa, Dalbyveterin\u00e4ren, Distriktsveterin\u00e4rerna i Flyinge, Ryttare &amp; H\u00e4st, HundoMera, CoM Djurklinik &amp; Sj\u00f6bo Djurklinik eller f\u00e5 den hemskickad.<\/p>\n\n\n\n<div class=\"wp-block-buttons is-content-justification-center is-layout-flex wp-container-core-buttons-is-layout-8 wp-block-buttons-is-layout-flex\">\n<div class=\"wp-block-button has-custom-font-size is-style-outline has-small-font-size is-style-outline--8\"><a class=\"wp-block-button__link wp-element-button\" href=\"https:\/\/www.djurskyddet.se\/flyingebygden\/arskalender-2024\/\" style=\"border-radius:100px\">BEST\u00c4LL KALENDERN<\/a><\/div>\n<\/div>\n<\/div>\n\n\n\n<div class=\"wp-block-column is-vertically-aligned-center is-layout-flow wp-block-column-is-layout-flow\">\n<figure class=\"wp-block-image size-full\"><img loading=\"lazy\" decoding=\"async\" width=\"300\" height=\"200\" src=\"https:\/\/www.djurskyddet.se\/flyingebygden\/wp-content\/uploads\/sites\/53\/2022\/12\/katt_leksak-300x200-1.jpeg\" alt=\"\" class=\"wp-image-8801\" \/><\/figure>\n\n\n\n<h3 class=\"wp-block-heading has-text-align-center\" style=\"font-size:26px;font-style:normal;font-weight:700\">Djurhemspaket<\/h3>\n\n\n\n<p class=\"has-text-align-center\">K\u00f6pa ett djurhemspaket fr\u00e5n Charity Bowl med levereras direkt till oss. Vi \u00e4r i st\u00f6rst behov av&nbsp;leksaker,&nbsp;kl\u00f6sartiklar &amp;&nbsp;b\u00e4ddar. Best\u00e4ll ett paket redan idag!<\/p>\n\n\n\n<p class=\"has-text-align-center\"><\/p>\n\n\n\n<div class=\"wp-block-buttons is-content-justification-center is-layout-flex wp-container-core-buttons-is-layout-9 wp-block-buttons-is-layout-flex\">\n<div class=\"wp-block-button has-custom-font-size is-style-outline has-small-font-size is-style-outline--9\"><a class=\"wp-block-button__link wp-element-button\" href=\"https:\/\/charitybowl.se\/\" style=\"border-radius:100px\" target=\"_blank\" rel=\"noreferrer noopener\">L\u00c4S MER<\/a><\/div>\n<\/div>\n\n\n\n<p class=\"has-text-align-center\"><\/p>\n<\/div>\n<\/div>\n\n\n\n<div style=\"height:66px\" aria-hidden=\"true\" class=\"wp-block-spacer\"><\/div>\n\n\n\n<hr class=\"wp-block-separator has-alpha-channel-opacity\" \/>\n\n\n\n<h1 class=\"wp-block-heading has-text-align-center\" id=\"medlem\">Bli medlem<\/h1>\n\n\n<div class=\"wp-block-image is-style-rounded\">\n<figure class=\"aligncenter size-full\"><img loading=\"lazy\" decoding=\"async\" width=\"1024\" height=\"645\" src=\"https:\/\/www.djurskyddet.se\/flyingebygden\/wp-content\/uploads\/sites\/53\/2024\/10\/IMG_20240928_215231790-1-e1749497797171.jpg\" alt=\"\" class=\"wp-image-11547\" srcset=\"https:\/\/www.djurskyddet.se\/flyingebygden\/wp-content\/uploads\/sites\/53\/2024\/10\/IMG_20240928_215231790-1-e1749497797171.jpg 1024w, https:\/\/www.djurskyddet.se\/flyingebygden\/wp-content\/uploads\/sites\/53\/2024\/10\/IMG_20240928_215231790-1-e1749497797171-300x189.jpg 300w, https:\/\/www.djurskyddet.se\/flyingebygden\/wp-content\/uploads\/sites\/53\/2024\/10\/IMG_20240928_215231790-1-e1749497797171-768x484.jpg 768w, https:\/\/www.djurskyddet.se\/flyingebygden\/wp-content\/uploads\/sites\/53\/2024\/10\/IMG_20240928_215231790-1-e1749497797171-400x252.jpg 400w\" sizes=\"auto, (max-width: 1024px) 100vw, 1024px\" \/><\/figure><\/div>\n\n\n<p><\/p>\n\n\n\n<p class=\"has-text-align-center\"><strong>Medlemskap i Djurskyddet Flyingebygden <\/strong><br><strong>kostar&nbsp;240 kr per \u00e5r. <\/strong><\/p>\n\n\n\n<div style=\"height:20px\" aria-hidden=\"true\" class=\"wp-block-spacer\"><\/div>\n\n\n\n<div class=\"wp-block-columns is-layout-flex wp-container-core-columns-is-layout-5 wp-block-columns-is-layout-flex\">\n<div class=\"wp-block-column is-layout-flow wp-block-column-is-layout-flow\">\n<p>Medlemskapet \u00e4r inte baserat p\u00e5 kalender\u00e5r, utan om du blir medlem i dag f\u00e5r du en f\u00f6rfr\u00e5gan om att f\u00f6rl\u00e4nga ditt medlemskap om 12 m\u00e5nader. Som medlem i Djurskyddet Flyingebygden \u00e4r du ocks\u00e5 medlem i riksf\u00f6rbundet Djurskyddet Sverige och f\u00e5r Tidningen Djurskyddet fyra g\u00e5nger per \u00e5r, b\u00e5de i brevl\u00e5dan och i appen TD. Ladda ner den d\u00e4r appar finns! Dessutom kan du l\u00e4sa intressanta djurskyddsnyheter p\u00e5 <a href=\"https:\/\/tidningen.djurskyddet.se\/\"><strong>webbtidningen<\/strong> <\/a>och kan ta del av ett antal\u202ffina <strong><a href=\"https:\/\/www.djurskyddet.se\/stod-oss\/bli-medlem\/medlemsformaner\/\">medlemsf\u00f6rm\u00e5ner<\/a><\/strong>, s\u00e5som rabatt hos olika n\u00e4tbutiker.&nbsp;<\/p>\n<\/div>\n\n\n\n<div class=\"wp-block-column is-layout-flow wp-block-column-is-layout-flow\">\n<p>Du blir ocks\u00e5 kallad till Djurskyddet Flyingebygdens \u00e5rsm\u00f6te, d\u00e4r du kan ta del av vad som h\u00e4nt i f\u00f6reningen under det g\u00e5ngna \u00e5ret. Vi brukar d\u00e5 ocks\u00e5 bjuda in en intressant g\u00e4stf\u00f6rel\u00e4sare. Du f\u00f6rbinder dig inte till n\u00e5got som medlem men vill du aktivera dig finns det mycket att g\u00f6ra. Vi tar tacksamt emot f\u00f6rslag p\u00e5 hur vi kan bli b\u00e4ttre.<\/p>\n\n\n\n<p>Registrera dig som medlem p\u00e5\u202fDjurskyddet Sveriges hemsida. <strong>Se till att v\u00e4lja Djurskyddet Flyingebygden <\/strong>som din lokalf\u00f6rening.&nbsp;<\/p>\n<\/div>\n<\/div>\n\n\n\n<div class=\"wp-block-buttons is-content-justification-center is-layout-flex wp-container-core-buttons-is-layout-10 wp-block-buttons-is-layout-flex\">\n<div class=\"wp-block-button has-custom-font-size has-small-font-size\"><a class=\"wp-block-button__link has-white-color has-text-color has-background has-link-color wp-element-button\" href=\"https:\/\/donation.djurskyddet.se\/s\/medlem\" style=\"background-color:#00a64a\"><strong>Bli medlem h\u00e4r<\/strong><\/a><\/div>\n<\/div>\n\n\n\n<p><\/p>\n\n\n\n<h4 class=\"wp-block-heading has-text-align-center has-medium-font-size\" style=\"font-style:normal;font-weight:700\">Tack f\u00f6r att du st\u00f6djer v\u00e5rt arbete f\u00f6r djuren!<\/h4>\n\n\n\n<p class=\"has-text-align-center has-vivid-red-color has-text-color\">Observera att du inom ett par minuter ska f\u00e5 ett bekr\u00e4ftelse-epostmeddelande fr\u00e5n oss, om detta skulle utebli v\u00e4nligen kolla d\u00e5 om meddelandet hamnat i din mapp f\u00f6r skr\u00e4ppost, s\u00e5 att du inte riskerar att missa svar fr\u00e5n oss! Ett personligt svar skickar vi i regel inom ett par dagar.<\/p>\n","protected":false},"excerpt":{"rendered":"<p>V\u00e5r verksamhet \u00e4r helt beroende av st\u00f6d och hj\u00e4lp fr\u00e5n allm\u00e4nheten. Ingen kan g\u00f6ra allt, men alla kan g\u00f6ra n\u00e5got! Vad kan DU hj\u00e4lpa oss med? Bli jourhem Utan jourhem kan vi inte hj\u00e4lpa! Vi letar efter dig som vill hj\u00e4lpa till och som vill vara med p\u00e5 ett djurs resa fr\u00e5n otrygg och heml\u00f6s till \u00e4lskad och skyddad. Bli medlem Alla int\u00e4kter bidrar till att hj\u00e4lpa oss att hj\u00e4lpa!&hellip;<\/p>\n<p><a class=\"more-link\" href=\"https:\/\/www.djurskyddet.se\/flyingebygden\/stod-oss\/\" title=\"Continue reading &lsquo;St\u00f6d oss&rsquo;\">L&auml;s mer<span class=\"meta-nav\">&raquo;<\/span><\/a><\/p>\n","protected":false},"author":3,"featured_media":0,"parent":0,"menu_order":0,"comment_status":"closed","ping_status":"closed","template":"page-templates\/full-width.php","meta":{"_acf_changed":false,"footnotes":""},"class_list":["post-5506","page","type-page","status-publish","hentry"],"acf":[],"_links":{"self":[{"href":"https:\/\/www.djurskyddet.se\/flyingebygden\/wp-json\/wp\/v2\/pages\/5506","targetHints":{"allow":["GET"]}}],"collection":[{"href":"https:\/\/www.djurskyddet.se\/flyingebygden\/wp-json\/wp\/v2\/pages"}],"about":[{"href":"https:\/\/www.djurskyddet.se\/flyingebygden\/wp-json\/wp\/v2\/types\/page"}],"author":[{"embeddable":true,"href":"https:\/\/www.djurskyddet.se\/flyingebygden\/wp-json\/wp\/v2\/users\/3"}],"replies":[{"embeddable":true,"href":"https:\/\/www.djurskyddet.se\/flyingebygden\/wp-json\/wp\/v2\/comments?post=5506"}],"version-history":[{"count":133,"href":"https:\/\/www.djurskyddet.se\/flyingebygden\/wp-json\/wp\/v2\/pages\/5506\/revisions"}],"predecessor-version":[{"id":12743,"href":"https:\/\/www.djurskyddet.se\/flyingebygden\/wp-json\/wp\/v2\/pages\/5506\/revisions\/12743"}],"wp:attachment":[{"href":"https:\/\/www.djurskyddet.se\/flyingebygden\/wp-json\/wp\/v2\/media?parent=5506"}],"curies":[{"name":"wp","href":"https:\/\/api.w.org\/{rel}","templated":true}]}}