{"id":5508,"date":"2018-09-24T11:11:23","date_gmt":"2018-09-24T11:11:23","guid":{"rendered":"http:\/\/www.djurskyddet.se\/landskrona\/?page_id=5508"},"modified":"2026-01-26T10:14:58","modified_gmt":"2026-01-26T10:14:58","slug":"djurformedling","status":"publish","type":"page","link":"https:\/\/www.djurskyddet.se\/flyingebygden\/djurformedling\/","title":{"rendered":"Adoption"},"content":{"rendered":"\n<p class=\"has-text-align-center\"><strong>En stor del av f\u00f6reningens arbete handlar om att hj\u00e4lpa vanv\u00e5rdade och heml\u00f6sa djur \u2013 fr\u00e4mst katter \u2013 till en b\u00e4ttre tillvaro. Det kan inneb\u00e4ra \u00e5terf\u00f6rening med sitt ursprungliga hem, omplacering till ett nytt tryggt och k\u00e4rleksfullt hem eller, i de sv\u00e5raste fallen, att f\u00e5 somna in n\u00e4r skador eller sjukdom \u00e4r bortom r\u00e4ddning.<\/strong><\/p>\n\n\n\n<p class=\"has-text-align-center\">Via knapparna nedan kan du v\u00e4lja att se vilka katter som just nu s\u00f6ker ett nytt hem, eller ta del av ber\u00e4ttelserna om alla de katter vi har hj\u00e4lpt genom \u00e5ren.<\/p>\n\n\n\n<p class=\"has-text-align-center\">L\u00e4ngre ner p\u00e5 sidan hittar du information om hur v\u00e5r adoptionsprocess g\u00e5r till, vilka kostnader som g\u00e4ller samt ett intresseformul\u00e4r f\u00f6r dig som vill ans\u00f6ka om att adoptera en katt via oss.<strong> <\/strong><\/p>\n\n\n\n<div class=\"wp-block-columns is-layout-flex wp-container-core-columns-is-layout-1 wp-block-columns-is-layout-flex\">\n<div class=\"wp-block-column is-vertically-aligned-center is-layout-flow wp-block-column-is-layout-flow\"><div class=\"wp-block-image\">\n<figure class=\"aligncenter size-full is-resized\"><a href=\"https:\/\/www.djurskyddet.se\/flyingebygden\/soker-hem\/\"><img loading=\"lazy\" decoding=\"async\" width=\"976\" height=\"1024\" src=\"https:\/\/www.djurskyddet.se\/flyingebygden\/wp-content\/uploads\/sites\/53\/2026\/01\/Soker-hem-3.jpg\" alt=\"\" class=\"wp-image-12730\" style=\"width:208px;height:auto\" srcset=\"https:\/\/www.djurskyddet.se\/flyingebygden\/wp-content\/uploads\/sites\/53\/2026\/01\/Soker-hem-3.jpg 976w, https:\/\/www.djurskyddet.se\/flyingebygden\/wp-content\/uploads\/sites\/53\/2026\/01\/Soker-hem-3-286x300.jpg 286w, https:\/\/www.djurskyddet.se\/flyingebygden\/wp-content\/uploads\/sites\/53\/2026\/01\/Soker-hem-3-768x806.jpg 768w, https:\/\/www.djurskyddet.se\/flyingebygden\/wp-content\/uploads\/sites\/53\/2026\/01\/Soker-hem-3-400x420.jpg 400w\" sizes=\"auto, (max-width: 976px) 100vw, 976px\" \/><\/a><\/figure><\/div><\/div>\n\n\n\n<div class=\"wp-block-column is-layout-flow wp-block-column-is-layout-flow\"><div class=\"wp-block-image\">\n<figure class=\"aligncenter size-full is-resized\"><a href=\"https:\/\/www.djurskyddet.se\/flyingebygden\/djur-vi-hjalpt\/2026\"><img loading=\"lazy\" decoding=\"async\" width=\"976\" height=\"1024\" src=\"https:\/\/www.djurskyddet.se\/flyingebygden\/wp-content\/uploads\/sites\/53\/2026\/01\/Soker-hem-2.jpg\" alt=\"\" class=\"wp-image-12732\" style=\"width:210px;height:auto\" srcset=\"https:\/\/www.djurskyddet.se\/flyingebygden\/wp-content\/uploads\/sites\/53\/2026\/01\/Soker-hem-2.jpg 976w, https:\/\/www.djurskyddet.se\/flyingebygden\/wp-content\/uploads\/sites\/53\/2026\/01\/Soker-hem-2-286x300.jpg 286w, https:\/\/www.djurskyddet.se\/flyingebygden\/wp-content\/uploads\/sites\/53\/2026\/01\/Soker-hem-2-768x806.jpg 768w, https:\/\/www.djurskyddet.se\/flyingebygden\/wp-content\/uploads\/sites\/53\/2026\/01\/Soker-hem-2-400x420.jpg 400w\" sizes=\"auto, (max-width: 976px) 100vw, 976px\" \/><\/a><\/figure><\/div><\/div>\n<\/div>\n\n\n\n<hr class=\"wp-block-separator has-alpha-channel-opacity\" \/>\n\n\n\n<h3 class=\"wp-block-heading has-text-align-center\" id=\"adoptera\" style=\"font-size:26px;font-style:normal;font-weight:700\">Att adoptera<\/h3>\n\n\n<div class=\"wp-block-image\">\n<figure class=\"aligncenter size-full\"><img loading=\"lazy\" decoding=\"async\" width=\"800\" height=\"430\" src=\"https:\/\/www.djurskyddet.se\/flyingebygden\/wp-content\/uploads\/sites\/53\/2023\/01\/pexels-tatiana-syrikova-3933879_2.jpg\" alt=\"\" class=\"wp-image-9248\" style=\"object-fit:cover\" srcset=\"https:\/\/www.djurskyddet.se\/flyingebygden\/wp-content\/uploads\/sites\/53\/2023\/01\/pexels-tatiana-syrikova-3933879_2.jpg 800w, https:\/\/www.djurskyddet.se\/flyingebygden\/wp-content\/uploads\/sites\/53\/2023\/01\/pexels-tatiana-syrikova-3933879_2-300x161.jpg 300w, https:\/\/www.djurskyddet.se\/flyingebygden\/wp-content\/uploads\/sites\/53\/2023\/01\/pexels-tatiana-syrikova-3933879_2-768x413.jpg 768w, https:\/\/www.djurskyddet.se\/flyingebygden\/wp-content\/uploads\/sites\/53\/2023\/01\/pexels-tatiana-syrikova-3933879_2-400x215.jpg 400w\" sizes=\"auto, (max-width: 800px) 100vw, 800px\" \/><\/figure><\/div>\n\n\n<p class=\"has-text-align-center\"><br><strong>Viktigt att t\u00e4nka p\u00e5 f\u00f6r er som vill adoptera en katt som varit heml\u00f6s \u00e4r att den kan ha varit med om<\/strong><br><strong>m\u00e5nga ot\u00e4cka och otrevliga h\u00e4ndelser och blivit \u00f6vergiven av m\u00e4nniskor som den \u00e4lskat och k\u00e4nt sig<\/strong><br><strong>trygg hos. D\u00e4rf\u00f6r beh\u00f6ver den tid att bli trygg i sitt nya hem. <\/strong><\/p>\n\n\n\n<div class=\"wp-block-columns is-layout-flex wp-container-core-columns-is-layout-2 wp-block-columns-is-layout-flex\">\n<div class=\"wp-block-column is-layout-flow wp-block-column-is-layout-flow\">\n<h2 class=\"wp-block-heading\">Adoptera katt<\/h2>\n\n\n\n<p>Dessa katter kommer inte fr\u00e5n trygga hem d\u00e4r de v\u00e4xt upp med k\u00e4rlek och omv\u00e5rdnad. Katter som varit utsatta f\u00f6r traumatiska h\u00e4ndelser kan bli underbara trygga familjemedlemmar genom att de f\u00e5r en m\u00f6jlighet att skapa goda relationer till sina nya \u00e4gare eller andra djur i hemmet. Viktigt \u00e4r ocks\u00e5 att se till att katternas behov tillgodoses. Som katt\u00e4gare \u00e4r du idag skyldig att skaffa den kunskap och kompetens som kr\u00e4vs f\u00f6r att ge katten ett bra liv.<\/p>\n\n\n\n<p>Alla katter har olika personlighet s\u00e5 vi f\u00f6rs\u00f6ker att matcha katterna s\u00e5 att de passar med det nya hemmet. F\u00f6r oss \u00e4r inte det viktigaste att hitta ett hem till katten utan&nbsp;<strong>att hitta r\u00e4tt hem till katten<\/strong>. N\u00e4r vi f\u00e5tt in en intresseanm\u00e4lan tar vi kontakt och bokar tid f\u00f6r ett hembes\u00f6k hos den som vill adoptera katten f\u00f6r att se hur milj\u00f6n f\u00f6r katten kommer att se ut. D\u00e5 kan vi ocks\u00e5 komma med r\u00e5d och tips om saker som kan g\u00f6ras f\u00f6r att det ska bli s\u00e5 bra som m\u00f6jligt. Om vi tror att det kan bli ett bra hem f\u00f6r den aktuella katten best\u00e4mmer vi tid f\u00f6r m\u00f6te s\u00e5 att ni f\u00e5r tr\u00e4ffa katten. Vi vill se hur m\u00f6tet mellan katten och den nya \u00e4garen fungerar. <\/p>\n\n\n\n<p>Vid \u00f6verenskommelse om adoption skrivs ett kontrakt i samband med betalning av adoptionsavgiften. <br>Adoptionsavgiften f\u00f6r en ungkatt eller vuxen katt ligger p\u00e5 1950 kr och d\u00e5 \u00e4r de kastrerade, vaccinerade, chipm\u00e4rkta och f\u00f6rs\u00e4krade. Vill ni adoptera ett par, d\u00e5 bli adoptionsavgiften f\u00f6r b\u00e5da 3650 kr. <\/p>\n<\/div>\n\n\n\n<div class=\"wp-block-column is-layout-flow wp-block-column-is-layout-flow\">\n<p><br>Adoptionsavgiften f\u00f6r en kattunge ligger p\u00e5 2950 kr och d\u00e5 \u00e4r de avmaskade, kastrerade, vaccinerade 2 g\u00e5nger, chipm\u00e4rkta och f\u00f6rs\u00e4krade. Vill ni adoptera ett par, d\u00e5 bli adoptionsavgiften f\u00f6r b\u00e5da 5150 kr. <strong>Kattungar yngre \u00e4n 6 m\u00e5nader adopteras inte ut ensamma<\/strong> utan tillsammans med syskon, mamma eller en <strong>sn\u00e4ll, lekfull kattkompis<\/strong> som redan finns i hemmet. V\u00e5ra kattungar s\u00e4ljs besiktigade och med Svelands dolda-fel f\u00f6rs\u00e4kring, vilket inneb\u00e4r att de \u00e4r f\u00f6rs\u00e4krade om ett medf\u00f6tt eller dolt fel som inte uppt\u00e4ckts vid veterin\u00e4rbesiktningen skulle visa sig efter k\u00f6pet. Kattungar adopteras ut tidigast efter 14 veckors \u00e5lder, det beror p\u00e5 om vi anser att de \u00e4r redo att flytta till nya hem. Eftersom vi ibland tar in honor med ungar som levt ute under d\u00e5liga f\u00f6rh\u00e5llanden s\u00e5 kan det ta tid med b\u00e5de veterin\u00e4rbehandlingar och att f\u00e5 katterna socialiserade. Att kastrera katter tidigt \u00e4r ingen nackdel, dock \u00e4r det ganska nytt i Sverige. I andra l\u00e4nder har detta varit praxis l\u00e4nge och forskning visar att det inte p\u00e5verkar tillv\u00e4xten eller den mentala utvecklingen. Vi kastrerar oftast hos Distriktveterin\u00e4rerna, som \u00e4r en del av Jordbruksverket. <br>Genom att alltid tillse att katter som l\u00e4mnar oss \u00e4r kastrerade tar vi fullt ansvar f\u00f6r att se till att inte fler o\u00f6nskade katter f\u00f6ds.<\/p>\n\n\n\n<h2 class=\"wp-block-heading\">Adoptera hund<\/h2>\n\n\n\n<p>Det h\u00e4nder att vi, i enstaka fall, \u00e4ven f\u00f6rmedlar hund pga speciella omst\u00e4ndigheter. Man v\u00e5rt st\u00f6rsta fokus \u00e4r att hj\u00e4lpa heml\u00f6s katter till en b\u00e4ttre tillvaro.<\/p>\n<\/div>\n<\/div>\n\n\n\n<h3 class=\"wp-block-heading\" id=\"intresseanmalan\" style=\"font-size:26px;font-style:normal;font-weight:700\">Intresseanm\u00e4lan f\u00f6r adoption<\/h3>\n\n\n\n<p>Fyll i och skicka in en intresseanm\u00e4lan nedan om du \u00e4r intresserad av att adoptera ett djur. <a href=\"https:\/\/www.djurskyddet.se\/flyingebygden\/soker-hem\/\">Klicka h\u00e4r<\/a> f\u00f6r att se vilka individer som s\u00f6ker hem just nu.<\/p>\n\n\n\n<p class=\"has-vivid-red-color has-text-color\">Observera att du inom ett par minuter ska f\u00e5 ett bekr\u00e4ftelse-epostmeddelande fr\u00e5n oss, om detta skulle utebli v\u00e4nligen kolla d\u00e5 om meddelandet hamnat i din mapp f\u00f6r skr\u00e4ppost, s\u00e5 att du inte riskerar att missa svar fr\u00e5n oss! Ett personligt svar skickar vi i regel inom ett par dagar.<\/p>\n\n\n\n<div class=\"wp-block-contact-form-7-contact-form-selector\">\n<div class=\"wpcf7 no-js\" id=\"wpcf7-f5502-o1\" lang=\"sv-SE\" dir=\"ltr\" data-wpcf7-id=\"5502\">\n<div class=\"screen-reader-response\"><p role=\"status\" aria-live=\"polite\" aria-atomic=\"true\"><\/p> <ul><\/ul><\/div>\n<form action=\"\/flyingebygden\/wp-json\/wp\/v2\/pages\/5508#wpcf7-f5502-o1\" method=\"post\" class=\"wpcf7-form init\" aria-label=\"Kontaktformul\u00e4r\" novalidate=\"novalidate\" data-status=\"init\">\n<fieldset class=\"hidden-fields-container\"><input type=\"hidden\" name=\"_wpcf7\" value=\"5502\" \/><input type=\"hidden\" name=\"_wpcf7_version\" value=\"6.1\" \/><input type=\"hidden\" name=\"_wpcf7_locale\" value=\"sv_SE\" \/><input type=\"hidden\" name=\"_wpcf7_unit_tag\" value=\"wpcf7-f5502-o1\" \/><input type=\"hidden\" name=\"_wpcf7_container_post\" value=\"0\" \/><input type=\"hidden\" name=\"_wpcf7_posted_data_hash\" value=\"\" \/><input type=\"hidden\" name=\"_wpcf7_recaptcha_response\" value=\"\" \/>\n<\/fieldset>\n<div class=\"uacf7-form-wrapper-container uacf7-form-5502  \"><label> Ditt namn*\n    <span class=\"wpcf7-form-control-wrap\" data-name=\"namn\"><input size=\"40\" maxlength=\"400\" class=\"wpcf7-form-control wpcf7-text wpcf7-validates-as-required\" aria-required=\"true\" aria-invalid=\"false\" value=\"\" type=\"text\" name=\"namn\" \/><\/span> <\/label>\n\n<label> \u00c5lder*\n<span class=\"wpcf7-form-control-wrap\" data-name=\"alder\"><input size=\"40\" maxlength=\"400\" class=\"wpcf7-form-control wpcf7-text wpcf7-validates-as-required\" aria-required=\"true\" aria-invalid=\"false\" value=\"\" type=\"text\" name=\"alder\" \/><\/span> <\/label>\n\n<label> Ort*\n    <span class=\"wpcf7-form-control-wrap\" data-name=\"boendeort\"><input size=\"40\" maxlength=\"400\" class=\"wpcf7-form-control wpcf7-text wpcf7-validates-as-required\" aria-required=\"true\" aria-invalid=\"false\" value=\"\" type=\"text\" name=\"boendeort\" \/><\/span> <\/label>\n\n<label> Boendesituation*\n    <span class=\"wpcf7-form-control-wrap\" data-name=\"boendesituation\"><input size=\"40\" maxlength=\"400\" class=\"wpcf7-form-control wpcf7-text wpcf7-validates-as-required\" aria-required=\"true\" aria-invalid=\"false\" value=\"\" type=\"text\" name=\"boendesituation\" \/><\/span> <\/label>\n\n<label>Relationsstatus och familj*\n<span class=\"wpcf7-form-control-wrap\" data-name=\"familj\"><input size=\"40\" maxlength=\"400\" class=\"wpcf7-form-control wpcf7-text wpcf7-validates-as-required\" aria-required=\"true\" aria-invalid=\"false\" value=\"\" type=\"text\" name=\"familj\" \/><\/span><\/label>\n\n<label>Arbete eller annan syssels\u00e4ttning*\n<span class=\"wpcf7-form-control-wrap\" data-name=\"arbete\"><input size=\"40\" maxlength=\"400\" class=\"wpcf7-form-control wpcf7-text wpcf7-validates-as-required\" aria-required=\"true\" aria-invalid=\"false\" value=\"\" type=\"text\" name=\"arbete\" \/><\/span><\/label>\n\n<label>Information om eventuella andra husdjur\n<span class=\"wpcf7-form-control-wrap\" data-name=\"tidigare-djur\"><input size=\"40\" maxlength=\"400\" class=\"wpcf7-form-control wpcf7-text\" aria-invalid=\"false\" value=\"\" type=\"text\" name=\"tidigare-djur\" \/><\/span><\/label>\n\nS\u00f6ker du innekatt\/utekatt?*\n<span class=\"wpcf7-form-control-wrap\" data-name=\"typavdjur\"><select class=\"wpcf7-form-control wpcf7-select wpcf7-validates-as-required\" aria-required=\"true\" aria-invalid=\"false\" name=\"typavdjur\"><option value=\"\">\u2013 V\u00e4lj ett alternativ \u2013<\/option><option value=\"Innekatt\">Innekatt<\/option><option value=\"Inne- och utekatt\">Inne- och utekatt<\/option><\/select><\/span>\n\n\n<label>Beskriv vilken typ av katt du s\u00f6ker*\n   <span class=\"wpcf7-form-control-wrap\" data-name=\"typ-katt\"><input size=\"40\" maxlength=\"400\" class=\"wpcf7-form-control wpcf7-text wpcf7-validates-as-required\" aria-required=\"true\" aria-invalid=\"false\" value=\"\" type=\"text\" name=\"typ-katt\" \/><\/span><\/label>\n\n\n<label>Har du hittat en specifik individ bland v\u00e5ra katter som s\u00f6ker hem, som du \u00e4r intresserad av? Vilken individ i s\u00e5 fall?\n   <span class=\"wpcf7-form-control-wrap\" data-name=\"individ\"><input size=\"40\" maxlength=\"400\" class=\"wpcf7-form-control wpcf7-text\" aria-invalid=\"false\" value=\"\" type=\"text\" name=\"individ\" \/><\/span> <\/label>\n\n<label>Epostadress*\n    <span class=\"wpcf7-form-control-wrap\" data-name=\"epostadress\"><input size=\"40\" maxlength=\"400\" class=\"wpcf7-form-control wpcf7-email wpcf7-validates-as-required wpcf7-text wpcf7-validates-as-email\" aria-required=\"true\" aria-invalid=\"false\" value=\"\" type=\"email\" name=\"epostadress\" \/><\/span> <\/label>\n\n<label> Telefonnummer\n    <span class=\"wpcf7-form-control-wrap\" data-name=\"telefonnummer\"><input class=\"wpcf7-form-control wpcf7-number wpcf7-validates-as-number\" aria-invalid=\"false\" value=\"\" type=\"number\" name=\"telefonnummer\" \/><\/span> <\/label>\n\n<label> Eventuellt \u00f6vrigt meddelande\n    <span class=\"wpcf7-form-control-wrap\" data-name=\"meddelande\"><input size=\"40\" maxlength=\"400\" class=\"wpcf7-form-control wpcf7-text\" aria-invalid=\"false\" value=\"\" type=\"text\" name=\"meddelande\" \/><\/span> <\/label>\n\n*Obligatoriska f\u00e4lt.\n\n<input class=\"wpcf7-form-control wpcf7-submit has-spinner\" type=\"submit\" value=\"Skicka\" \/><\/div><div class=\"wpcf7-response-output\" aria-hidden=\"true\"><\/div>\n<\/form>\n<\/div>\n<\/div>\n","protected":false},"excerpt":{"rendered":"<p>En stor del av f\u00f6reningens arbete handlar om att hj\u00e4lpa vanv\u00e5rdade och heml\u00f6sa djur \u2013 fr\u00e4mst katter \u2013 till en b\u00e4ttre tillvaro. Det kan inneb\u00e4ra \u00e5terf\u00f6rening med sitt ursprungliga hem, omplacering till ett nytt tryggt och k\u00e4rleksfullt hem eller, i de sv\u00e5raste fallen, att f\u00e5 somna in n\u00e4r skador eller sjukdom \u00e4r bortom r\u00e4ddning. Via knapparna nedan kan du v\u00e4lja att se vilka katter som just nu s\u00f6ker ett nytt&hellip;<\/p>\n<p><a class=\"more-link\" href=\"https:\/\/www.djurskyddet.se\/flyingebygden\/djurformedling\/\" title=\"Continue reading &lsquo;Adoption&rsquo;\">L&auml;s mer<span class=\"meta-nav\">&raquo;<\/span><\/a><\/p>\n","protected":false},"author":3,"featured_media":0,"parent":0,"menu_order":0,"comment_status":"closed","ping_status":"closed","template":"page-templates\/full-width.php","meta":{"_acf_changed":false,"footnotes":""},"class_list":["post-5508","page","type-page","status-publish","hentry"],"acf":[],"_links":{"self":[{"href":"https:\/\/www.djurskyddet.se\/flyingebygden\/wp-json\/wp\/v2\/pages\/5508","targetHints":{"allow":["GET"]}}],"collection":[{"href":"https:\/\/www.djurskyddet.se\/flyingebygden\/wp-json\/wp\/v2\/pages"}],"about":[{"href":"https:\/\/www.djurskyddet.se\/flyingebygden\/wp-json\/wp\/v2\/types\/page"}],"author":[{"embeddable":true,"href":"https:\/\/www.djurskyddet.se\/flyingebygden\/wp-json\/wp\/v2\/users\/3"}],"replies":[{"embeddable":true,"href":"https:\/\/www.djurskyddet.se\/flyingebygden\/wp-json\/wp\/v2\/comments?post=5508"}],"version-history":[{"count":77,"href":"https:\/\/www.djurskyddet.se\/flyingebygden\/wp-json\/wp\/v2\/pages\/5508\/revisions"}],"predecessor-version":[{"id":12733,"href":"https:\/\/www.djurskyddet.se\/flyingebygden\/wp-json\/wp\/v2\/pages\/5508\/revisions\/12733"}],"wp:attachment":[{"href":"https:\/\/www.djurskyddet.se\/flyingebygden\/wp-json\/wp\/v2\/media?parent=5508"}],"curies":[{"name":"wp","href":"https:\/\/api.w.org\/{rel}","templated":true}]}}