{"id":5510,"date":"2018-09-24T11:11:43","date_gmt":"2018-09-24T11:11:43","guid":{"rendered":"http:\/\/www.djurskyddet.se\/landskrona\/?page_id=5510"},"modified":"2024-06-18T06:23:27","modified_gmt":"2024-06-18T06:23:27","slug":"tips-rad","status":"publish","type":"page","link":"https:\/\/www.djurskyddet.se\/flyingebygden\/tips-rad\/","title":{"rendered":"Tips &amp; R\u00e5d"},"content":{"rendered":"\n<p class=\"has-text-align-center has-medium-font-size\"><br><strong>Nedan f\u00f6ljer tips och r\u00e5d kopplat till m\u00e4nniskans b\u00e4sta v\u00e4nner, djuren! Vad du b\u00f6r t\u00e4nka p\u00e5 innan du skaffar egna djur eller m\u00f6ter ett djur i behov av hj\u00e4lp innan man skaffar egna djur eller st\u00f6ter p\u00e5 ett djur som \u00e4r i behov av hj\u00e4lp. Saknar du n\u00e5gon information nedan eller om du har n\u00e5gon annan fr\u00e5ga? Kontakta oss s\u00e5 hj\u00e4lper vi dig!<\/strong><\/p>\n\n\n\n<div style=\"height:20px\" aria-hidden=\"true\" class=\"wp-block-spacer\"><\/div>\n\n\n\n<div class=\"wp-block-buttons is-content-justification-center is-layout-flex wp-container-core-buttons-is-layout-1 wp-block-buttons-is-layout-flex\">\n<div class=\"wp-block-button has-custom-font-size is-style-outline has-small-font-size is-style-outline--1\"><a class=\"wp-block-button__link wp-element-button\">KONTAKTA OSS<\/a><\/div>\n<\/div>\n\n\n\n<div style=\"height:60px\" aria-hidden=\"true\" class=\"wp-block-spacer\"><\/div>\n\n\n\n<div class=\"wp-block-columns is-layout-flex wp-container-core-columns-is-layout-1 wp-block-columns-is-layout-flex\">\n<div class=\"wp-block-column is-layout-flow wp-block-column-is-layout-flow\">\n<figure class=\"wp-block-image size-full\"><img loading=\"lazy\" decoding=\"async\" width=\"308\" height=\"200\" src=\"https:\/\/www.djurskyddet.se\/flyingebygden\/wp-content\/uploads\/sites\/53\/2022\/12\/brevduva-e1674123478174.jpg\" alt=\"\" class=\"wp-image-8927\" srcset=\"https:\/\/www.djurskyddet.se\/flyingebygden\/wp-content\/uploads\/sites\/53\/2022\/12\/brevduva-e1674123478174.jpg 308w, https:\/\/www.djurskyddet.se\/flyingebygden\/wp-content\/uploads\/sites\/53\/2022\/12\/brevduva-e1674123478174-300x195.jpg 300w\" sizes=\"auto, (max-width: 308px) 100vw, 308px\" \/><\/figure>\n\n\n\n<h4 class=\"wp-block-heading has-text-align-center has-medium-font-size\" style=\"font-style:normal;font-weight:700\">Brevduva p\u00e5 villov\u00e4gar?<\/h4>\n\n\n\n<p class=\"has-text-align-center\">F\u00f6lj l\u00e4nken f\u00f6r r\u00e5d fr\u00e5n Svenska brevduvef\u00f6rbundet!<\/p>\n\n\n\n<div class=\"wp-block-buttons is-content-justification-center is-layout-flex wp-container-core-buttons-is-layout-2 wp-block-buttons-is-layout-flex\">\n<div class=\"wp-block-button has-custom-font-size is-style-outline has-small-font-size is-style-outline--2\"><a class=\"wp-block-button__link wp-element-button\" href=\"https:\/\/brevduvesport.net\/tillvaratagen-duva.html\" target=\"_blank\" rel=\"noreferrer noopener\">L\u00c4S MER<\/a><\/div>\n<\/div>\n<\/div>\n\n\n\n<div class=\"wp-block-column is-layout-flow wp-block-column-is-layout-flow\">\n<figure class=\"wp-block-image size-full\"><img loading=\"lazy\" decoding=\"async\" width=\"292\" height=\"200\" src=\"https:\/\/www.djurskyddet.se\/flyingebygden\/wp-content\/uploads\/sites\/53\/2022\/12\/hinderbana_katt-1-e1674123968214.jpg\" alt=\"\" class=\"wp-image-8928\" \/><\/figure>\n\n\n\n<h4 class=\"wp-block-heading has-text-align-center has-medium-font-size\" style=\"font-style:normal;font-weight:700\">Kattagility<\/h4>\n\n\n\n<p class=\"has-text-align-center\">Tips p\u00e5 rolig aktivering f\u00f6r din katt!<\/p>\n\n\n\n<div class=\"wp-block-buttons is-content-justification-center is-layout-flex wp-container-core-buttons-is-layout-3 wp-block-buttons-is-layout-flex\">\n<div class=\"wp-block-button has-custom-font-size is-style-outline has-small-font-size is-style-outline--3\"><a class=\"wp-block-button__link wp-element-button\" href=\"http:\/\/www.agria.se\/katt\/artiklar\/aktivering-och-traning\/kattagility--rolig-aktivering-for-fyrbenta-och-tvabenta\/\" target=\"_blank\" rel=\"noreferrer noopener\">L\u00c4S MER<\/a><\/div>\n<\/div>\n<\/div>\n\n\n\n<div class=\"wp-block-column is-layout-flow wp-block-column-is-layout-flow\">\n<figure class=\"wp-block-image size-full\"><img loading=\"lazy\" decoding=\"async\" width=\"300\" height=\"194\" src=\"https:\/\/www.djurskyddet.se\/flyingebygden\/wp-content\/uploads\/sites\/53\/2022\/12\/katter-stubbe-e1674124327905.jpg\" alt=\"\" class=\"wp-image-8940\" \/><\/figure>\n\n\n\n<h4 class=\"wp-block-heading has-text-align-center has-medium-font-size\" style=\"font-style:normal;font-weight:700\">Innan du skaffar djur!<\/h4>\n\n\n\n<p class=\"has-text-align-center\">T\u00e4nk noga efter innan du skaffar djur. <br>Djurskyddet Sverige ger bra r\u00e5d till blivande djur\u00e4gare.<\/p>\n\n\n\n<div class=\"wp-block-buttons is-content-justification-center is-layout-flex wp-container-core-buttons-is-layout-4 wp-block-buttons-is-layout-flex\">\n<div class=\"wp-block-button has-custom-font-size is-style-outline has-small-font-size is-style-outline--4\"><a class=\"wp-block-button__link wp-element-button\" href=\"http:\/\/www.djurskyddet.se\/se\/vart-arbete\/tips--rad-om-djur\/tips-till-blivande-djuragare\/\" target=\"_blank\" rel=\"noreferrer noopener\">L\u00c4S MER<\/a><\/div>\n<\/div>\n<\/div>\n<\/div>\n\n\n\n<div class=\"wp-block-columns is-layout-flex wp-container-core-columns-is-layout-2 wp-block-columns-is-layout-flex\">\n<div class=\"wp-block-column is-layout-flow wp-block-column-is-layout-flow\">\n<figure class=\"wp-block-image size-full\"><img loading=\"lazy\" decoding=\"async\" width=\"254\" height=\"200\" src=\"https:\/\/www.djurskyddet.se\/flyingebygden\/wp-content\/uploads\/sites\/53\/2023\/01\/skadad-1.jpeg\" alt=\"\" class=\"wp-image-9385\" \/><\/figure>\n\n\n\n<h4 class=\"wp-block-heading has-text-align-center has-medium-font-size\" style=\"font-style:normal;font-weight:700\">Om ett djur far illa?<\/h4>\n\n\n\n<p class=\"has-text-align-center\">Vanv\u00e5rd av djur \u00e4r ett brott mot djurskyddslagen och om du misst\u00e4nker att n\u00e5got djur \u00e4r utsatt f\u00f6r detta b\u00f6r du anm\u00e4la detta till l\u00e4nsstyrelsen.<\/p>\n\n\n\n<div class=\"wp-block-buttons is-content-justification-center is-layout-flex wp-container-core-buttons-is-layout-5 wp-block-buttons-is-layout-flex\">\n<div class=\"wp-block-button has-custom-font-size is-style-outline has-small-font-size is-style-outline--5\"><a class=\"wp-block-button__link wp-element-button\" href=\"https:\/\/www.lansstyrelsen.se\/skane\/djur\/skotsel-av-djur\/anmal-bristande-djurhallning.html\" target=\"_blank\" rel=\"noreferrer noopener\">L\u00c4S MER<\/a><\/div>\n<\/div>\n<\/div>\n\n\n\n<div class=\"wp-block-column is-layout-flow wp-block-column-is-layout-flow\">\n<figure class=\"wp-block-image size-full\"><img loading=\"lazy\" decoding=\"async\" width=\"267\" height=\"200\" src=\"https:\/\/www.djurskyddet.se\/flyingebygden\/wp-content\/uploads\/sites\/53\/2022\/12\/Tupp-e1674126047818.jpg\" alt=\"\" class=\"wp-image-8933\" \/><\/figure>\n\n\n\n<h4 class=\"wp-block-heading has-text-align-center has-medium-font-size\" style=\"font-style:normal;font-weight:700\">Djur som st\u00f6r?<\/h4>\n\n\n\n<p class=\"has-text-align-center\">Ol\u00e4genhet, enligt milj\u00f6balken, s\u00e5som djur som st\u00f6r, \u00e4r kommunens ansvar. Kommunen ansvarar ocks\u00e5 f\u00f6r djurlivet i stadens parker och dammar. Kontakta milj\u00f6f\u00f6rvaltningen i din kommun.<\/p>\n<\/div>\n\n\n\n<div class=\"wp-block-column is-layout-flow wp-block-column-is-layout-flow\">\n<figure class=\"wp-block-image size-full\"><img loading=\"lazy\" decoding=\"async\" width=\"267\" height=\"200\" src=\"https:\/\/www.djurskyddet.se\/flyingebygden\/wp-content\/uploads\/sites\/53\/2022\/12\/Vild-fagel-e1674126154371.jpg\" alt=\"\" class=\"wp-image-8934\" \/><\/figure>\n\n\n\n<h4 class=\"wp-block-heading has-text-align-center has-medium-font-size\" style=\"font-style:normal;font-weight:700\">Vilt djur i behov av hj\u00e4lp?<\/h4>\n\n\n\n<p class=\"has-text-align-center\">Om ett djur beh\u00f6ver din hj\u00e4lp i det vilda finns det r\u00e5d och hj\u00e4lp att f\u00e5 av KFV:s Riksf\u00f6rbund.<\/p>\n\n\n\n<div class=\"wp-block-buttons is-content-justification-center is-layout-flex wp-container-core-buttons-is-layout-6 wp-block-buttons-is-layout-flex\">\n<div class=\"wp-block-button has-custom-font-size is-style-outline has-small-font-size is-style-outline--6\"><a class=\"wp-block-button__link wp-element-button\" href=\"http:\/\/www.kfv-riks.se\/\" target=\"_blank\" rel=\"noreferrer noopener\">L\u00c4S MER<\/a><\/div>\n<\/div>\n<\/div>\n<\/div>\n\n\n\n<div class=\"wp-block-columns is-layout-flex wp-container-core-columns-is-layout-3 wp-block-columns-is-layout-flex\">\n<div class=\"wp-block-column is-layout-flow wp-block-column-is-layout-flow\"><div class=\"wp-block-image\">\n<figure class=\"aligncenter size-full is-resized\"><img decoding=\"async\" src=\"https:\/\/www.djurskyddet.se\/flyingebygden\/wp-content\/uploads\/sites\/53\/2023\/10\/SJV.jpeg\" alt=\"\" class=\"wp-image-10652\" style=\"width:207px;height:182px\" \/><\/figure><\/div>\n\n\n<h4 class=\"wp-block-heading has-text-align-center has-medium-font-size\" style=\"font-style:normal;font-weight:700\">Mer om djurskydd?<\/h4>\n\n\n\n<p class=\"has-text-align-center\">L\u00e4s mer om djurskydd p\u00e5 Jordbrukverkets hemsida.<\/p>\n\n\n\n<div class=\"wp-block-buttons is-content-justification-center is-layout-flex wp-container-core-buttons-is-layout-7 wp-block-buttons-is-layout-flex\">\n<div class=\"wp-block-button has-custom-font-size is-style-outline has-small-font-size is-style-outline--7\"><a class=\"wp-block-button__link wp-element-button\" href=\"http:\/\/www.jordbruksverket.se\/djur\" target=\"_blank\" rel=\"noreferrer noopener\">L\u00c4S MER<\/a><\/div>\n<\/div>\n<\/div>\n\n\n\n<div class=\"wp-block-column is-layout-flow wp-block-column-is-layout-flow\">\n<div style=\"height:18px\" aria-hidden=\"true\" class=\"wp-block-spacer\"><\/div>\n\n\n<div class=\"wp-block-image\">\n<figure class=\"aligncenter size-full\"><img loading=\"lazy\" decoding=\"async\" width=\"693\" height=\"236\" src=\"https:\/\/www.djurskyddet.se\/flyingebygden\/wp-content\/uploads\/sites\/53\/2022\/12\/Djurskyddet-sverige.jpeg\" alt=\"\" class=\"wp-image-8936\" srcset=\"https:\/\/www.djurskyddet.se\/flyingebygden\/wp-content\/uploads\/sites\/53\/2022\/12\/Djurskyddet-sverige.jpeg 693w, https:\/\/www.djurskyddet.se\/flyingebygden\/wp-content\/uploads\/sites\/53\/2022\/12\/Djurskyddet-sverige-300x102.jpeg 300w, https:\/\/www.djurskyddet.se\/flyingebygden\/wp-content\/uploads\/sites\/53\/2022\/12\/Djurskyddet-sverige-400x136.jpeg 400w\" sizes=\"auto, (max-width: 693px) 100vw, 693px\" \/><\/figure><\/div>\n\n\n<div style=\"height:19px\" aria-hidden=\"true\" class=\"wp-block-spacer\"><\/div>\n\n\n\n<h4 class=\"wp-block-heading has-text-align-center has-medium-font-size\" style=\"font-style:normal;font-weight:700\"><br>Mer tips &amp; r\u00e5d<\/h4>\n\n\n\n<p class=\"has-text-align-center\">P\u00e5 v\u00e5r riksorganisation Djurskyddet Sveriges hemsida finns massa mer tips och r\u00e5d. <\/p>\n\n\n\n<div class=\"wp-block-buttons is-content-justification-center is-layout-flex wp-container-core-buttons-is-layout-8 wp-block-buttons-is-layout-flex\">\n<div class=\"wp-block-button has-custom-font-size is-style-outline has-small-font-size is-style-outline--8\"><a class=\"wp-block-button__link wp-element-button\" href=\"https:\/\/www.djurskyddet.se\/tips\/\" target=\"_blank\" rel=\"noreferrer noopener\">L\u00c4S MER<\/a><\/div>\n<\/div>\n<\/div>\n\n\n\n<div class=\"wp-block-column is-layout-flow wp-block-column-is-layout-flow\"><div class=\"wp-block-image\">\n<figure class=\"aligncenter size-full\"><img loading=\"lazy\" decoding=\"async\" width=\"235\" height=\"157\" src=\"https:\/\/www.djurskyddet.se\/flyingebygden\/wp-content\/uploads\/sites\/53\/2018\/09\/katt-f\u00f6r-vilse.jpg\" alt=\"\" class=\"wp-image-5683\" \/><\/figure><\/div>\n\n\n<h4 class=\"wp-block-heading has-text-align-center has-medium-font-size\" style=\"font-style:normal;font-weight:700\"><br>Katt sprungit bort?<\/h4>\n\n\n\n<p class=\"has-text-align-center\">\u2022 G\u00f6r en polisanm\u00e4lan<br>\u2022 Efterlys katten p\u00e5 facebook och p\u00e5 Vilse.nu<br>\u2022 Annonsera p\u00e5 Blocket under Efterlysning<br>\u2022 S\u00e4tt in en annons i tidningen<br>\u2022 S\u00e4tt upp lappar i olika aff\u00e4rer och p\u00e5 exempelvis lyktstolpar<br>\u2022 GL\u00d6M INTE BORT ATT DET B\u00c4STA \u00c4R ATT OM KATTEN \u00c4R \u00d6RONM\u00c4RKT ELLER CHIPPAD OCH REGISTRERAD HOS SVENSKA KENNELKLUBBEN ELLER SVERAK. D\u00c5 \u00c4R DET L\u00c4TTARE F\u00d6R KATTEN ATT KOMMA TILLR\u00c4TTA IGEN.<\/p>\n<\/div>\n<\/div>\n\n\n\n<div class=\"wp-block-columns is-layout-flex wp-container-core-columns-is-layout-4 wp-block-columns-is-layout-flex\">\n<div class=\"wp-block-column is-layout-flow wp-block-column-is-layout-flow\">\n<figure class=\"wp-block-image size-full\" id=\"katt_hittad\"><img loading=\"lazy\" decoding=\"async\" width=\"300\" height=\"253\" src=\"https:\/\/www.djurskyddet.se\/flyingebygden\/wp-content\/uploads\/sites\/53\/2023\/10\/sjukkatt.jpeg\" alt=\"\" class=\"wp-image-10656\" style=\"object-fit:cover\" \/><\/figure>\n\n\n\n<h4 class=\"wp-block-heading has-text-align-center has-medium-font-size\" style=\"font-style:normal;font-weight:700\">Hittat en katt?<\/h4>\n\n\n\n<p class=\"has-text-align-center\">Vad du kan g\u00f6ra om du hittar de katt kan du l\u00e4sa mer om <a href=\"https:\/\/www.djurskyddet.se\/flyingebygden\/nodrop\/#katt-hittad\">h\u00e4r<\/a>.<\/p>\n<\/div>\n\n\n\n<div class=\"wp-block-column is-layout-flow wp-block-column-is-layout-flow\"><\/div>\n\n\n\n<div class=\"wp-block-column is-layout-flow wp-block-column-is-layout-flow\"><\/div>\n<\/div>\n","protected":false},"excerpt":{"rendered":"<p>Nedan f\u00f6ljer tips och r\u00e5d kopplat till m\u00e4nniskans b\u00e4sta v\u00e4nner, djuren! Vad du b\u00f6r t\u00e4nka p\u00e5 innan du skaffar egna djur eller m\u00f6ter ett djur i behov av hj\u00e4lp innan man skaffar egna djur eller st\u00f6ter p\u00e5 ett djur som \u00e4r i behov av hj\u00e4lp. Saknar du n\u00e5gon information nedan eller om du har n\u00e5gon annan fr\u00e5ga? Kontakta oss s\u00e5 hj\u00e4lper vi dig! Brevduva p\u00e5 villov\u00e4gar? F\u00f6lj l\u00e4nken f\u00f6r r\u00e5d&hellip;<\/p>\n<p><a class=\"more-link\" href=\"https:\/\/www.djurskyddet.se\/flyingebygden\/tips-rad\/\" title=\"Continue reading &lsquo;Tips &amp; R\u00e5d&rsquo;\">L&auml;s mer<span class=\"meta-nav\">&raquo;<\/span><\/a><\/p>\n","protected":false},"author":3,"featured_media":10628,"parent":0,"menu_order":0,"comment_status":"closed","ping_status":"closed","template":"page-templates\/full-width.php","meta":{"_acf_changed":false,"footnotes":""},"class_list":["post-5510","page","type-page","status-publish","has-post-thumbnail","hentry"],"acf":[],"_links":{"self":[{"href":"https:\/\/www.djurskyddet.se\/flyingebygden\/wp-json\/wp\/v2\/pages\/5510","targetHints":{"allow":["GET"]}}],"collection":[{"href":"https:\/\/www.djurskyddet.se\/flyingebygden\/wp-json\/wp\/v2\/pages"}],"about":[{"href":"https:\/\/www.djurskyddet.se\/flyingebygden\/wp-json\/wp\/v2\/types\/page"}],"author":[{"embeddable":true,"href":"https:\/\/www.djurskyddet.se\/flyingebygden\/wp-json\/wp\/v2\/users\/3"}],"replies":[{"embeddable":true,"href":"https:\/\/www.djurskyddet.se\/flyingebygden\/wp-json\/wp\/v2\/comments?post=5510"}],"version-history":[{"count":50,"href":"https:\/\/www.djurskyddet.se\/flyingebygden\/wp-json\/wp\/v2\/pages\/5510\/revisions"}],"predecessor-version":[{"id":11390,"href":"https:\/\/www.djurskyddet.se\/flyingebygden\/wp-json\/wp\/v2\/pages\/5510\/revisions\/11390"}],"wp:featuredmedia":[{"embeddable":true,"href":"https:\/\/www.djurskyddet.se\/flyingebygden\/wp-json\/wp\/v2\/media\/10628"}],"wp:attachment":[{"href":"https:\/\/www.djurskyddet.se\/flyingebygden\/wp-json\/wp\/v2\/media?parent=5510"}],"curies":[{"name":"wp","href":"https:\/\/api.w.org\/{rel}","templated":true}]}}