{"id":9199,"date":"2023-01-16T09:18:50","date_gmt":"2023-01-16T09:18:50","guid":{"rendered":"https:\/\/www.djurskyddet.se\/flyingebygden\/?page_id=9199"},"modified":"2023-01-16T09:33:34","modified_gmt":"2023-01-16T09:33:34","slug":"integritetspolicy","status":"publish","type":"page","link":"https:\/\/www.djurskyddet.se\/flyingebygden\/integritetspolicy\/","title":{"rendered":"Integritetspolicy"},"content":{"rendered":"\n<h2 class=\"wp-block-heading\">1. Allm\u00e4nt<\/h2>\n\n\n\n<p>Det \u00e4r viktigt att du som l\u00e4mnar personuppgifter till Djurskyddet Flyingebygden kan vara trygg med hur vi behandlar dina uppgifter. Vi v\u00e4rnar om din integritet och din kontroll \u00f6ver dina uppgifter och \u00e4r \u00f6ppna med hur vi behandlar data som vi samlar in om dig.<\/p>\n\n\n\n<p>Djurskyddet Flyingebygden \u00e4r personuppgiftsansvarig f\u00f6r behandling av alla personuppgifter som l\u00e4mnas till oss. Om du \u00e4r medlem i lokalf\u00f6rningen Djurskyddet Flyingebygden \u00e4r riksf\u00f6rbundet Djurskyddet Sverige och lokalf\u00f6reningen gemensamt ansvariga f\u00f6r dina personuppgifter. <\/p>\n\n\n\n<p>De personuppgifter vi samlar in registreras och sparas digitalt, till exempel i v\u00e5rt medlems- och givarregister eller i verktyget f\u00f6r utskick av v\u00e5rt digitala nyhetsbrev. Uppgifterna skyddas genom personlig inloggning, bara de som beh\u00f6ver har tillg\u00e5ng till registren och personuppgifterna.<\/p>\n\n\n\n<h2 class=\"wp-block-heading\">2. Personuppgifter vi samlar in<\/h2>\n\n\n\n<p>Exempel p\u00e5 personuppgifter som Djurskyddet Flyingebygden samlar in \u00e4r namn, adress, epostadress, personnummer och telefonnummer.<\/p>\n\n\n\n<p>Vi sparar dina personuppgifter f\u00f6r att kunna kontakta dig och f\u00f6lja upp din intresseanm\u00e4lan. Vi anv\u00e4nder inte uppgifterna till n\u00e5got annat \u00e4n detta. N\u00e4r du adopterat en katt av oss sparar vi ytterligare information och skriver kontrakt. Om du inte adopterar en katt kommer vi att radera dina personuppgifter s\u00e5 snart vi inte beh\u00f6ver dem l\u00e4ngre.<\/p>\n\n\n\n<h2 class=\"wp-block-heading\">4. R\u00e4ttslig grund f\u00f6r behandling<\/h2>\n\n\n\n<p>Djurskyddet Flyinge bygden hanterar alla personuppgifter som l\u00e4mnas till oss i enlighet med EU:s dataskyddsf\u00f6rordning (GDPR). Den r\u00e4ttsliga grund som vi, enligt lagen, har f\u00f6r att spara och behandla personuppgifter heter \u201dber\u00e4ttigat intresse\u201d. Det \u00e4r n\u00f6dv\u00e4ndigt att spara uppgifterna f\u00f6r Djurskyddet Fllyingebygden verksamhets \u00e4ndam\u00e5l \u2013 som att hantera uppgifter kopplat till intresseanm\u00e4lan f\u00f6r jourhem\/adoption, jourhemskontrakt, \u00f6verel\u00e5telseavtal\u00a0vid adoption mm. <a rel=\"noreferrer noopener\" href=\"https:\/\/www.datainspektionen.se\/lagar--regler\/dataskyddsforordningen\/\" target=\"_blank\">L\u00e4s mer om GDPR och r\u00e4ttslig grund.<\/a><\/p>\n\n\n\n<h2 class=\"wp-block-heading\">5. Tredje part<\/h2>\n\n\n\n<p>Djurskyddet Flyingebygden s\u00e4ljer inte dina uppgifter till en tredje part och f\u00f6r inte vidare vilka som \u00e4r medlemmar i eller gett g\u00e5vor till Djurskyddet Flyingebygden. <\/p>\n\n\n\n<h2 class=\"wp-block-heading\">6. Gallring<\/h2>\n\n\n\n<p>Vi sparar dina uppgifter endast s\u00e5 l\u00e4nge det \u00e4r motiverat f\u00f6r \u00e4ndam\u00e5let. I m\u00e5nga fall, till exempel vid p\u00e5skrivande av en namninsamling sparas dina uppgifter d\u00e4rf\u00f6r under kortare tid \u00e4n om du \u00e4r medlem eller givare och har en p\u00e5g\u00e5ende relation med Djurskyddet. Du kan n\u00e4r som helst kontakta oss om du vill att vi ska \u00e4ndra eller radera dina uppgifter, eller om du vill s\u00e4ga upp ditt medlemskap eller m\u00e5nadsgivande. Om du varit medlem eller givare och vi inte h\u00f6r n\u00e5got fr\u00e5n dig kommer dina uppgifter automatiskt att raderas senast tre \u00e5r efter att ditt medlemskap f\u00f6rfallit eller du gav din senaste g\u00e5va.<\/p>\n\n\n\n<h2 class=\"wp-block-heading\">7. Webbsida och cookies<\/h2>\n\n\n\n<p>N\u00e4r du anv\u00e4nder v\u00e5r hemsida kan vi lagra information som du inte aktivt l\u00e4mnar om dig sj\u00e4lv. Till exempel information om din IP-adress och typ av webbl\u00e4sare. Vi anv\u00e4nder \u00e4ven sm\u00e5 textfiler, s\u00e5 kallade cookies, f\u00f6r att identifiera dig som \u00e5terkommande bes\u00f6kare. Denna information anv\u00e4nds f\u00f6r att f\u00f6rb\u00e4ttra upplevelsen f\u00f6r dig och i marknadsf\u00f6ringssyfte p\u00e5 olika annonsn\u00e4tverk p\u00e5 internet. I de flesta webbl\u00e4sare \u00e4r det m\u00f6jligt att sj\u00e4lv avaktivera cookies. Det kan dock inneb\u00e4ra problem p\u00e5 djurskyddet.se\/flyingebygden och p\u00e5 m\u00e5nga andra webbsidor, eftersom m\u00e5nga sidor anv\u00e4nder cookies. De uppgifter som sparas p\u00e5 detta vis registreras inte i v\u00e5rt medlems- och givarregister och hanteras inte f\u00f6r \u00e4ndam\u00e5len listade i punkt 3.<\/p>\n","protected":false},"excerpt":{"rendered":"<p>1. Allm\u00e4nt Det \u00e4r viktigt att du som l\u00e4mnar personuppgifter till Djurskyddet Flyingebygden kan vara trygg med hur vi behandlar dina uppgifter. Vi v\u00e4rnar om din integritet och din kontroll \u00f6ver dina uppgifter och \u00e4r \u00f6ppna med hur vi behandlar data som vi samlar in om dig. Djurskyddet Flyingebygden \u00e4r personuppgiftsansvarig f\u00f6r behandling av alla personuppgifter som l\u00e4mnas till oss. Om du \u00e4r medlem i lokalf\u00f6rningen Djurskyddet Flyingebygden \u00e4r riksf\u00f6rbundet&hellip;<\/p>\n<p><a class=\"more-link\" href=\"https:\/\/www.djurskyddet.se\/flyingebygden\/integritetspolicy\/\" title=\"Continue reading &lsquo;Integritetspolicy&rsquo;\">L&auml;s mer<span class=\"meta-nav\">&raquo;<\/span><\/a><\/p>\n","protected":false},"author":66,"featured_media":0,"parent":0,"menu_order":0,"comment_status":"closed","ping_status":"closed","template":"page-templates\/full-width.php","meta":{"_acf_changed":false,"footnotes":""},"class_list":["post-9199","page","type-page","status-publish","hentry"],"acf":[],"_links":{"self":[{"href":"https:\/\/www.djurskyddet.se\/flyingebygden\/wp-json\/wp\/v2\/pages\/9199","targetHints":{"allow":["GET"]}}],"collection":[{"href":"https:\/\/www.djurskyddet.se\/flyingebygden\/wp-json\/wp\/v2\/pages"}],"about":[{"href":"https:\/\/www.djurskyddet.se\/flyingebygden\/wp-json\/wp\/v2\/types\/page"}],"author":[{"embeddable":true,"href":"https:\/\/www.djurskyddet.se\/flyingebygden\/wp-json\/wp\/v2\/users\/66"}],"replies":[{"embeddable":true,"href":"https:\/\/www.djurskyddet.se\/flyingebygden\/wp-json\/wp\/v2\/comments?post=9199"}],"version-history":[{"count":2,"href":"https:\/\/www.djurskyddet.se\/flyingebygden\/wp-json\/wp\/v2\/pages\/9199\/revisions"}],"predecessor-version":[{"id":9204,"href":"https:\/\/www.djurskyddet.se\/flyingebygden\/wp-json\/wp\/v2\/pages\/9199\/revisions\/9204"}],"wp:attachment":[{"href":"https:\/\/www.djurskyddet.se\/flyingebygden\/wp-json\/wp\/v2\/media?parent=9199"}],"curies":[{"name":"wp","href":"https:\/\/api.w.org\/{rel}","templated":true}]}}