{"id":9830,"date":"2023-05-24T18:47:43","date_gmt":"2023-05-24T18:47:43","guid":{"rendered":"https:\/\/www.djurskyddet.se\/flyingebygden\/?page_id=9830"},"modified":"2026-01-14T19:56:06","modified_gmt":"2026-01-14T19:56:06","slug":"nodrop","status":"publish","type":"page","link":"https:\/\/www.djurskyddet.se\/flyingebygden\/nodrop\/","title":{"rendered":"N\u00f6drop f\u00f6r katt"},"content":{"rendered":"<div class=\"wp-block-image is-style-rounded\">\n<figure class=\"aligncenter size-full is-resized\"><img loading=\"lazy\" decoding=\"async\" width=\"1000\" height=\"412\" src=\"https:\/\/www.djurskyddet.se\/flyingebygden\/wp-content\/uploads\/sites\/53\/2023\/05\/katt-med-ungar-e1749496540166.jpg\" alt=\"\" class=\"wp-image-9842\" style=\"width:510px;height:auto\" srcset=\"https:\/\/www.djurskyddet.se\/flyingebygden\/wp-content\/uploads\/sites\/53\/2023\/05\/katt-med-ungar-e1749496540166.jpg 1000w, https:\/\/www.djurskyddet.se\/flyingebygden\/wp-content\/uploads\/sites\/53\/2023\/05\/katt-med-ungar-e1749496540166-300x124.jpg 300w, https:\/\/www.djurskyddet.se\/flyingebygden\/wp-content\/uploads\/sites\/53\/2023\/05\/katt-med-ungar-e1749496540166-768x316.jpg 768w, https:\/\/www.djurskyddet.se\/flyingebygden\/wp-content\/uploads\/sites\/53\/2023\/05\/katt-med-ungar-e1749496540166-400x165.jpg 400w\" sizes=\"auto, (max-width: 1000px) 100vw, 1000px\" \/><\/figure><\/div>\n\n\n<p class=\"has-text-align-center has-medium-font-size\" id=\"katt-hittad\">Har du hittat en heml\u00f6s katt i behov av hj\u00e4lp? Skicka ett n\u00f6drop till oss om katten!<\/p>\n\n\n\n<p><\/p>\n\n\n\n<p>Till oss kan du v\u00e4nda dig om du observerat att en katt \u00e4r heml\u00f6s och i behov av hj\u00e4lp genom skicka ett n\u00f6drop till oss vis nedan formul\u00e4r! Ju mer information du kan delge om katten, desto snabbare kan vi avg\u00f6ra hur vi kan hj\u00e4lpa till p\u00e5 b\u00e4sta s\u00e4tt.<\/p>\n\n\n\n<p>Alla katter som vi tar in kastreras innan de s\u00e4ljs till ett nytt k\u00e4rleksfullt hem, detta f\u00f6r att minska fortsatt o\u00f6nskad avel den st\u00e4ndigt \u00f6kande volymen av heml\u00f6sa katter. <br><br>Observera dock att vi arbetar helt ideellt i f\u00f6reningen och v\u00e5ra resurser \u00e4r f\u00f6rst\u00e5s begr\u00e4nsade. Vi g\u00f6r allt vi kan f\u00f6r att hj\u00e4lpa men klarar inte att hj\u00e4lpa alla. Om vi kan ta emot djuret\/djuren du s\u00f6ker hj\u00e4lp f\u00f6r s\u00e5 <strong>\u00e5terkommer vi inom 72 timmar<\/strong> via e-post. Ha koll p\u00e5 din skr\u00e4ppost, v\u00e5rt svar kan hamna d\u00e4r.  <br><br>Inget svar fr\u00e5n oss inneb\u00e4r att vi dessv\u00e4rre <strong>inte har m\u00f6jlighet att ta emot<\/strong>. Pga av h\u00f6g arbetsbelastning har vi inte m\u00f6jlighet att ge personliga svar och f\u00f6rklaringar n\u00e4r vi m\u00e5ste s\u00e4ga nej. Det finns flera f\u00f6reningar i Sk\u00e5ne som hj\u00e4lper heml\u00f6sa djur. Om du inte h\u00f6rt fr\u00e5n oss inom 72 timmar s\u00e5 kontakta g\u00e4rna fler. Det g\u00e5r ocks\u00e5 bra att skriva till oss igen om samma djur efter n\u00e5gon vecka. Trycket p\u00e5 v\u00e5rt intag varierar st\u00e4ndigt och ibland l\u00e4ttar det pl\u00f6tsligt upp. <\/p>\n\n\n\n<h2 class=\"wp-block-heading has-text-align-left has-medium-font-size\">Tips p\u00e5 vad du sj\u00e4lv kan g\u00f6ra f\u00f6r katten! <\/h2>\n\n\n\n<ul class=\"wp-block-list\">\n<li>Om det \u00e4r m\u00f6jligt att n\u00e4rma sig katten, kontrollera om katten har ett halsband p\u00e5 sig med telefonnummer, om inte \u00e4r det bra om du kan s\u00e4tta p\u00e5 ett halsband med ditt telefonnummer s\u00e5 att den eventuella \u00e4garen kan kontakta dig.<\/li>\n\n\n\n<li>Om det \u00e4r m\u00f6jligt att n\u00e4rma sig katten, kontrollera om katten \u00e4r \u00f6ronm\u00e4rkt, har tatueringsnummer i v\u00e4nster \u00f6ra, katten kan ocks\u00e5 vara chippad och detta kan kontrolleras av en veterin\u00e4r, djurskyddet Landskrona eller polisen. Om katten \u00e4r id-m\u00e4rkt, b\u00f6r den vara registrerad hos Jordbruksverket, Svenska Kennelklubben eller SVERAK (Sveriges kattklubbars riksf\u00f6rbund). Det finns en god chans att katten har en \u00e4gare och att det snabbt g\u00e5r att \u00e5terf\u00f6rena dem. <\/li>\n\n\n\n<li>G\u00f6r en polisanm\u00e4lan<\/li>\n\n\n\n<li>S\u00f6k p\u00e5 <a href=\"http:\/\/www.vilse.nu\/?fbclid=IwAR1394Spkvz4QJNvhScYhgGUA6sDi1jNJzaQSK6xWNfrlgtv6ty_c5rWZGA\" target=\"_blank\" rel=\"noreferrer noopener\">www.vilse.nu<\/a> eller p\u00e5 Facebook, kanske \u00e4r den anm\u00e4ld saknad d\u00e4r? Eller l\u00e4gg upp en egen (kostnadsfri) annons om att katten \u00e4r upphittad. <\/li>\n\n\n\n<li>Annonsera p\u00e5 Blocket under Efterlyst eller s\u00e4tt in en annons i tidningen.<\/li>\n\n\n\n<li>S\u00e4tt upp lappar i olika aff\u00e4rer och p\u00e5&nbsp;exempelvis lyktstolpar<\/li>\n\n\n\n<li>Om katten \u00e4r svulten och mager s\u00e5 ge den sm\u00e5 portioner av bl\u00f6tmat, bara en tesked i taget men ofta. L\u00e4s p\u00e5 om <a href=\"http:\/\/bettinaberor.blogspot.com\/2019\/09\/refeeding-syndrome-grundkurs-for-hur.html?m=1\">refeeding <\/a><a href=\"http:\/\/bettinaberor.blogspot.com\/2019\/09\/refeeding-syndrome-grundkurs-for-hur.html?m=1\" target=\"_blank\" rel=\"noreferrer noopener\">syndrome<\/a>.<\/li>\n\n\n\n<li>Om du kan ta in katten tillf\u00e4lligt i tex ett uppv\u00e4rmt badrum s\u00e5 \u00e4r det den b\u00e4sta l\u00f6sningen. Vila, v\u00e4rme, vatten och lite mat i taget \u00e4r allt djuret beh\u00f6ver i det akuta l\u00e4get. <\/li>\n\n\n\n<li>\u00c4r djuret skadat eller visar tecken p\u00e5 annat lidande, \u00e5k till n\u00e4rmaste veterin\u00e4r! En del veterin\u00e4rer har i sin tur samarbeten med djurskyddsf\u00f6reningar. Vid allvarligt lidande \u00e4r det b\u00e4ttre med avlivning hos veterin\u00e4ren \u00e4n att djuret d\u00f6r l\u00e5ngsamt och pl\u00e5gsamt.<\/li>\n\n\n\n<li>ST\u00c4LL DIG FR\u00c5GAN, HAR JAG M\u00d6JLIGHET ATT TA HAND OM DENNA KATT TILLS \u00c4GAREN \u00c4R FUNNEN ELLER HAR HITTAT EN NY \u00c4GARE.<\/li>\n<\/ul>\n\n\n\n<h2 class=\"wp-block-heading\">Skicka ett n\u00f6drop f\u00f6r en katt<\/h2>\n\n\n\n<p class=\"has-vivid-red-color has-text-color\">Observera att du inom ett par minuter ska f\u00e5 ett bekr\u00e4ftelse-epostmeddelande fr\u00e5n oss, om detta skulle utebli v\u00e4nligen kolla d\u00e5 om meddelandet hamnat i din mapp f\u00f6r skr\u00e4ppost, s\u00e5 att du inte riskerar att missa svar fr\u00e5n oss! Ett personligt svar skickar vi i regel inom ett par dagar.<\/p>\n\n\n\n<p><\/p>\n\n\n\n<div class=\"wp-block-contact-form-7-contact-form-selector\">\n<div class=\"wpcf7 no-js\" id=\"wpcf7-f9833-o1\" lang=\"sv-SE\" dir=\"ltr\" data-wpcf7-id=\"9833\">\n<div class=\"screen-reader-response\"><p role=\"status\" aria-live=\"polite\" aria-atomic=\"true\"><\/p> <ul><\/ul><\/div>\n<form action=\"\/flyingebygden\/wp-json\/wp\/v2\/pages\/9830#wpcf7-f9833-o1\" method=\"post\" class=\"wpcf7-form init\" aria-label=\"Kontaktformul\u00e4r\" enctype=\"multipart\/form-data\" novalidate=\"novalidate\" data-status=\"init\">\n<fieldset class=\"hidden-fields-container\"><input type=\"hidden\" name=\"_wpcf7\" value=\"9833\" \/><input type=\"hidden\" name=\"_wpcf7_version\" value=\"6.1\" \/><input type=\"hidden\" name=\"_wpcf7_locale\" value=\"sv_SE\" \/><input type=\"hidden\" name=\"_wpcf7_unit_tag\" value=\"wpcf7-f9833-o1\" \/><input type=\"hidden\" name=\"_wpcf7_container_post\" value=\"0\" \/><input type=\"hidden\" name=\"_wpcf7_posted_data_hash\" value=\"\" \/><input type=\"hidden\" name=\"_wpcf7_recaptcha_response\" value=\"\" \/>\n<\/fieldset>\n<div class=\"uacf7-form-wrapper-container uacf7-form-9833  \"><label><strong>Ange dina kontaktuppgifter<\/strong><\/label>\n\n<span class=\"wpcf7-form-control-wrap\" data-name=\"namn\"><input size=\"40\" maxlength=\"400\" class=\"wpcf7-form-control wpcf7-text wpcf7-validates-as-required\" aria-required=\"true\" aria-invalid=\"false\" placeholder=\"Namn\" value=\"\" type=\"text\" name=\"namn\" \/><\/span>\n\n<span class=\"wpcf7-form-control-wrap\" data-name=\"telefon\"><input size=\"40\" maxlength=\"400\" class=\"wpcf7-form-control wpcf7-tel wpcf7-validates-as-required wpcf7-text wpcf7-validates-as-tel\" aria-required=\"true\" aria-invalid=\"false\" placeholder=\"Telefon\" value=\"\" type=\"tel\" name=\"telefon\" \/><\/span>\n\n<span class=\"wpcf7-form-control-wrap\" data-name=\"epost\"><input size=\"40\" maxlength=\"400\" class=\"wpcf7-form-control wpcf7-email wpcf7-validates-as-required wpcf7-text wpcf7-validates-as-email\" aria-required=\"true\" aria-invalid=\"false\" placeholder=\"E-post\" value=\"\" type=\"email\" name=\"epost\" \/><\/span>\n\n\n\n\n<label><strong>Ange uppgifter om katten<\/strong><\/label>\n\n\n<label>Vart finns katten? (Adress\/Ort)<\/label>\n<span class=\"wpcf7-form-control-wrap\" data-name=\"vart\"><input size=\"40\" maxlength=\"400\" class=\"wpcf7-form-control wpcf7-text wpcf7-validates-as-required\" aria-required=\"true\" aria-invalid=\"false\" value=\"\" type=\"text\" name=\"vart\" \/><\/span>\n\n\n<label>Hur l\u00e4nge har katten observerats?<\/label>\n<span class=\"wpcf7-form-control-wrap\" data-name=\"observationstid\"><input size=\"40\" maxlength=\"400\" class=\"wpcf7-form-control wpcf7-text wpcf7-validates-as-required\" aria-required=\"true\" aria-invalid=\"false\" value=\"\" type=\"text\" name=\"observationstid\" \/><\/span>\n\n\n<label>Beskriv kattens allm\u00e4ntillst\u00e5nd (t.ex. mager, skadad, tovig p\u00e4ls, sjuk, dr\u00e4ktig)<\/label>\n<span class=\"wpcf7-form-control-wrap\" data-name=\"tillstand\"><input size=\"40\" maxlength=\"400\" class=\"wpcf7-form-control wpcf7-text wpcf7-validates-as-required\" aria-required=\"true\" aria-invalid=\"false\" value=\"\" type=\"text\" name=\"tillstand\" \/><\/span>\n\n\n<label> Finns det n\u00e5gon tillf\u00e4llig l\u00f6sning f\u00f6r mat, vatten och skydd f\u00f6r katten?<\/label>\n<span class=\"wpcf7-form-control-wrap\" data-name=\"mat_skydd\"><input size=\"40\" maxlength=\"400\" class=\"wpcf7-form-control wpcf7-text wpcf7-validates-as-required\" aria-required=\"true\" aria-invalid=\"false\" value=\"\" type=\"text\" name=\"mat_skydd\" \/><\/span>\n\n\n<label> Har katten halsband?<\/label>\n<span class=\"wpcf7-form-control-wrap\" data-name=\"halsband\"><input size=\"40\" maxlength=\"400\" class=\"wpcf7-form-control wpcf7-text wpcf7-validates-as-required\" aria-required=\"true\" aria-invalid=\"false\" value=\"\" type=\"text\" name=\"halsband\" \/><\/span>\n\n\n<label> \u00c4r katten id-m\u00e4rkt? (tatuering i v\u00e4nster \u00f6ra eller m\u00e4rkt med chip (kan kollas kostnadsfritt av polis\/veterin\u00e4ren))<\/label>\n<span class=\"wpcf7-form-control-wrap\" data-name=\"markt\"><input size=\"40\" maxlength=\"400\" class=\"wpcf7-form-control wpcf7-text wpcf7-validates-as-required\" aria-required=\"true\" aria-invalid=\"false\" value=\"\" type=\"text\" name=\"markt\" \/><\/span>\n\n\n<label>\u00c4r det en vuxen katt eller en kattunge?<\/label>\n<span class=\"wpcf7-form-control-wrap\" data-name=\"alder\"><input size=\"40\" maxlength=\"400\" class=\"wpcf7-form-control wpcf7-text wpcf7-validates-as-required\" aria-required=\"true\" aria-invalid=\"false\" value=\"\" type=\"text\" name=\"alder\" \/><\/span>\n\n\n<label> Hur hanterbar \u00e4r katten? \n<span class=\"wpcf7-form-control-wrap\" data-name=\"hanterbarhet\"><select class=\"wpcf7-form-control wpcf7-select wpcf7-validates-as-required\" aria-required=\"true\" aria-invalid=\"false\" name=\"hanterbarhet\"><option value=\"\">\u2013 V\u00e4lj ett alternativ \u2013<\/option><option value=\"V\u00e4ldigt skygg - springer iv\u00e4g n\u00e4r den ser eller h\u00f6r n\u00e5gon\/n\u00e5got komma\">V\u00e4ldigt skygg - springer iv\u00e4g n\u00e4r den ser eller h\u00f6r n\u00e5gon\/n\u00e5got komma<\/option><option value=\"Skygg - h\u00e5ller sig p\u00e5 flera meters avst\u00e5nd\">Skygg - h\u00e5ller sig p\u00e5 flera meters avst\u00e5nd<\/option><option value=\"Lite tam - kommer n\u00e4ra men till\u00e5ter inte att bli klappad\">Lite tam - kommer n\u00e4ra men till\u00e5ter inte att bli klappad<\/option><option value=\"Tam - kommer n\u00e4ra och till\u00e5ter sig att bli klappad\">Tam - kommer n\u00e4ra och till\u00e5ter sig att bli klappad<\/option><option value=\"V\u00e4ldigt tam - till\u00e5ter b\u00e5de bli klappad och upplyft\">V\u00e4ldigt tam - till\u00e5ter b\u00e5de bli klappad och upplyft<\/option><\/select><\/span> <\/label>\n\n\n<label> Har du kollat av med grannar i omr\u00e5det g\u00e4llande katten?<\/label>\n<span class=\"wpcf7-form-control-wrap\" data-name=\"grannar\"><select class=\"wpcf7-form-control wpcf7-select wpcf7-validates-as-required\" aria-required=\"true\" aria-invalid=\"false\" name=\"grannar\"><option value=\"\">\u2013 V\u00e4lj ett alternativ \u2013<\/option><option value=\"Ja - ingen k\u00e4nns vid katten och flera andra i omr\u00e5det har ocks\u00e5 observerat den\">Ja - ingen k\u00e4nns vid katten och flera andra i omr\u00e5det har ocks\u00e5 observerat den<\/option><option value=\"Ja - ingen i omr\u00e5det k\u00e4nns vid katten\">Ja - ingen i omr\u00e5det k\u00e4nns vid katten<\/option><option value=\"Nej - jag har inte st\u00e4mt av med grannar i omr\u00e5det.\">Nej - jag har inte st\u00e4mt av med grannar i omr\u00e5det.<\/option><\/select><\/span> \n\n\n<label> Har du kollat om du hittar katten p\u00e5 Vilse.nu? <\/label>\n<span class=\"wpcf7-form-control-wrap\" data-name=\"vilse\"><select class=\"wpcf7-form-control wpcf7-select wpcf7-validates-as-required\" aria-required=\"true\" aria-invalid=\"false\" name=\"vilse\"><option value=\"\">\u2013 V\u00e4lj ett alternativ \u2013<\/option><option value=\"Ja - jag har kollat annonser med bortsprungna och lagt upp en egen upphittad annons, utan resultat.\">Ja - jag har kollat annonser med bortsprungna och lagt upp en egen upphittad annons, utan resultat.<\/option><option value=\"Ja - jag har kollat annonser med bortsprungna katter utan resultat.\">Ja - jag har kollat annonser med bortsprungna katter utan resultat.<\/option><option value=\"Nej - jag har varken kollat annonser eller lagt upp en egen.\">Nej - jag har varken kollat annonser eller lagt upp en egen.<\/option><\/select><\/span> \n\n\n<label> Har du kollat om du hittar katten p\u00e5 sidor om bortsprungna katter p\u00e5 Facebook? <\/label>\n<span class=\"wpcf7-form-control-wrap\" data-name=\"facebook\"><select class=\"wpcf7-form-control wpcf7-select wpcf7-validates-as-required\" aria-required=\"true\" aria-invalid=\"false\" name=\"facebook\"><option value=\"\">\u2013 V\u00e4lj ett alternativ \u2013<\/option><option value=\"Ja - jag har kollat annonser med bortsprungna och lagt upp en egen upphittad annons, utan resultat.\">Ja - jag har kollat annonser med bortsprungna och lagt upp en egen upphittad annons, utan resultat.<\/option><option value=\"Ja - jag har kollat annonser med bortsprungna katter utan resultat.\">Ja - jag har kollat annonser med bortsprungna katter utan resultat.<\/option><option value=\"Nej - jag har varken kollat annonser eller lagt upp en egen.\">Nej - jag har varken kollat annonser eller lagt upp en egen.<\/option><\/select><\/span> \n\n\n<label> Har du anm\u00e4lt katten som upphittad hos polisen? <\/label>\n<span class=\"wpcf7-form-control-wrap\" data-name=\"polisen\"><input size=\"40\" maxlength=\"400\" class=\"wpcf7-form-control wpcf7-text wpcf7-validates-as-required\" aria-required=\"true\" aria-invalid=\"false\" value=\"\" type=\"text\" name=\"polisen\" \/><\/span>  \n\n\n<label>Har du kontaktat annan ang\u00e5ende katten? ( t.ex. annan f\u00f6rening, katthem) <\/label>\n<span class=\"wpcf7-form-control-wrap\" data-name=\"kontaktats\"><input size=\"40\" maxlength=\"400\" class=\"wpcf7-form-control wpcf7-text wpcf7-validates-as-required\" aria-required=\"true\" aria-invalid=\"false\" value=\"\" type=\"text\" name=\"kontaktats\" \/><\/span>\n \n\n<label>Beskriv kattens utseende i korthet samt vad du gjort f\u00f6r katten hittills (t.ex gett den mat) <\/label>\n<span class=\"wpcf7-form-control-wrap\" data-name=\"beskrivning\"><input size=\"40\" maxlength=\"400\" class=\"wpcf7-form-control wpcf7-text wpcf7-validates-as-required\" aria-required=\"true\" aria-invalid=\"false\" value=\"\" type=\"text\" name=\"beskrivning\" \/><\/span> \n\n<label> Skulle du sj\u00e4lv ha m\u00f6jlighet att agera jourhem f\u00f6r katten? (f\u00f6reningen st\u00e5r f\u00f6r <strong>ALLA<\/strong> kostnader! L\u00e4s mer under Bli Jourhem!)<\/label>\n<span class=\"wpcf7-form-control-wrap\" data-name=\"jourhem\"><input size=\"40\" maxlength=\"400\" class=\"wpcf7-form-control wpcf7-text wpcf7-validates-as-required\" aria-required=\"true\" aria-invalid=\"false\" value=\"\" type=\"text\" name=\"jourhem\" \/><\/span>\n\n\n<label>\u00d6vrigt av vikt?<\/label>\n<span class=\"wpcf7-form-control-wrap\" data-name=\"ovrigt\"><input size=\"40\" maxlength=\"400\" class=\"wpcf7-form-control wpcf7-text\" aria-invalid=\"false\" value=\"\" type=\"text\" name=\"ovrigt\" \/><\/span>\n\n\n<label>Bifoga ett foto p\u00e5 katten<\/label>\n<span class=\"wpcf7-form-control-wrap\" data-name=\"foto\"><input size=\"40\" class=\"wpcf7-form-control wpcf7-file\" accept=\"audio\/*,video\/*,image\/*\" aria-invalid=\"false\" type=\"file\" name=\"foto\" \/><\/span>\n\n\n\n*Obligatoriska f\u00e4lt.\n\n\n\n\n\n<input class=\"wpcf7-form-control wpcf7-submit has-spinner\" type=\"submit\" value=\"Skicka\" \/><\/div><div class=\"wpcf7-response-output\" aria-hidden=\"true\"><\/div>\n<\/form>\n<\/div>\n<\/div>\n","protected":false},"excerpt":{"rendered":"<p>Har du hittat en heml\u00f6s katt i behov av hj\u00e4lp? Skicka ett n\u00f6drop till oss om katten! Till oss kan du v\u00e4nda dig om du observerat att en katt \u00e4r heml\u00f6s och i behov av hj\u00e4lp genom skicka ett n\u00f6drop till oss vis nedan formul\u00e4r! Ju mer information du kan delge om katten, desto snabbare kan vi avg\u00f6ra hur vi kan hj\u00e4lpa till p\u00e5 b\u00e4sta s\u00e4tt. Alla katter som vi&hellip;<\/p>\n<p><a class=\"more-link\" href=\"https:\/\/www.djurskyddet.se\/flyingebygden\/nodrop\/\" title=\"Continue reading &lsquo;N\u00f6drop f\u00f6r katt&rsquo;\">L&auml;s mer<span class=\"meta-nav\">&raquo;<\/span><\/a><\/p>\n","protected":false},"author":66,"featured_media":0,"parent":0,"menu_order":0,"comment_status":"closed","ping_status":"closed","template":"page-templates\/full-width.php","meta":{"_acf_changed":false,"footnotes":""},"class_list":["post-9830","page","type-page","status-publish","hentry"],"acf":[],"_links":{"self":[{"href":"https:\/\/www.djurskyddet.se\/flyingebygden\/wp-json\/wp\/v2\/pages\/9830","targetHints":{"allow":["GET"]}}],"collection":[{"href":"https:\/\/www.djurskyddet.se\/flyingebygden\/wp-json\/wp\/v2\/pages"}],"about":[{"href":"https:\/\/www.djurskyddet.se\/flyingebygden\/wp-json\/wp\/v2\/types\/page"}],"author":[{"embeddable":true,"href":"https:\/\/www.djurskyddet.se\/flyingebygden\/wp-json\/wp\/v2\/users\/66"}],"replies":[{"embeddable":true,"href":"https:\/\/www.djurskyddet.se\/flyingebygden\/wp-json\/wp\/v2\/comments?post=9830"}],"version-history":[{"count":56,"href":"https:\/\/www.djurskyddet.se\/flyingebygden\/wp-json\/wp\/v2\/pages\/9830\/revisions"}],"predecessor-version":[{"id":12639,"href":"https:\/\/www.djurskyddet.se\/flyingebygden\/wp-json\/wp\/v2\/pages\/9830\/revisions\/12639"}],"wp:attachment":[{"href":"https:\/\/www.djurskyddet.se\/flyingebygden\/wp-json\/wp\/v2\/media?parent=9830"}],"curies":[{"name":"wp","href":"https:\/\/api.w.org\/{rel}","templated":true}]}}