{"id":5495,"date":"2018-08-16T06:46:55","date_gmt":"2018-08-16T06:46:55","guid":{"rendered":"http:\/\/www.djurskyddet.se\/helsingborg\/?page_id=5495"},"modified":"2022-04-14T09:12:57","modified_gmt":"2022-04-14T09:12:57","slug":"om-oss","status":"publish","type":"page","link":"https:\/\/www.djurskyddet.se\/helsingborg\/om-oss\/","title":{"rendered":"Om oss"},"content":{"rendered":"<p><strong>Djurskyddet Helsingborg<\/strong> vill medverka till att alla djur behandlas v\u00e4l och f\u00e5r leva naturligt.<\/p>\n<p><strong>V\u00e5rt m\u00e5l<\/strong> \u00e4r att kunna p\u00e5verka opinion och lokala politiker s\u00e5 att vi kan f\u00e5 ett v\u00e4l fungerande djurskydd i v\u00e5r region.<\/p>\n<p><strong>Vi vill<\/strong> genom den veterin\u00e4ra och lekmannam\u00e4ssiga sakkunskap vi har i v\u00e5r styrelse bidra till att p\u00e5 olika s\u00e4tt hj\u00e4lpa till med en vettig, balanserad syn p\u00e5 djurskydd som samtidigt pr\u00e4glas av en empati f\u00f6r m\u00e4nniskan bakom djuret, och f\u00f6r att finna en bra och sund balans i samvaron med v\u00e5ra s\u00e4llskapsdjur.<\/p>\n<p><a href=\"http:\/\/www.djurskyddet.nu\/media\/15627\/verksamhetsberttelse2007.pdf\" target=\"_blank\" rel=\"noopener noreferrer\">Ladda ner verksamhetsber\u00e4ttelsen f\u00f6r 2007<\/a><br \/><a href=\"http:\/\/www.djurskyddet.nu\/media\/16089\/verksamhetsber\u00e4ttelse%202008.pdf\" target=\"_blank\" rel=\"noopener noreferrer\">Ladda ner verksamhetsber\u00e4ttelsen f\u00f6r 2008<\/a><br \/><a href=\"http:\/\/www.djurskyddet.nu\/media\/24147\/verksamhetsber\u00e4ttelse%202009.pdf\" target=\"_blank\" rel=\"noopener noreferrer\">Ladda ner verksamhetsber\u00e4ttelsen f\u00f6r 2009<\/a><br \/><a href=\"http:\/\/www.djurskyddet.nu\/media\/160924\/v20140409.pdf\" target=\"_blank\" rel=\"noopener noreferrer\">Ladda ner verksamhetsber\u00e4ttelsen f\u00f6r 2013<\/a><br \/><a href=\"http:\/\/www.djurskyddet.nu\/media\/208926\/verksamhetsberattelse_2014.pdf\" target=\"_blank\" rel=\"noopener noreferrer\">Ladda ner verksamhetsber\u00e4ttelsen f\u00f6r 2014<\/a><br \/><a href=\"http:\/\/www.djurskyddet.nu\/media\/251141\/verksamhetsberattelse_2015_2.pdf\" target=\"_blank\" rel=\"noopener noreferrer\">Ladda ner verksamhetsber\u00e4ttelsen f\u00f6r 2015<\/a><br \/><a href=\"http:\/\/www.djurskyddet.nu\/media\/308449\/verksamhetsberattelse_2017.pdf\" target=\"_blank\" rel=\"noopener noreferrer\">Ladda ner verksamhetsber\u00e4ttelsen f\u00f6r 2017<\/a><br \/><a href=\"https:\/\/www.djurskyddet.se\/helsingborg\/wp-content\/uploads\/sites\/20\/2021\/10\/CCF_000139.pdf\">Ladda ner verksamhetsber\u00e4ttelsen f\u00f6r 2018<\/a><br \/><a href=\"https:\/\/www.djurskyddet.se\/helsingborg\/wp-content\/uploads\/sites\/20\/2019\/09\/CCF_000062.pdf\" target=\"_blank\" rel=\"noopener noreferrer\">Ladda ner verksamhetsber\u00e4ttelsen f\u00f6r 2019<\/a><br \/><a href=\"https:\/\/www.djurskyddet.se\/helsingborg\/wp-content\/uploads\/sites\/20\/2021\/10\/CCF_000119.pdf\">Ladda ner verksamhetsber\u00e4ttelsen f\u00f6r 2020<\/a><br \/><a href=\"https:\/\/www.djurskyddet.se\/helsingborg\/wp-content\/uploads\/sites\/20\/2022\/04\/Verksamhetsberattelse-2021.pdf\" target=\"_blank\" rel=\"noopener\">Ladda ner verksamhetsber\u00e4ttelsen f\u00f6r 2021<\/a><\/p>\n<p><a href=\"https:\/\/www.djurskyddet.se\/helsingborg\/wp-content\/uploads\/sites\/20\/2021\/10\/stadgar.pdf\">L\u00e4s Djurskyddet Helsingborgs stadgar h\u00e4r.<\/a><\/p>\n\n\n<p><\/p>\n","protected":false},"excerpt":{"rendered":"<p>Djurskyddet Helsingborg vill medverka till att alla djur behandlas v\u00e4l och f\u00e5r leva naturligt. V\u00e5rt m\u00e5l \u00e4r att kunna p\u00e5verka opinion och lokala politiker s\u00e5 att vi kan f\u00e5 ett v\u00e4l fungerande djurskydd i v\u00e5r region. Vi vill genom den veterin\u00e4ra och lekmannam\u00e4ssiga sakkunskap vi har i v\u00e5r styrelse bidra till att p\u00e5 olika s\u00e4tt hj\u00e4lpa till med en vettig, balanserad syn p\u00e5 djurskydd som samtidigt pr\u00e4glas av en empati&hellip;<\/p>\n<p><a class=\"more-link\" href=\"https:\/\/www.djurskyddet.se\/helsingborg\/om-oss\/\" title=\"Continue reading &lsquo;Om oss&rsquo;\">L&auml;s mer<span class=\"meta-nav\">&raquo;<\/span><\/a><\/p>\n","protected":false},"author":3,"featured_media":0,"parent":0,"menu_order":0,"comment_status":"closed","ping_status":"closed","template":"page-templates\/left-sidebar.php","meta":{"_acf_changed":false,"footnotes":""},"class_list":["post-5495","page","type-page","status-publish","hentry"],"acf":[],"_links":{"self":[{"href":"https:\/\/www.djurskyddet.se\/helsingborg\/wp-json\/wp\/v2\/pages\/5495","targetHints":{"allow":["GET"]}}],"collection":[{"href":"https:\/\/www.djurskyddet.se\/helsingborg\/wp-json\/wp\/v2\/pages"}],"about":[{"href":"https:\/\/www.djurskyddet.se\/helsingborg\/wp-json\/wp\/v2\/types\/page"}],"author":[{"embeddable":true,"href":"https:\/\/www.djurskyddet.se\/helsingborg\/wp-json\/wp\/v2\/users\/3"}],"replies":[{"embeddable":true,"href":"https:\/\/www.djurskyddet.se\/helsingborg\/wp-json\/wp\/v2\/comments?post=5495"}],"version-history":[{"count":18,"href":"https:\/\/www.djurskyddet.se\/helsingborg\/wp-json\/wp\/v2\/pages\/5495\/revisions"}],"predecessor-version":[{"id":5937,"href":"https:\/\/www.djurskyddet.se\/helsingborg\/wp-json\/wp\/v2\/pages\/5495\/revisions\/5937"}],"wp:attachment":[{"href":"https:\/\/www.djurskyddet.se\/helsingborg\/wp-json\/wp\/v2\/media?parent=5495"}],"curies":[{"name":"wp","href":"https:\/\/api.w.org\/{rel}","templated":true}]}}