{"id":5497,"date":"2018-08-16T06:47:21","date_gmt":"2018-08-16T06:47:21","guid":{"rendered":"http:\/\/www.djurskyddet.se\/helsingborg\/?page_id=5497"},"modified":"2025-04-25T15:24:59","modified_gmt":"2025-04-25T15:24:59","slug":"stod-oss","status":"publish","type":"page","link":"https:\/\/www.djurskyddet.se\/helsingborg\/stod-oss\/","title":{"rendered":"St\u00f6d oss"},"content":{"rendered":"<p>Vad roligt att du vill vara med och f\u00f6rb\u00e4ttra djurskyddsarbetet i b\u00e5de Helsingborg och hela regionen!<\/p>\n<p>Ju fler medlemmar vi \u00e4r, desto st\u00f6rre genomslagskraft f\u00e5r vi som f\u00f6rening &#8211; s\u00e5 v\u00e4lkommen att bli medlem! Vill du hj\u00e4lpa oss genom en g\u00e5va \u00e4r vi v\u00e4ldigt tacksamma!<\/p>\n<p>L\u00e4s mer under flikarna till v\u00e4nster. <strong>Tack f\u00f6r ditt st\u00f6d!<\/strong><\/p>\n","protected":false},"excerpt":{"rendered":"<p>Vad roligt att du vill vara med och f\u00f6rb\u00e4ttra djurskyddsarbetet i b\u00e5de Helsingborg och hela regionen! Ju fler medlemmar vi \u00e4r, desto st\u00f6rre genomslagskraft f\u00e5r vi som f\u00f6rening &#8211; s\u00e5 v\u00e4lkommen att bli medlem! Vill du hj\u00e4lpa oss genom en g\u00e5va \u00e4r vi v\u00e4ldigt tacksamma! L\u00e4s mer under flikarna till v\u00e4nster. Tack f\u00f6r ditt st\u00f6d!<\/p>\n","protected":false},"author":3,"featured_media":0,"parent":0,"menu_order":0,"comment_status":"closed","ping_status":"closed","template":"page-templates\/left-sidebar.php","meta":{"_acf_changed":false,"footnotes":""},"class_list":["post-5497","page","type-page","status-publish","hentry"],"acf":[],"_links":{"self":[{"href":"https:\/\/www.djurskyddet.se\/helsingborg\/wp-json\/wp\/v2\/pages\/5497","targetHints":{"allow":["GET"]}}],"collection":[{"href":"https:\/\/www.djurskyddet.se\/helsingborg\/wp-json\/wp\/v2\/pages"}],"about":[{"href":"https:\/\/www.djurskyddet.se\/helsingborg\/wp-json\/wp\/v2\/types\/page"}],"author":[{"embeddable":true,"href":"https:\/\/www.djurskyddet.se\/helsingborg\/wp-json\/wp\/v2\/users\/3"}],"replies":[{"embeddable":true,"href":"https:\/\/www.djurskyddet.se\/helsingborg\/wp-json\/wp\/v2\/comments?post=5497"}],"version-history":[{"count":6,"href":"https:\/\/www.djurskyddet.se\/helsingborg\/wp-json\/wp\/v2\/pages\/5497\/revisions"}],"predecessor-version":[{"id":5986,"href":"https:\/\/www.djurskyddet.se\/helsingborg\/wp-json\/wp\/v2\/pages\/5497\/revisions\/5986"}],"wp:attachment":[{"href":"https:\/\/www.djurskyddet.se\/helsingborg\/wp-json\/wp\/v2\/media?parent=5497"}],"curies":[{"name":"wp","href":"https:\/\/api.w.org\/{rel}","templated":true}]}}