{"id":5512,"date":"2018-08-16T06:59:09","date_gmt":"2018-08-16T06:59:09","guid":{"rendered":"http:\/\/www.djurskyddet.se\/helsingborg\/?page_id=5512"},"modified":"2025-03-22T14:37:31","modified_gmt":"2025-03-22T14:37:31","slug":"styrelsen","status":"publish","type":"page","link":"https:\/\/www.djurskyddet.se\/helsingborg\/om-oss\/styrelsen\/","title":{"rendered":"Styrelsen"},"content":{"rendered":"<h2>Styrelsen 2024<\/h2>\n<p><strong>Ordf\u00f6rande<\/strong><br \/>Torkel Falk<\/p>\n<p><strong>Vice ordf\u00f6rande<\/strong><br \/>Fanny Mauritzson<\/p>\n<p><strong>Sekreterare<\/strong><br \/>Maria Ranefalk<\/p>\n<p><strong>Kass\u00f6r<\/strong><br \/>Anne Ask<\/p>\n<p><strong>Styrelseledam\u00f6ter\u00a0<\/strong><br \/>Louise Petersson<\/p>\n<p>Engla Browall Johansson<\/p>\n<p><strong>Suppleant<\/strong><\/p>\n<p>Viveca Sandstr\u00f6m<\/p>\n\n\n<p>Vill du komma i kontakt med oss n\u00e5r du oss p\u00e5 helsingborg@djurskyddet.se<\/p>\n","protected":false},"excerpt":{"rendered":"<p>Styrelsen 2024 Ordf\u00f6randeTorkel Falk Vice ordf\u00f6randeFanny Mauritzson SekreterareMaria Ranefalk Kass\u00f6rAnne Ask Styrelseledam\u00f6ter\u00a0Louise Petersson Engla Browall Johansson Suppleant Viveca Sandstr\u00f6m Vill du komma i kontakt med oss n\u00e5r du oss p\u00e5 helsingborg@djurskyddet.se<\/p>\n","protected":false},"author":3,"featured_media":0,"parent":5495,"menu_order":0,"comment_status":"closed","ping_status":"closed","template":"page-templates\/left-sidebar.php","meta":{"_acf_changed":false,"footnotes":""},"class_list":["post-5512","page","type-page","status-publish","hentry"],"acf":[],"_links":{"self":[{"href":"https:\/\/www.djurskyddet.se\/helsingborg\/wp-json\/wp\/v2\/pages\/5512","targetHints":{"allow":["GET"]}}],"collection":[{"href":"https:\/\/www.djurskyddet.se\/helsingborg\/wp-json\/wp\/v2\/pages"}],"about":[{"href":"https:\/\/www.djurskyddet.se\/helsingborg\/wp-json\/wp\/v2\/types\/page"}],"author":[{"embeddable":true,"href":"https:\/\/www.djurskyddet.se\/helsingborg\/wp-json\/wp\/v2\/users\/3"}],"replies":[{"embeddable":true,"href":"https:\/\/www.djurskyddet.se\/helsingborg\/wp-json\/wp\/v2\/comments?post=5512"}],"version-history":[{"count":15,"href":"https:\/\/www.djurskyddet.se\/helsingborg\/wp-json\/wp\/v2\/pages\/5512\/revisions"}],"predecessor-version":[{"id":5963,"href":"https:\/\/www.djurskyddet.se\/helsingborg\/wp-json\/wp\/v2\/pages\/5512\/revisions\/5963"}],"up":[{"embeddable":true,"href":"https:\/\/www.djurskyddet.se\/helsingborg\/wp-json\/wp\/v2\/pages\/5495"}],"wp:attachment":[{"href":"https:\/\/www.djurskyddet.se\/helsingborg\/wp-json\/wp\/v2\/media?parent=5512"}],"curies":[{"name":"wp","href":"https:\/\/api.w.org\/{rel}","templated":true}]}}