{"id":5514,"date":"2018-08-16T06:59:29","date_gmt":"2018-08-16T06:59:29","guid":{"rendered":"http:\/\/www.djurskyddet.se\/helsingborg\/?page_id=5514"},"modified":"2025-04-26T12:14:24","modified_gmt":"2025-04-26T12:14:24","slug":"kontakt","status":"publish","type":"page","link":"https:\/\/www.djurskyddet.se\/helsingborg\/om-oss\/kontakt\/","title":{"rendered":"Kontakta oss"},"content":{"rendered":"<p><strong>E-post:<\/strong> <a href=\"mailto:helsingborg@djurskyddet.se\">helsingborg@djurskyddet.se<\/a><\/p>\n<p><strong>Misst\u00e4nker du att ett djur blir skadat eller far illa? D\u00e5 ska du v\u00e4nda dig till<br \/>L\u00e4nsstyrelsen Sk\u00e5ne p\u00e5 telefonnummer 010-224 10 00. Har L\u00e4nsstyrelsen inte telefontid kan du \u00e4ven v\u00e4nda dig till polisen p\u00e5 114 14. \u00c4r det ett akut p\u00e5g\u00e5ende \u00e4rende \u00e4r det polisen du ska v\u00e4nda dig till p\u00e5 nummer 112.<br \/>Mer information kan du hitta p\u00e5 L\u00e4nsstyrelsens hemsida genom att <a href=\"https:\/\/www.lansstyrelsen.se\/skane\/privat\/djur-och-natur\/djur.html\">klicka h\u00e4r<\/a>.<\/strong><\/p>\n<p>Vill du eller ni bli medlemmar i Djurskyddet Helsingborg ska ni fylla i detta <a href=\"https:\/\/www.djurskyddet.se\/stod-oss\/bli-medlem\/\">formul\u00e4r<\/a> p\u00e5 Djurskyddet Sveriges hemsida, eftersom vi \u00e4r en del av Djurskyddet Sverige!<\/p>\n<p>Ni \u00e4r sj\u00e4lvfallet v\u00e4lkomna att mejla oss p\u00e5 om ni har fr\u00e5gor om medlemskap.<\/p>\n<p>\u00a0<\/p>\n\n\n<p><\/p>\n","protected":false},"excerpt":{"rendered":"<p>E-post: helsingborg@djurskyddet.se Misst\u00e4nker du att ett djur blir skadat eller far illa? D\u00e5 ska du v\u00e4nda dig tillL\u00e4nsstyrelsen Sk\u00e5ne p\u00e5 telefonnummer 010-224 10 00. Har L\u00e4nsstyrelsen inte telefontid kan du \u00e4ven v\u00e4nda dig till polisen p\u00e5 114 14. \u00c4r det ett akut p\u00e5g\u00e5ende \u00e4rende \u00e4r det polisen du ska v\u00e4nda dig till p\u00e5 nummer 112.Mer information kan du hitta p\u00e5 L\u00e4nsstyrelsens hemsida genom att klicka h\u00e4r. Vill du eller ni&hellip;<\/p>\n<p><a class=\"more-link\" href=\"https:\/\/www.djurskyddet.se\/helsingborg\/om-oss\/kontakt\/\" title=\"Continue reading &lsquo;Kontakta oss&rsquo;\">L&auml;s mer<span class=\"meta-nav\">&raquo;<\/span><\/a><\/p>\n","protected":false},"author":3,"featured_media":0,"parent":5495,"menu_order":0,"comment_status":"closed","ping_status":"closed","template":"page-templates\/left-sidebar.php","meta":{"_acf_changed":false,"footnotes":""},"class_list":["post-5514","page","type-page","status-publish","hentry"],"acf":[],"_links":{"self":[{"href":"https:\/\/www.djurskyddet.se\/helsingborg\/wp-json\/wp\/v2\/pages\/5514","targetHints":{"allow":["GET"]}}],"collection":[{"href":"https:\/\/www.djurskyddet.se\/helsingborg\/wp-json\/wp\/v2\/pages"}],"about":[{"href":"https:\/\/www.djurskyddet.se\/helsingborg\/wp-json\/wp\/v2\/types\/page"}],"author":[{"embeddable":true,"href":"https:\/\/www.djurskyddet.se\/helsingborg\/wp-json\/wp\/v2\/users\/3"}],"replies":[{"embeddable":true,"href":"https:\/\/www.djurskyddet.se\/helsingborg\/wp-json\/wp\/v2\/comments?post=5514"}],"version-history":[{"count":18,"href":"https:\/\/www.djurskyddet.se\/helsingborg\/wp-json\/wp\/v2\/pages\/5514\/revisions"}],"predecessor-version":[{"id":5989,"href":"https:\/\/www.djurskyddet.se\/helsingborg\/wp-json\/wp\/v2\/pages\/5514\/revisions\/5989"}],"up":[{"embeddable":true,"href":"https:\/\/www.djurskyddet.se\/helsingborg\/wp-json\/wp\/v2\/pages\/5495"}],"wp:attachment":[{"href":"https:\/\/www.djurskyddet.se\/helsingborg\/wp-json\/wp\/v2\/media?parent=5514"}],"curies":[{"name":"wp","href":"https:\/\/api.w.org\/{rel}","templated":true}]}}