{"id":5533,"date":"2018-08-16T07:25:55","date_gmt":"2018-08-16T07:25:55","guid":{"rendered":"http:\/\/www.djurskyddet.se\/helsingborg\/?page_id=5533"},"modified":"2025-10-01T11:02:09","modified_gmt":"2025-10-01T11:02:09","slug":"bli-medlem","status":"publish","type":"page","link":"https:\/\/www.djurskyddet.se\/helsingborg\/stod-oss\/bli-medlem\/","title":{"rendered":"Bli medlem"},"content":{"rendered":"\n<p>Vad roligt att du vill vara med och f\u00f6rb\u00e4ttra djurskyddsarbetet i b\u00e5de Helsingborg och hela regionen! Ju fler medlemmar vi \u00e4r, desto st\u00f6rre genomslagskraft f\u00e5r vi som f\u00f6rening.<\/p>\n\n\n\n<p><span data-contrast=\"auto\">Som medlem i Djurskyddet Helsingborg \u00e4r du ocks\u00e5 medlem i riksf\u00f6rbundet Djurskyddet Sverige och f\u00e5r Tidningen Djurskyddet fyra g\u00e5nger per \u00e5r, b\u00e5de i brevl\u00e5dan och i appen TD. Ladda ner den d\u00e4r appar finns! Dessutom kan du l\u00e4sa intressanta djurskyddsnyheter p\u00e5 <\/span><b><span data-contrast=\"auto\"><a href=\"https:\/\/tidningen.djurskyddet.se\/\">webbtidningen<\/a><\/span><\/b><span data-contrast=\"auto\"> och kan ta del av ett antal\u202ffina <\/span><b><span data-contrast=\"auto\"><a href=\"https:\/\/www.djurskyddet.se\/stod-oss\/bli-medlem\/medlemsformaner\/\">medlemsf\u00f6rm\u00e5ner<\/a><\/span><\/b><span data-contrast=\"auto\">, s\u00e5som rabatt hos olika n\u00e4tbutiker.\u00a0<\/span><\/p>\n\n\n\n<p><span data-contrast=\"auto\">Registrera dig som medlem p\u00e5\u202fDjurskyddet Sveriges hemsida. <strong>Se till att v\u00e4lja Djurskyddet Helsingborg<\/strong> som din lokalf\u00f6rening.\u00a0<\/span><\/p>\n\n\n\n<div class=\"wp-block-buttons is-layout-flex wp-block-buttons-is-layout-flex\">\n<div class=\"wp-block-button has-custom-font-size has-small-font-size\"><a class=\"wp-block-button__link has-white-color has-text-color has-background has-link-color wp-element-button\" href=\"https:\/\/donation.djurskyddet.se\/s\/medlem\" style=\"background-color:#00a64a\"><strong>Bli medlem h\u00e4r<\/strong><\/a><\/div>\n<\/div>\n\n\n\n<p><\/p>\n\n\n\n<p>Medlemsavgifterna f\u00f6r Djurskyddet Helsingborg \u00e4r f\u00f6ljande:<br><strong>Vuxen<\/strong>: 200 kr\/\u00e5r<br><strong>Familj<\/strong>: 250 kr\/\u00e5r<\/p>\n\n\n\n<p>I Djurskyddet Helsingborg har du som medlem m\u00f6jlighet att vara med och p\u00e5verka mycket av vad som tas upp och vad som g\u00f6rs under \u00e5ret. Vi tar d\u00e4rf\u00f6r tacksamt emot f\u00f6rslag kring vad som kan g\u00f6ras eller om ni har id\u00e9er eller tankar. P\u00e5 \u00e5rsm\u00f6tet kan du ta del av vad som h\u00e4nt under f\u00f6reg\u00e5ende \u00e5r.<\/p>\n\n\n\n<h3 class=\"wp-block-heading\">30 \u00e5r eller yngre?<\/h3>\n\n\n\n<p>\u00c4r du yngre \u00e4n 30 \u00e5r kan du dessutom gratis bli medlem i Djurskyddet Ungdom. <a href=\"http:\/\/www.djurskyddet.se\/ungdom\/\" target=\"_blank\" rel=\"noopener\">Registrera dig h\u00e4r!<\/a> Du blir d\u00e4refter indelad i den Ungdomsavdelning som geografiskt sett ligger n\u00e4rmast dig.<\/p>\n\n\n\n<h3 class=\"wp-block-heading\">Redan befintlig medlem?<\/h3>\n\n\n\n<p>Just nu saknar vi mejladresser till en stor del av v\u00e5ra medlemmar. Skicka g\u00e4rna ett mejl till <a href=\"mailto:helsingborg@djurskyddet.se\">helsingborg@djurskyddet.se<\/a> med din mejladress s\u00e5 du inte g\u00e5r miste om inbjudningar till f\u00f6rel\u00e4sningar eller evenemang.<\/p>\n","protected":false},"excerpt":{"rendered":"<p>Vad roligt att du vill vara med och f\u00f6rb\u00e4ttra djurskyddsarbetet i b\u00e5de Helsingborg och hela regionen! Ju fler medlemmar vi \u00e4r, desto st\u00f6rre genomslagskraft f\u00e5r vi som f\u00f6rening. Som medlem i Djurskyddet Helsingborg \u00e4r du ocks\u00e5 medlem i riksf\u00f6rbundet Djurskyddet Sverige och f\u00e5r Tidningen Djurskyddet fyra g\u00e5nger per \u00e5r, b\u00e5de i brevl\u00e5dan och i appen TD. Ladda ner den d\u00e4r appar finns! Dessutom kan du l\u00e4sa intressanta djurskyddsnyheter p\u00e5 webbtidningen&hellip;<\/p>\n<p><a class=\"more-link\" href=\"https:\/\/www.djurskyddet.se\/helsingborg\/stod-oss\/bli-medlem\/\" title=\"Continue reading &lsquo;Bli medlem&rsquo;\">L&auml;s mer<span class=\"meta-nav\">&raquo;<\/span><\/a><\/p>\n","protected":false},"author":3,"featured_media":0,"parent":5497,"menu_order":0,"comment_status":"closed","ping_status":"closed","template":"page-templates\/left-sidebar.php","meta":{"_acf_changed":false,"footnotes":""},"class_list":["post-5533","page","type-page","status-publish","hentry"],"acf":[],"_links":{"self":[{"href":"https:\/\/www.djurskyddet.se\/helsingborg\/wp-json\/wp\/v2\/pages\/5533","targetHints":{"allow":["GET"]}}],"collection":[{"href":"https:\/\/www.djurskyddet.se\/helsingborg\/wp-json\/wp\/v2\/pages"}],"about":[{"href":"https:\/\/www.djurskyddet.se\/helsingborg\/wp-json\/wp\/v2\/types\/page"}],"author":[{"embeddable":true,"href":"https:\/\/www.djurskyddet.se\/helsingborg\/wp-json\/wp\/v2\/users\/3"}],"replies":[{"embeddable":true,"href":"https:\/\/www.djurskyddet.se\/helsingborg\/wp-json\/wp\/v2\/comments?post=5533"}],"version-history":[{"count":8,"href":"https:\/\/www.djurskyddet.se\/helsingborg\/wp-json\/wp\/v2\/pages\/5533\/revisions"}],"predecessor-version":[{"id":5997,"href":"https:\/\/www.djurskyddet.se\/helsingborg\/wp-json\/wp\/v2\/pages\/5533\/revisions\/5997"}],"up":[{"embeddable":true,"href":"https:\/\/www.djurskyddet.se\/helsingborg\/wp-json\/wp\/v2\/pages\/5497"}],"wp:attachment":[{"href":"https:\/\/www.djurskyddet.se\/helsingborg\/wp-json\/wp\/v2\/media?parent=5533"}],"curies":[{"name":"wp","href":"https:\/\/api.w.org\/{rel}","templated":true}]}}