{"id":11703,"date":"2025-03-20T12:18:38","date_gmt":"2025-03-20T11:18:38","guid":{"rendered":"https:\/\/www.djurskyddet.se\/jamtland\/?page_id=11703"},"modified":"2025-03-20T12:21:54","modified_gmt":"2025-03-20T11:21:54","slug":"katthalsningar-2025","status":"publish","type":"page","link":"https:\/\/www.djurskyddet.se\/jamtland\/adoption\/att-adoptera\/katthalsningar-2020\/katthalsningar-2025\/","title":{"rendered":"Katth\u00e4lsningar 2025"},"content":{"rendered":"\n<p class=\"has-text-align-center\"><img loading=\"lazy\" decoding=\"async\" width=\"1024\" height=\"1014\" class=\"wp-image-12393\" style=\"width: 500px\" src=\"https:\/\/www.djurskyddet.se\/jamtland\/wp-content\/uploads\/sites\/14\/2025\/03\/485181082_1285229249204296_6306289185010443669_n.jpg\" alt=\"\" srcset=\"https:\/\/www.djurskyddet.se\/jamtland\/wp-content\/uploads\/sites\/14\/2025\/03\/485181082_1285229249204296_6306289185010443669_n.jpg 1024w, https:\/\/www.djurskyddet.se\/jamtland\/wp-content\/uploads\/sites\/14\/2025\/03\/485181082_1285229249204296_6306289185010443669_n-300x297.jpg 300w, https:\/\/www.djurskyddet.se\/jamtland\/wp-content\/uploads\/sites\/14\/2025\/03\/485181082_1285229249204296_6306289185010443669_n-150x150.jpg 150w, https:\/\/www.djurskyddet.se\/jamtland\/wp-content\/uploads\/sites\/14\/2025\/03\/485181082_1285229249204296_6306289185010443669_n-768x761.jpg 768w, https:\/\/www.djurskyddet.se\/jamtland\/wp-content\/uploads\/sites\/14\/2025\/03\/485181082_1285229249204296_6306289185010443669_n-400x396.jpg 400w\" sizes=\"auto, (max-width: 1024px) 100vw, 1024px\" \/><\/p>\n\n\n\n<p class=\"has-text-align-center\">&#8221;Roi-Boss och Bumbibj\u00f6rnen har hittat sitt nya favoritst\u00e4lle att mysa ihop sig p\u00e5 nu. Roi-Boss ligger g\u00e4rna antingen precis bredvid en i soffan och ibland kan han ligga i famnen om man ser till att inte sluta klappa han. N\u00e4r det kommer till Bumbibj\u00f6rnen s\u00e5 g\u00e5r det sakta men s\u00e4kert fram\u00e5t; han har kommit fram tv\u00e5 g\u00e5nger sj\u00e4lv och strykt sig emot mig och bett om gos men han \u00e4r fortfarande v\u00e4ldigt skeptisk ifall man r\u00f6r sig lite f\u00f6r fort. Annars s\u00e5 g\u00e5r det bra med han ocks\u00e5! Roi-Boss ligger g\u00e4rna i s\u00e4ngen p\u00e5 kv\u00e4llarna och gosar medans Bumbibj\u00f6rnen har varit upp n\u00e5n g\u00e5ng men hoppar ner vid minsta r\u00f6relse.&#8221;<\/p>\n\n\n\n<hr class=\"wp-block-separator has-alpha-channel-opacity\" \/>\n","protected":false},"excerpt":{"rendered":"<p>&#8221;Roi-Boss och Bumbibj\u00f6rnen har hittat sitt nya favoritst\u00e4lle att mysa ihop sig p\u00e5 nu. Roi-Boss ligger g\u00e4rna antingen precis bredvid en i soffan och ibland kan han ligga i famnen om man ser till att inte sluta klappa han. N\u00e4r det kommer till Bumbibj\u00f6rnen s\u00e5 g\u00e5r det sakta men s\u00e4kert fram\u00e5t; han har kommit fram tv\u00e5 g\u00e5nger sj\u00e4lv och strykt sig emot mig och bett om gos men han \u00e4r&hellip;<\/p>\n<p><a class=\"more-link\" href=\"https:\/\/www.djurskyddet.se\/jamtland\/adoption\/att-adoptera\/katthalsningar-2020\/katthalsningar-2025\/\" title=\"Continue reading &lsquo;Katth\u00e4lsningar 2025&rsquo;\">L&auml;s mer<span class=\"meta-nav\">&raquo;<\/span><\/a><\/p>\n","protected":false},"author":15,"featured_media":0,"parent":7524,"menu_order":0,"comment_status":"closed","ping_status":"closed","template":"","meta":{"_acf_changed":false,"footnotes":""},"class_list":["post-11703","page","type-page","status-publish","hentry"],"acf":[],"_links":{"self":[{"href":"https:\/\/www.djurskyddet.se\/jamtland\/wp-json\/wp\/v2\/pages\/11703","targetHints":{"allow":["GET"]}}],"collection":[{"href":"https:\/\/www.djurskyddet.se\/jamtland\/wp-json\/wp\/v2\/pages"}],"about":[{"href":"https:\/\/www.djurskyddet.se\/jamtland\/wp-json\/wp\/v2\/types\/page"}],"author":[{"embeddable":true,"href":"https:\/\/www.djurskyddet.se\/jamtland\/wp-json\/wp\/v2\/users\/15"}],"replies":[{"embeddable":true,"href":"https:\/\/www.djurskyddet.se\/jamtland\/wp-json\/wp\/v2\/comments?post=11703"}],"version-history":[{"count":5,"href":"https:\/\/www.djurskyddet.se\/jamtland\/wp-json\/wp\/v2\/pages\/11703\/revisions"}],"predecessor-version":[{"id":12399,"href":"https:\/\/www.djurskyddet.se\/jamtland\/wp-json\/wp\/v2\/pages\/11703\/revisions\/12399"}],"up":[{"embeddable":true,"href":"https:\/\/www.djurskyddet.se\/jamtland\/wp-json\/wp\/v2\/pages\/7524"}],"wp:attachment":[{"href":"https:\/\/www.djurskyddet.se\/jamtland\/wp-json\/wp\/v2\/media?parent=11703"}],"curies":[{"name":"wp","href":"https:\/\/api.w.org\/{rel}","templated":true}]}}