{"id":5500,"date":"2018-03-23T10:36:44","date_gmt":"2018-03-23T09:36:44","guid":{"rendered":"http:\/\/www.djurskyddet.se\/jamtland\/?page_id=5500"},"modified":"2023-07-03T08:09:44","modified_gmt":"2023-07-03T07:09:44","slug":"stod-oss","status":"publish","type":"page","link":"https:\/\/www.djurskyddet.se\/jamtland\/stod-oss\/","title":{"rendered":"St\u00f6d oss"},"content":{"rendered":"<h4>Vill du vara med och bidra till ett b\u00e4ttre liv f\u00f6r m\u00e5nga djur?<\/h4>\n<p>Djurskyddet J\u00e4mtlands l\u00e4n arbetar helt ideellt f\u00f6r att inga djur ska fara illa i samh\u00e4llet. Det g\u00f6r vi bland annat genom att ta emot, v\u00e5rda och omplacera katter p\u00e5 v\u00e5rt katthem och genom att besvara allm\u00e4nhetens fr\u00e5gor om djurskydd.<\/p>\n<p>Vi f\u00e5r inte n\u00e5got verksamhetsst\u00f6d eller n\u00e5gra ekonomiska bidrag fr\u00e5n kommun eller stat. F\u00f6r att finansiera v\u00e5r verksamhet \u00e4r vi beroende av st\u00f6d fr\u00e5n givare. Inte minst har vi stora kostnader f\u00f6r att driva katthemmet, bland annat f\u00f6r veterin\u00e4rv\u00e5rd, medicin, mat, sand och lokaler.<\/p>\n<p>Du kan st\u00f6dja oss p\u00e5 m\u00e5nga olika s\u00e4tt:<\/p>\n<ul>\n<li><a href=\"https:\/\/www.djurskyddet.se\/jamtland\/stod-oss\/bli-medlem\/\" target=\"_blank\" rel=\"noopener noreferrer\">bli medlem<\/a><\/li>\n<li>ge en <a href=\"https:\/\/www.djurskyddet.se\/jamtland\/stod-oss\/ge-en-gava\/\" target=\"_blank\" rel=\"noopener noreferrer\">g\u00e5va<\/a> via bankgiro eller swish<\/li>\n<li>ge en <a href=\"https:\/\/www.djurskyddet.se\/jamtland\/stod-oss\/ge-en-gava\/minnesgava\/\" target=\"_blank\" rel=\"noopener noreferrer\">minnesg\u00e5va <\/a>eller <a href=\"https:\/\/www.djurskyddet.se\/jamtland\/stod-oss\/ge-en-gava\/hogtidsgava\/\" target=\"_blank\" rel=\"noopener noreferrer\">h\u00f6gtidsg\u00e5va<\/a><\/li>\n<li><a href=\"https:\/\/www.djurskyddet.se\/jamtland\/stod-oss\/testamentera\/\" target=\"_blank\" rel=\"noopener noreferrer\">testamentera<\/a> till f\u00f6rm\u00e5n f\u00f6r Djurskyddet J\u00e4mtlands l\u00e4n<\/li>\n<li>bli <a href=\"https:\/\/www.djurskyddet.se\/jamtland\/stod-oss\/bli-sponsor-fadder\/\" target=\"_blank\" rel=\"noopener noreferrer\">sponsor<\/a>. (g\u00e4ller f\u00f6retag)<\/li>\n<\/ul>\n<p>Du \u00e4r givetvis ocks\u00e5 varmt v\u00e4lkommen att delta praktiskt i verksamheten p\u00e5 olika s\u00e4tt. Aktiva medlemmar \u00e4r en f\u00f6ruts\u00e4ttning f\u00f6r att vi ska kunna bedriva arbetet med att f\u00f6rb\u00e4ttra f\u00f6r djuren. Vi beh\u00f6ver till exempel personer som engagerar sig i f\u00f6reningens styrelse eller som arbetar som volont\u00e4rer p\u00e5 katthemmet. Du kan l\u00e4sa mer om volont\u00e4rsarbete p\u00e5 <a href=\"https:\/\/www.djurskyddet.se\/jamtland\/katthem\/volontarer\/\">Katthem &gt; Volont\u00e4rer<\/a>.<\/p>\n<hr \/>\n<p><strong>Bankgiro:<\/strong> 449-7459<br \/><strong>Swish:<\/strong> 123 441 76 55<\/p>\n<p>OBS! Ange alltid vad inbetalningen g\u00e4ller p\u00e5 talongen eller i meddelandef\u00e4ltet.<\/p>\n<p>Om du beh\u00f6ver hj\u00e4lp eller vill st\u00e4lla fr\u00e5gor, kontakta oss via e-post <a href=\"mailto:medlem.jamtland@djuskyddet.se\">medlem.jamtland@djurskyddet.se<\/a>.<\/p>\n\n\n<p><\/p>\n","protected":false},"excerpt":{"rendered":"<p>Vill du vara med och bidra till ett b\u00e4ttre liv f\u00f6r m\u00e5nga djur? Djurskyddet J\u00e4mtlands l\u00e4n arbetar helt ideellt f\u00f6r att inga djur ska fara illa i samh\u00e4llet. Det g\u00f6r vi bland annat genom att ta emot, v\u00e5rda och omplacera katter p\u00e5 v\u00e5rt katthem och genom att besvara allm\u00e4nhetens fr\u00e5gor om djurskydd. Vi f\u00e5r inte n\u00e5got verksamhetsst\u00f6d eller n\u00e5gra ekonomiska bidrag fr\u00e5n kommun eller stat. F\u00f6r att finansiera v\u00e5r verksamhet&hellip;<\/p>\n<p><a class=\"more-link\" href=\"https:\/\/www.djurskyddet.se\/jamtland\/stod-oss\/\" title=\"Continue reading &lsquo;St\u00f6d oss&rsquo;\">L&auml;s mer<span class=\"meta-nav\">&raquo;<\/span><\/a><\/p>\n","protected":false},"author":3,"featured_media":0,"parent":0,"menu_order":7,"comment_status":"closed","ping_status":"closed","template":"page-templates\/left-sidebar.php","meta":{"_acf_changed":false,"footnotes":""},"class_list":["post-5500","page","type-page","status-publish","hentry"],"acf":[],"_links":{"self":[{"href":"https:\/\/www.djurskyddet.se\/jamtland\/wp-json\/wp\/v2\/pages\/5500","targetHints":{"allow":["GET"]}}],"collection":[{"href":"https:\/\/www.djurskyddet.se\/jamtland\/wp-json\/wp\/v2\/pages"}],"about":[{"href":"https:\/\/www.djurskyddet.se\/jamtland\/wp-json\/wp\/v2\/types\/page"}],"author":[{"embeddable":true,"href":"https:\/\/www.djurskyddet.se\/jamtland\/wp-json\/wp\/v2\/users\/3"}],"replies":[{"embeddable":true,"href":"https:\/\/www.djurskyddet.se\/jamtland\/wp-json\/wp\/v2\/comments?post=5500"}],"version-history":[{"count":22,"href":"https:\/\/www.djurskyddet.se\/jamtland\/wp-json\/wp\/v2\/pages\/5500\/revisions"}],"predecessor-version":[{"id":10727,"href":"https:\/\/www.djurskyddet.se\/jamtland\/wp-json\/wp\/v2\/pages\/5500\/revisions\/10727"}],"wp:attachment":[{"href":"https:\/\/www.djurskyddet.se\/jamtland\/wp-json\/wp\/v2\/media?parent=5500"}],"curies":[{"name":"wp","href":"https:\/\/api.w.org\/{rel}","templated":true}]}}