{"id":5504,"date":"2018-03-23T10:37:41","date_gmt":"2018-03-23T09:37:41","guid":{"rendered":"http:\/\/www.djurskyddet.se\/jamtland\/?page_id=5504"},"modified":"2024-08-31T01:06:13","modified_gmt":"2024-08-31T00:06:13","slug":"adoption","status":"publish","type":"page","link":"https:\/\/www.djurskyddet.se\/jamtland\/adoption\/","title":{"rendered":"Adoption av katter"},"content":{"rendered":"<p>Vi s\u00f6ker st\u00e4ndigt nya, k\u00e4rleksfulla hem till v\u00e5ra heml\u00f6sa katter. V\u00e5r verksamhet svarar mot det stora behov som tyv\u00e4rr finns i J\u00e4mtland \u2013 att ta hand om heml\u00f6sa katter och hj\u00e4lpa dem till nya hem.<\/p>\n<p>Vi startade Katthemmet i december 2012 och i februari 2023 passerade vi 1 000 utadopterade katter. Dessutom har vi hj\u00e4lpt m\u00e4ngder av katter att hitta tillbaka till sina \u00e4gare. De senaste \u00e5ren har v\u00e5ra anstr\u00e4ngningar intensifierats och gl\u00e4djande nog har vi kunnat hitta nya, bra hem till 100-120 katter \u00e5rligen. Detta ligger inte bara i v\u00e5r f\u00f6rtj\u00e4nst utan vi \u00e4r s\u00e5 tacksamma \u00f6ver att s\u00e5 m\u00e5nga h\u00e4r i l\u00e4net s\u00f6ker upp oss och r\u00e4cker ut en hand till v\u00e5ra beh\u00f6vande v\u00e4nner!<\/p>\n<h2>S\u00f6ker du en ny v\u00e4n?<\/h2>\n<p>Klicka p\u00e5 <a href=\"https:\/\/www.djurskyddet.se\/jamtland\/soker-hem\/\" target=\"_blank\" rel=\"noopener noreferrer\">Katter som s\u00f6ker hem<\/a> s\u00e5 kan du se och l\u00e4sa om de katter som idag \u00e4r f\u00e4rdiga f\u00f6r att placeras i nya hem. Att de \u00e4r f\u00e4rdiga betyder att de \u00e4r unders\u00f6kta av veterin\u00e4r, avmaskade, kastrerade (i de fall de har blivit k\u00f6nsmogna), id-m\u00e4rkta samt vaccinerade mot kattpest och kattsnuva. De \u00e4r ocks\u00e5 mer eller mindre sociala.<\/p>\n<h2>En extra god g\u00e4rning!<\/h2>\n<p>Naturligt nog kan en del av de katter vi f\u00e5r in sakna tillit till oss m\u00e4nniskor, men sakta men s\u00e4kert g\u00e5r det oftast att bygga upp den igen. S\u00e5 vi blir extra tacksamma om du vill \u00f6ppna ditt hem f\u00f6r en katt som, till att b\u00f6rja med, beh\u00f6ver lite extra t\u00e5lamod. Kanske har du redan en katt men kan t\u00e4nka dig att ta en till som s\u00e4llskap till din katt, och p\u00e5 s\u00e5 s\u00e4tt ocks\u00e5 g\u00f6ra en god g\u00e4rning. Det har visat sig, tv\u00e4rtemot den g\u00e4ngse f\u00f6rest\u00e4llningen att katter vill vara ensamma, att de faktiskt ofta trivs bra ihop och har s\u00e4llskap av varandra.<\/p>\n<p>En skygg katt kan bli din mest tillgivna och b\u00e4sta v\u00e4n, om du bara har tid, t\u00e5lamod och mycket k\u00e4rlek att ge den.<\/p>\n<h3>Tips!<\/h3>\n<p>Rolig l\u00e4sning under fliken <a href=\"https:\/\/www.djurskyddet.se\/jamtland\/adoption\/katthalsningar\/\">Katth\u00e4lsningar<\/a>. H\u00e4r kan du l\u00e4sa hur fint v\u00e5ra heml\u00f6sa katter har f\u00e5tt det och hur de, med t\u00e5lamod och k\u00e4rlek, kan utvecklas fr\u00e5n r\u00e4dda till modiga katter. Tack alla fantastiska katt\u00e4lskare.<\/p>\n<h3>Varf\u00f6r ta hand om en skygg katt?<\/h3>\n<ul>\n<li>Du g\u00f6r en god g\u00e4rning<\/li>\n<li>Det \u00e4r en positiv utmaning<\/li>\n<li>Du utvecklar flera goda egenskaper s\u00e5som t\u00e5lamod och uth\u00e5llighet<\/li>\n<li>Du f\u00e5r en helt unik relation med en katt<\/li>\n<li>Du f\u00e5r en bekr\u00e4ftelse av varje framsteg som g\u00f6rs<\/li>\n<li>Du l\u00e4r dig mycket om katten och dess beteende<\/li>\n<li>En skygg katt kan med tiden bli mera tillgiven \u00e4n en fr\u00e5n b\u00f6rjan tam katt<\/li>\n<\/ul>\n<p>Du f\u00e5r en liten guide av oss med tips och r\u00e5d om vad du beh\u00f6ver t\u00e4nka p\u00e5 om du best\u00e4mmer dig f\u00f6r att ta en skygg katt.<\/p>\n","protected":false},"excerpt":{"rendered":"<p>Vi s\u00f6ker st\u00e4ndigt nya, k\u00e4rleksfulla hem till v\u00e5ra heml\u00f6sa katter. V\u00e5r verksamhet svarar mot det stora behov som tyv\u00e4rr finns i J\u00e4mtland \u2013 att ta hand om heml\u00f6sa katter och hj\u00e4lpa dem till nya hem. Vi startade Katthemmet i december 2012 och i februari 2023 passerade vi 1 000 utadopterade katter. Dessutom har vi hj\u00e4lpt m\u00e4ngder av katter att hitta tillbaka till sina \u00e4gare. De senaste \u00e5ren har v\u00e5ra anstr\u00e4ngningar&hellip;<\/p>\n<p><a class=\"more-link\" href=\"https:\/\/www.djurskyddet.se\/jamtland\/adoption\/\" title=\"Continue reading &lsquo;Adoption av katter&rsquo;\">L&auml;s mer<span class=\"meta-nav\">&raquo;<\/span><\/a><\/p>\n","protected":false},"author":15,"featured_media":0,"parent":0,"menu_order":1,"comment_status":"closed","ping_status":"closed","template":"page-templates\/left-sidebar.php","meta":{"_acf_changed":false,"footnotes":""},"class_list":["post-5504","page","type-page","status-publish","hentry"],"acf":[],"_links":{"self":[{"href":"https:\/\/www.djurskyddet.se\/jamtland\/wp-json\/wp\/v2\/pages\/5504","targetHints":{"allow":["GET"]}}],"collection":[{"href":"https:\/\/www.djurskyddet.se\/jamtland\/wp-json\/wp\/v2\/pages"}],"about":[{"href":"https:\/\/www.djurskyddet.se\/jamtland\/wp-json\/wp\/v2\/types\/page"}],"author":[{"embeddable":true,"href":"https:\/\/www.djurskyddet.se\/jamtland\/wp-json\/wp\/v2\/users\/15"}],"replies":[{"embeddable":true,"href":"https:\/\/www.djurskyddet.se\/jamtland\/wp-json\/wp\/v2\/comments?post=5504"}],"version-history":[{"count":43,"href":"https:\/\/www.djurskyddet.se\/jamtland\/wp-json\/wp\/v2\/pages\/5504\/revisions"}],"predecessor-version":[{"id":11403,"href":"https:\/\/www.djurskyddet.se\/jamtland\/wp-json\/wp\/v2\/pages\/5504\/revisions\/11403"}],"wp:attachment":[{"href":"https:\/\/www.djurskyddet.se\/jamtland\/wp-json\/wp\/v2\/media?parent=5504"}],"curies":[{"name":"wp","href":"https:\/\/api.w.org\/{rel}","templated":true}]}}