{"id":5506,"date":"2018-03-23T10:38:03","date_gmt":"2018-03-23T09:38:03","guid":{"rendered":"http:\/\/www.djurskyddet.se\/jamtland\/?page_id=5506"},"modified":"2025-07-28T10:50:49","modified_gmt":"2025-07-28T09:50:49","slug":"tips","status":"publish","type":"page","link":"https:\/\/www.djurskyddet.se\/jamtland\/tips\/","title":{"rendered":"Tips &amp; r\u00e5d"},"content":{"rendered":"<h2>T\u00e4nk efter innan du skaffar ett djur!<\/h2>\n<p>Du m\u00e5ste kunna svara obetingat ja p\u00e5 fr\u00e5gorna:<\/p>\n<ul>\n<li>Har du tid att ha ett djur?<\/li>\n<li>Har du plats?<\/li>\n<li>Har du r\u00e5d?<\/li>\n<\/ul>\n<p>Kan du inte det, avst\u00e5 d\u00e5 fr\u00e5n att skaffa djur.<\/p>\n<h3>L\u00e4mna inte ditt djur utan tillsyn i bilen p\u00e5 sommaren!<\/h3>\n<p>Bilens innertemperatur stiger snabbt och p\u00e5verkas obetydligt av \u00f6ppna f\u00f6nster och\/eller baklucka. Skugga blir sol snabbare \u00e4n du anar. Kontakta alltid polisen om du ser ett djur som far illa. Med en utetemperatur p\u00e5 25\u00b0 C och sol blir det fort 50\u00b0 C eller mer inne i bilen beroende p\u00e5 tidpunkt!<\/p>\n<p><strong>R\u00e5kar du skada eller d\u00f6da ett djur i trafiken<\/strong> \u00e4r du skyldig att meddela polisen. Du ska ocks\u00e5 m\u00e4rka ut olycksplatsen s\u00e5 exakt du kan. Speciella m\u00e4rkremsor finns bl.a. p\u00e5 Bilprovningen.<\/p>\n<p><strong>H\u00e5ll utkik efter gammal taggtr\u00e5d, f\u00e5rst\u00e4ngsel, fiskelinor och plast som ligger och skr\u00e4par i naturen<\/strong> \u2013 vilt, och \u00e4ven tamdjur, kan skadas av detta.<\/p>\n<p><strong>T\u00e4nk ocks\u00e5 p\u00e5 att inte sl\u00e4nga t ex aluminiumburkar och metallkapsyler<\/strong> som kan hamna p\u00e5 \u00e5krarna. De kommer l\u00e4tt med i ensilaget som sk\u00f6rdas och f\u00f6rst\u00f6r kornas magar. Korna m\u00e5ste avlivas efter mycket stort lidande.<\/p>\n<p><strong>Ta inte hem \u201d\u00f6vergivna\u201d djurungar<\/strong> \u2013 det \u00e4r s\u00e4llan de verkligen \u00e4r \u00f6vergivna! Om du tror att du har hittat en f\u00f6r\u00e4ldral\u00f6s djurunge \u2013 mamman t ex trafikd\u00f6dad \u2013 ta den inte med dig, utan kontakta polisen p\u00e5 tel. 114 14 n\u00e4r det g\u00e4ller st\u00f6rre djur av statens vilt, t ex \u00e4lg och r\u00e5djur.<\/p>\n<p><a href=\"https:\/\/www.djurskyddet.se\/jamtland\/\" target=\"_blank\" rel=\"attachment noopener wp-att-5808 noreferrer\"><img loading=\"lazy\" decoding=\"async\" class=\"wp-image-5808 size-full aligncenter\" src=\"https:\/\/www.djurskyddet.se\/jamtland\/wp-content\/uploads\/sites\/14\/2018\/05\/alskade-katter-m\u00e4rker-man.png\" alt=\"\" width=\"342\" height=\"129\" srcset=\"https:\/\/www.djurskyddet.se\/jamtland\/wp-content\/uploads\/sites\/14\/2018\/05\/alskade-katter-m\u00e4rker-man.png 342w, https:\/\/www.djurskyddet.se\/jamtland\/wp-content\/uploads\/sites\/14\/2018\/05\/alskade-katter-m\u00e4rker-man-300x113.png 300w\" sizes=\"auto, (max-width: 342px) 100vw, 342px\" \/><\/a><\/p>\n","protected":false},"excerpt":{"rendered":"<p>T\u00e4nk efter innan du skaffar ett djur! Du m\u00e5ste kunna svara obetingat ja p\u00e5 fr\u00e5gorna: Har du tid att ha ett djur? Har du plats? Har du r\u00e5d? Kan du inte det, avst\u00e5 d\u00e5 fr\u00e5n att skaffa djur. L\u00e4mna inte ditt djur utan tillsyn i bilen p\u00e5 sommaren! Bilens innertemperatur stiger snabbt och p\u00e5verkas obetydligt av \u00f6ppna f\u00f6nster och\/eller baklucka. Skugga blir sol snabbare \u00e4n du anar. Kontakta alltid polisen&hellip;<\/p>\n<p><a class=\"more-link\" href=\"https:\/\/www.djurskyddet.se\/jamtland\/tips\/\" title=\"Continue reading &lsquo;Tips &amp; r\u00e5d&rsquo;\">L&auml;s mer<span class=\"meta-nav\">&raquo;<\/span><\/a><\/p>\n","protected":false},"author":3,"featured_media":0,"parent":0,"menu_order":8,"comment_status":"closed","ping_status":"closed","template":"page-templates\/left-sidebar.php","meta":{"_acf_changed":false,"footnotes":""},"class_list":["post-5506","page","type-page","status-publish","hentry"],"acf":[],"_links":{"self":[{"href":"https:\/\/www.djurskyddet.se\/jamtland\/wp-json\/wp\/v2\/pages\/5506","targetHints":{"allow":["GET"]}}],"collection":[{"href":"https:\/\/www.djurskyddet.se\/jamtland\/wp-json\/wp\/v2\/pages"}],"about":[{"href":"https:\/\/www.djurskyddet.se\/jamtland\/wp-json\/wp\/v2\/types\/page"}],"author":[{"embeddable":true,"href":"https:\/\/www.djurskyddet.se\/jamtland\/wp-json\/wp\/v2\/users\/3"}],"replies":[{"embeddable":true,"href":"https:\/\/www.djurskyddet.se\/jamtland\/wp-json\/wp\/v2\/comments?post=5506"}],"version-history":[{"count":36,"href":"https:\/\/www.djurskyddet.se\/jamtland\/wp-json\/wp\/v2\/pages\/5506\/revisions"}],"predecessor-version":[{"id":12480,"href":"https:\/\/www.djurskyddet.se\/jamtland\/wp-json\/wp\/v2\/pages\/5506\/revisions\/12480"}],"wp:attachment":[{"href":"https:\/\/www.djurskyddet.se\/jamtland\/wp-json\/wp\/v2\/media?parent=5506"}],"curies":[{"name":"wp","href":"https:\/\/api.w.org\/{rel}","templated":true}]}}