{"id":5520,"date":"2018-03-23T10:59:15","date_gmt":"2018-03-23T09:59:15","guid":{"rendered":"http:\/\/www.djurskyddet.se\/jamtland\/?page_id=5520"},"modified":"2024-01-31T22:48:46","modified_gmt":"2024-01-31T21:48:46","slug":"om-oss","status":"publish","type":"page","link":"https:\/\/www.djurskyddet.se\/jamtland\/om-oss\/","title":{"rendered":"Djurskyddet J\u00e4mtlands l\u00e4n"},"content":{"rendered":"<p>Vi \u00e4r en ideell f\u00f6rening som, tillsammans med andra lokala f\u00f6reningar, utg\u00f6r riksf\u00f6rbundet <a href=\"http:\/\/www.djurskyddet.se\" target=\"_blank\" rel=\"noopener noreferrer\">Djurskyddet Sverige<\/a>.<\/p>\n<p>Vi arbetar f\u00f6r att alla djur i J\u00e4mtlands l\u00e4n ska ha bra levnadsvillkor och aldrig uts\u00e4ttas f\u00f6r missk\u00f6tsel. V\u00e5r uppgift \u00e4r att v\u00e4cka insikt om att djur \u00e4r varelser med behov och f\u00f6rm\u00e5ga att uppleva fysiskt och psykiskt lidande.<\/p>\n<p>Vi ska arbeta genom ut\u00e5triktade aktiviteter, r\u00e5dgivning, kunskapsf\u00f6rmedling och opinionsbildning f\u00f6r att f\u00f6rb\u00e4ttra djurens villkor.<\/p>\n<p>Arbetet finansieras av medlemsavgifter, aktiviteter samt g\u00e5vor, arv och sponsring.<\/p>\n<p><a href=\"https:\/\/www.djurskyddet.se\/jamtland\/wp-content\/uploads\/sites\/14\/2024\/01\/Normalstadgar_2022_klar.pdf\">Stadgar (Normalstadgar Djurskyddet Sverige)<\/a><\/p>\n<h3>Katthemmet<\/h3>\n<p>Katter har tyv\u00e4rr fortfarande l\u00e5g status i samh\u00e4llet och de behandlas d\u00e4refter. Man r\u00e4knar med att det finns \u00f6ver 100 000 \u00f6vergivna och heml\u00f6sa katter i Sverige. Mot denna bakgrund driver v\u00e5r f\u00f6rening sedan den 1 december 2012 ett katthem i egen regi.<\/p>\n<h3>Du beh\u00f6vs!<\/h3>\n<p>Ingen kan g\u00f6ra allt, men alla kan g\u00f6ra n\u00e5got. G\u00e5 med i v\u00e5r f\u00f6rening och g\u00f6r en insats f\u00f6r djuren. Vi v\u00e4lkomnar alltid nya volont\u00e4rer!<\/p>\n<p>L\u00e4s mer p\u00e5 sidan <a href=\"https:\/\/www.djurskyddet.se\/jamtland\/katthem-pensionat\/volontarer\/\">Katthem<\/a>.<\/p>\n","protected":false},"excerpt":{"rendered":"<p>Vi \u00e4r en ideell f\u00f6rening som, tillsammans med andra lokala f\u00f6reningar, utg\u00f6r riksf\u00f6rbundet Djurskyddet Sverige. Vi arbetar f\u00f6r att alla djur i J\u00e4mtlands l\u00e4n ska ha bra levnadsvillkor och aldrig uts\u00e4ttas f\u00f6r missk\u00f6tsel. V\u00e5r uppgift \u00e4r att v\u00e4cka insikt om att djur \u00e4r varelser med behov och f\u00f6rm\u00e5ga att uppleva fysiskt och psykiskt lidande. Vi ska arbeta genom ut\u00e5triktade aktiviteter, r\u00e5dgivning, kunskapsf\u00f6rmedling och opinionsbildning f\u00f6r att f\u00f6rb\u00e4ttra djurens villkor. Arbetet&hellip;<\/p>\n<p><a class=\"more-link\" href=\"https:\/\/www.djurskyddet.se\/jamtland\/om-oss\/\" title=\"Continue reading &lsquo;Djurskyddet J\u00e4mtlands l\u00e4n&rsquo;\">L&auml;s mer<span class=\"meta-nav\">&raquo;<\/span><\/a><\/p>\n","protected":false},"author":3,"featured_media":0,"parent":0,"menu_order":10,"comment_status":"closed","ping_status":"closed","template":"page-templates\/left-sidebar.php","meta":{"_acf_changed":false,"footnotes":""},"class_list":["post-5520","page","type-page","status-publish","hentry"],"acf":[],"_links":{"self":[{"href":"https:\/\/www.djurskyddet.se\/jamtland\/wp-json\/wp\/v2\/pages\/5520","targetHints":{"allow":["GET"]}}],"collection":[{"href":"https:\/\/www.djurskyddet.se\/jamtland\/wp-json\/wp\/v2\/pages"}],"about":[{"href":"https:\/\/www.djurskyddet.se\/jamtland\/wp-json\/wp\/v2\/types\/page"}],"author":[{"embeddable":true,"href":"https:\/\/www.djurskyddet.se\/jamtland\/wp-json\/wp\/v2\/users\/3"}],"replies":[{"embeddable":true,"href":"https:\/\/www.djurskyddet.se\/jamtland\/wp-json\/wp\/v2\/comments?post=5520"}],"version-history":[{"count":21,"href":"https:\/\/www.djurskyddet.se\/jamtland\/wp-json\/wp\/v2\/pages\/5520\/revisions"}],"predecessor-version":[{"id":11051,"href":"https:\/\/www.djurskyddet.se\/jamtland\/wp-json\/wp\/v2\/pages\/5520\/revisions\/11051"}],"wp:attachment":[{"href":"https:\/\/www.djurskyddet.se\/jamtland\/wp-json\/wp\/v2\/media?parent=5520"}],"curies":[{"name":"wp","href":"https:\/\/api.w.org\/{rel}","templated":true}]}}