{"id":5528,"date":"2018-03-23T11:12:18","date_gmt":"2018-03-23T10:12:18","guid":{"rendered":"http:\/\/www.djurskyddet.se\/jamtland\/?page_id=5528"},"modified":"2026-04-16T12:14:38","modified_gmt":"2026-04-16T11:14:38","slug":"styrelse","status":"publish","type":"page","link":"https:\/\/www.djurskyddet.se\/jamtland\/om-oss\/styrelse\/","title":{"rendered":"Styrelse"},"content":{"rendered":"<p>F\u00f6reningens styrelse verksamhets\u00e5ret 2026<\/p>\n<p><strong>Ordf\u00f6rande: <\/strong>Caroline \u00d6stling<\/p>\n<p><strong>Vice ordf\u00f6rande: <\/strong>Peter Nilsson<\/p>\n<p><strong>Sekreterare:<\/strong> Fredrik Nyman<\/p>\n<p><strong>Kass\u00f6r:<\/strong> Susiette Demant<\/p>\n<p><strong>Ledam\u00f6ter: <\/strong><\/p>\n<p style=\"padding-left: 40px\">Susanne Sk\u00e5nberg<\/p>\n<p style=\"padding-left: 40px\">Johanna Malander<\/p>\n<p style=\"padding-left: 40px\">Emma Westlin<\/p>\n<p style=\"padding-left: 40px\">Peter Johansson<\/p>\n<p><strong>Suppleant:<\/strong><\/p>\n<p style=\"padding-left: 40px\">Elisabeth Ejnebrand<\/p>\n<p>\u00a0 \u00a0 \u00a0 \u00a0 \u00a0 Sandra Zetterman<\/p>\n","protected":false},"excerpt":{"rendered":"<p>F\u00f6reningens styrelse verksamhets\u00e5ret 2026 Ordf\u00f6rande: Caroline \u00d6stling Vice ordf\u00f6rande: Peter Nilsson Sekreterare: Fredrik Nyman Kass\u00f6r: Susiette Demant Ledam\u00f6ter: Susanne Sk\u00e5nberg Johanna Malander Emma Westlin Peter Johansson Suppleant: Elisabeth Ejnebrand \u00a0 \u00a0 \u00a0 \u00a0 \u00a0 Sandra Zetterman<\/p>\n","protected":false},"author":3,"featured_media":0,"parent":5520,"menu_order":0,"comment_status":"closed","ping_status":"closed","template":"page-templates\/left-sidebar.php","meta":{"_acf_changed":false,"footnotes":""},"class_list":["post-5528","page","type-page","status-publish","hentry"],"acf":[],"_links":{"self":[{"href":"https:\/\/www.djurskyddet.se\/jamtland\/wp-json\/wp\/v2\/pages\/5528","targetHints":{"allow":["GET"]}}],"collection":[{"href":"https:\/\/www.djurskyddet.se\/jamtland\/wp-json\/wp\/v2\/pages"}],"about":[{"href":"https:\/\/www.djurskyddet.se\/jamtland\/wp-json\/wp\/v2\/types\/page"}],"author":[{"embeddable":true,"href":"https:\/\/www.djurskyddet.se\/jamtland\/wp-json\/wp\/v2\/users\/3"}],"replies":[{"embeddable":true,"href":"https:\/\/www.djurskyddet.se\/jamtland\/wp-json\/wp\/v2\/comments?post=5528"}],"version-history":[{"count":28,"href":"https:\/\/www.djurskyddet.se\/jamtland\/wp-json\/wp\/v2\/pages\/5528\/revisions"}],"predecessor-version":[{"id":12699,"href":"https:\/\/www.djurskyddet.se\/jamtland\/wp-json\/wp\/v2\/pages\/5528\/revisions\/12699"}],"up":[{"embeddable":true,"href":"https:\/\/www.djurskyddet.se\/jamtland\/wp-json\/wp\/v2\/pages\/5520"}],"wp:attachment":[{"href":"https:\/\/www.djurskyddet.se\/jamtland\/wp-json\/wp\/v2\/media?parent=5528"}],"curies":[{"name":"wp","href":"https:\/\/api.w.org\/{rel}","templated":true}]}}