{"id":5533,"date":"2018-03-23T11:25:48","date_gmt":"2018-03-23T10:25:48","guid":{"rendered":"http:\/\/www.djurskyddet.se\/jamtland\/?page_id=5533"},"modified":"2018-09-25T15:01:20","modified_gmt":"2018-09-25T14:01:20","slug":"handla-via-sponsorhuset-se","status":"publish","type":"page","link":"https:\/\/www.djurskyddet.se\/jamtland\/stod-oss\/handla-via-sponsorhuset-se\/","title":{"rendered":"Handla via Sponsorhuset.se"},"content":{"rendered":"<p>Sponsorhuset \u00e4r en partner till Djurskyddet J\u00e4mtlands l\u00e4ns Katthem och Pensionat som erbjuder ett v\u00e4ldigt enkelt s\u00e4tt f\u00f6r oss att tj\u00e4na pengar, genom k\u00f6p via internet som du \u00e4nd\u00e5 skulle gjort!<\/p>\n<p>S\u00e4tt dig vid en dator eller surfplatta och l\u00e4s informationen nedan. Det kommer att ta dig 3 minuter sen \u00e4r du ig\u00e5ng \u2013 stort tack!<\/p>\n<p>N\u00e4r du ska handla n\u00e5got p\u00e5 n\u00e4tet, ber vi dig att alltid g\u00e5 in p\u00e5 Sponsorhuset f\u00f6rst. D\u00e4r finns \u00f6ver 500 n\u00e4tbutiker samlade, du har s\u00e4kert handlat fr\u00e5n flera av dem. N\u00e5gra exempel \u00e4r Adlibris, Hotels.com, Jotex, CDON och Ellos.<\/p>\n<p>Fr\u00e5n f\u00f6reningens sida hos Sponsorhuset klickar du bara p\u00e5 den butik du vill handla ifr\u00e5n. Sedan \u00e4r allt klart! Du kommer automatiskt att f\u00e5 tillbaka en del av ditt k\u00f6p i riktiga pengar. Pengarna som du f\u00e5r tillbaka delas mellan dig sj\u00e4lv och f\u00f6reningen. Du betalar samma pris som vanligt!<\/p>\n<h3>S\u00e5 h\u00e4r kommer du ig\u00e5ng:<\/h3>\n<p>1) B\u00f6rja med att bli <a href=\"http:\/\/www.sponsorhuset.se\/djurskyddetjamtlandkatthempensionat\/blimedlem\" target=\"_blank\" rel=\"noopener\">gratis medlem hos Sponsorhuset<\/a><\/p>\n<p>2) Spara sedan <a href=\"http:\/\/www.sponsorhuset.se\/djurskyddetjamtlandkatthempensionat\" target=\"_blank\" rel=\"noopener\">denna sida<\/a> som bokm\u00e4rke p\u00e5 b\u00e5de din dator och din telefon eller surfplatta.<\/p>\n<p>3) Varje g\u00e5ng du ska handla n\u00e5got p\u00e5 n\u00e4tet, g\u00e5 alltid via Sponsorhuset och gl\u00f6m inte att logga in!<\/p>\n<p>Exempel p\u00e5 butiker du f\u00e5r rabatt hos via Sponsorhuset (upp till 10 % tillbaka beroende p\u00e5 butik) och samtidigt gynnar Djurskyddet J\u00e4mtlands l\u00e4n utan att det kostar dig n\u00e5got extra, ser du h\u00e4r till h\u00f6ger.<\/p>\n","protected":false},"excerpt":{"rendered":"<p>Sponsorhuset \u00e4r en partner till Djurskyddet J\u00e4mtlands l\u00e4ns Katthem och Pensionat som erbjuder ett v\u00e4ldigt enkelt s\u00e4tt f\u00f6r oss att tj\u00e4na pengar, genom k\u00f6p via internet som du \u00e4nd\u00e5 skulle gjort! S\u00e4tt dig vid en dator eller surfplatta och l\u00e4s informationen nedan. Det kommer att ta dig 3 minuter sen \u00e4r du ig\u00e5ng \u2013 stort tack! N\u00e4r du ska handla n\u00e5got p\u00e5 n\u00e4tet, ber vi dig att alltid g\u00e5 in&hellip;<\/p>\n<p><a class=\"more-link\" href=\"https:\/\/www.djurskyddet.se\/jamtland\/stod-oss\/handla-via-sponsorhuset-se\/\" title=\"Continue reading &lsquo;Handla via Sponsorhuset.se&rsquo;\">L&auml;s mer<span class=\"meta-nav\">&raquo;<\/span><\/a><\/p>\n","protected":false},"author":3,"featured_media":0,"parent":5500,"menu_order":0,"comment_status":"closed","ping_status":"closed","template":"page-templates\/left-sidebar.php","meta":{"_acf_changed":false,"footnotes":""},"class_list":["post-5533","page","type-page","status-publish","hentry"],"acf":[],"_links":{"self":[{"href":"https:\/\/www.djurskyddet.se\/jamtland\/wp-json\/wp\/v2\/pages\/5533","targetHints":{"allow":["GET"]}}],"collection":[{"href":"https:\/\/www.djurskyddet.se\/jamtland\/wp-json\/wp\/v2\/pages"}],"about":[{"href":"https:\/\/www.djurskyddet.se\/jamtland\/wp-json\/wp\/v2\/types\/page"}],"author":[{"embeddable":true,"href":"https:\/\/www.djurskyddet.se\/jamtland\/wp-json\/wp\/v2\/users\/3"}],"replies":[{"embeddable":true,"href":"https:\/\/www.djurskyddet.se\/jamtland\/wp-json\/wp\/v2\/comments?post=5533"}],"version-history":[{"count":13,"href":"https:\/\/www.djurskyddet.se\/jamtland\/wp-json\/wp\/v2\/pages\/5533\/revisions"}],"predecessor-version":[{"id":5956,"href":"https:\/\/www.djurskyddet.se\/jamtland\/wp-json\/wp\/v2\/pages\/5533\/revisions\/5956"}],"up":[{"embeddable":true,"href":"https:\/\/www.djurskyddet.se\/jamtland\/wp-json\/wp\/v2\/pages\/5500"}],"wp:attachment":[{"href":"https:\/\/www.djurskyddet.se\/jamtland\/wp-json\/wp\/v2\/media?parent=5533"}],"curies":[{"name":"wp","href":"https:\/\/api.w.org\/{rel}","templated":true}]}}