{"id":5535,"date":"2018-03-23T11:26:24","date_gmt":"2018-03-23T10:26:24","guid":{"rendered":"http:\/\/www.djurskyddet.se\/jamtland\/?page_id=5535"},"modified":"2025-03-14T10:18:31","modified_gmt":"2025-03-14T09:18:31","slug":"bli-sponsor-fadder","status":"publish","type":"page","link":"https:\/\/www.djurskyddet.se\/jamtland\/stod-oss\/bli-sponsor-fadder\/","title":{"rendered":"V\u00e5ra sponsorer"},"content":{"rendered":"<div class=\"wp-block-image\">\n<figure class=\"aligncenter size-full is-resized\"><img loading=\"lazy\" decoding=\"async\" width=\"60\" height=\"32\" src=\"https:\/\/www.djurskyddet.se\/jamtland\/wp-content\/uploads\/sites\/14\/2023\/05\/blankie.png\" alt=\"\" class=\"wp-image-10595\" style=\"width:60px;height:32px\" \/><\/figure><\/div>\n\n<h3>V\u00e5ra nuvarande sponsorer<\/h3>\n<p><a href=\"https:\/\/www.agria.se\"><img loading=\"lazy\" decoding=\"async\" class=\"wp-image-10578 size-medium aligncenter\" src=\"https:\/\/www.djurskyddet.se\/jamtland\/wp-content\/uploads\/sites\/14\/2023\/05\/agrialoggo-300x123.png\" alt=\"\" width=\"300\" height=\"123\" srcset=\"https:\/\/www.djurskyddet.se\/jamtland\/wp-content\/uploads\/sites\/14\/2023\/05\/agrialoggo-300x123.png 300w, https:\/\/www.djurskyddet.se\/jamtland\/wp-content\/uploads\/sites\/14\/2023\/05\/agrialoggo.png 350w\" sizes=\"auto, (max-width: 300px) 100vw, 300px\" \/><\/a><\/p>\n<p style=\"text-align: center\"><img loading=\"lazy\" decoding=\"async\" class=\"aligncenter wp-image-6261 size-full\" src=\"https:\/\/www.djurskyddet.se\/jamtland\/wp-content\/uploads\/sites\/14\/2019\/02\/Tasseborg-logga-e1549964805644.jpg\" alt=\"Tasseborg loga\" width=\"307\" height=\"104\" srcset=\"https:\/\/www.djurskyddet.se\/jamtland\/wp-content\/uploads\/sites\/14\/2019\/02\/Tasseborg-logga-e1549964805644.jpg 307w, https:\/\/www.djurskyddet.se\/jamtland\/wp-content\/uploads\/sites\/14\/2019\/02\/Tasseborg-logga-e1549964805644-300x102.jpg 300w\" sizes=\"auto, (max-width: 307px) 100vw, 307px\" \/>Hagv\u00e4gen 7, \u00d6stersund<\/p>\n<p><a href=\"https:\/\/www.hillspet.se\/\"><img loading=\"lazy\" decoding=\"async\" class=\"wp-image-10596 size-medium aligncenter\" src=\"https:\/\/www.djurskyddet.se\/jamtland\/wp-content\/uploads\/sites\/14\/2023\/05\/Hills-logo-300x300.jpg\" alt=\"\" width=\"300\" height=\"300\" srcset=\"https:\/\/www.djurskyddet.se\/jamtland\/wp-content\/uploads\/sites\/14\/2023\/05\/Hills-logo-300x300.jpg 300w, https:\/\/www.djurskyddet.se\/jamtland\/wp-content\/uploads\/sites\/14\/2023\/05\/Hills-logo-150x150.jpg 150w, https:\/\/www.djurskyddet.se\/jamtland\/wp-content\/uploads\/sites\/14\/2023\/05\/Hills-logo.jpg 400w\" sizes=\"auto, (max-width: 300px) 100vw, 300px\" \/><\/a><\/p>\n\n<div class=\"wp-block-image\">\n<figure class=\"aligncenter size-large is-resized\"><a href=\"https:\/\/bestfriend.com\/\"><img loading=\"lazy\" decoding=\"async\" width=\"1024\" height=\"333\" src=\"https:\/\/www.djurskyddet.se\/jamtland\/wp-content\/uploads\/sites\/14\/2021\/09\/BestFriend_CMYK-1024x333.png\" alt=\"\" class=\"wp-image-9083\" style=\"width:389px;height:126px\" srcset=\"https:\/\/www.djurskyddet.se\/jamtland\/wp-content\/uploads\/sites\/14\/2021\/09\/BestFriend_CMYK-1024x333.png 1024w, https:\/\/www.djurskyddet.se\/jamtland\/wp-content\/uploads\/sites\/14\/2021\/09\/BestFriend_CMYK-300x97.png 300w, https:\/\/www.djurskyddet.se\/jamtland\/wp-content\/uploads\/sites\/14\/2021\/09\/BestFriend_CMYK-768x249.png 768w, https:\/\/www.djurskyddet.se\/jamtland\/wp-content\/uploads\/sites\/14\/2021\/09\/BestFriend_CMYK-1536x499.png 1536w, https:\/\/www.djurskyddet.se\/jamtland\/wp-content\/uploads\/sites\/14\/2021\/09\/BestFriend_CMYK-400x130.png 400w, https:\/\/www.djurskyddet.se\/jamtland\/wp-content\/uploads\/sites\/14\/2021\/09\/BestFriend_CMYK.png 1626w\" sizes=\"auto, (max-width: 1024px) 100vw, 1024px\" \/><\/a><\/figure><\/div>","protected":false},"excerpt":{"rendered":"<p>V\u00e5ra nuvarande sponsorer Hagv\u00e4gen 7, \u00d6stersund<\/p>\n","protected":false},"author":3,"featured_media":0,"parent":5500,"menu_order":0,"comment_status":"closed","ping_status":"closed","template":"page-templates\/left-sidebar.php","meta":{"_acf_changed":false,"footnotes":""},"class_list":["post-5535","page","type-page","status-publish","hentry"],"acf":[],"_links":{"self":[{"href":"https:\/\/www.djurskyddet.se\/jamtland\/wp-json\/wp\/v2\/pages\/5535","targetHints":{"allow":["GET"]}}],"collection":[{"href":"https:\/\/www.djurskyddet.se\/jamtland\/wp-json\/wp\/v2\/pages"}],"about":[{"href":"https:\/\/www.djurskyddet.se\/jamtland\/wp-json\/wp\/v2\/types\/page"}],"author":[{"embeddable":true,"href":"https:\/\/www.djurskyddet.se\/jamtland\/wp-json\/wp\/v2\/users\/3"}],"replies":[{"embeddable":true,"href":"https:\/\/www.djurskyddet.se\/jamtland\/wp-json\/wp\/v2\/comments?post=5535"}],"version-history":[{"count":43,"href":"https:\/\/www.djurskyddet.se\/jamtland\/wp-json\/wp\/v2\/pages\/5535\/revisions"}],"predecessor-version":[{"id":12365,"href":"https:\/\/www.djurskyddet.se\/jamtland\/wp-json\/wp\/v2\/pages\/5535\/revisions\/12365"}],"up":[{"embeddable":true,"href":"https:\/\/www.djurskyddet.se\/jamtland\/wp-json\/wp\/v2\/pages\/5500"}],"wp:attachment":[{"href":"https:\/\/www.djurskyddet.se\/jamtland\/wp-json\/wp\/v2\/media?parent=5535"}],"curies":[{"name":"wp","href":"https:\/\/api.w.org\/{rel}","templated":true}]}}