{"id":5539,"date":"2018-03-23T11:27:18","date_gmt":"2018-03-23T10:27:18","guid":{"rendered":"http:\/\/www.djurskyddet.se\/jamtland\/?page_id=5539"},"modified":"2022-01-15T14:02:01","modified_gmt":"2022-01-15T13:02:01","slug":"ge-en-gava","status":"publish","type":"page","link":"https:\/\/www.djurskyddet.se\/jamtland\/stod-oss\/ge-en-gava\/","title":{"rendered":"Ge en g\u00e5va"},"content":{"rendered":"<h4>Vi \u00e4r tacksamma f\u00f6r alla g\u00e5vor som bidrar till v\u00e5r verksamhet.<\/h4>\n<p>Du kan v\u00e4lja mellan att ge en allm\u00e4n eller en g\u00e5va riktad till exempel till en viss kampanj eller en viss katt. Det underl\u00e4ttar f\u00f6r oss om du skriver vad du \u00f6nskar rikta g\u00e5van till, till exempel<\/p>\n<ul>\n<li>G\u00e5va allm\u00e4n<\/li>\n<li>G\u00e5va katthemmet<\/li>\n<li>G\u00e5va &#8221;kattens namn&#8221;<\/li>\n<li>G\u00e5va &#8221;kampanjens namn&#8221;.<\/li>\n<\/ul>\n<h2>M\u00e5nadsgivare<\/h2>\n<p>Bli m\u00e5nadsgivare och f\u00e5 en inramad, numrerad litografi av Paul Sahlin!<\/p>\n<p>Om du beh\u00f6ver hj\u00e4lp med att uppr\u00e4tta en m\u00e5nads\u00f6verf\u00f6ring till oss beh\u00f6ver du kontakta din bank. Det g\u00e5r bra att kontakta oss f\u00f6r mer information (<a href=\"https:\/\/www.djurskyddet.se\/jamtland\/kontakta-oss\/\">kontaktuppgifter<\/a>).<\/p>\n<h2>Minnesg\u00e5vor och h\u00f6gtidsg\u00e5vor<\/h2>\n<p>Du kan \u00e4ven ge en minnesg\u00e5va eller en g\u00e5va vid h\u00f6gtid\/bem\u00e4rkelsedag. F\u00f6r mer information:<br \/>\n<a href=\"https:\/\/www.djurskyddet.se\/jamtland\/stod-oss\/ge-en-gava\/minnesgava\/\">Minnesg\u00e5va<\/a><br \/>\n<a href=\"https:\/\/www.djurskyddet.se\/jamtland\/stod-oss\/ge-en-gava\/hogtidsgava\/\">H\u00f6gtidsg\u00e5va<\/a><\/p>\n<h2>Kontoinformation<\/h2>\n<p>Bankgiro 449-7459<br \/>\nSwish 123\u00a0441\u00a076\u00a055<\/p>\n<p>Beh\u00f6ver du hj\u00e4lp att genomf\u00f6ra \u00f6verf\u00f6ringen av din g\u00e5va, kontakta oss via e-post p\u00e5 <a href=\"mailto:medlem.jamtland@djurskyddet.se\">medlem.jamtland@djurskyddet.se<\/a>.<\/p>\n","protected":false},"excerpt":{"rendered":"<p>Vi \u00e4r tacksamma f\u00f6r alla g\u00e5vor som bidrar till v\u00e5r verksamhet. Du kan v\u00e4lja mellan att ge en allm\u00e4n eller en g\u00e5va riktad till exempel till en viss kampanj eller en viss katt. Det underl\u00e4ttar f\u00f6r oss om du skriver vad du \u00f6nskar rikta g\u00e5van till, till exempel G\u00e5va allm\u00e4n G\u00e5va katthemmet G\u00e5va &#8221;kattens namn&#8221; G\u00e5va &#8221;kampanjens namn&#8221;. M\u00e5nadsgivare Bli m\u00e5nadsgivare och f\u00e5 en inramad, numrerad litografi av Paul Sahlin!&hellip;<\/p>\n<p><a class=\"more-link\" href=\"https:\/\/www.djurskyddet.se\/jamtland\/stod-oss\/ge-en-gava\/\" title=\"Continue reading &lsquo;Ge en g\u00e5va&rsquo;\">L&auml;s mer<span class=\"meta-nav\">&raquo;<\/span><\/a><\/p>\n","protected":false},"author":3,"featured_media":0,"parent":5500,"menu_order":0,"comment_status":"closed","ping_status":"closed","template":"page-templates\/left-sidebar.php","meta":{"_acf_changed":false,"footnotes":""},"class_list":["post-5539","page","type-page","status-publish","hentry"],"acf":[],"_links":{"self":[{"href":"https:\/\/www.djurskyddet.se\/jamtland\/wp-json\/wp\/v2\/pages\/5539","targetHints":{"allow":["GET"]}}],"collection":[{"href":"https:\/\/www.djurskyddet.se\/jamtland\/wp-json\/wp\/v2\/pages"}],"about":[{"href":"https:\/\/www.djurskyddet.se\/jamtland\/wp-json\/wp\/v2\/types\/page"}],"author":[{"embeddable":true,"href":"https:\/\/www.djurskyddet.se\/jamtland\/wp-json\/wp\/v2\/users\/3"}],"replies":[{"embeddable":true,"href":"https:\/\/www.djurskyddet.se\/jamtland\/wp-json\/wp\/v2\/comments?post=5539"}],"version-history":[{"count":31,"href":"https:\/\/www.djurskyddet.se\/jamtland\/wp-json\/wp\/v2\/pages\/5539\/revisions"}],"predecessor-version":[{"id":9456,"href":"https:\/\/www.djurskyddet.se\/jamtland\/wp-json\/wp\/v2\/pages\/5539\/revisions\/9456"}],"up":[{"embeddable":true,"href":"https:\/\/www.djurskyddet.se\/jamtland\/wp-json\/wp\/v2\/pages\/5500"}],"wp:attachment":[{"href":"https:\/\/www.djurskyddet.se\/jamtland\/wp-json\/wp\/v2\/media?parent=5539"}],"curies":[{"name":"wp","href":"https:\/\/api.w.org\/{rel}","templated":true}]}}