{"id":5541,"date":"2018-03-23T11:27:42","date_gmt":"2018-03-23T10:27:42","guid":{"rendered":"http:\/\/www.djurskyddet.se\/jamtland\/?page_id=5541"},"modified":"2025-10-01T11:59:26","modified_gmt":"2025-10-01T10:59:26","slug":"bli-medlem","status":"publish","type":"page","link":"https:\/\/www.djurskyddet.se\/jamtland\/stod-oss\/bli-medlem\/","title":{"rendered":"Bli medlem"},"content":{"rendered":"\n<p>Djurskyddet J\u00e4mtlands l\u00e4n har f\u00f6r n\u00e4rvarande ca 300 medlemmar. M\u00e5nga \u00e4r aktiva medlemmar, andra \u00e4r st\u00f6dmedlemmar. Oavsett hur aktiv du vill vara s\u00e5 \u00e4r du hj\u00e4rtligt v\u00e4lkommen som medlem: ju flera vi \u00e4r desto starkare blir v\u00e5r r\u00f6st f\u00f6r djuren.<\/p>\n\n\n\n<p><span data-contrast=\"auto\">Som medlem i Djurskyddet J\u00e4mtlands l\u00e4n\u00a0\u00e4r du ocks\u00e5 medlem i riksf\u00f6rbundet Djurskyddet Sverige och f\u00e5r Tidningen Djurskyddet fyra g\u00e5nger per \u00e5r, b\u00e5de i brevl\u00e5dan och i appen TD. Ladda ner den d\u00e4r appar finns! Dessutom kan du l\u00e4sa intressanta djurskyddsnyheter p\u00e5 <\/span><b><a href=\"https:\/\/tidningen.djurskyddet.se\/\"><span data-contrast=\"auto\">webbtidningen<\/span><\/a><\/b><span data-contrast=\"auto\"><a href=\"https:\/\/tidningen.djurskyddet.se\/\"> <\/a>och kan ta del av ett antal\u202ffina <\/span><b><span data-contrast=\"auto\"><a href=\"https:\/\/www.djurskyddet.se\/stod-oss\/bli-medlem\/medlemsformaner\/\">medlemsf\u00f6rm\u00e5ner<\/a><\/span><\/b><span data-contrast=\"auto\">, s\u00e5som rabatt hos olika n\u00e4tbutiker.\u00a0<\/span><\/p>\n\n\n\n<p><span data-contrast=\"auto\">Medlemskap i Djurskyddet J\u00e4mtlands l\u00e4n kostar 240 kr\/\u00e5r och du kan g\u00e5 med n\u00e4r som helst under \u00e5ret. Registrera dig som medlem p\u00e5\u202fDjurskyddet Sveriges hemsida. <strong>Se till att v\u00e4lja Djurskyddet J\u00e4mtlands l\u00e4n <\/strong>som din lokalf\u00f6rening.\u00a0<\/span><\/p>\n\n\n\n<div class=\"wp-block-buttons is-layout-flex wp-block-buttons-is-layout-flex\">\n<div class=\"wp-block-button has-custom-font-size has-small-font-size\"><a class=\"wp-block-button__link has-white-color has-text-color has-background has-link-color wp-element-button\" href=\"https:\/\/donation.djurskyddet.se\/s\/medlem\" style=\"background-color:#00a64a\"><strong>Bli medlem h\u00e4r<\/strong><\/a><\/div>\n<\/div>\n\n\n\n<p><\/p>\n\n\n\n<p><strong>Du som \u00e4r under 30 \u00e5r kan dessutom bli medlem i <a href=\"https:\/\/www.djurskyddet.se\/medlem-ungdom\/\" target=\"_blank\" rel=\"noopener noreferrer\">Djurskyddet Ungdom<\/a> utan kostnad.<br><\/strong><\/p>\n\n\n\n<p>Tidningen Djurskyddet har sina l\u00e4sare bland Djurskyddet Sveriges medlemmar i f\u00f6rsta hand, men tidningen skickas ocks\u00e5 ut till myndigheter, kommuner, bibliotek och veterin\u00e4rer.<\/p>\n","protected":false},"excerpt":{"rendered":"<p>Djurskyddet J\u00e4mtlands l\u00e4n har f\u00f6r n\u00e4rvarande ca 300 medlemmar. M\u00e5nga \u00e4r aktiva medlemmar, andra \u00e4r st\u00f6dmedlemmar. Oavsett hur aktiv du vill vara s\u00e5 \u00e4r du hj\u00e4rtligt v\u00e4lkommen som medlem: ju flera vi \u00e4r desto starkare blir v\u00e5r r\u00f6st f\u00f6r djuren. Som medlem i Djurskyddet J\u00e4mtlands l\u00e4n\u00a0\u00e4r du ocks\u00e5 medlem i riksf\u00f6rbundet Djurskyddet Sverige och f\u00e5r Tidningen Djurskyddet fyra g\u00e5nger per \u00e5r, b\u00e5de i brevl\u00e5dan och i appen TD. Ladda ner&hellip;<\/p>\n<p><a class=\"more-link\" href=\"https:\/\/www.djurskyddet.se\/jamtland\/stod-oss\/bli-medlem\/\" title=\"Continue reading &lsquo;Bli medlem&rsquo;\">L&auml;s mer<span class=\"meta-nav\">&raquo;<\/span><\/a><\/p>\n","protected":false},"author":3,"featured_media":0,"parent":5500,"menu_order":0,"comment_status":"closed","ping_status":"closed","template":"page-templates\/left-sidebar.php","meta":{"_acf_changed":false,"footnotes":""},"class_list":["post-5541","page","type-page","status-publish","hentry"],"acf":[],"_links":{"self":[{"href":"https:\/\/www.djurskyddet.se\/jamtland\/wp-json\/wp\/v2\/pages\/5541","targetHints":{"allow":["GET"]}}],"collection":[{"href":"https:\/\/www.djurskyddet.se\/jamtland\/wp-json\/wp\/v2\/pages"}],"about":[{"href":"https:\/\/www.djurskyddet.se\/jamtland\/wp-json\/wp\/v2\/types\/page"}],"author":[{"embeddable":true,"href":"https:\/\/www.djurskyddet.se\/jamtland\/wp-json\/wp\/v2\/users\/3"}],"replies":[{"embeddable":true,"href":"https:\/\/www.djurskyddet.se\/jamtland\/wp-json\/wp\/v2\/comments?post=5541"}],"version-history":[{"count":20,"href":"https:\/\/www.djurskyddet.se\/jamtland\/wp-json\/wp\/v2\/pages\/5541\/revisions"}],"predecessor-version":[{"id":12533,"href":"https:\/\/www.djurskyddet.se\/jamtland\/wp-json\/wp\/v2\/pages\/5541\/revisions\/12533"}],"up":[{"embeddable":true,"href":"https:\/\/www.djurskyddet.se\/jamtland\/wp-json\/wp\/v2\/pages\/5500"}],"wp:attachment":[{"href":"https:\/\/www.djurskyddet.se\/jamtland\/wp-json\/wp\/v2\/media?parent=5541"}],"curies":[{"name":"wp","href":"https:\/\/api.w.org\/{rel}","templated":true}]}}