{"id":5550,"date":"2018-03-23T11:40:26","date_gmt":"2018-03-23T10:40:26","guid":{"rendered":"http:\/\/www.djurskyddet.se\/jamtland\/?page_id=5550"},"modified":"2021-06-28T23:04:30","modified_gmt":"2021-06-28T22:04:30","slug":"minnesgava","status":"publish","type":"page","link":"https:\/\/www.djurskyddet.se\/jamtland\/stod-oss\/ge-en-gava\/minnesgava\/","title":{"rendered":"Minnesg\u00e5va"},"content":{"rendered":"<p>F\u00f6r att hedra n\u00e5gon som har g\u00e5tt bort kan du ge en g\u00e5va till Djurskyddet J\u00e4mtlands l\u00e4n.<\/p>\n<p>Inbetalningen g\u00f6r du direkt till Djurskyddet J\u00e4mtlands l\u00e4n, via bankgiro eller Swish. Ange ditt namn och &#8221;minnesg\u00e5va&#8221; i meddelandef\u00e4ltet vid inbetalningen.<\/p>\n<p>Du kan vanligtvis sj\u00e4lv utan sv\u00e5righeter anm\u00e4la din minnesg\u00e5va till de anh\u00f6riga, antingen direkt eller via begravningsbyr\u00e5n.<\/p>\n<h3>G\u00f6r s\u00e5 h\u00e4r f\u00f6r att anm\u00e4la din minnesg\u00e5va<\/h3>\n<ul>\n<li>Var ute i god tid, \u00e5tminstone n\u00e5gra arbetsdagar f\u00f6re jordf\u00e4stningen.<\/li>\n<li>Information om aktuell begravningsbyr\u00e5 brukar framg\u00e5 av d\u00f6dsannonsen.<\/li>\n<li>D\u00f6dsannonsen kan vanligtvis hittas via en s\u00f6kning p\u00e5 familjesidan i en lokal tidning.<\/li>\n<li>Anges ingen begravningsbyr\u00e5 brukar annonsen h\u00e4nvisa till n\u00e5gon anh\u00f6rig eller annan kontaktperson.<\/li>\n<li>St\u00f6rre begravningsbyr\u00e5er har vanligtvis en webbtj\u00e4nst f\u00f6r registrering av minnesg\u00e5vor, d\u00e4r de skriver ut minnesblad mot en mindre avgift och l\u00e4mnar till anh\u00f6riga inf\u00f6r begravningen.<\/li>\n<li>Du kan ocks\u00e5 sj\u00e4lv skriva ut begravningsbyr\u00e5ns eller ett eget minnesblad, och \u00f6verl\u00e4mna direkt till anh\u00f6riga p\u00e5 begravningen.<\/li>\n<\/ul>\n<p>G\u00e5vobeloppet betalas till <strong>bg 449-7459<\/strong> eller <strong>Swish 123-441 76 55<\/strong>, Djurskyddet J\u00e4mtlands l\u00e4n. Ange ditt namn och &#8221;minnesg\u00e5va&#8221; i meddelandef\u00e4ltet.<\/p>\n","protected":false},"excerpt":{"rendered":"<p>F\u00f6r att hedra n\u00e5gon som har g\u00e5tt bort kan du ge en g\u00e5va till Djurskyddet J\u00e4mtlands l\u00e4n. Inbetalningen g\u00f6r du direkt till Djurskyddet J\u00e4mtlands l\u00e4n, via bankgiro eller Swish. Ange ditt namn och &#8221;minnesg\u00e5va&#8221; i meddelandef\u00e4ltet vid inbetalningen. Du kan vanligtvis sj\u00e4lv utan sv\u00e5righeter anm\u00e4la din minnesg\u00e5va till de anh\u00f6riga, antingen direkt eller via begravningsbyr\u00e5n. G\u00f6r s\u00e5 h\u00e4r f\u00f6r att anm\u00e4la din minnesg\u00e5va Var ute i god tid, \u00e5tminstone n\u00e5gra&hellip;<\/p>\n<p><a class=\"more-link\" href=\"https:\/\/www.djurskyddet.se\/jamtland\/stod-oss\/ge-en-gava\/minnesgava\/\" title=\"Continue reading &lsquo;Minnesg\u00e5va&rsquo;\">L&auml;s mer<span class=\"meta-nav\">&raquo;<\/span><\/a><\/p>\n","protected":false},"author":3,"featured_media":0,"parent":5539,"menu_order":0,"comment_status":"closed","ping_status":"closed","template":"page-templates\/left-sidebar.php","meta":{"_acf_changed":false,"footnotes":""},"class_list":["post-5550","page","type-page","status-publish","hentry"],"acf":[],"_links":{"self":[{"href":"https:\/\/www.djurskyddet.se\/jamtland\/wp-json\/wp\/v2\/pages\/5550","targetHints":{"allow":["GET"]}}],"collection":[{"href":"https:\/\/www.djurskyddet.se\/jamtland\/wp-json\/wp\/v2\/pages"}],"about":[{"href":"https:\/\/www.djurskyddet.se\/jamtland\/wp-json\/wp\/v2\/types\/page"}],"author":[{"embeddable":true,"href":"https:\/\/www.djurskyddet.se\/jamtland\/wp-json\/wp\/v2\/users\/3"}],"replies":[{"embeddable":true,"href":"https:\/\/www.djurskyddet.se\/jamtland\/wp-json\/wp\/v2\/comments?post=5550"}],"version-history":[{"count":15,"href":"https:\/\/www.djurskyddet.se\/jamtland\/wp-json\/wp\/v2\/pages\/5550\/revisions"}],"predecessor-version":[{"id":9008,"href":"https:\/\/www.djurskyddet.se\/jamtland\/wp-json\/wp\/v2\/pages\/5550\/revisions\/9008"}],"up":[{"embeddable":true,"href":"https:\/\/www.djurskyddet.se\/jamtland\/wp-json\/wp\/v2\/pages\/5539"}],"wp:attachment":[{"href":"https:\/\/www.djurskyddet.se\/jamtland\/wp-json\/wp\/v2\/media?parent=5550"}],"curies":[{"name":"wp","href":"https:\/\/api.w.org\/{rel}","templated":true}]}}