{"id":5572,"date":"2018-03-26T12:07:43","date_gmt":"2018-03-26T11:07:43","guid":{"rendered":"http:\/\/www.djurskyddet.se\/jamtland\/?page_id=5572"},"modified":"2024-06-06T07:33:30","modified_gmt":"2024-06-06T06:33:30","slug":"varfor-och-hur-kommer-katterna-till-oss","status":"publish","type":"page","link":"https:\/\/www.djurskyddet.se\/jamtland\/katthem\/varfor-och-hur-kommer-katterna-till-oss\/","title":{"rendered":"Varf\u00f6r och hur kommer katterna till oss?"},"content":{"rendered":"<p><strong>Det finns olika orsaker till att vi m\u00e5ste ta hand om katter p\u00e5 Katthemmet:<\/strong><\/p>\n<ul>\n<li>Katt\u00e4gare har l\u00e4mnat\/\u00f6vergett sina katter.<\/li>\n<li>Katt\u00e4gare som inte inser betydelsen av att kastrera de katter som f\u00e5r g\u00e5 ut, vilket kan resultera i m\u00e5nga o\u00f6nskade kattkullar. <a href=\"https:\/\/www.djurskyddet.se\/jamtland\/wp-content\/uploads\/sites\/14\/2019\/02\/kattschema.jpg\" target=\"_blank\" rel=\"noopener\"><u>Klicka h\u00e4r f\u00f6r bildinfo<\/u><\/a>.<\/li>\n<li>Katter har p\u00e5 egen hand gett sig ut p\u00e5 \u00e4ventyr och n\u00e4r det blir vinter och kallt har de sv\u00e5rt att livn\u00e4ra sig och att hitta hem.<\/li>\n<li>Kattsamlare kan, eller till\u00e5ts inte, ha f\u00f6r m\u00e5nga husdjur.<\/li>\n<li>Kattmammor blir skjutna och deras ungar l\u00e4mnas \u00f6vergivna.<\/li>\n<li>Vanv\u00e5rd av katter.<\/li>\n<li>Katt\u00e4gare har blivit sjuka och har inte m\u00f6jlighet att ta hand om sitt husdjur.<\/li>\n<li>Katter kan \u00e4ven komma in fr\u00e5n d\u00f6dsbon, via l\u00e4nsstyrelsen.<\/li>\n<\/ul>\n<p>I m\u00e5n av plats kan vi \u00e4ven ta emot katter f\u00f6r omplacering, mot en avgift p\u00e5 500 kr. De m\u00e5ste d\u00e5 vara kastrerade, ID-m\u00e4rkta och vaccinerade.<\/p>\n<h3>Katter som far illa<\/h3>\n<p>N\u00e4r djurv\u00e4nliga m\u00e4nniskor uppt\u00e4cker katter som far illa ska de ta kontakt med l\u00e4nsstyrelsen eller polisen, och om det \u00e4r m\u00f6jligt f\u00e5ngas katterna in och tas om hand bl.a. p\u00e5 v\u00e5rt katthem. Den f\u00f6rsta tiden placeras de i karant\u00e4n f\u00f6r att avmaskas, vaccineras mm och d\u00e4rmed hindra smittspridning.<\/p>\n<p>Man kan ocks\u00e5 kontakta oss f\u00f6r st\u00f6d och r\u00e5d men vi m\u00e5ste d\u00e4refter h\u00e4nvisa vidare till l\u00e4nsstyrelsen eller polisen.<\/p>\n<h3>Vilda eller heml\u00f6sa katter<\/h3>\n<p>Ofta h\u00f6r man folk s\u00e4ga att &#8221;det g\u00e5r en vildkatt h\u00e4r i omr\u00e5det&#8221;. Men det finns i ordets egentliga mening inga vildkatter i Sverige. D\u00e4remot m\u00e5nga som blivit heml\u00f6sa och f\u00f6rvildade. Det kan vara s\u00e5 illa att en okastrerad katthona av en eller annan anledning kommit bort fr\u00e5n det ursprungliga hemmet och parat sig med en okastrerad, hane som \u00e4garen l\u00e5ter g\u00e5 ute helt fritt.<\/p>\n<p>De kattungar som honan d\u00e5 f\u00f6der blir mer eller mindre f\u00f6rvildade om de inte f\u00e5r uppleva n\u00e5gon bra m\u00e4nsklig kontakt. Blir de ungarna i sin tur vuxna och parar sig, ja d\u00e5 har vi strax en population f\u00f6rvildade katter som \u00e4r sv\u00e5ra att ta om hand och fostra till huskatter. Enda riktigt goda chansen \u00e4r om man f\u00e5r tag p\u00e5 en kull ungar medan de \u00e4r sm\u00e5. Problemet \u00e4r d\u00e5 mamman. All god katth\u00e5llning s\u00e4ger att kattungarna ska vara med sin mamma i minst 12 veckor. Tar man hand om b\u00e5de mamma och ungar, kr\u00e4vs ett engagerat arbete med ungarna om de ska v\u00e5ga lita p\u00e5 m\u00e4nniskan i st\u00e4llet f\u00f6r sin r\u00e4dda mamma. Det kan vara bra att skilja ungarna fr\u00e5n modern s\u00e5 fort de \u00e4r tillr\u00e4ckligt stora. R\u00e5dg\u00f6r alltid med personal p\u00e5 ett katthem om du sj\u00e4lv hamnar i situationen att ta hand om ett s\u00e5dant h\u00e4r fall!<\/p>\n<p>De katter vi tror \u00e4r vildkatter har i regel n\u00e5gon g\u00e5ng haft ett hem. Okastrerade hannar beger sig ofta hemifr\u00e5n n\u00e4r de blir k\u00f6nsmogna. Ibland g\u00e5r de s\u00e5 l\u00e5ngt att de inte hittar hem efter sin friarstr\u00e5t. Men oftare handlar det om att de katter som verkar heml\u00f6sa har haft ett hem d\u00e4r de inte trivts. Det kan vara att det finns f\u00f6r m\u00e5nga katter d\u00e4r, eller att \u00e4garen inte behandlar sin katt p\u00e5 ett bra s\u00e4tt. Det kan vara s\u00e5 enkelt att katt\u00e4garen inte satt sig in i en katts behov och inte tar sig tid med den, kanske l\u00e5ter den vara ute hela dagar eller hela n\u00e4tter.<\/p>\n<p><strong>Se till att ha uppsikt \u00f6ver din katt. Bor du s\u00e5 bra till att den kan vara ute p\u00e5 egen hand, d\u00e5 ska den sj\u00e4lvklart vara kastrerad. Se till att den kan komma in n\u00e4r den vill, antingen genom kattlucka eller genom att du finns i n\u00e4rheten och \u00f6ppnar f\u00f6r den!<\/strong><\/p>\n","protected":false},"excerpt":{"rendered":"<p>Det finns olika orsaker till att vi m\u00e5ste ta hand om katter p\u00e5 Katthemmet: Katt\u00e4gare har l\u00e4mnat\/\u00f6vergett sina katter. Katt\u00e4gare som inte inser betydelsen av att kastrera de katter som f\u00e5r g\u00e5 ut, vilket kan resultera i m\u00e5nga o\u00f6nskade kattkullar. Klicka h\u00e4r f\u00f6r bildinfo. Katter har p\u00e5 egen hand gett sig ut p\u00e5 \u00e4ventyr och n\u00e4r det blir vinter och kallt har de sv\u00e5rt att livn\u00e4ra sig och att hitta&hellip;<\/p>\n<p><a class=\"more-link\" href=\"https:\/\/www.djurskyddet.se\/jamtland\/katthem\/varfor-och-hur-kommer-katterna-till-oss\/\" title=\"Continue reading &lsquo;Varf\u00f6r och hur kommer katterna till oss?&rsquo;\">L&auml;s mer<span class=\"meta-nav\">&raquo;<\/span><\/a><\/p>\n","protected":false},"author":3,"featured_media":0,"parent":5502,"menu_order":0,"comment_status":"closed","ping_status":"closed","template":"page-templates\/left-sidebar.php","meta":{"_acf_changed":false,"footnotes":""},"class_list":["post-5572","page","type-page","status-publish","hentry"],"acf":[],"_links":{"self":[{"href":"https:\/\/www.djurskyddet.se\/jamtland\/wp-json\/wp\/v2\/pages\/5572","targetHints":{"allow":["GET"]}}],"collection":[{"href":"https:\/\/www.djurskyddet.se\/jamtland\/wp-json\/wp\/v2\/pages"}],"about":[{"href":"https:\/\/www.djurskyddet.se\/jamtland\/wp-json\/wp\/v2\/types\/page"}],"author":[{"embeddable":true,"href":"https:\/\/www.djurskyddet.se\/jamtland\/wp-json\/wp\/v2\/users\/3"}],"replies":[{"embeddable":true,"href":"https:\/\/www.djurskyddet.se\/jamtland\/wp-json\/wp\/v2\/comments?post=5572"}],"version-history":[{"count":25,"href":"https:\/\/www.djurskyddet.se\/jamtland\/wp-json\/wp\/v2\/pages\/5572\/revisions"}],"predecessor-version":[{"id":11322,"href":"https:\/\/www.djurskyddet.se\/jamtland\/wp-json\/wp\/v2\/pages\/5572\/revisions\/11322"}],"up":[{"embeddable":true,"href":"https:\/\/www.djurskyddet.se\/jamtland\/wp-json\/wp\/v2\/pages\/5502"}],"wp:attachment":[{"href":"https:\/\/www.djurskyddet.se\/jamtland\/wp-json\/wp\/v2\/media?parent=5572"}],"curies":[{"name":"wp","href":"https:\/\/api.w.org\/{rel}","templated":true}]}}