{"id":5576,"date":"2018-03-26T12:13:45","date_gmt":"2018-03-26T11:13:45","guid":{"rendered":"http:\/\/www.djurskyddet.se\/jamtland\/?page_id=5576"},"modified":"2025-03-16T19:07:49","modified_gmt":"2025-03-16T18:07:49","slug":"skotsel-av-katterna","status":"publish","type":"page","link":"https:\/\/www.djurskyddet.se\/jamtland\/katthem\/skotsel-av-katterna\/","title":{"rendered":"Sk\u00f6tsel av katterna"},"content":{"rendered":"<p style=\"font-weight: 400\">Arbetet p\u00e5 katthemmet leds av en f\u00f6rest\u00e5ndare, som arbetar p\u00e5 uppdrag av f\u00f6reningens styrelse.<\/p>\n<p style=\"font-weight: 400\">P\u00e5 katthemmet g\u00f6r v\u00e5ra engagerade volont\u00e4rer, helt ideellt, stora insatser f\u00f6r att heml\u00f6sa och \u00f6vergivna katter ska f\u00e5 ett b\u00e4ttre liv. Katterna f\u00e5r, vardag som helgdag, omv\u00e5rdnad med mat, vatten och st\u00e4dning. Det \u00e4r ocks\u00e5 viktigt att de blir aktiverade genom lek och social tr\u00e4ning.<\/p>\n<p style=\"font-weight: 400\">Nyanl\u00e4nda katter sitter i karant\u00e4n fram tills de \u00e4r veterin\u00e4rklara. Vi har \u00e4ven en pensionatavdelning som fyller olika funktioner.<\/p>\n<p style=\"font-weight: 400\">Alla katter tas till veterin\u00e4r f\u00f6r att vaccineras, m\u00e4rkas och kastreras. Vi ser till att katterna f\u00e5r medicinsk behandling om de \u00e4r skadade och sjuka. De kan t. ex. ha f\u00f6rfrusna \u00f6ron och tassar. L\u00e5ngh\u00e5riga katter som g\u00e5tt ute har ofta stora tovor och m\u00e5ste, i v\u00e4rsta fall rakas, f\u00f6r att f\u00e5 en ny, fin p\u00e4ls.<\/p>\n<p style=\"font-weight: 400\">Vi har m\u00f6jlighet att ta in cirka 50 katter. M\u00e5nga katter som vistas hos oss har en utsatt bakgrund. De beh\u00f6ver mycket k\u00e4rlek, t\u00e5lamod och kan vara sv\u00e5ra att n\u00e4rma sig. M\u00e5nga av v\u00e5ra medarbetare har l\u00e5ng erfarenhet av att ta hand om katter som fr\u00e5n b\u00f6rjan \u00e4r sjuka, r\u00e4dda eller aggressiva. Genom volont\u00e4rernas t\u00e5lmodiga och of\u00f6rtr\u00f6ttliga arbete lyckas de flesta katter bli friska och harmoniska. Beviset f\u00f6r detta \u00e4r att katterna som tas om hand f\u00e5r nya hem och blir \u00e4lskade familjemedlemmar. En del katter f\u00e5r snabbt ett nytt hem medan det tar lite l\u00e4ngre tid f\u00f6r andra. Kattungar har det l\u00e4ttast.<\/p>\n<p><a href=\"https:\/\/www.djurskyddet.se\/jamtland\/katthem-pensionat\/skotsel-av-katterna\/attachment\/kattskotsel\/\" rel=\"attachment wp-att-5753\"><img loading=\"lazy\" decoding=\"async\" class=\"alignleft size-full wp-image-5753\" src=\"https:\/\/www.djurskyddet.se\/jamtland\/wp-content\/uploads\/sites\/14\/2018\/04\/kattskotsel.jpg\" alt=\"\" width=\"500\" height=\"333\" srcset=\"https:\/\/www.djurskyddet.se\/jamtland\/wp-content\/uploads\/sites\/14\/2018\/04\/kattskotsel.jpg 500w, https:\/\/www.djurskyddet.se\/jamtland\/wp-content\/uploads\/sites\/14\/2018\/04\/kattskotsel-300x200.jpg 300w, https:\/\/www.djurskyddet.se\/jamtland\/wp-content\/uploads\/sites\/14\/2018\/04\/kattskotsel-400x266.jpg 400w\" sizes=\"auto, (max-width: 500px) 100vw, 500px\" \/><\/a><\/p>\n","protected":false},"excerpt":{"rendered":"<p>Arbetet p\u00e5 katthemmet leds av en f\u00f6rest\u00e5ndare, som arbetar p\u00e5 uppdrag av f\u00f6reningens styrelse. P\u00e5 katthemmet g\u00f6r v\u00e5ra engagerade volont\u00e4rer, helt ideellt, stora insatser f\u00f6r att heml\u00f6sa och \u00f6vergivna katter ska f\u00e5 ett b\u00e4ttre liv. Katterna f\u00e5r, vardag som helgdag, omv\u00e5rdnad med mat, vatten och st\u00e4dning. Det \u00e4r ocks\u00e5 viktigt att de blir aktiverade genom lek och social tr\u00e4ning. Nyanl\u00e4nda katter sitter i karant\u00e4n fram tills de \u00e4r veterin\u00e4rklara. Vi&hellip;<\/p>\n<p><a class=\"more-link\" href=\"https:\/\/www.djurskyddet.se\/jamtland\/katthem\/skotsel-av-katterna\/\" title=\"Continue reading &lsquo;Sk\u00f6tsel av katterna&rsquo;\">L&auml;s mer<span class=\"meta-nav\">&raquo;<\/span><\/a><\/p>\n","protected":false},"author":3,"featured_media":0,"parent":5502,"menu_order":0,"comment_status":"closed","ping_status":"closed","template":"page-templates\/left-sidebar.php","meta":{"_acf_changed":false,"footnotes":""},"class_list":["post-5576","page","type-page","status-publish","hentry"],"acf":[],"_links":{"self":[{"href":"https:\/\/www.djurskyddet.se\/jamtland\/wp-json\/wp\/v2\/pages\/5576","targetHints":{"allow":["GET"]}}],"collection":[{"href":"https:\/\/www.djurskyddet.se\/jamtland\/wp-json\/wp\/v2\/pages"}],"about":[{"href":"https:\/\/www.djurskyddet.se\/jamtland\/wp-json\/wp\/v2\/types\/page"}],"author":[{"embeddable":true,"href":"https:\/\/www.djurskyddet.se\/jamtland\/wp-json\/wp\/v2\/users\/3"}],"replies":[{"embeddable":true,"href":"https:\/\/www.djurskyddet.se\/jamtland\/wp-json\/wp\/v2\/comments?post=5576"}],"version-history":[{"count":7,"href":"https:\/\/www.djurskyddet.se\/jamtland\/wp-json\/wp\/v2\/pages\/5576\/revisions"}],"predecessor-version":[{"id":12372,"href":"https:\/\/www.djurskyddet.se\/jamtland\/wp-json\/wp\/v2\/pages\/5576\/revisions\/12372"}],"up":[{"embeddable":true,"href":"https:\/\/www.djurskyddet.se\/jamtland\/wp-json\/wp\/v2\/pages\/5502"}],"wp:attachment":[{"href":"https:\/\/www.djurskyddet.se\/jamtland\/wp-json\/wp\/v2\/media?parent=5576"}],"curies":[{"name":"wp","href":"https:\/\/api.w.org\/{rel}","templated":true}]}}