{"id":5588,"date":"2018-03-26T12:31:57","date_gmt":"2018-03-26T11:31:57","guid":{"rendered":"http:\/\/www.djurskyddet.se\/jamtland\/?page_id=5588"},"modified":"2025-03-16T19:40:53","modified_gmt":"2025-03-16T18:40:53","slug":"volontarer","status":"publish","type":"page","link":"https:\/\/www.djurskyddet.se\/jamtland\/katthem\/volontarer\/","title":{"rendered":"Volont\u00e4rer"},"content":{"rendered":"\n<div class=\"wp-block-group\"><div class=\"wp-block-group__inner-container is-layout-constrained wp-block-group-is-layout-constrained\">\n<p>Det finns alltid plats f\u00f6r flera djur\u00e4lskare! Ju fler vi \u00e4r att f\u00f6rdela uppgifterna emellan desto fler och b\u00e4ttre m\u00f6jligheter har vi att hj\u00e4lpa katter i behov.<\/p>\n\n\n\n<p>Man b\u00f6rjar med att g\u00e5 introduktionspass tillsammans med en annan volont\u00e4r fram tills man k\u00e4nner sig trygg i arbetsuppgifterna. Till din hj\u00e4lp finns ocks\u00e5 en checklista som du kan f\u00f6lja. Vi har ett schema online d\u00e4r man kan boka in sig p\u00e5 pass och \u00e4ven en Facebookgrupp f\u00f6r volont\u00e4rer d\u00e4r man kan st\u00e4lla allm\u00e4nna fr\u00e5gor, hitta passkompis, dela med sig historier\/bilder, etcetera. Vi har ocks\u00e5 \u00e5terkommande volont\u00e4rsm\u00f6ten, d\u00e4r vi pratar om praktiska fr\u00e5gor, l\u00f6ser problem gemensamt och tar vara p\u00e5 olika id\u00e9er.<\/p>\n\n\n\n<p>Du m\u00e5ste vara 18 \u00e5r f\u00f6r att f\u00e5 vara volont\u00e4r (undantaget om du g\u00e5r med en myndig volont\u00e4r). Du beh\u00f6ver inte vara medlem i f\u00f6reningen men det \u00e4r till f\u00f6rdel, d\u00e5 en volont\u00e4rf\u00f6rs\u00e4kring ing\u00e5r i medlemskapet.<\/p>\n\n\n\n<p><\/p>\n<\/div><\/div>\n\n\n\n<div class=\"wp-block-group\"><div class=\"wp-block-group__inner-container is-layout-constrained wp-block-group-is-layout-constrained\">\n<h3 class=\"wp-block-heading\"><strong>Hur kan ett pass p\u00e5 katthemmet se ut?<\/strong><\/h3>\n\n\n\n<p>Morgonpasset b\u00f6rjar mellan klockan 7 och 9 (beroende p\u00e5 n\u00e4r man kan b\u00f6rja) och kv\u00e4llspasset b\u00f6rjar mellan klockan 17 och 19 (cirka tider, ocks\u00e5 beroende p\u00e5 sina m\u00f6jligheter). Man b\u00f6rjar med att l\u00e4sa i almanackan om det har varit n\u00e5got s\u00e4rskilt under tidigare pass. De fr\u00e4msta arbetsuppgifterna \u00e4r att mata katterna, byta dricksvatten och t\u00f6mma l\u00e5dorna (inklusive l\u00e4tt sopning\/st\u00e4dning runt omkring). I slutet av passet skriver man kort hur det var.<\/p>\n\n\n\n<p>N\u00e4r vi har f\u00e5tt in sm\u00e5 kattungar, i v\u00e4rsta fall utan sin mamma, kan det beh\u00f6vas extra insatser med matning flera g\u00e5nger om dagen. Det \u00e4r ocks\u00e5 viktigt att hinna med att leka och kela med katterna. Att tr\u00e4na de katter som \u00e4nnu inte litar p\u00e5 oss m\u00e4nniskor s\u00e5 att de kan bli trygga familjekatter \u00e4r en fundamental uppgift.<\/p>\n\n\n\n<p>Som en fingervisning kan ett morgonpass ta cirka 4 timmar, medan motsvarande kv\u00e4llspass kan hinnas med p\u00e5 bara 2 timmar. Det \u00e4r mycket individuellt dock. Rutinvana, personligt tempo spelar in mycket och s\u00e5klart \u00e4ven antal katter och deras specifika behov.<\/p>\n\n\n\n<p><em>Observera att det finns m\u00e5nga arbetsuppgifter som utf\u00f6rs p\u00e5 katthemmet som inte ing\u00e5r i volont\u00e4ruppdraget, till exempel medicinering av sjuka katter, att ta katter till veterin\u00e4r eller placera katter i nya hem.<\/em><\/p>\n<\/div><\/div>\n\n\n\n<div class=\"wp-block-group\"><div class=\"wp-block-group__inner-container is-layout-constrained wp-block-group-is-layout-constrained\">\n<h2 class=\"wp-block-heading\"><strong>Andra Djur<\/strong><\/h2>\n\n\n\n<p>Katthemmet m\u00e5 v\u00e5ra v\u00e5r prim\u00e4ra verksamhet, men skulle man snarare brinna f\u00f6r andra arter \u00e4n katter s\u00e5 \u00e4r \u00e4ven detta intressant f\u00f6r oss. Genom Djurskyddet Sverige erbjuds d\u00e5 och d\u00e5 dessutom olika f\u00f6resl\u00e4sningar och kurser (dock med begr\u00e4nsade platser och s\u00e4llan p\u00e5 distans).<\/p>\n<\/div><\/div>\n\n\n\n<div class=\"wp-block-group\"><div class=\"wp-block-group__inner-container is-layout-constrained wp-block-group-is-layout-constrained\">\n<h2 class=\"wp-block-heading\"><strong>St\u00e4dare<\/strong><\/h2>\n\n\n\n<p>Vi s\u00f6ker flera ideella krafter som kan sk\u00f6ta allm\u00e4n st\u00e4dning p\u00e5 katthemmet. Pensionat och karant\u00e4n st\u00e4das regelbundet mellan varje g\u00e4st men \u00e4ven resterande utrymmen skulle m\u00e5 b\u00e4ttre \u00e4ven d\u00e4remellan. Vi samlar ett g\u00e4ng semi-regelbundet varannan m\u00e5nad och st\u00e4dar katthemmet tillsammans mer grundligt.<\/p>\n<\/div><\/div>\n\n\n\n<div class=\"wp-block-group\"><div class=\"wp-block-group__inner-container is-layout-constrained wp-block-group-is-layout-constrained\">\n<h2 class=\"wp-block-heading\"><strong>Tv\u00e4tt<\/strong><\/h2>\n\n\n\n<p>Har du tillg\u00e5ng till grovtv\u00e4ttmaskiner eller liknande och kan t\u00e4nka dig att hj\u00e4lpa oss med tv\u00e4tten? Engagerade katt\u00e4lskare som kan hj\u00e4lpa till med tv\u00e4tt av filtar, dynor och mattor kan vi inte ha f\u00f6r m\u00e5nga av.<\/p>\n<\/div><\/div>\n\n\n\n<p><\/p>\n","protected":false},"excerpt":{"rendered":"<p>Det finns alltid plats f\u00f6r flera djur\u00e4lskare! Ju fler vi \u00e4r att f\u00f6rdela uppgifterna emellan desto fler och b\u00e4ttre m\u00f6jligheter har vi att hj\u00e4lpa katter i behov. Man b\u00f6rjar med att g\u00e5 introduktionspass tillsammans med en annan volont\u00e4r fram tills man k\u00e4nner sig trygg i arbetsuppgifterna. Till din hj\u00e4lp finns ocks\u00e5 en checklista som du kan f\u00f6lja. Vi har ett schema online d\u00e4r man kan boka in sig p\u00e5 pass&hellip;<\/p>\n<p><a class=\"more-link\" href=\"https:\/\/www.djurskyddet.se\/jamtland\/katthem\/volontarer\/\" title=\"Continue reading &lsquo;Volont\u00e4rer&rsquo;\">L&auml;s mer<span class=\"meta-nav\">&raquo;<\/span><\/a><\/p>\n","protected":false},"author":3,"featured_media":9146,"parent":5502,"menu_order":0,"comment_status":"closed","ping_status":"closed","template":"page-templates\/left-sidebar.php","meta":{"_acf_changed":false,"footnotes":""},"class_list":["post-5588","page","type-page","status-publish","has-post-thumbnail","hentry"],"acf":[],"_links":{"self":[{"href":"https:\/\/www.djurskyddet.se\/jamtland\/wp-json\/wp\/v2\/pages\/5588","targetHints":{"allow":["GET"]}}],"collection":[{"href":"https:\/\/www.djurskyddet.se\/jamtland\/wp-json\/wp\/v2\/pages"}],"about":[{"href":"https:\/\/www.djurskyddet.se\/jamtland\/wp-json\/wp\/v2\/types\/page"}],"author":[{"embeddable":true,"href":"https:\/\/www.djurskyddet.se\/jamtland\/wp-json\/wp\/v2\/users\/3"}],"replies":[{"embeddable":true,"href":"https:\/\/www.djurskyddet.se\/jamtland\/wp-json\/wp\/v2\/comments?post=5588"}],"version-history":[{"count":39,"href":"https:\/\/www.djurskyddet.se\/jamtland\/wp-json\/wp\/v2\/pages\/5588\/revisions"}],"predecessor-version":[{"id":12390,"href":"https:\/\/www.djurskyddet.se\/jamtland\/wp-json\/wp\/v2\/pages\/5588\/revisions\/12390"}],"up":[{"embeddable":true,"href":"https:\/\/www.djurskyddet.se\/jamtland\/wp-json\/wp\/v2\/pages\/5502"}],"wp:featuredmedia":[{"embeddable":true,"href":"https:\/\/www.djurskyddet.se\/jamtland\/wp-json\/wp\/v2\/media\/9146"}],"wp:attachment":[{"href":"https:\/\/www.djurskyddet.se\/jamtland\/wp-json\/wp\/v2\/media?parent=5588"}],"curies":[{"name":"wp","href":"https:\/\/api.w.org\/{rel}","templated":true}]}}