{"id":5598,"date":"2018-03-26T12:47:17","date_gmt":"2018-03-26T11:47:17","guid":{"rendered":"http:\/\/www.djurskyddet.se\/jamtland\/?page_id=5598"},"modified":"2023-01-01T17:41:24","modified_gmt":"2023-01-01T16:41:24","slug":"pensionatet","status":"publish","type":"page","link":"https:\/\/www.djurskyddet.se\/jamtland\/pensionatet\/","title":{"rendered":"Pensionatet"},"content":{"rendered":"<p>Hos oss kan du tryggt l\u00e4mna din b\u00e4sta v\u00e4n n\u00e4r du till exempel ska resa bort en kortare eller l\u00e4ngre tid, om du drabbats av sjukdom, eller vid flytt, renovering eller annat som p\u00e5verkar din katt i hemmet.<\/p>\n<p>Vi efterstr\u00e4var att g\u00f6ra milj\u00f6n i pensionatet s\u00e5 kattv\u00e4nlig som m\u00f6jligt och varje katt f\u00e5r ett eget, n\u00e4tat mindre rum.<\/p>\n<p>Om vi f\u00e5r f\u00f6rtroendet att ta hand om din katt hj\u00e4lper du \u00e4ven hittekatterna. Din avgift utg\u00f6r ett ekonomiskt bidrag till katthemmets verksamhet.<\/p>\n<h3>Bokning<\/h3>\n<p><strong>T\u00e4nk p\u00e5 att boka i god tid! L\u00e4s villkoren nedan!<br \/>\n<\/strong><\/p>\n<p><a href=\"https:\/\/www.djurskyddet.se\/jamtland\/kontakta-oss#kontakt-pensionat\" data-wplink-edit=\"true\">Kontaktuppgifter f\u00f6r bokning av plats p\u00e5 pensionatet.<\/a><\/p>\n<h3>Villkor<\/h3>\n<h4>Avgift<\/h4>\n<p>Pris f\u00f6r icke medlemmar \u00e4r 250 kr\/dygn f\u00f6r en katt, och 300 kr f\u00f6r tv\u00e5 katter i samma bur.<\/p>\n<p>Avgiften f\u00f6r medlemmar i Djurskyddet J\u00e4mtland eller Djurskyddet Sverige \u00e4r 200 kr\/dygn f\u00f6r en katt och 250 kr f\u00f6r tv\u00e5 katter i samma bur. <a href=\"http:\/\/www.djurskyddet.se\/jamtland\/stod-oss\/bli-medlem\/\" target=\"_blank\" rel=\"noopener noreferrer\">L\u00e4s om hur du enkelt blir medlem<\/a>.<\/p>\n<p>F\u00f6r l\u00e4ngre vistelsetid och fler \u00e4n tv\u00e5 katter, kontakta oss f\u00f6r \u00f6verenskommelse.<\/p>\n<h4>Detta ing\u00e5r i avgiften<\/h4>\n<p>Under kattens avtalade vistelsetid ing\u00e5r mat och sand.<\/p>\n<p>Varje katt f\u00e5r ett eget rum i form av ett mindre n\u00e4th\u00e4gn. Rummen \u00e4r inredda med sovplatser och kl\u00e4tterm\u00f6jlighet.<\/p>\n<p>Vi g\u00f6r \u00e5terkommande bes\u00f6k i pensionatet varje dag. I den m\u00e5n din katt verkar uppskatta det, och om vi har m\u00f6jlighet, aktiverar vi den med lek och umg\u00e4nge.<\/p>\n<h4>\u00c5terbud<\/h4>\n<p>Vid \u00e5terbud senare \u00e4n en vecka innan ankomst debiteras 200 kr (med vissa undantag, kontakta oss om det blir aktuellt).<\/p>\n<h4>Kattens status<\/h4>\n<p>Vi tar endast emot katter som \u00e4r kastrerade och vaccinerade.<\/p>\n<p>Vi tar inte ta emot sjuka katter eller katter som beh\u00f6ver n\u00e5gon form av medicinering.<\/p>\n<p>\u00c4r du os\u00e4ker p\u00e5 din katts status, h\u00f6r med din veterin\u00e4r.<\/p>\n<h4>Avl\u00e4mning\/h\u00e4mtning<\/h4>\n<p>Eftersom det inte finns personal p\u00e5 katthemmet\/kattpensionatet under alla tider p\u00e5 dagen ber vi er respektera den avtalade tiden f\u00f6r avl\u00e4mning och h\u00e4mtning av din katt. En representant f\u00f6r katthemmet kommer att finnas p\u00e5 plats vid utsatt tid.<\/p>\n<p>Om ni av n\u00e5gon anledning skulle bli sena, kontakta oss p\u00e5 det telefonnummer ni f\u00e5tt av er kontaktperson eller p\u00e5 v\u00e5rt bokningsnummer enligt ovan. Tack!<\/p>\n<h4>Betalning<\/h4>\n<p>Du betalar i samband med h\u00e4mtningen, med internetbank (bankgiro) eller swish. Vi kan inte ta kortbetalning och helst inte kontanter.<\/p>\n<p>Vid betalningen, ange &#8221;pensionat&#8221; och kattens namn.<\/p>\n","protected":false},"excerpt":{"rendered":"<p>Hos oss kan du tryggt l\u00e4mna din b\u00e4sta v\u00e4n n\u00e4r du till exempel ska resa bort en kortare eller l\u00e4ngre tid, om du drabbats av sjukdom, eller vid flytt, renovering eller annat som p\u00e5verkar din katt i hemmet. Vi efterstr\u00e4var att g\u00f6ra milj\u00f6n i pensionatet s\u00e5 kattv\u00e4nlig som m\u00f6jligt och varje katt f\u00e5r ett eget, n\u00e4tat mindre rum. Om vi f\u00e5r f\u00f6rtroendet att ta hand om din katt hj\u00e4lper du&hellip;<\/p>\n<p><a class=\"more-link\" href=\"https:\/\/www.djurskyddet.se\/jamtland\/pensionatet\/\" title=\"Continue reading &lsquo;Pensionatet&rsquo;\">L&auml;s mer<span class=\"meta-nav\">&raquo;<\/span><\/a><\/p>\n","protected":false},"author":15,"featured_media":0,"parent":0,"menu_order":6,"comment_status":"closed","ping_status":"closed","template":"page-templates\/left-sidebar.php","meta":{"_acf_changed":false,"footnotes":""},"class_list":["post-5598","page","type-page","status-publish","hentry"],"acf":[],"_links":{"self":[{"href":"https:\/\/www.djurskyddet.se\/jamtland\/wp-json\/wp\/v2\/pages\/5598","targetHints":{"allow":["GET"]}}],"collection":[{"href":"https:\/\/www.djurskyddet.se\/jamtland\/wp-json\/wp\/v2\/pages"}],"about":[{"href":"https:\/\/www.djurskyddet.se\/jamtland\/wp-json\/wp\/v2\/types\/page"}],"author":[{"embeddable":true,"href":"https:\/\/www.djurskyddet.se\/jamtland\/wp-json\/wp\/v2\/users\/15"}],"replies":[{"embeddable":true,"href":"https:\/\/www.djurskyddet.se\/jamtland\/wp-json\/wp\/v2\/comments?post=5598"}],"version-history":[{"count":32,"href":"https:\/\/www.djurskyddet.se\/jamtland\/wp-json\/wp\/v2\/pages\/5598\/revisions"}],"predecessor-version":[{"id":10130,"href":"https:\/\/www.djurskyddet.se\/jamtland\/wp-json\/wp\/v2\/pages\/5598\/revisions\/10130"}],"wp:attachment":[{"href":"https:\/\/www.djurskyddet.se\/jamtland\/wp-json\/wp\/v2\/media?parent=5598"}],"curies":[{"name":"wp","href":"https:\/\/api.w.org\/{rel}","templated":true}]}}