{"id":5622,"date":"2018-03-26T14:28:35","date_gmt":"2018-03-26T13:28:35","guid":{"rendered":"http:\/\/www.djurskyddet.se\/jamtland\/?page_id=5622"},"modified":"2019-02-13T15:36:42","modified_gmt":"2019-02-13T14:36:42","slug":"temperatur-i-bil","status":"publish","type":"page","link":"https:\/\/www.djurskyddet.se\/jamtland\/tips\/temperatur-i-bil\/","title":{"rendered":"Om temperatur i bil"},"content":{"rendered":"<h2>Bilar och djur i sommartid &#8211; ingen bra kombination<\/h2>\n<p>De flesta vet hur det \u00e4r att s\u00e4tta sig i en solvarm bil (helst med kortbyxor och l\u00e4derkl\u00e4dsel) och hur l\u00e5ng tid det tar f\u00f6r att kyla ner kup\u00e9n efter att man startat bilen. Men vad de flesta inte vet \u00e4r hur kort tid det tar f\u00f6r kup\u00e9n att bli kokhet. Sommaren \u00e4r en tid d\u00e5 vi ofta befinner oss p\u00e5 resande fot med eller utan v\u00e5ra fyrfota v\u00e4nner.<\/p>\n<p>En enkel unders\u00f6kning visar att p\u00e5 mycket kort tid blir bilen en d\u00f6dsf\u00e4lla f\u00f6r ett inst\u00e4ngt djur. En bil parkerades klockan 08:30 i skuggan, yttertemperaturen vid tillf\u00e4llet var 14 grader. Bilens innertemperatur var 19 grader. Fram till klockan 14:30 gjordes varje timme en avl\u00e4sning av ytter- och innertemperaturen samt v\u00e4derleken.<\/p>\n<p><a href=\"https:\/\/www.djurskyddet.se\/jamtland\/wp-content\/uploads\/sites\/14\/2019\/02\/temptabell.jpg\"><img decoding=\"async\" src=\"https:\/\/www.djurskyddet.se\/jamtland\/wp-content\/uploads\/sites\/14\/2019\/02\/temptabell.jpg\" alt=\"Tabell f\u00f6r temperaturer i bil\" width=\"400\" class=\"aligncenter size-full wp-image-6283\" srcset=\"https:\/\/www.djurskyddet.se\/jamtland\/wp-content\/uploads\/sites\/14\/2019\/02\/temptabell.jpg 601w, https:\/\/www.djurskyddet.se\/jamtland\/wp-content\/uploads\/sites\/14\/2019\/02\/temptabell-300x117.jpg 300w, https:\/\/www.djurskyddet.se\/jamtland\/wp-content\/uploads\/sites\/14\/2019\/02\/temptabell-400x156.jpg 400w\" sizes=\"(max-width: 601px) 100vw, 601px\" \/><\/a><\/p>\n<p>Som ni ser beh\u00f6vs det inte mycket innan bilens insida har n\u00e5tt en orov\u00e4ckande h\u00f6g temperatur. <\/p>\n<p>Viktigt att notera \u00e4r att bilens innertemperatur p\u00e5verkas mycket litet av om f\u00f6nster och\/eller baklucka st\u00e5r \u00f6ppen. V\u00e4rmeslag kan \u00e4ven uppst\u00e5 om hund\/katten f\u00e4rdas i bur d\u00e4r solen ligger p\u00e5 under en l\u00e4ngre tid och inget solskydd finns.<\/p>\n<h3>Hundar och katter svettas inte<\/h3>\n<p>Hundar och katter \u00e4r mycket k\u00e4nsliga f\u00f6r h\u00f6ga temperaturer. Redan n\u00e4r termometern visar p\u00e5 \u00f6ver 41 grader kroppstemperatur finns det risk f\u00f6r \u00f6verhettning. Hunden och katten svettas inte som vi m\u00e4nniskor. Ist\u00e4llet anv\u00e4nds tassar och \u00f6ron f\u00f6r att reglera kroppstemperaturen, blir temperaturen f\u00f6r h\u00f6g blir djuret stressat och b\u00f6rjar fl\u00e5sa vilket f\u00f6rorsakar \u00f6kad cirkulation och ytterligare \u00f6kad kroppstemperatur<\/p>\n<h3>Kyl ned djuret<\/h3>\n<p>Djuret kan mycket snabbt g\u00e5 fr\u00e5n att vara kontaktbar till total chock\/koma. N\u00e5gra av organen som kan ta skada vid v\u00e4rmeslag \u00e4r njurar, hj\u00e4rta och lungor. Upplever du att ditt djur p\u00e5verkats av v\u00e4rmen b\u00f6r du f\u00f6rs\u00f6ka f\u00e5 ner kroppstemperaturen genom att t.ex. h\u00e4lla vatten p\u00e5 det och d\u00e4refter snabbt upps\u00f6ka veterin\u00e4r.<\/p>\n<h3>Hur ers\u00e4tter f\u00f6rs\u00e4kringen?<\/h3>\n<p>F\u00f6rs\u00e4kringsvillkorens s\u00e4kerhetsf\u00f6reskrifter talar mycket om att du som \u00e4gare och f\u00f6rs\u00e4kringstagare m\u00e5ste g\u00f6ra allt som st\u00e5r i din makt f\u00f6r att undvika att ett f\u00f6rs\u00e4kringsfall uppst\u00e5r. Om du som \u00e4gare\/f\u00f6rs\u00e4kringstagare avsiktligt eller oavsiktligt bryter mot dessa f\u00f6reskrifter har t.ex. Agria r\u00e4tt att s\u00e4tta ner ers\u00e4ttning.<\/p>\n<p>Neds\u00e4ttning av ers\u00e4ttningen beror p\u00e5 yttre omst\u00e4ndigheter, det vill s\u00e4ga omst\u00e4ndigheterna till varf\u00f6r skadefallet uppstod. Som regel kr\u00e4vs v\u00e4ldigt exceptionella h\u00e4ndelser f\u00f6r att kostnaden f\u00f6r behandling av v\u00e4rmeslag ska vara ers\u00e4ttningsbar ur f\u00f6rs\u00e4kringen. Oftast s\u00e4tts ers\u00e4ttningen ner till noll kronor.<\/p>\n<h3>Vad s\u00e4ger lagen?<\/h3>\n<p>Du som l\u00e4mnar ditt djur i en varm bil kan bli \u00e5talad f\u00f6r djurpl\u00e5geri. F\u00f6r dig som r\u00e4ddar ett djur ur en varm bil och det handlar om en n\u00f6dhandling har du skydd enligt Brottsbalken \u00a724. Agria t ex rekommenderar dock att du kontaktar polisen om m\u00f6jlighet finns, alternativt att du har ett vittne som kan intyga att djuret led innan du r\u00e4ddar djuret.<\/p>\n","protected":false},"excerpt":{"rendered":"<p>Bilar och djur i sommartid &#8211; ingen bra kombination De flesta vet hur det \u00e4r att s\u00e4tta sig i en solvarm bil (helst med kortbyxor och l\u00e4derkl\u00e4dsel) och hur l\u00e5ng tid det tar f\u00f6r att kyla ner kup\u00e9n efter att man startat bilen. Men vad de flesta inte vet \u00e4r hur kort tid det tar f\u00f6r kup\u00e9n att bli kokhet. Sommaren \u00e4r en tid d\u00e5 vi ofta befinner oss p\u00e5&hellip;<\/p>\n<p><a class=\"more-link\" href=\"https:\/\/www.djurskyddet.se\/jamtland\/tips\/temperatur-i-bil\/\" title=\"Continue reading &lsquo;Om temperatur i bil&rsquo;\">L&auml;s mer<span class=\"meta-nav\">&raquo;<\/span><\/a><\/p>\n","protected":false},"author":3,"featured_media":0,"parent":5506,"menu_order":0,"comment_status":"closed","ping_status":"closed","template":"page-templates\/left-sidebar.php","meta":{"_acf_changed":false,"footnotes":""},"class_list":["post-5622","page","type-page","status-publish","hentry"],"acf":[],"_links":{"self":[{"href":"https:\/\/www.djurskyddet.se\/jamtland\/wp-json\/wp\/v2\/pages\/5622","targetHints":{"allow":["GET"]}}],"collection":[{"href":"https:\/\/www.djurskyddet.se\/jamtland\/wp-json\/wp\/v2\/pages"}],"about":[{"href":"https:\/\/www.djurskyddet.se\/jamtland\/wp-json\/wp\/v2\/types\/page"}],"author":[{"embeddable":true,"href":"https:\/\/www.djurskyddet.se\/jamtland\/wp-json\/wp\/v2\/users\/3"}],"replies":[{"embeddable":true,"href":"https:\/\/www.djurskyddet.se\/jamtland\/wp-json\/wp\/v2\/comments?post=5622"}],"version-history":[{"count":7,"href":"https:\/\/www.djurskyddet.se\/jamtland\/wp-json\/wp\/v2\/pages\/5622\/revisions"}],"predecessor-version":[{"id":6284,"href":"https:\/\/www.djurskyddet.se\/jamtland\/wp-json\/wp\/v2\/pages\/5622\/revisions\/6284"}],"up":[{"embeddable":true,"href":"https:\/\/www.djurskyddet.se\/jamtland\/wp-json\/wp\/v2\/pages\/5506"}],"wp:attachment":[{"href":"https:\/\/www.djurskyddet.se\/jamtland\/wp-json\/wp\/v2\/media?parent=5622"}],"curies":[{"name":"wp","href":"https:\/\/api.w.org\/{rel}","templated":true}]}}