{"id":5628,"date":"2018-03-26T14:44:33","date_gmt":"2018-03-26T13:44:33","guid":{"rendered":"http:\/\/www.djurskyddet.se\/jamtland\/?page_id=5628"},"modified":"2024-08-07T21:45:19","modified_gmt":"2024-08-07T20:45:19","slug":"tips-och-rad-om-katter","status":"publish","type":"page","link":"https:\/\/www.djurskyddet.se\/jamtland\/tips\/tips-och-rad-om-katter\/","title":{"rendered":"Tips och r\u00e5d om katter"},"content":{"rendered":"<h3>N\u00e4r du skaffar en katt \u2013 eller flera<\/h3>\n<p>Har du haft eller har katt sedan tidigare \u2013 ja, d\u00e5 vet du det mesta. M\u00e5nga vill helst ha en kattunge, men det \u00e4r faktiskt lite grymt att ta en liten kattunge eller ungkatt och l\u00e5ta den vara ensam under dagarna n\u00e4r du jobbar eller \u00e4r i skolan. Vi rekommenderar i s\u00e5dana fall att man tar tv\u00e5 kattungar\/ungkatter som kan leka och ha s\u00e4llskap av varandra. Det \u00e4r bra p\u00e5 m\u00e5nga vis, till exempel kostar det ungef\u00e4r lika mycket med mat och sand. Har man en ensam katt blir det ofta mycket mat \u00f6ver som man m\u00e5ste kasta.<\/p>\n<p>En del \u00e4ldre katter kan tycka att det \u00e4r r\u00e4tt sk\u00f6nt att vara ensam katt i sitt hus, men de flesta gillar s\u00e4llskap. De katter vi tar hand om och placerar vidare \u00e4r ofta ungkatter p\u00e5 cirka 1-3 \u00e5r. De \u00e4r d\u00e5 fortfarande lekfulla och gillar s\u00e4llskap av andra katter.<\/p>\n<p>N\u00e4r du tar hem katten till dig och eventuellt till den katt du redan har, t\u00e4nk p\u00e5 att du m\u00e5ste han gott om tid att \u00e4gna dig \u00e5t katten\/katterna. Du m\u00e5ste finnas till hands och visa det nya hemmet, vart kissl\u00e5dan finns osv. Men tr\u00e4ng dig inte p\u00e5 katten! L\u00e5t den f\u00e5 tid att sj\u00e4lv unders\u00f6ka hemmet, v\u00e4lja sovplats osv. Bli inte besviken om den inte genast vill bli gosad med. Katter \u00e4r faktiskt, precis som m\u00e4nniskor, individer och fungerar p\u00e5 olika s\u00e4tt.<\/p>\n<h3>Umg\u00e4nge<\/h3>\n<p>Katter g\u00e5r inte att uppfostra p\u00e5 samma s\u00e4tt som hundar, men man kan l\u00e4ra dem en hel del om man har t\u00e5lamod. Ett bra s\u00e4tt att handskas med en lite r\u00e4dd och \u00e4ngslig katt \u00e4r att s\u00e4tta sig p\u00e5 golvet och kommunicera lugnt och f\u00f6rsiktigt med den. S\u00e4nk blicken och stirra inte in i \u00f6gonen p\u00e5 den! Du kan ocks\u00e5 g\u00f6ra p\u00e5 katters vis f\u00f6r att visa att du \u00e4r v\u00e4nligt sinnad: blinka l\u00e5ngsamt och g\u00e4spa.<\/p>\n<p>Det \u00e4r ocks\u00e5 viktigt att leka med den. Du kan sj\u00e4lv g\u00f6ra enkla leksaker \u00e5t katten och dessutom finns det massor med kattleksaker att k\u00f6pa. Men inte alla \u00e4r bra. Se till att de \u00e4r stadiga och plocka bort dem om katten har haft s\u00f6nder dem. Katter ska inte heller ha sn\u00f6ren och liknande n\u00e4r de \u00e4r ensamma. De kan sv\u00e4lja ned det och fastnar ett sn\u00f6re i tarmarna vill det till att du har en bra f\u00f6rs\u00e4kring!<\/p>\n<h3>Math\u00e5llning<\/h3>\n<p>Alla katter ska ha tillg\u00e5ng till friskt vatten \u2013 byt minst en g\u00e5ng per dag. De flesta \u00e4ter b\u00e5de torrfoder och mjukmat. Torrfoder som du k\u00f6per i Djuraff\u00e4ren har en bra sammans\u00e4ttning av n\u00e4rings\u00e4mnen, vitaminer och mineraler. F\u00f6rr fick hankatter ofta njur- och urinv\u00e4gsproblem av torrfodret, men nu \u00e4r fodret av alla k\u00e4nda m\u00e4rken s\u00e5 v\u00e4l komponerat att risken \u00e4r minimal om det bara finns tillr\u00e4ckligt med friskt vatten.<\/p>\n<p>De flesta av dagens katter t\u00e5l inte mj\u00f6lk s\u00e5 bra. D\u00e4remot kan man ge dem en blandning av laktosfri, h\u00e4lften gr\u00e4dde, h\u00e4lften mj\u00f6lk som extra godis n\u00e5gon g\u00e5ng eller om katten \u00e4r lite tunn och har d\u00e5lig aptit.<\/p>\n<p>Det finns massor med mjukmat p\u00e5 burk och i p\u00e5sar. K\u00f6ttf\u00e4rs, kokt fisk och f\u00e4rsk str\u00f6mming brukar vara popul\u00e4r festmat. Till en vuxen katt kan det r\u00e4cka med mjukmat en g\u00e5ng om dagen men bl\u00f6tmat \u00e4r att f\u00f6redra. Kattungar ska ha mat flera g\u00e5nger om dagen. N\u00e4r du tar en katt genom oss f\u00e5r du veta allt om vad katten gillar att \u00e4ta och vad den har f\u00f6r vanor och behov i \u00f6vrigt.<\/p>\n<h3>Till sist det mest sj\u00e4lvklara<\/h3>\n<p>Katter, som inte h\u00e5lls som avelskatt, ska vara kastrerade (det kan man g\u00f6ra fr\u00e5n cirka 6 m\u00e5naders \u00e5lder), id-m\u00e4rkta och ordentligt vaccinerade.<\/p>\n<p>Och gl\u00f6m inte att registrera din katt hos <a href=\"https:\/\/jordbruksverket.se\/\">Jordbruksverket<\/a>, annars \u00e4r det inte s\u00e5 stor vits med m\u00e4rkningen.<\/p>\n","protected":false},"excerpt":{"rendered":"<p>N\u00e4r du skaffar en katt \u2013 eller flera Har du haft eller har katt sedan tidigare \u2013 ja, d\u00e5 vet du det mesta. M\u00e5nga vill helst ha en kattunge, men det \u00e4r faktiskt lite grymt att ta en liten kattunge eller ungkatt och l\u00e5ta den vara ensam under dagarna n\u00e4r du jobbar eller \u00e4r i skolan. Vi rekommenderar i s\u00e5dana fall att man tar tv\u00e5 kattungar\/ungkatter som kan leka och&hellip;<\/p>\n<p><a class=\"more-link\" href=\"https:\/\/www.djurskyddet.se\/jamtland\/tips\/tips-och-rad-om-katter\/\" title=\"Continue reading &lsquo;Tips och r\u00e5d om katter&rsquo;\">L&auml;s mer<span class=\"meta-nav\">&raquo;<\/span><\/a><\/p>\n","protected":false},"author":3,"featured_media":0,"parent":5506,"menu_order":0,"comment_status":"closed","ping_status":"closed","template":"page-templates\/left-sidebar.php","meta":{"_acf_changed":false,"footnotes":""},"class_list":["post-5628","page","type-page","status-publish","hentry"],"acf":[],"_links":{"self":[{"href":"https:\/\/www.djurskyddet.se\/jamtland\/wp-json\/wp\/v2\/pages\/5628","targetHints":{"allow":["GET"]}}],"collection":[{"href":"https:\/\/www.djurskyddet.se\/jamtland\/wp-json\/wp\/v2\/pages"}],"about":[{"href":"https:\/\/www.djurskyddet.se\/jamtland\/wp-json\/wp\/v2\/types\/page"}],"author":[{"embeddable":true,"href":"https:\/\/www.djurskyddet.se\/jamtland\/wp-json\/wp\/v2\/users\/3"}],"replies":[{"embeddable":true,"href":"https:\/\/www.djurskyddet.se\/jamtland\/wp-json\/wp\/v2\/comments?post=5628"}],"version-history":[{"count":15,"href":"https:\/\/www.djurskyddet.se\/jamtland\/wp-json\/wp\/v2\/pages\/5628\/revisions"}],"predecessor-version":[{"id":11400,"href":"https:\/\/www.djurskyddet.se\/jamtland\/wp-json\/wp\/v2\/pages\/5628\/revisions\/11400"}],"up":[{"embeddable":true,"href":"https:\/\/www.djurskyddet.se\/jamtland\/wp-json\/wp\/v2\/pages\/5506"}],"wp:attachment":[{"href":"https:\/\/www.djurskyddet.se\/jamtland\/wp-json\/wp\/v2\/media?parent=5628"}],"curies":[{"name":"wp","href":"https:\/\/api.w.org\/{rel}","templated":true}]}}