{"id":5691,"date":"2018-04-24T07:52:09","date_gmt":"2018-04-24T06:52:09","guid":{"rendered":"http:\/\/www.djurskyddet.se\/jamtland\/?page_id=5691"},"modified":"2025-02-02T22:38:07","modified_gmt":"2025-02-02T21:38:07","slug":"pris-och-villkor","status":"publish","type":"page","link":"https:\/\/www.djurskyddet.se\/jamtland\/adoption\/pris-och-villkor\/","title":{"rendered":"Pris och villkor"},"content":{"rendered":"<h3>Pris<\/h3>\n<p>Priset f\u00f6r en vuxen katt \u00e4r 2 000 kr. Katten \u00e4r d\u00e5 unders\u00f6kt av veterin\u00e4r, avmaskad, kastrerad, grundvaccinerad mot kattpest och kattsnuva, f\u00f6rs\u00e4krad hos Agria, id-m\u00e4rkt och avmaskad. Om den haft n\u00e5gra skador n\u00e4r den kom in till oss \u00e4r de ocks\u00e5 \u00e5tg\u00e4rdade i den m\u00e5n det g\u00e5r. Ansvar att anm\u00e4la till Jordbruksverket ligger hos den nya \u00e4garen.<\/p>\n<p>Att kastrera, vaccinera, id-m\u00e4rka och avmaska kostar ca 2 900 kr f\u00f6r en honkatt och ca 1 900 kr f\u00f6r en hankatt (ber\u00e4kningar gjorda 2023).<\/p>\n<p>Priset f\u00f6r en kattunge \u00e4r 2 000 kr. Kattungen \u00e4r d\u00e5 unders\u00f6kt av veterin\u00e4r, avmaskad, grundvaccinerad mot kattpest och kattsnuva, f\u00f6rs\u00e4krad i Agria och ID-m\u00e4rkt. Om kattungen\/ungkatten \u00e4r tillr\u00e4ckligt gammal s\u00e5 \u00e4r den \u00e4ven kastrerad. Ansvar att anm\u00e4la till Jordbruksverket ligger hos den nya \u00e4garen.<\/p>\n<p>Skulle man adoptera katter parvis s\u00e5 tar vi 3 500 kr f\u00f6r b\u00e5da katterna.<\/p>\n<p>N\u00e4r du adopterar en katt fr\u00e5n oss ges utrymme till en ny katt som beh\u00f6ver hj\u00e4lp. Pengarna g\u00e5r oavkortat till att ge flera heml\u00f6sa och\/eller vanv\u00e5rdade katter en andra chans.<\/p>\n<h3>Villkor<\/h3>\n<p>Vid adoption av katt skrivs ett \u00f6verl\u00e5telseavtal. Katter som placeras i st\u00e4der, t\u00e4tbebyggda omr\u00e5den eller n\u00e4ra st\u00f6rre v\u00e4gar placeras uteslutande som innekatter. Det vore tragiskt om de, efter att ha f\u00e5tt en ny chans i livet, genast skulle bli \u00f6verk\u00f6rda eller komma bort.<\/p>\n<p>F\u00e5r katten d\u00e4remot ett hem p\u00e5 landet i en trygg utemilj\u00f6 anser vi att det \u00e4r okej om den har m\u00f6jlighet till utevistelse. Den m\u00e5ste i s\u00e5 fall f\u00f6rst h\u00e5llas inne under minst en m\u00e5nads tid s\u00e5 att den hinner etablera sig i sin nya hemmilj\u00f6 med sin nya \u00e4gare.<\/p>\n<p>Kattungar och ungkatter placeras antingen tv\u00e5 tillsammans, eller s\u00e5 vill vi att det finns en katt i det nya hemmet sedan tidigare, s\u00e5 att den f\u00e5r en kattkompis.<\/p>\n<p>Vi l\u00e4gger ned v\u00e4ldigt mycket tid och k\u00e4rlek p\u00e5 katterna, och vill att de ska f\u00e5 det s\u00e5 bra som m\u00f6jligt.<\/p>\n<h3>F\u00f6rs\u00e4kring<\/h3>\n<p>V\u00e5ra katter \u00e4r f\u00f6rs\u00e4krade i Agria, vilket vi helst ser att den nya \u00e4garen \u00f6vertar f\u00f6r att f\u00e5 en s\u00e4ker start p\u00e5 sitt katt\u00e4gande.<\/p>\n<h3>\u00d6ronskabb<\/h3>\n<p>Trots att katten inte haft n\u00e5gon \u00f6ronskabb vid veterin\u00e4rbesiktningen och n\u00e4r den l\u00e4mnade katthemmet, har det f\u00f6rekommit att \u00e4garen senare uppt\u00e4ckt \u00f6ronskabb p\u00e5 sin nya katt. Enligt veterin\u00e4ren kan anlaget ligga latent hos en del katter och bryta ut vid st\u00f6rre f\u00f6r\u00e4ndringar i kattens liv, t. ex en flytt. Om det skulle h\u00e4nda, ber vi att ni kontaktar oss f\u00f6r r\u00e5d och hj\u00e4lp. Det \u00e4r en relativt enkel behandling som beh\u00f6vs och d\u00e5 kan vi hj\u00e4lpa till i st\u00e4llet f\u00f6r att ni ska kosta p\u00e5 ett veterin\u00e4rbes\u00f6k. Det \u00e4r under f\u00f6ruts\u00e4ttning att problemen uppst\u00e5tt i n\u00e4ra anslutning till att ni h\u00e4mtat katten fr\u00e5n oss.<\/p>\n<p>Om n\u00e5got h\u00e4nder efter en l\u00e4ngre tidsperiod, dvs flera m\u00e5nader efter att katten flyttat fr\u00e5n oss, s\u00e5 kan ju andra faktorer ha kommit in. Men det \u00e4r alltid bra att f\u00f6rst kontakta oss om n\u00e5got problem uppst\u00e5r med den katt ni tar fr\u00e5n oss! Kolla alltid vad som st\u00e5r i kontraktet och \u00f6vriga dokument ni f\u00e5r med er hem tillsammans med er nya familjemedlem.<\/p>\n","protected":false},"excerpt":{"rendered":"<p>Pris Priset f\u00f6r en vuxen katt \u00e4r 2 000 kr. Katten \u00e4r d\u00e5 unders\u00f6kt av veterin\u00e4r, avmaskad, kastrerad, grundvaccinerad mot kattpest och kattsnuva, f\u00f6rs\u00e4krad hos Agria, id-m\u00e4rkt och avmaskad. Om den haft n\u00e5gra skador n\u00e4r den kom in till oss \u00e4r de ocks\u00e5 \u00e5tg\u00e4rdade i den m\u00e5n det g\u00e5r. Ansvar att anm\u00e4la till Jordbruksverket ligger hos den nya \u00e4garen. Att kastrera, vaccinera, id-m\u00e4rka och avmaska kostar ca 2 900 kr&hellip;<\/p>\n<p><a class=\"more-link\" href=\"https:\/\/www.djurskyddet.se\/jamtland\/adoption\/pris-och-villkor\/\" title=\"Continue reading &lsquo;Pris och villkor&rsquo;\">L&auml;s mer<span class=\"meta-nav\">&raquo;<\/span><\/a><\/p>\n","protected":false},"author":3,"featured_media":0,"parent":5504,"menu_order":3,"comment_status":"closed","ping_status":"closed","template":"page-templates\/left-sidebar.php","meta":{"_acf_changed":false,"footnotes":""},"class_list":["post-5691","page","type-page","status-publish","hentry"],"acf":[],"_links":{"self":[{"href":"https:\/\/www.djurskyddet.se\/jamtland\/wp-json\/wp\/v2\/pages\/5691","targetHints":{"allow":["GET"]}}],"collection":[{"href":"https:\/\/www.djurskyddet.se\/jamtland\/wp-json\/wp\/v2\/pages"}],"about":[{"href":"https:\/\/www.djurskyddet.se\/jamtland\/wp-json\/wp\/v2\/types\/page"}],"author":[{"embeddable":true,"href":"https:\/\/www.djurskyddet.se\/jamtland\/wp-json\/wp\/v2\/users\/3"}],"replies":[{"embeddable":true,"href":"https:\/\/www.djurskyddet.se\/jamtland\/wp-json\/wp\/v2\/comments?post=5691"}],"version-history":[{"count":37,"href":"https:\/\/www.djurskyddet.se\/jamtland\/wp-json\/wp\/v2\/pages\/5691\/revisions"}],"predecessor-version":[{"id":12276,"href":"https:\/\/www.djurskyddet.se\/jamtland\/wp-json\/wp\/v2\/pages\/5691\/revisions\/12276"}],"up":[{"embeddable":true,"href":"https:\/\/www.djurskyddet.se\/jamtland\/wp-json\/wp\/v2\/pages\/5504"}],"wp:attachment":[{"href":"https:\/\/www.djurskyddet.se\/jamtland\/wp-json\/wp\/v2\/media?parent=5691"}],"curies":[{"name":"wp","href":"https:\/\/api.w.org\/{rel}","templated":true}]}}