{"id":5703,"date":"2018-04-24T08:16:20","date_gmt":"2018-04-24T07:16:20","guid":{"rendered":"http:\/\/www.djurskyddet.se\/jamtland\/?page_id=5703"},"modified":"2024-02-21T20:18:50","modified_gmt":"2024-02-21T19:18:50","slug":"att-adoptera","status":"publish","type":"page","link":"https:\/\/www.djurskyddet.se\/jamtland\/adoption\/att-adoptera\/","title":{"rendered":"Att adoptera"},"content":{"rendered":"<p>Vi som placerar katter f\u00f6rs\u00f6ker att g\u00f6ra en s\u00e5 bra matchning som m\u00f6jligt f\u00f6r att det ska fungera i l\u00e4ngden, f\u00f6r b\u00e5de katten och den nya \u00e4garen. Vi som har l\u00e4rt k\u00e4nna katten under en tid vet vad just den katten beh\u00f6ver f\u00f6r att den ska trivas som b\u00e4st, och d\u00e5 slippa komma tillbaka till katthemmet n\u00e4r det inte fungerar. Som t.ex. ett lugnt hem utan sm\u00e5 barn om katten \u00e4r os\u00e4ker eller skygg. Eller om det \u00e4r en yngre, livlig katt som beh\u00f6ver ha en social kattkompis i det nya hemmet att leka med.<\/p>\n<p>Efter visning sker en \u00f6verl\u00e4ggning och d\u00e4refter kommer vi \u00f6verens om ny tidsbokning f\u00f6r kontraktsskrivning och \u00f6verl\u00e5telse av katten.<\/p>\n<p>Samtliga av v\u00e5ra katter <strong>kollas av<\/strong> <strong>veterin\u00e4r<\/strong>, <strong>avmaskas<\/strong>, <strong>vaccineras<\/strong>, <strong>kastreras<\/strong>, <strong>id-m\u00e4rks<\/strong> och <strong>f\u00f6rs\u00e4kras<\/strong> hos Agria. Kattungar kastreras dock tidigast n\u00e4r de blivit k\u00f6nsmogna. Om kattungar blir adopterade f\u00f6re det, s\u00e5 f\u00e5r de nya \u00e4garna kastrera sin katt n\u00e4r tiden \u00e4r inne. Hankatter kastreras vid ca 4-5 m\u00e5naders \u00e5lder. Honkatter, som beh\u00f6ver lite l\u00e4ngre tid p\u00e5 sig, kastreras vid ca 6-7 m\u00e5naders \u00e5lder.<\/p>\n<h3>Vill du \u00f6ppna ditt hem f\u00f6r n\u00e5gon\/n\u00e5gra av v\u00e5ra katter?<\/h3>\n<p>Boka en tid s\u00e5 f\u00e5r du tr\u00e4ffa katterna och de f\u00e5r tr\u00e4ffa dig:<\/p>\n<p><a href=\"https:\/\/www.djurskyddet.se\/jamtland\/kontakta-oss#kontakt-adoption\">Kontaktuppgifter f\u00f6r bokning av visning p\u00e5 katthemmet<\/a><\/p>\n<p>Vi f\u00f6rs\u00f6ker ha gener\u00f6sa telefontider, men vi arbetar ideellt och vi kan inte alltid svara. L\u00e4mna g\u00e4rna ett meddelande eller skicka ett SMS d\u00e4r du uppger ditt \u00e4rende och dina kontaktuppgifter, s\u00e5 ringer vi upp dig n\u00e4r vi har m\u00f6jlighet.<\/p>\n\n\n<p><\/p>\n","protected":false},"excerpt":{"rendered":"<p>Vi som placerar katter f\u00f6rs\u00f6ker att g\u00f6ra en s\u00e5 bra matchning som m\u00f6jligt f\u00f6r att det ska fungera i l\u00e4ngden, f\u00f6r b\u00e5de katten och den nya \u00e4garen. Vi som har l\u00e4rt k\u00e4nna katten under en tid vet vad just den katten beh\u00f6ver f\u00f6r att den ska trivas som b\u00e4st, och d\u00e5 slippa komma tillbaka till katthemmet n\u00e4r det inte fungerar. Som t.ex. ett lugnt hem utan sm\u00e5 barn om katten&hellip;<\/p>\n<p><a class=\"more-link\" href=\"https:\/\/www.djurskyddet.se\/jamtland\/adoption\/att-adoptera\/\" title=\"Continue reading &lsquo;Att adoptera&rsquo;\">L&auml;s mer<span class=\"meta-nav\">&raquo;<\/span><\/a><\/p>\n","protected":false},"author":3,"featured_media":0,"parent":5504,"menu_order":0,"comment_status":"closed","ping_status":"closed","template":"page-templates\/left-sidebar.php","meta":{"_acf_changed":false,"footnotes":""},"class_list":["post-5703","page","type-page","status-publish","hentry"],"acf":[],"_links":{"self":[{"href":"https:\/\/www.djurskyddet.se\/jamtland\/wp-json\/wp\/v2\/pages\/5703","targetHints":{"allow":["GET"]}}],"collection":[{"href":"https:\/\/www.djurskyddet.se\/jamtland\/wp-json\/wp\/v2\/pages"}],"about":[{"href":"https:\/\/www.djurskyddet.se\/jamtland\/wp-json\/wp\/v2\/types\/page"}],"author":[{"embeddable":true,"href":"https:\/\/www.djurskyddet.se\/jamtland\/wp-json\/wp\/v2\/users\/3"}],"replies":[{"embeddable":true,"href":"https:\/\/www.djurskyddet.se\/jamtland\/wp-json\/wp\/v2\/comments?post=5703"}],"version-history":[{"count":40,"href":"https:\/\/www.djurskyddet.se\/jamtland\/wp-json\/wp\/v2\/pages\/5703\/revisions"}],"predecessor-version":[{"id":11141,"href":"https:\/\/www.djurskyddet.se\/jamtland\/wp-json\/wp\/v2\/pages\/5703\/revisions\/11141"}],"up":[{"embeddable":true,"href":"https:\/\/www.djurskyddet.se\/jamtland\/wp-json\/wp\/v2\/pages\/5504"}],"wp:attachment":[{"href":"https:\/\/www.djurskyddet.se\/jamtland\/wp-json\/wp\/v2\/media?parent=5703"}],"curies":[{"name":"wp","href":"https:\/\/api.w.org\/{rel}","templated":true}]}}