{"id":5886,"date":"2018-06-21T10:49:27","date_gmt":"2018-06-21T09:49:27","guid":{"rendered":"http:\/\/www.djurskyddet.se\/jamtland\/?page_id=5886"},"modified":"2024-02-21T19:19:07","modified_gmt":"2024-02-21T18:19:07","slug":"verksamhetsberattelse","status":"publish","type":"page","link":"https:\/\/www.djurskyddet.se\/jamtland\/om-oss\/verksamhetsberattelse\/","title":{"rendered":"\u00c5rsm\u00f6teshandlingar"},"content":{"rendered":"<h2>\u00c5rsm\u00f6te 2024<\/h2>\n<p><a href=\"https:\/\/www.djurskyddet.se\/jamtland\/wp-content\/uploads\/sites\/14\/2024\/02\/Arsmoteshandlingar-2024.pdf\">\u00c5rsm\u00f6teshandlingar 2024<\/a><\/p>\n<ul>\n<li>Kallelse med f\u00f6redragningslista (dagordning)<\/li>\n<li>Verksamhetsber\u00e4ttelse 2023<\/li>\n<li>Resultatrapport 2023<\/li>\n<li>Balansrapport 2023<\/li>\n<li>Verksamhetsplan 2024<\/li>\n<li>Budget f\u00f6r verksamheten 2024<\/li>\n<\/ul>\n<h2>Tidigare \u00e5r<\/h2>\n<p><a href=\"https:\/\/www.djurskyddet.se\/jamtland\/wp-content\/uploads\/sites\/14\/2023\/02\/Arsmoteshandlingar2023.pdf\">\u00c5rsm\u00f6teshandlingar 2023<\/a><\/p>\n<p><a href=\"https:\/\/www.djurskyddet.se\/jamtland\/wp-content\/uploads\/sites\/14\/2022\/04\/Djurskyddet-Jamtlands-lan-Arsmoteshandlingar-2022.pdf\">\u00c5rsm\u00f6teshandlingar 2022<\/a><\/p>\n<p><a href=\"https:\/\/www.djurskyddet.se\/jamtland\/wp-content\/uploads\/sites\/14\/2021\/03\/\u00c5rsm\u00f6teshandlingar-Djurskyddet-2021.pdf\" target=\"_blank\" rel=\"noopener noreferrer\">\u00c5rsm\u00f6teshandlingar 2021<\/a><\/p>\n<p><a href=\"https:\/\/www.djurskyddet.se\/jamtland\/wp-content\/uploads\/sites\/14\/2020\/06\/Verksamhetsber\u00e4ttelse-2019.pdf\" target=\"_blank\" rel=\"noopener noreferrer\">Verksamhetsber\u00e4ttelse 2019<\/a><\/p>\n<p><a href=\"https:\/\/www.djurskyddet.se\/jamtland\/wp-content\/uploads\/sites\/14\/2020\/02\/Verksamhetsber\u00e4ttelse-Djurskyddet-2018slutlig.pdf\" target=\"_blank\" rel=\"noopener\">Verksamhetsber\u00e4ttelse 2018<\/a><\/p>\n<p><a href=\"https:\/\/www.djurskyddet.se\/jamtland\/wp-content\/uploads\/sites\/14\/2018\/06\/verksamhetsberattelse-2017-djurskyddet-j\u00e4mtlands-l\u00e4n.pdf\" target=\"_blank\" rel=\"noopener\">Verksamhetsber\u00e4ttelse 2017<\/a><\/p>\n<p><a href=\"https:\/\/www.djurskyddet.se\/jamtland\/wp-content\/uploads\/sites\/14\/2018\/06\/verksamhetsber\u00e4ttlese-katthem-2016.pdf\" target=\"_blank\" rel=\"noopener\">Verksamhetsber\u00e4ttelse 2016<\/a><\/p>\n\n\n<p><\/p>\n","protected":false},"excerpt":{"rendered":"<p>\u00c5rsm\u00f6te 2024 \u00c5rsm\u00f6teshandlingar 2024 Kallelse med f\u00f6redragningslista (dagordning) Verksamhetsber\u00e4ttelse 2023 Resultatrapport 2023 Balansrapport 2023 Verksamhetsplan 2024 Budget f\u00f6r verksamheten 2024 Tidigare \u00e5r \u00c5rsm\u00f6teshandlingar 2023 \u00c5rsm\u00f6teshandlingar 2022 \u00c5rsm\u00f6teshandlingar 2021 Verksamhetsber\u00e4ttelse 2019 Verksamhetsber\u00e4ttelse 2018 Verksamhetsber\u00e4ttelse 2017 Verksamhetsber\u00e4ttelse 2016<\/p>\n","protected":false},"author":15,"featured_media":0,"parent":5520,"menu_order":0,"comment_status":"closed","ping_status":"closed","template":"page-templates\/left-sidebar.php","meta":{"_acf_changed":false,"footnotes":""},"class_list":["post-5886","page","type-page","status-publish","hentry"],"acf":[],"_links":{"self":[{"href":"https:\/\/www.djurskyddet.se\/jamtland\/wp-json\/wp\/v2\/pages\/5886","targetHints":{"allow":["GET"]}}],"collection":[{"href":"https:\/\/www.djurskyddet.se\/jamtland\/wp-json\/wp\/v2\/pages"}],"about":[{"href":"https:\/\/www.djurskyddet.se\/jamtland\/wp-json\/wp\/v2\/types\/page"}],"author":[{"embeddable":true,"href":"https:\/\/www.djurskyddet.se\/jamtland\/wp-json\/wp\/v2\/users\/15"}],"replies":[{"embeddable":true,"href":"https:\/\/www.djurskyddet.se\/jamtland\/wp-json\/wp\/v2\/comments?post=5886"}],"version-history":[{"count":28,"href":"https:\/\/www.djurskyddet.se\/jamtland\/wp-json\/wp\/v2\/pages\/5886\/revisions"}],"predecessor-version":[{"id":11135,"href":"https:\/\/www.djurskyddet.se\/jamtland\/wp-json\/wp\/v2\/pages\/5886\/revisions\/11135"}],"up":[{"embeddable":true,"href":"https:\/\/www.djurskyddet.se\/jamtland\/wp-json\/wp\/v2\/pages\/5520"}],"wp:attachment":[{"href":"https:\/\/www.djurskyddet.se\/jamtland\/wp-json\/wp\/v2\/media?parent=5886"}],"curies":[{"name":"wp","href":"https:\/\/api.w.org\/{rel}","templated":true}]}}