{"id":6138,"date":"2019-02-06T10:42:39","date_gmt":"2019-02-06T09:42:39","guid":{"rendered":"https:\/\/www.djurskyddet.se\/jamtland\/?page_id=6138"},"modified":"2020-11-30T00:20:44","modified_gmt":"2020-11-29T23:20:44","slug":"katthalsningar-2018","status":"publish","type":"page","link":"https:\/\/www.djurskyddet.se\/jamtland\/adoption\/att-adoptera\/katthalsningar-2020\/katthalsningar-2018\/","title":{"rendered":"Katth\u00e4lsningar 2018"},"content":{"rendered":"<p><a href=\"https:\/\/www.djurskyddet.se\/jamtland\/wp-content\/uploads\/sites\/14\/2019\/03\/Sylvester.jpg\"><img loading=\"lazy\" decoding=\"async\" class=\"alignleft wp-image-6946\" src=\"https:\/\/www.djurskyddet.se\/jamtland\/wp-content\/uploads\/sites\/14\/2019\/03\/Sylvester-150x150.jpg\" alt=\"\" width=\"298\" height=\"298\" srcset=\"https:\/\/www.djurskyddet.se\/jamtland\/wp-content\/uploads\/sites\/14\/2019\/03\/Sylvester-150x150.jpg 150w, https:\/\/www.djurskyddet.se\/jamtland\/wp-content\/uploads\/sites\/14\/2019\/03\/Sylvester-300x300.jpg 300w, https:\/\/www.djurskyddet.se\/jamtland\/wp-content\/uploads\/sites\/14\/2019\/03\/Sylvester-499x500.jpg 499w\" sizes=\"auto, (max-width: 298px) 100vw, 298px\" \/><\/a><\/p>\n<p><a href=\"https:\/\/www.djurskyddet.se\/jamtland\/wp-content\/uploads\/sites\/14\/2019\/02\/h\u00e4lsning-fr\u00e5n-sylvester.jpg\"><img loading=\"lazy\" decoding=\"async\" class=\"alignleft size-medium wp-image-6139\" src=\"https:\/\/www.djurskyddet.se\/jamtland\/wp-content\/uploads\/sites\/14\/2019\/02\/h\u00e4lsning-fr\u00e5n-sylvester-300x225.jpg\" alt=\"H\u00e4lsning fr\u00e5n Sylvester\" width=\"300\" height=\"225\" srcset=\"https:\/\/www.djurskyddet.se\/jamtland\/wp-content\/uploads\/sites\/14\/2019\/02\/h\u00e4lsning-fr\u00e5n-sylvester-300x225.jpg 300w, https:\/\/www.djurskyddet.se\/jamtland\/wp-content\/uploads\/sites\/14\/2019\/02\/h\u00e4lsning-fr\u00e5n-sylvester-400x300.jpg 400w, https:\/\/www.djurskyddet.se\/jamtland\/wp-content\/uploads\/sites\/14\/2019\/02\/h\u00e4lsning-fr\u00e5n-sylvester.jpg 500w\" sizes=\"auto, (max-width: 300px) 100vw, 300px\" \/><\/a><\/p>\n<h3><strong>Sylvester<\/strong><\/h3>\n<p><em>Sylvester kom till mig i b\u00f6rjan av april och han var de tv\u00e5 f\u00f6rsta dagarna<\/em><br \/><em>fruktansv\u00e4rt r\u00e4dd. H\u00e4r f\u00f6rstod jag redan fr\u00e5n b\u00f6rjan att det skulle<\/em><br \/><em>kr\u00e4vas t\u00e5lamod och hade definitivt ingen br\u00e5dska med att han ens skulle<\/em><br \/><em>komma fram under soffan d\u00e4r han var. Jag st\u00e4llde ut mat, vatten och en<\/em><br \/><em>l\u00e5da alldeles vid soffan och redan efter bara n\u00e5gra dagar s\u00e5 kom han<\/em><br \/><em>fram. Sedan har det g\u00e5tt v\u00e4ldigt fort.<\/em><\/p>\n<p><em>Det b\u00f6rjade med att han kunde g\u00e5 f\u00f6rbi mig ist\u00e4llet f\u00f6r att springa, han<\/em><br \/><em>hade mig veterligen aldrig tr\u00e4ffat en hund s\u00e5 att min rottweiler ville<\/em><br \/><em>pussa p\u00e5 honom gick inte hem riktigt. D\u00e4r b\u00f6rjade det med att han l\u00e5g i<\/em><br \/><em>min s\u00e4ng och hon fick ligga bredvid och nu struntar han fullkomligt i<\/em><br \/><em>henne. Till och med s\u00e5 att han kan ligga och stirra ut henne n\u00e4r hon<\/em><br \/><em>vill ligga p\u00e5 sin plats i soffan och han redan ligger d\u00e4r.<\/em><\/p>\n<p><em>Han tar skinka ur h\u00e4nderna p\u00e5 mig nu, han pratar v\u00e4ldigt mycket och<\/em><br \/><em>l\u00e4nge. Har olika l\u00e4ten f\u00f6r olika situationer, han sover bredvid mig i<\/em><br \/><em>soffan (fortfarande en liten bit ifr\u00e5n) p\u00e5 rygg. Han \u00e4r framme och<\/em><br \/><em>nyfiken n\u00e4r jag f\u00e5r bes\u00f6k och ligger och solar p\u00e5 altanen n\u00e4r han vill.<\/em><br \/><em>Jag ser fram emot att l\u00e4ra k\u00e4nna honom mer och att han en dag ligger och<\/em><br \/><em>sover i mitt kn\u00e4.<\/em><\/p>\n<p><em>Han \u00e4r verkligen en g\u00e5va och en underbar katt med en stor portion<\/em><br \/><em>humor och jag \u00e4r v\u00e4ldigt glad att han vill bo h\u00e4r.<\/em><\/p>\n<hr \/>\n<h3><strong>Wilma<\/strong><\/h3>\n<div><a href=\"https:\/\/www.djurskyddet.se\/jamtland\/wp-content\/uploads\/sites\/14\/2019\/03\/Wilma.png\"><img loading=\"lazy\" decoding=\"async\" class=\"alignnone wp-image-6921\" src=\"https:\/\/www.djurskyddet.se\/jamtland\/wp-content\/uploads\/sites\/14\/2019\/03\/Wilma-150x150.png\" alt=\"\" width=\"227\" height=\"227\" srcset=\"https:\/\/www.djurskyddet.se\/jamtland\/wp-content\/uploads\/sites\/14\/2019\/03\/Wilma-150x150.png 150w, https:\/\/www.djurskyddet.se\/jamtland\/wp-content\/uploads\/sites\/14\/2019\/03\/Wilma-300x300.png 300w, https:\/\/www.djurskyddet.se\/jamtland\/wp-content\/uploads\/sites\/14\/2019\/03\/Wilma.png 500w, https:\/\/www.djurskyddet.se\/jamtland\/wp-content\/uploads\/sites\/14\/2019\/03\/Wilma-400x400.png 400w\" sizes=\"auto, (max-width: 227px) 100vw, 227px\" \/><\/a> <a href=\"https:\/\/www.djurskyddet.se\/jamtland\/wp-content\/uploads\/sites\/14\/2019\/03\/Wilma1.png\"><img loading=\"lazy\" decoding=\"async\" class=\"alignnone wp-image-6922\" src=\"https:\/\/www.djurskyddet.se\/jamtland\/wp-content\/uploads\/sites\/14\/2019\/03\/Wilma1-150x150.png\" alt=\"\" width=\"228\" height=\"228\" srcset=\"https:\/\/www.djurskyddet.se\/jamtland\/wp-content\/uploads\/sites\/14\/2019\/03\/Wilma1-150x150.png 150w, https:\/\/www.djurskyddet.se\/jamtland\/wp-content\/uploads\/sites\/14\/2019\/03\/Wilma1-300x300.png 300w, https:\/\/www.djurskyddet.se\/jamtland\/wp-content\/uploads\/sites\/14\/2019\/03\/Wilma1-499x500.png 499w\" sizes=\"auto, (max-width: 228px) 100vw, 228px\" \/><\/a>\n<p>\u00a0<\/p>\n<\/div>\n<p><em>H\u00e4r kommer bilder p\u00e5 \u00a0Wilma. Vi \u00e4r glada och n\u00f6jda att vi har hittat en s\u00e5 fin katt. Wilma \u00e4r lugn och sn\u00e4ll och ser ut att k\u00e4nna sig trygg med oss.<\/em><\/p>\n<hr \/>\n<h3><strong>Rosalie<\/strong><\/h3>\n<p>\u00a0<\/p>\n<div>\n<p class=\"x_MsoNormal\"><a href=\"https:\/\/www.djurskyddet.se\/jamtland\/wp-content\/uploads\/sites\/14\/2019\/03\/rosalie.png\"><img loading=\"lazy\" decoding=\"async\" class=\"wp-image-6948 size-medium alignleft\" src=\"https:\/\/www.djurskyddet.se\/jamtland\/wp-content\/uploads\/sites\/14\/2019\/03\/rosalie-200x300.png\" alt=\"\" width=\"200\" height=\"300\" srcset=\"https:\/\/www.djurskyddet.se\/jamtland\/wp-content\/uploads\/sites\/14\/2019\/03\/rosalie-200x300.png 200w, https:\/\/www.djurskyddet.se\/jamtland\/wp-content\/uploads\/sites\/14\/2019\/03\/rosalie.png 280w\" sizes=\"auto, (max-width: 200px) 100vw, 200px\" \/><\/a><\/p>\n<p class=\"x_MsoNormal\"><a href=\"https:\/\/www.djurskyddet.se\/jamtland\/wp-content\/uploads\/sites\/14\/2019\/03\/rosalie2_313x417.jpg.png\"><img loading=\"lazy\" decoding=\"async\" class=\"alignnone wp-image-6949 size-medium\" src=\"https:\/\/www.djurskyddet.se\/jamtland\/wp-content\/uploads\/sites\/14\/2019\/03\/rosalie2_313x417.jpg-225x300.png\" alt=\"\" width=\"225\" height=\"300\" srcset=\"https:\/\/www.djurskyddet.se\/jamtland\/wp-content\/uploads\/sites\/14\/2019\/03\/rosalie2_313x417.jpg-225x300.png 225w, https:\/\/www.djurskyddet.se\/jamtland\/wp-content\/uploads\/sites\/14\/2019\/03\/rosalie2_313x417.jpg.png 313w\" sizes=\"auto, (max-width: 225px) 100vw, 225px\" \/><\/a><\/p>\n<p class=\"x_MsoNormal\"><em>Jag vill tacka er s\u00e5 mycket f\u00f6r att ni anf\u00f6rtrodde Rosalie till mig. Hon har utvecklats extremt mycket under de tre \u00e5ren som vi har bott tillsammans. Det kunde inte bli b\u00e4ttre. Rosalie \u00e4r riktigt k\u00e4r i mina barnbarn och de alskar henne precis som alla mina grannar och min familj. Hon \u00e4r s\u00e5 fin, lojal och lekfull. \/ Myriam<\/em><\/p>\n<hr \/><\/div>\n<div>\n<h3><strong>Bosse\u00a0<\/strong><\/h3>\n<p><a href=\"https:\/\/www.djurskyddet.se\/jamtland\/wp-content\/uploads\/sites\/14\/2019\/03\/bosse-2.png\"><img loading=\"lazy\" decoding=\"async\" class=\"wp-image-6951 alignleft\" src=\"https:\/\/www.djurskyddet.se\/jamtland\/wp-content\/uploads\/sites\/14\/2019\/03\/bosse-2.png\" alt=\"\" width=\"195\" height=\"189\" \/><\/a> <a href=\"https:\/\/www.djurskyddet.se\/jamtland\/wp-content\/uploads\/sites\/14\/2019\/03\/bosse1.png\"><img loading=\"lazy\" decoding=\"async\" class=\"alignnone wp-image-6952 size-medium\" src=\"https:\/\/www.djurskyddet.se\/jamtland\/wp-content\/uploads\/sites\/14\/2019\/03\/bosse1-300x168.png\" alt=\"\" width=\"300\" height=\"168\" srcset=\"https:\/\/www.djurskyddet.se\/jamtland\/wp-content\/uploads\/sites\/14\/2019\/03\/bosse1-300x168.png 300w, https:\/\/www.djurskyddet.se\/jamtland\/wp-content\/uploads\/sites\/14\/2019\/03\/bosse1-400x225.png 400w, https:\/\/www.djurskyddet.se\/jamtland\/wp-content\/uploads\/sites\/14\/2019\/03\/bosse1.png 495w\" sizes=\"auto, (max-width: 300px) 100vw, 300px\" \/><\/a><\/p>\n<\/div>\n<div>\u00a0<\/div>\n<div>\u00a0<\/div>\n<div><em>Bosse som numera heter Baltazar stortrivs i sitt nya hem och g\u00e5r bra ihop med katten Smulan.<\/em><\/div>\n<h3>\u00a0<\/h3>\n<hr \/>\n<h3><strong>Sotis<\/strong><\/h3>\n<p><a href=\"https:\/\/www.djurskyddet.se\/jamtland\/wp-content\/uploads\/sites\/14\/2019\/03\/Sotis.jpg\"><img loading=\"lazy\" decoding=\"async\" class=\"wp-image-6953 size-medium alignleft\" src=\"https:\/\/www.djurskyddet.se\/jamtland\/wp-content\/uploads\/sites\/14\/2019\/03\/Sotis-168x300.jpg\" alt=\"\" width=\"168\" height=\"300\" srcset=\"https:\/\/www.djurskyddet.se\/jamtland\/wp-content\/uploads\/sites\/14\/2019\/03\/Sotis-168x300.jpg 168w, https:\/\/www.djurskyddet.se\/jamtland\/wp-content\/uploads\/sites\/14\/2019\/03\/Sotis.jpg 333w\" sizes=\"auto, (max-width: 168px) 100vw, 168px\" \/><\/a><em>Sotis har funnit sig v\u00e4l till r\u00e4tta. Leker med r\u00e5ttan och tar en vilopaus p\u00e5 soffan. \/ Gunnar &amp; Chatrin, Karb\u00e4cken Hoting<\/em><\/p>\n<p>\u00a0<\/p>\n<div>\u00a0<\/div>\n<div>\u00a0<\/div>\n<div>\u00a0<\/div>\n<div>\u00a0<\/div>\n<div>\u00a0<\/div>\n<div>\u00a0<\/div>\n<div>\u00a0<\/div>\n<p>\u00a0<\/p>\n<p>\u00a0<\/p>\n<hr \/>\n\n\n<h3 class=\"wp-block-heading\"><strong>Happy<\/strong><\/h3>\n\n\n\n<p><em>H\u00e4lsning skickad \u00e5r 2020 fr\u00e5n Happy som fick ett nytt hem 2018: Hon har hunnit bli 3 \u00e5r nu och \u00e4lskar sina 2 kisse br\u00f6der Sune och Lukas. <\/em><\/p>\n\n\n\n<ul class=\"wp-block-gallery columns-3 is-cropped wp-block-gallery-1 is-layout-flex wp-block-gallery-is-layout-flex\"><li class=\"blocks-gallery-item\"><figure><img loading=\"lazy\" decoding=\"async\" width=\"1024\" height=\"1024\" src=\"https:\/\/www.djurskyddet.se\/jamtland\/wp-content\/uploads\/sites\/14\/2020\/11\/Happy2.jpg\" alt=\"\" data-id=\"8310\" data-link=\"https:\/\/www.djurskyddet.se\/jamtland\/adoption\/att-adoptera\/katthalsningar-2020\/katthalsningar-2018\/attachment\/happy2\/\" class=\"wp-image-8310\" srcset=\"https:\/\/www.djurskyddet.se\/jamtland\/wp-content\/uploads\/sites\/14\/2020\/11\/Happy2.jpg 1024w, https:\/\/www.djurskyddet.se\/jamtland\/wp-content\/uploads\/sites\/14\/2020\/11\/Happy2-150x150.jpg 150w, https:\/\/www.djurskyddet.se\/jamtland\/wp-content\/uploads\/sites\/14\/2020\/11\/Happy2-300x300.jpg 300w, https:\/\/www.djurskyddet.se\/jamtland\/wp-content\/uploads\/sites\/14\/2020\/11\/Happy2-768x768.jpg 768w, https:\/\/www.djurskyddet.se\/jamtland\/wp-content\/uploads\/sites\/14\/2020\/11\/Happy2-400x400.jpg 400w\" sizes=\"auto, (max-width: 1024px) 100vw, 1024px\" \/><\/figure><\/li><li class=\"blocks-gallery-item\"><figure><img loading=\"lazy\" decoding=\"async\" width=\"768\" height=\"1024\" src=\"https:\/\/www.djurskyddet.se\/jamtland\/wp-content\/uploads\/sites\/14\/2020\/11\/Happy3-768x1024.jpg\" alt=\"\" data-id=\"8311\" data-link=\"https:\/\/www.djurskyddet.se\/jamtland\/adoption\/att-adoptera\/katthalsningar-2020\/katthalsningar-2018\/attachment\/happy3\/\" class=\"wp-image-8311\" srcset=\"https:\/\/www.djurskyddet.se\/jamtland\/wp-content\/uploads\/sites\/14\/2020\/11\/Happy3.jpg 768w, https:\/\/www.djurskyddet.se\/jamtland\/wp-content\/uploads\/sites\/14\/2020\/11\/Happy3-225x300.jpg 225w, https:\/\/www.djurskyddet.se\/jamtland\/wp-content\/uploads\/sites\/14\/2020\/11\/Happy3-400x533.jpg 400w\" sizes=\"auto, (max-width: 768px) 100vw, 768px\" \/><\/figure><\/li><li class=\"blocks-gallery-item\"><figure><img loading=\"lazy\" decoding=\"async\" width=\"1024\" height=\"768\" src=\"https:\/\/www.djurskyddet.se\/jamtland\/wp-content\/uploads\/sites\/14\/2020\/11\/Happy4-1024x768.jpg\" alt=\"\" data-id=\"8312\" data-link=\"https:\/\/www.djurskyddet.se\/jamtland\/adoption\/att-adoptera\/katthalsningar-2020\/katthalsningar-2018\/attachment\/happy4\/\" class=\"wp-image-8312\" srcset=\"https:\/\/www.djurskyddet.se\/jamtland\/wp-content\/uploads\/sites\/14\/2020\/11\/Happy4-1024x768.jpg 1024w, https:\/\/www.djurskyddet.se\/jamtland\/wp-content\/uploads\/sites\/14\/2020\/11\/Happy4-300x225.jpg 300w, https:\/\/www.djurskyddet.se\/jamtland\/wp-content\/uploads\/sites\/14\/2020\/11\/Happy4-768x576.jpg 768w, https:\/\/www.djurskyddet.se\/jamtland\/wp-content\/uploads\/sites\/14\/2020\/11\/Happy4-400x300.jpg 400w, https:\/\/www.djurskyddet.se\/jamtland\/wp-content\/uploads\/sites\/14\/2020\/11\/Happy4.jpg 1280w\" sizes=\"auto, (max-width: 1024px) 100vw, 1024px\" \/><\/figure><\/li><\/ul>\n\n\n\n<div class=\"wp-block-media-text alignwide\"><figure class=\"wp-block-media-text__media\"><img loading=\"lazy\" decoding=\"async\" width=\"768\" height=\"1024\" src=\"https:\/\/www.djurskyddet.se\/jamtland\/wp-content\/uploads\/sites\/14\/2020\/11\/Happy-768x1024.jpg\" alt=\"\" class=\"wp-image-8313\" srcset=\"https:\/\/www.djurskyddet.se\/jamtland\/wp-content\/uploads\/sites\/14\/2020\/11\/Happy.jpg 768w, https:\/\/www.djurskyddet.se\/jamtland\/wp-content\/uploads\/sites\/14\/2020\/11\/Happy-225x300.jpg 225w, https:\/\/www.djurskyddet.se\/jamtland\/wp-content\/uploads\/sites\/14\/2020\/11\/Happy-400x533.jpg 400w\" sizes=\"auto, (max-width: 768px) 100vw, 768px\" \/><\/figure><div class=\"wp-block-media-text__content\">\n<p class=\"has-large-font-size\"><\/p>\n\n\n\n<p><em>Happy i sitt nya hem, denna bild \u00e4r tagen \u00e5r 2018.<\/em><\/p>\n<\/div><\/div>\n\n\n\n<hr class=\"wp-block-separator is-style-wide\" \/>\n\n\n\n<h3 class=\"wp-block-heading\"><strong>Saphira<\/strong><\/h3>\n\n\n\n<p><em>H\u00e4lsning skickad \u00e5r 2020: Vi adopterade lilla Saphira fr\u00e5n er i maj 2018. N\u00e4r hon kom till oss var hon v\u00e4ldigt blyg och tog inte mycket plats, men nu efter 2,5 \u00e5r \u00e4r hon social, pratglad, gillar att mysa och hon \u00e4r alltid f\u00f6rst till d\u00f6rren n\u00e4r n\u00e5gon av oss kommer hem fr\u00e5n jobbet. Hon lever sitt b\u00e4sta liv och vi \u00e4lskar henne mer \u00e4n allt <img loading=\"lazy\" decoding=\"async\" width=\"16\" height=\"16\" class=\"wp-image-8330\" style=\"width: 16px\" src=\"https:\/\/www.djurskyddet.se\/jamtland\/wp-content\/uploads\/sites\/14\/2020\/11\/2764-1.png\" alt=\"\"><\/em><\/p>\n\n\n\n<figure class=\"wp-block-image is-resized\"><img loading=\"lazy\" decoding=\"async\" src=\"https:\/\/www.djurskyddet.se\/jamtland\/wp-content\/uploads\/sites\/14\/2020\/11\/Saphira.jpg\" alt=\"\" class=\"wp-image-8331\" width=\"235\" height=\"313\" srcset=\"https:\/\/www.djurskyddet.se\/jamtland\/wp-content\/uploads\/sites\/14\/2020\/11\/Saphira.jpg 480w, https:\/\/www.djurskyddet.se\/jamtland\/wp-content\/uploads\/sites\/14\/2020\/11\/Saphira-225x300.jpg 225w, https:\/\/www.djurskyddet.se\/jamtland\/wp-content\/uploads\/sites\/14\/2020\/11\/Saphira-400x533.jpg 400w\" sizes=\"auto, (max-width: 235px) 100vw, 235px\" \/><\/figure>\n\n\n\n<hr class=\"wp-block-separator is-style-wide\" \/>\n","protected":false},"excerpt":{"rendered":"<p>Sylvester Sylvester kom till mig i b\u00f6rjan av april och han var de tv\u00e5 f\u00f6rsta dagarnafruktansv\u00e4rt r\u00e4dd. H\u00e4r f\u00f6rstod jag redan fr\u00e5n b\u00f6rjan att det skullekr\u00e4vas t\u00e5lamod och hade definitivt ingen br\u00e5dska med att han ens skullekomma fram under soffan d\u00e4r han var. Jag st\u00e4llde ut mat, vatten och enl\u00e5da alldeles vid soffan och redan efter bara n\u00e5gra dagar s\u00e5 kom hanfram. Sedan har det g\u00e5tt v\u00e4ldigt fort. Det b\u00f6rjade&hellip;<\/p>\n<p><a class=\"more-link\" href=\"https:\/\/www.djurskyddet.se\/jamtland\/adoption\/att-adoptera\/katthalsningar-2020\/katthalsningar-2018\/\" title=\"Continue reading &lsquo;Katth\u00e4lsningar 2018&rsquo;\">L&auml;s mer<span class=\"meta-nav\">&raquo;<\/span><\/a><\/p>\n","protected":false},"author":3,"featured_media":0,"parent":7524,"menu_order":0,"comment_status":"closed","ping_status":"closed","template":"page-templates\/left-sidebar.php","meta":{"_acf_changed":false,"footnotes":""},"class_list":["post-6138","page","type-page","status-publish","hentry"],"acf":[],"_links":{"self":[{"href":"https:\/\/www.djurskyddet.se\/jamtland\/wp-json\/wp\/v2\/pages\/6138","targetHints":{"allow":["GET"]}}],"collection":[{"href":"https:\/\/www.djurskyddet.se\/jamtland\/wp-json\/wp\/v2\/pages"}],"about":[{"href":"https:\/\/www.djurskyddet.se\/jamtland\/wp-json\/wp\/v2\/types\/page"}],"author":[{"embeddable":true,"href":"https:\/\/www.djurskyddet.se\/jamtland\/wp-json\/wp\/v2\/users\/3"}],"replies":[{"embeddable":true,"href":"https:\/\/www.djurskyddet.se\/jamtland\/wp-json\/wp\/v2\/comments?post=6138"}],"version-history":[{"count":22,"href":"https:\/\/www.djurskyddet.se\/jamtland\/wp-json\/wp\/v2\/pages\/6138\/revisions"}],"predecessor-version":[{"id":8371,"href":"https:\/\/www.djurskyddet.se\/jamtland\/wp-json\/wp\/v2\/pages\/6138\/revisions\/8371"}],"up":[{"embeddable":true,"href":"https:\/\/www.djurskyddet.se\/jamtland\/wp-json\/wp\/v2\/pages\/7524"}],"wp:attachment":[{"href":"https:\/\/www.djurskyddet.se\/jamtland\/wp-json\/wp\/v2\/media?parent=6138"}],"curies":[{"name":"wp","href":"https:\/\/api.w.org\/{rel}","templated":true}]}}