{"id":6251,"date":"2019-02-12T10:19:24","date_gmt":"2019-02-12T09:19:24","guid":{"rendered":"https:\/\/www.djurskyddet.se\/jamtland\/?page_id=6251"},"modified":"2019-02-27T21:12:48","modified_gmt":"2019-02-27T20:12:48","slug":"djurskyddslagar","status":"publish","type":"page","link":"https:\/\/www.djurskyddet.se\/jamtland\/tips\/djurskyddslagar\/","title":{"rendered":"Djurskyddslagar"},"content":{"rendered":"<p><b>Fr.o.m. 1.4 2019<\/b> har vi en ny djurskyddslag. Nyheter i lagen \u00e4r bl.a. ett uttryckligt krav p\u00e5 kompetens f\u00f6r alla som tar hand om djur, ett f\u00f6rbud mot att \u00f6verge husdjur och ett st\u00e4rkt skydd f\u00f6r djur som t\u00e4vlar och deltar i prov.<span class=\"Apple-converted-space\">\u00a0<\/span><\/p>\n<p>En annan nyhet \u00e4r Lex Maja. Maja var en katt som svalt ihj\u00e4l 2016 n\u00e4r hennes matte lades in p\u00e5 sjukhus. Sekretessregler gjorde att hemtj\u00e4nsten inte slog larm om att Maja var ensam hemma. Nu finns allts\u00e5 en m\u00f6jlighet f\u00f6r v\u00e5rdpersonal att sl\u00e5 larm om vanv\u00e5rd utan att bryta sekretessen.<span class=\"Apple-converted-space\">\u00a0<\/span><\/p>\n<p><b>Redan den 1 maj 2008<\/b> inf\u00f6rdes nya djurskyddsregler f\u00f6r landets alla katt- och hund\u00e4gare. Lagen st\u00e4ller krav p\u00e5 att hundar och katter ska ha tillsyn minst tv\u00e5 g\u00e5nger om dagen, att katter och hundar ska f\u00e5 sitt behov av social kontakt tillgodosedda, att hundar inte f\u00e5r h\u00e5llas bundna inomhus och mycket mer. De fullst\u00e4ndiga reglerna kan du ladda ned p\u00e5 Jordbruksverkets webbplats <a href=\"http:\/\/www.sjv.se\">www.sjv.se<\/a><\/p>\n<p>Tyv\u00e4rr finns inga krav p\u00e5 obligatorisk id-m\u00e4rkning av katter och kastrering av katter som r\u00f6r sig fritt utomhus, n\u00e5got som Djurskyddet Sverige och andra djurskyddsorganisationer forts\u00e4tter att k\u00e4mpa f\u00f6r. S\u00e5dana best\u00e4mmelser skulle vara av stor betydelse f\u00f6r att begr\u00e4nsa antalet heml\u00f6sa katter i Sverige.<\/p>\n","protected":false},"excerpt":{"rendered":"<p>Fr.o.m. 1.4 2019 har vi en ny djurskyddslag. Nyheter i lagen \u00e4r bl.a. ett uttryckligt krav p\u00e5 kompetens f\u00f6r alla som tar hand om djur, ett f\u00f6rbud mot att \u00f6verge husdjur och ett st\u00e4rkt skydd f\u00f6r djur som t\u00e4vlar och deltar i prov.\u00a0 En annan nyhet \u00e4r Lex Maja. Maja var en katt som svalt ihj\u00e4l 2016 n\u00e4r hennes matte lades in p\u00e5 sjukhus. Sekretessregler gjorde att hemtj\u00e4nsten inte slog&hellip;<\/p>\n<p><a class=\"more-link\" href=\"https:\/\/www.djurskyddet.se\/jamtland\/tips\/djurskyddslagar\/\" title=\"Continue reading &lsquo;Djurskyddslagar&rsquo;\">L&auml;s mer<span class=\"meta-nav\">&raquo;<\/span><\/a><\/p>\n","protected":false},"author":3,"featured_media":0,"parent":5506,"menu_order":0,"comment_status":"closed","ping_status":"closed","template":"page-templates\/left-sidebar.php","meta":{"_acf_changed":false,"footnotes":""},"class_list":["post-6251","page","type-page","status-publish","hentry"],"acf":[],"_links":{"self":[{"href":"https:\/\/www.djurskyddet.se\/jamtland\/wp-json\/wp\/v2\/pages\/6251","targetHints":{"allow":["GET"]}}],"collection":[{"href":"https:\/\/www.djurskyddet.se\/jamtland\/wp-json\/wp\/v2\/pages"}],"about":[{"href":"https:\/\/www.djurskyddet.se\/jamtland\/wp-json\/wp\/v2\/types\/page"}],"author":[{"embeddable":true,"href":"https:\/\/www.djurskyddet.se\/jamtland\/wp-json\/wp\/v2\/users\/3"}],"replies":[{"embeddable":true,"href":"https:\/\/www.djurskyddet.se\/jamtland\/wp-json\/wp\/v2\/comments?post=6251"}],"version-history":[{"count":2,"href":"https:\/\/www.djurskyddet.se\/jamtland\/wp-json\/wp\/v2\/pages\/6251\/revisions"}],"predecessor-version":[{"id":6425,"href":"https:\/\/www.djurskyddet.se\/jamtland\/wp-json\/wp\/v2\/pages\/6251\/revisions\/6425"}],"up":[{"embeddable":true,"href":"https:\/\/www.djurskyddet.se\/jamtland\/wp-json\/wp\/v2\/pages\/5506"}],"wp:attachment":[{"href":"https:\/\/www.djurskyddet.se\/jamtland\/wp-json\/wp\/v2\/media?parent=6251"}],"curies":[{"name":"wp","href":"https:\/\/api.w.org\/{rel}","templated":true}]}}